{"id":42371,"date":"2024-06-28T09:23:27","date_gmt":"2024-06-28T13:23:27","guid":{"rendered":"https:\/\/www.perimeter-solutions.com\/product\/phos-chek-lce20-serie\/"},"modified":"2024-08-14T12:14:51","modified_gmt":"2024-08-14T16:14:51","slug":"phos-chek-lce20-serie","status":"publish","type":"product","link":"https:\/\/www.perimeter-solutions.com\/de\/product\/phos-chek-lce20-serie\/","title":{"rendered":"PHOS-CHEK LCE20 Serie"},"content":{"rendered":"<div>\n<p><strong>PHOS-CHEK<\/strong> <sup>\u00ae<\/sup> <strong>LCE20-Fx<\/strong> ist ein Flammschutzmittel der n\u00e4chsten Generation, das hohe Leistung mit verbesserten Umwelteigenschaften kombiniert. PHOS-CHEK LCE20-Fx kombiniert das einfache Mischen und Handhaben einer Fl\u00fcssigkeit mit den Vorteilen des Lufttropfens eines gummiverdickten Verz\u00f6gerers. Die elastische Natur des Verdickungsmittels in PHOS-CHEK LCE20-Fx reduziert Abdrift und Verdunstung und erh\u00f6ht gleichzeitig die Abdeckung, Umh\u00fcllung und das Eindringen von Kraftstoff in Baldachin und Leiter, um die Bodenvegetation effektiv zu bek\u00e4mpfen. PHOS-CHEK LCE20-Fx ist ein innovatives, zu 100 % aus Phosphat bestehendes feuerhemmendes Produkt, das verbesserte Leistung, Produktsicherheit und verbesserte Stabilit\u00e4t bietet, was zu einer einfacheren Handhabung f\u00fchrt. Die neue Formel reduziert die Gesamttoxizit\u00e4t und reduziert die Entsorgungskosten. PHOS-CHEK LCE20-Fx ist ein Fugitive (Fx)-farbiges Konzentrat mit ultrahoher Sichtbarkeit. Die fl\u00fcchtige Farbe h\u00e4lt die Sichtbarkeit w\u00e4hrend der Anwendung aufrecht, verblasst aber langsam, wenn sie dem Sonnenlicht ausgesetzt ist. PHOS-CHEK LCE20-Fx ist vom USDA Forest Service gem\u00e4\u00df der k\u00fcrzlich aktualisierten Spezifikation f\u00fcr Langzeitverz\u00f6gerungsmittel, Wildland Firefighting: 5100-304d (ver\u00f6ffentlicht am 7. Januar 2020), f\u00fcr den Einsatz in feststehenden und einmotorigen Tankflugzeugen, Hubschraubern und Bodenfahrzeugen. Das Konzentrat wird als d\u00fcnnfl\u00fcssige Fl\u00fcssigkeit an die Applikationsstelle geliefert und in Konzentratform gelagert. W\u00e4hrend der Anwendung wird es verd\u00fcnnt und mit Wasser gemischt, w\u00e4hrend es in das Abgabesystem \u00fcbertragen wird. LCE20-Fx ist hochwirksam bei der Anwendung aus der Luft und bietet beim Fallenlassen eine extrem hohe Sichtbarkeit; ist jedoch so konzipiert, dass sie nach dem Auftragen bei Sonneneinstrahlung verblasst. PHOS-CHEK\u00ae LCE20W ist eine ungef\u00e4rbte Version des Langzeit-Feuerschutzmittels PHOS-CHEK LCE20-Fx, einer roten L\u00f6sung, die bei aktiven Waldbr\u00e4nden aus Flugzeugen abgeworfen wird, um deren Ausbreitung zu verhindern.<br \/>\nPHOS-CHEK LCE20W steht auf der Liste der qualifizierten Produkte des US Forest Service und bietet eine proaktive und pr\u00e4ventive L\u00f6sung zur Bek\u00e4mpfung von Waldbr\u00e4nden, die vor der Waldbrandsaison oder sogar w\u00e4hrend einer drohenden Gefahr mit einem L\u00f6schfahrzeug, einem Tankl\u00f6schfahrzeug oder mit den von Perimeter Solutions speziell entwickelten Bodenger\u00e4ten ausgebracht werden kann.<br \/>\nPHOS-CHEK LCE20W ist ideal f\u00fcr den schnellen Einsatz im Vorfeld von Br\u00e4nden und f\u00fcr potenzielle, geplante Feuerereignisse, einschlie\u00dflich vorgeschriebener Br\u00e4nde.<br \/>\nEs schafft eine Feuerunterbrechung, indem es Treibstoffe nicht entflammbar macht, und wirkt selbst in trockenem Zustand, so dass eine einmalige Anwendung eine langfristige Wirkung entfalten kann. Vorteile von am Boden aufgebrachten Flammschutzmitteln<\/p>\n<ul>\n<li>Gleichm\u00e4\u00dfige Abdeckung f\u00fcr maximale Wirksamkeit<\/li>\n<li>Kann Stunden, Tage, Wochen und Monate im Voraus angewendet werden<\/li>\n<li>Anwendung 24 Stunden am Tag, 7 Tage die Woche inklusive Nachtbetrieb<\/li>\n<li>Kann angewendet werden, wenn Lufttanker aufgrund von Wetterbedingungen oder in Bereichen mit geringer Zug\u00e4nglichkeit nicht verf\u00fcgbar sind<\/li>\n<li>Platzierung \u2013 punktgenau<\/li>\n<li>Minimierung von Betriebsunterbrechungen einschlie\u00dflich Public Safety Power Shutoffs (PSPS)<\/li>\n<li>Ungef\u00e4rbte L\u00f6sung, mit der Bereiche behandelt werden k\u00f6nnen, in denen keine Farbe erw\u00fcnscht ist<\/li>\n<\/ul>\n<p>Ideale Anwendungen<\/p>\n<ul>\n<li>Vorbehandlung von Dienstbarkeiten und Infrastruktur<\/li>\n<li>Schnelle Reaktion von Versorgungsunternehmen vor einem Brand<\/li>\n<li>In der N\u00e4he von H\u00e4usern und Gemeinden mit drohender Waldbrandgefahr<\/li>\n<li>Ein- und Austrittswege vor einem Feuer<\/li>\n<li>Auf Versorgungsmasten<\/li>\n<li>Unterst\u00fctzung von vorgeschriebenen Br\u00e4nden und Backburn-Anwendungen, die innerhalb von Tagen oder Wochen nach der Anwendung durchgef\u00fchrt werden<\/li>\n<li>Vor \u201ehei\u00dfen Arbeiten\u201c, die in brandgef\u00e4hrdeten Bereichen durchgef\u00fchrt werden<\/li>\n<\/ul>\n<p>&nbsp;<\/p>\n<p><strong>Bitte wenden Sie sich an einen Experten, um zu erfahren, welche Beschr\u00e4nkungen und Vorschriften f\u00fcr Ihren Staat oder Ihre Gemeinde in Bezug auf den Verkauf und Vertrieb von Flammschutzmitteln gelten.<\/strong> PHOS-CHEK LCE20-Fx und LCE20W sind nur in den folgenden Regionen erh\u00e4ltlich:<\/p>\n<ul>\n<li>Nord-Amerika<\/li>\n<li>APAC<\/li>\n<\/ul>\n<\/div>\n","protected":false},"excerpt":{"rendered":"<h4 class=\"elementor-heading-title elementor-size-default\">Das umweltfreundlichste Brandschutzmittel auf dem Markt<\/h4>\n","protected":false},"featured_media":42373,"template":"","meta":{"_acf_changed":false},"product_cat":[184],"product_tag":[239],"class_list":{"0":"post-42371","1":"product","2":"type-product","3":"status-publish","4":"has-post-thumbnail","6":"product_cat-fire-retardants-de","7":"product_tag-phos-chek-de","9":"first","10":"instock","11":"shipping-taxable","12":"purchasable","13":"product-type-simple"},"acf":[],"yoast_head":"<!-- This site is optimized with the Yoast SEO Premium plugin v21.9 (Yoast SEO v23.5) - https:\/\/yoast.com\/wordpress\/plugins\/seo\/ -->\n<title>PHOS-CHEK LCE20 Serie - Perimeter Solutions<\/title>\n<meta name=\"robots\" content=\"index, follow, max-snippet:-1, max-image-preview:large, max-video-preview:-1\" \/>\n<link rel=\"canonical\" href=\"https:\/\/www.perimeter-solutions.com\/de\/product\/phos-chek-lce20-serie\/\" \/>\n<meta property=\"og:locale\" content=\"de_DE\" \/>\n<meta property=\"og:type\" content=\"article\" \/>\n<meta property=\"og:title\" content=\"PHOS-CHEK LCE20 Serie\" \/>\n<meta property=\"og:description\" content=\"Das umweltfreundlichste Brandschutzmittel auf dem Markt\" \/>\n<meta property=\"og:url\" content=\"https:\/\/www.perimeter-solutions.com\/de\/product\/phos-chek-lce20-serie\/\" \/>\n<meta property=\"og:site_name\" content=\"Perimeter Solutions\" \/>\n<meta property=\"article:modified_time\" content=\"2024-08-14T16:14:51+00:00\" \/>\n<meta name=\"twitter:card\" content=\"summary_large_image\" \/>\n<meta name=\"twitter:label1\" content=\"Gesch\u00e4tzte Lesezeit\" \/>\n\t<meta name=\"twitter:data1\" content=\"3\u00a0Minuten\" \/>\n<script type=\"application\/ld+json\" class=\"yoast-schema-graph\">{\"@context\":\"https:\/\/schema.org\",\"@graph\":[{\"@type\":\"WebPage\",\"@id\":\"https:\/\/www.perimeter-solutions.com\/de\/product\/phos-chek-lce20-serie\/\",\"url\":\"https:\/\/www.perimeter-solutions.com\/de\/product\/phos-chek-lce20-serie\/\",\"name\":\"PHOS-CHEK LCE20 Serie - Perimeter Solutions\",\"isPartOf\":{\"@id\":\"https:\/\/www.perimeter-solutions.com\/de\/#website\"},\"primaryImageOfPage\":{\"@id\":\"https:\/\/www.perimeter-solutions.com\/de\/product\/phos-chek-lce20-serie\/#primaryimage\"},\"image\":{\"@id\":\"https:\/\/www.perimeter-solutions.com\/de\/product\/phos-chek-lce20-serie\/#primaryimage\"},\"thumbnailUrl\":\"https:\/\/www.perimeter-solutions.com\/wp-content\/uploads\/2024\/06\/PERI9590_LCE20_Fx_EN_v11_Standard-pdf.jpg\",\"datePublished\":\"2024-06-28T13:23:27+00:00\",\"dateModified\":\"2024-08-14T16:14:51+00:00\",\"breadcrumb\":{\"@id\":\"https:\/\/www.perimeter-solutions.com\/de\/product\/phos-chek-lce20-serie\/#breadcrumb\"},\"inLanguage\":\"de\",\"potentialAction\":[{\"@type\":\"ReadAction\",\"target\":[\"https:\/\/www.perimeter-solutions.com\/de\/product\/phos-chek-lce20-serie\/\"]}]},{\"@type\":\"ImageObject\",\"inLanguage\":\"de\",\"@id\":\"https:\/\/www.perimeter-solutions.com\/de\/product\/phos-chek-lce20-serie\/#primaryimage\",\"url\":\"https:\/\/www.perimeter-solutions.com\/wp-content\/uploads\/2024\/06\/PERI9590_LCE20_Fx_EN_v11_Standard-pdf.jpg\",\"contentUrl\":\"https:\/\/www.perimeter-solutions.com\/wp-content\/uploads\/2024\/06\/PERI9590_LCE20_Fx_EN_v11_Standard-pdf.jpg\"},{\"@type\":\"BreadcrumbList\",\"@id\":\"https:\/\/www.perimeter-solutions.com\/de\/product\/phos-chek-lce20-serie\/#breadcrumb\",\"itemListElement\":[{\"@type\":\"ListItem\",\"position\":1,\"name\":\"Produktkatalog\",\"item\":\"https:\/\/www.perimeter-solutions.com\/de\/produktkatalog\/\"},{\"@type\":\"ListItem\",\"position\":2,\"name\":\"PHOS-CHEK LCE20 Serie\"}]},{\"@type\":\"WebSite\",\"@id\":\"https:\/\/www.perimeter-solutions.com\/de\/#website\",\"url\":\"https:\/\/www.perimeter-solutions.com\/de\/\",\"name\":\"Perimeter Solutions\",\"description\":\"\",\"publisher\":{\"@id\":\"https:\/\/www.perimeter-solutions.com\/de\/#organization\"},\"potentialAction\":[{\"@type\":\"SearchAction\",\"target\":{\"@type\":\"EntryPoint\",\"urlTemplate\":\"https:\/\/www.perimeter-solutions.com\/de\/?s={search_term_string}\"},\"query-input\":{\"@type\":\"PropertyValueSpecification\",\"valueRequired\":true,\"valueName\":\"search_term_string\"}}],\"inLanguage\":\"de\"},{\"@type\":\"Organization\",\"@id\":\"https:\/\/www.perimeter-solutions.com\/de\/#organization\",\"name\":\"Perimeter Solutions\",\"url\":\"https:\/\/www.perimeter-solutions.com\/de\/\",\"logo\":{\"@type\":\"ImageObject\",\"inLanguage\":\"de\",\"@id\":\"https:\/\/www.perimeter-solutions.com\/de\/#\/schema\/logo\/image\/\",\"url\":\"https:\/\/www.perimeter-solutions.com\/wp-content\/uploads\/2021\/02\/perimeter-logo-RGB.png\",\"contentUrl\":\"https:\/\/www.perimeter-solutions.com\/wp-content\/uploads\/2021\/02\/perimeter-logo-RGB.png\",\"width\":794,\"height\":138,\"caption\":\"Perimeter Solutions\"},\"image\":{\"@id\":\"https:\/\/www.perimeter-solutions.com\/de\/#\/schema\/logo\/image\/\"}}]}<\/script>\n<!-- \/ Yoast SEO Premium plugin. -->","yoast_head_json":{"title":"PHOS-CHEK LCE20 Serie - Perimeter Solutions","robots":{"index":"index","follow":"follow","max-snippet":"max-snippet:-1","max-image-preview":"max-image-preview:large","max-video-preview":"max-video-preview:-1"},"canonical":"https:\/\/www.perimeter-solutions.com\/de\/product\/phos-chek-lce20-serie\/","og_locale":"de_DE","og_type":"article","og_title":"PHOS-CHEK LCE20 Serie","og_description":"Das umweltfreundlichste Brandschutzmittel auf dem Markt","og_url":"https:\/\/www.perimeter-solutions.com\/de\/product\/phos-chek-lce20-serie\/","og_site_name":"Perimeter Solutions","article_modified_time":"2024-08-14T16:14:51+00:00","twitter_card":"summary_large_image","twitter_misc":{"Gesch\u00e4tzte Lesezeit":"3\u00a0Minuten"},"schema":{"@context":"https:\/\/schema.org","@graph":[{"@type":"WebPage","@id":"https:\/\/www.perimeter-solutions.com\/de\/product\/phos-chek-lce20-serie\/","url":"https:\/\/www.perimeter-solutions.com\/de\/product\/phos-chek-lce20-serie\/","name":"PHOS-CHEK LCE20 Serie - Perimeter Solutions","isPartOf":{"@id":"https:\/\/www.perimeter-solutions.com\/de\/#website"},"primaryImageOfPage":{"@id":"https:\/\/www.perimeter-solutions.com\/de\/product\/phos-chek-lce20-serie\/#primaryimage"},"image":{"@id":"https:\/\/www.perimeter-solutions.com\/de\/product\/phos-chek-lce20-serie\/#primaryimage"},"thumbnailUrl":"https:\/\/www.perimeter-solutions.com\/wp-content\/uploads\/2024\/06\/PERI9590_LCE20_Fx_EN_v11_Standard-pdf.jpg","datePublished":"2024-06-28T13:23:27+00:00","dateModified":"2024-08-14T16:14:51+00:00","breadcrumb":{"@id":"https:\/\/www.perimeter-solutions.com\/de\/product\/phos-chek-lce20-serie\/#breadcrumb"},"inLanguage":"de","potentialAction":[{"@type":"ReadAction","target":["https:\/\/www.perimeter-solutions.com\/de\/product\/phos-chek-lce20-serie\/"]}]},{"@type":"ImageObject","inLanguage":"de","@id":"https:\/\/www.perimeter-solutions.com\/de\/product\/phos-chek-lce20-serie\/#primaryimage","url":"https:\/\/www.perimeter-solutions.com\/wp-content\/uploads\/2024\/06\/PERI9590_LCE20_Fx_EN_v11_Standard-pdf.jpg","contentUrl":"https:\/\/www.perimeter-solutions.com\/wp-content\/uploads\/2024\/06\/PERI9590_LCE20_Fx_EN_v11_Standard-pdf.jpg"},{"@type":"BreadcrumbList","@id":"https:\/\/www.perimeter-solutions.com\/de\/product\/phos-chek-lce20-serie\/#breadcrumb","itemListElement":[{"@type":"ListItem","position":1,"name":"Produktkatalog","item":"https:\/\/www.perimeter-solutions.com\/de\/produktkatalog\/"},{"@type":"ListItem","position":2,"name":"PHOS-CHEK LCE20 Serie"}]},{"@type":"WebSite","@id":"https:\/\/www.perimeter-solutions.com\/de\/#website","url":"https:\/\/www.perimeter-solutions.com\/de\/","name":"Perimeter Solutions","description":"","publisher":{"@id":"https:\/\/www.perimeter-solutions.com\/de\/#organization"},"potentialAction":[{"@type":"SearchAction","target":{"@type":"EntryPoint","urlTemplate":"https:\/\/www.perimeter-solutions.com\/de\/?s={search_term_string}"},"query-input":{"@type":"PropertyValueSpecification","valueRequired":true,"valueName":"search_term_string"}}],"inLanguage":"de"},{"@type":"Organization","@id":"https:\/\/www.perimeter-solutions.com\/de\/#organization","name":"Perimeter Solutions","url":"https:\/\/www.perimeter-solutions.com\/de\/","logo":{"@type":"ImageObject","inLanguage":"de","@id":"https:\/\/www.perimeter-solutions.com\/de\/#\/schema\/logo\/image\/","url":"https:\/\/www.perimeter-solutions.com\/wp-content\/uploads\/2021\/02\/perimeter-logo-RGB.png","contentUrl":"https:\/\/www.perimeter-solutions.com\/wp-content\/uploads\/2021\/02\/perimeter-logo-RGB.png","width":794,"height":138,"caption":"Perimeter Solutions"},"image":{"@id":"https:\/\/www.perimeter-solutions.com\/de\/#\/schema\/logo\/image\/"}}]}},"_links":{"self":[{"href":"https:\/\/www.perimeter-solutions.com\/de\/wp-json\/wp\/v2\/product\/42371","targetHints":{"allow":["GET"]}}],"collection":[{"href":"https:\/\/www.perimeter-solutions.com\/de\/wp-json\/wp\/v2\/product"}],"about":[{"href":"https:\/\/www.perimeter-solutions.com\/de\/wp-json\/wp\/v2\/types\/product"}],"wp:featuredmedia":[{"embeddable":true,"href":"https:\/\/www.perimeter-solutions.com\/de\/wp-json\/wp\/v2\/media\/42373"}],"wp:attachment":[{"href":"https:\/\/www.perimeter-solutions.com\/de\/wp-json\/wp\/v2\/media?parent=42371"}],"wp:term":[{"taxonomy":"product_cat","embeddable":true,"href":"https:\/\/www.perimeter-solutions.com\/de\/wp-json\/wp\/v2\/product_cat?post=42371"},{"taxonomy":"product_tag","embeddable":true,"href":"https:\/\/www.perimeter-solutions.com\/de\/wp-json\/wp\/v2\/product_tag?post=42371"}],"curies":[{"name":"wp","href":"https:\/\/api.w.org\/{rel}","templated":true}]}}