{"id":42366,"date":"2024-06-27T15:14:03","date_gmt":"2024-06-27T19:14:03","guid":{"rendered":"https:\/\/www.perimeter-solutions.com\/product\/fire-trol-ground\/"},"modified":"2024-08-14T12:29:59","modified_gmt":"2024-08-14T16:29:59","slug":"fire-trol-ground-2-2","status":"publish","type":"product","link":"https:\/\/www.perimeter-solutions.com\/de\/product\/fire-trol-ground-2-2\/","title":{"rendered":"FIRE-TROL Ground"},"content":{"rendered":"<div>\n<p><strong>FIRETROL<sup>\u00ae<\/sup> 934<\/strong> (uneingef\u00e4rbt) und FIRE-TROL 936 (eingef\u00e4rbt) sind fl\u00fcssige Langzeit-Brandschutzmittel, die ausschlie\u00dflich f\u00fcr den Bodenauftrag entwickelt wurden. Sie wurden in ganz Europa entlang von Eisenbahnen und in erschlossenen Gebieten eingesetzt. Sie gelten als ungiftig und entsprechen den OECD-Richtlinien und den aktuellen EU-Richtlinien (2005). Als Feuerschutzmittel von FIRE-TROL gelten:<\/p>\n<ul>\n<li>Effizienter als Wasser (sogar verbessertes Wasser) entweder bei direktem oder indirektem Angriff<\/li>\n<li>Benutzerfreundlicher f\u00fcr Feuerwehrleute aufgrund fehlender Dampfemissionen<\/li>\n<li>Flexibel im Einsatz<\/li>\n<li>Ein Produkt der Wahl bei Nacht, wenn Flugzeuge nicht fliegen k\u00f6nnen<\/li>\n<\/ul>\n<p>&nbsp;<\/p>\n<p><strong>Bitte wenden Sie sich an einen Experten, um zu erfahren, welche Beschr\u00e4nkungen und Vorschriften f\u00fcr Ihren Staat oder Ihre Gemeinde in Bezug auf den Verkauf und Vertrieb von Flammschutzmitteln gelten.<\/strong><\/p>\n<\/div>\n","protected":false},"excerpt":{"rendered":"<h4 class=\"elementor-heading-title elementor-size-default\">Bew\u00e4hrte am Boden aufgebrachte Flammschutzmittel<\/h4>\n","protected":false},"featured_media":42368,"template":"","meta":{"_acf_changed":false},"product_cat":[184],"product_tag":[219],"class_list":{"0":"post-42366","1":"product","2":"type-product","3":"status-publish","4":"has-post-thumbnail","6":"product_cat-fire-retardants-de","7":"product_tag-biogema-de","9":"first","10":"instock","11":"shipping-taxable","12":"purchasable","13":"product-type-simple"},"acf":[],"yoast_head":"<!-- This site is optimized with the Yoast SEO Premium plugin v21.9 (Yoast SEO v23.5) - https:\/\/yoast.com\/wordpress\/plugins\/seo\/ -->\n<title>FIRE-TROL Ground - Perimeter Solutions<\/title>\n<meta name=\"description\" content=\"FEUERTROL \u00ae 934 (uneingef\u00e4rbt) und FIRE-TROL 936 (eingef\u00e4rbt) sind fl\u00fcssige Langzeit-Brandschutzmittel, die ausschlie\u00dflich f\u00fcr den Bodenauftrag entwickelt wurden. Sie wurden in ganz Europa entlang von Eisenbahnen und in erschlossenen Gebieten eingesetzt. Sie gelten als ungiftig und entsprechen den OECD-Richtlinien und den aktuellen EU-Richtlinien (2005).\" \/>\n<meta name=\"robots\" content=\"index, follow, max-snippet:-1, max-image-preview:large, max-video-preview:-1\" \/>\n<link rel=\"canonical\" href=\"https:\/\/www.perimeter-solutions.com\/de\/product\/fire-trol-ground-2-2\/\" \/>\n<meta property=\"og:locale\" content=\"de_DE\" \/>\n<meta property=\"og:type\" content=\"article\" \/>\n<meta property=\"og:title\" content=\"FIRE-TROL Ground\" \/>\n<meta property=\"og:description\" content=\"FEUERTROL \u00ae 934 (uneingef\u00e4rbt) und FIRE-TROL 936 (eingef\u00e4rbt) sind fl\u00fcssige Langzeit-Brandschutzmittel, die ausschlie\u00dflich f\u00fcr den Bodenauftrag entwickelt wurden. Sie wurden in ganz Europa entlang von Eisenbahnen und in erschlossenen Gebieten eingesetzt. Sie gelten als ungiftig und entsprechen den OECD-Richtlinien und den aktuellen EU-Richtlinien (2005).\" \/>\n<meta property=\"og:url\" content=\"https:\/\/www.perimeter-solutions.com\/de\/product\/fire-trol-ground-2-2\/\" \/>\n<meta property=\"og:site_name\" content=\"Perimeter Solutions\" \/>\n<meta property=\"article:modified_time\" content=\"2024-08-14T16:29:59+00:00\" \/>\n<meta name=\"twitter:card\" content=\"summary_large_image\" \/>\n<meta name=\"twitter:label1\" content=\"Gesch\u00e4tzte Lesezeit\" \/>\n\t<meta name=\"twitter:data1\" content=\"1\u00a0Minute\" \/>\n<script type=\"application\/ld+json\" class=\"yoast-schema-graph\">{\"@context\":\"https:\/\/schema.org\",\"@graph\":[{\"@type\":\"WebPage\",\"@id\":\"https:\/\/www.perimeter-solutions.com\/de\/product\/fire-trol-ground-2-2\/\",\"url\":\"https:\/\/www.perimeter-solutions.com\/de\/product\/fire-trol-ground-2-2\/\",\"name\":\"FIRE-TROL Ground - Perimeter Solutions\",\"isPartOf\":{\"@id\":\"https:\/\/www.perimeter-solutions.com\/de\/#website\"},\"primaryImageOfPage\":{\"@id\":\"https:\/\/www.perimeter-solutions.com\/de\/product\/fire-trol-ground-2-2\/#primaryimage\"},\"image\":{\"@id\":\"https:\/\/www.perimeter-solutions.com\/de\/product\/fire-trol-ground-2-2\/#primaryimage\"},\"thumbnailUrl\":\"https:\/\/www.perimeter-solutions.com\/wp-content\/uploads\/2024\/06\/PERI2643-FIRETROL934_Letter_v1.4-1-1-pdf.jpg\",\"datePublished\":\"2024-06-27T19:14:03+00:00\",\"dateModified\":\"2024-08-14T16:29:59+00:00\",\"description\":\"FEUERTROL \u00ae 934 (uneingef\u00e4rbt) und FIRE-TROL 936 (eingef\u00e4rbt) sind fl\u00fcssige Langzeit-Brandschutzmittel, die ausschlie\u00dflich f\u00fcr den Bodenauftrag entwickelt wurden. Sie wurden in ganz Europa entlang von Eisenbahnen und in erschlossenen Gebieten eingesetzt. Sie gelten als ungiftig und entsprechen den OECD-Richtlinien und den aktuellen EU-Richtlinien (2005).\",\"breadcrumb\":{\"@id\":\"https:\/\/www.perimeter-solutions.com\/de\/product\/fire-trol-ground-2-2\/#breadcrumb\"},\"inLanguage\":\"de\",\"potentialAction\":[{\"@type\":\"ReadAction\",\"target\":[\"https:\/\/www.perimeter-solutions.com\/de\/product\/fire-trol-ground-2-2\/\"]}]},{\"@type\":\"ImageObject\",\"inLanguage\":\"de\",\"@id\":\"https:\/\/www.perimeter-solutions.com\/de\/product\/fire-trol-ground-2-2\/#primaryimage\",\"url\":\"https:\/\/www.perimeter-solutions.com\/wp-content\/uploads\/2024\/06\/PERI2643-FIRETROL934_Letter_v1.4-1-1-pdf.jpg\",\"contentUrl\":\"https:\/\/www.perimeter-solutions.com\/wp-content\/uploads\/2024\/06\/PERI2643-FIRETROL934_Letter_v1.4-1-1-pdf.jpg\"},{\"@type\":\"BreadcrumbList\",\"@id\":\"https:\/\/www.perimeter-solutions.com\/de\/product\/fire-trol-ground-2-2\/#breadcrumb\",\"itemListElement\":[{\"@type\":\"ListItem\",\"position\":1,\"name\":\"Produktkatalog\",\"item\":\"https:\/\/www.perimeter-solutions.com\/de\/produktkatalog\/\"},{\"@type\":\"ListItem\",\"position\":2,\"name\":\"FIRE-TROL Ground\"}]},{\"@type\":\"WebSite\",\"@id\":\"https:\/\/www.perimeter-solutions.com\/de\/#website\",\"url\":\"https:\/\/www.perimeter-solutions.com\/de\/\",\"name\":\"Perimeter Solutions\",\"description\":\"\",\"publisher\":{\"@id\":\"https:\/\/www.perimeter-solutions.com\/de\/#organization\"},\"potentialAction\":[{\"@type\":\"SearchAction\",\"target\":{\"@type\":\"EntryPoint\",\"urlTemplate\":\"https:\/\/www.perimeter-solutions.com\/de\/?s={search_term_string}\"},\"query-input\":{\"@type\":\"PropertyValueSpecification\",\"valueRequired\":true,\"valueName\":\"search_term_string\"}}],\"inLanguage\":\"de\"},{\"@type\":\"Organization\",\"@id\":\"https:\/\/www.perimeter-solutions.com\/de\/#organization\",\"name\":\"Perimeter Solutions\",\"url\":\"https:\/\/www.perimeter-solutions.com\/de\/\",\"logo\":{\"@type\":\"ImageObject\",\"inLanguage\":\"de\",\"@id\":\"https:\/\/www.perimeter-solutions.com\/de\/#\/schema\/logo\/image\/\",\"url\":\"https:\/\/www.perimeter-solutions.com\/wp-content\/uploads\/2021\/02\/perimeter-logo-RGB.png\",\"contentUrl\":\"https:\/\/www.perimeter-solutions.com\/wp-content\/uploads\/2021\/02\/perimeter-logo-RGB.png\",\"width\":794,\"height\":138,\"caption\":\"Perimeter Solutions\"},\"image\":{\"@id\":\"https:\/\/www.perimeter-solutions.com\/de\/#\/schema\/logo\/image\/\"}}]}<\/script>\n<!-- \/ Yoast SEO Premium plugin. -->","yoast_head_json":{"title":"FIRE-TROL Ground - Perimeter Solutions","description":"FEUERTROL \u00ae 934 (uneingef\u00e4rbt) und FIRE-TROL 936 (eingef\u00e4rbt) sind fl\u00fcssige Langzeit-Brandschutzmittel, die ausschlie\u00dflich f\u00fcr den Bodenauftrag entwickelt wurden. Sie wurden in ganz Europa entlang von Eisenbahnen und in erschlossenen Gebieten eingesetzt. Sie gelten als ungiftig und entsprechen den OECD-Richtlinien und den aktuellen EU-Richtlinien (2005).","robots":{"index":"index","follow":"follow","max-snippet":"max-snippet:-1","max-image-preview":"max-image-preview:large","max-video-preview":"max-video-preview:-1"},"canonical":"https:\/\/www.perimeter-solutions.com\/de\/product\/fire-trol-ground-2-2\/","og_locale":"de_DE","og_type":"article","og_title":"FIRE-TROL Ground","og_description":"FEUERTROL \u00ae 934 (uneingef\u00e4rbt) und FIRE-TROL 936 (eingef\u00e4rbt) sind fl\u00fcssige Langzeit-Brandschutzmittel, die ausschlie\u00dflich f\u00fcr den Bodenauftrag entwickelt wurden. Sie wurden in ganz Europa entlang von Eisenbahnen und in erschlossenen Gebieten eingesetzt. Sie gelten als ungiftig und entsprechen den OECD-Richtlinien und den aktuellen EU-Richtlinien (2005).","og_url":"https:\/\/www.perimeter-solutions.com\/de\/product\/fire-trol-ground-2-2\/","og_site_name":"Perimeter Solutions","article_modified_time":"2024-08-14T16:29:59+00:00","twitter_card":"summary_large_image","twitter_misc":{"Gesch\u00e4tzte Lesezeit":"1\u00a0Minute"},"schema":{"@context":"https:\/\/schema.org","@graph":[{"@type":"WebPage","@id":"https:\/\/www.perimeter-solutions.com\/de\/product\/fire-trol-ground-2-2\/","url":"https:\/\/www.perimeter-solutions.com\/de\/product\/fire-trol-ground-2-2\/","name":"FIRE-TROL Ground - Perimeter Solutions","isPartOf":{"@id":"https:\/\/www.perimeter-solutions.com\/de\/#website"},"primaryImageOfPage":{"@id":"https:\/\/www.perimeter-solutions.com\/de\/product\/fire-trol-ground-2-2\/#primaryimage"},"image":{"@id":"https:\/\/www.perimeter-solutions.com\/de\/product\/fire-trol-ground-2-2\/#primaryimage"},"thumbnailUrl":"https:\/\/www.perimeter-solutions.com\/wp-content\/uploads\/2024\/06\/PERI2643-FIRETROL934_Letter_v1.4-1-1-pdf.jpg","datePublished":"2024-06-27T19:14:03+00:00","dateModified":"2024-08-14T16:29:59+00:00","description":"FEUERTROL \u00ae 934 (uneingef\u00e4rbt) und FIRE-TROL 936 (eingef\u00e4rbt) sind fl\u00fcssige Langzeit-Brandschutzmittel, die ausschlie\u00dflich f\u00fcr den Bodenauftrag entwickelt wurden. Sie wurden in ganz Europa entlang von Eisenbahnen und in erschlossenen Gebieten eingesetzt. Sie gelten als ungiftig und entsprechen den OECD-Richtlinien und den aktuellen EU-Richtlinien (2005).","breadcrumb":{"@id":"https:\/\/www.perimeter-solutions.com\/de\/product\/fire-trol-ground-2-2\/#breadcrumb"},"inLanguage":"de","potentialAction":[{"@type":"ReadAction","target":["https:\/\/www.perimeter-solutions.com\/de\/product\/fire-trol-ground-2-2\/"]}]},{"@type":"ImageObject","inLanguage":"de","@id":"https:\/\/www.perimeter-solutions.com\/de\/product\/fire-trol-ground-2-2\/#primaryimage","url":"https:\/\/www.perimeter-solutions.com\/wp-content\/uploads\/2024\/06\/PERI2643-FIRETROL934_Letter_v1.4-1-1-pdf.jpg","contentUrl":"https:\/\/www.perimeter-solutions.com\/wp-content\/uploads\/2024\/06\/PERI2643-FIRETROL934_Letter_v1.4-1-1-pdf.jpg"},{"@type":"BreadcrumbList","@id":"https:\/\/www.perimeter-solutions.com\/de\/product\/fire-trol-ground-2-2\/#breadcrumb","itemListElement":[{"@type":"ListItem","position":1,"name":"Produktkatalog","item":"https:\/\/www.perimeter-solutions.com\/de\/produktkatalog\/"},{"@type":"ListItem","position":2,"name":"FIRE-TROL Ground"}]},{"@type":"WebSite","@id":"https:\/\/www.perimeter-solutions.com\/de\/#website","url":"https:\/\/www.perimeter-solutions.com\/de\/","name":"Perimeter Solutions","description":"","publisher":{"@id":"https:\/\/www.perimeter-solutions.com\/de\/#organization"},"potentialAction":[{"@type":"SearchAction","target":{"@type":"EntryPoint","urlTemplate":"https:\/\/www.perimeter-solutions.com\/de\/?s={search_term_string}"},"query-input":{"@type":"PropertyValueSpecification","valueRequired":true,"valueName":"search_term_string"}}],"inLanguage":"de"},{"@type":"Organization","@id":"https:\/\/www.perimeter-solutions.com\/de\/#organization","name":"Perimeter Solutions","url":"https:\/\/www.perimeter-solutions.com\/de\/","logo":{"@type":"ImageObject","inLanguage":"de","@id":"https:\/\/www.perimeter-solutions.com\/de\/#\/schema\/logo\/image\/","url":"https:\/\/www.perimeter-solutions.com\/wp-content\/uploads\/2021\/02\/perimeter-logo-RGB.png","contentUrl":"https:\/\/www.perimeter-solutions.com\/wp-content\/uploads\/2021\/02\/perimeter-logo-RGB.png","width":794,"height":138,"caption":"Perimeter Solutions"},"image":{"@id":"https:\/\/www.perimeter-solutions.com\/de\/#\/schema\/logo\/image\/"}}]}},"_links":{"self":[{"href":"https:\/\/www.perimeter-solutions.com\/de\/wp-json\/wp\/v2\/product\/42366","targetHints":{"allow":["GET"]}}],"collection":[{"href":"https:\/\/www.perimeter-solutions.com\/de\/wp-json\/wp\/v2\/product"}],"about":[{"href":"https:\/\/www.perimeter-solutions.com\/de\/wp-json\/wp\/v2\/types\/product"}],"wp:featuredmedia":[{"embeddable":true,"href":"https:\/\/www.perimeter-solutions.com\/de\/wp-json\/wp\/v2\/media\/42368"}],"wp:attachment":[{"href":"https:\/\/www.perimeter-solutions.com\/de\/wp-json\/wp\/v2\/media?parent=42366"}],"wp:term":[{"taxonomy":"product_cat","embeddable":true,"href":"https:\/\/www.perimeter-solutions.com\/de\/wp-json\/wp\/v2\/product_cat?post=42366"},{"taxonomy":"product_tag","embeddable":true,"href":"https:\/\/www.perimeter-solutions.com\/de\/wp-json\/wp\/v2\/product_tag?post=42366"}],"curies":[{"name":"wp","href":"https:\/\/api.w.org\/{rel}","templated":true}]}}