{"id":42363,"date":"2024-06-27T15:23:59","date_gmt":"2024-06-27T19:23:59","guid":{"rendered":"https:\/\/www.perimeter-solutions.com\/product\/phos-chek-fortify\/"},"modified":"2024-08-15T14:23:03","modified_gmt":"2024-08-15T18:23:03","slug":"phos-chek-fortify-2","status":"publish","type":"product","link":"https:\/\/www.perimeter-solutions.com\/de\/product\/phos-chek-fortify-2\/","title":{"rendered":"PHOS-CHEK<sup>\u00ae<\/sup> FORTIFY<sup>\u00ae<\/sup>"},"content":{"rendered":"<div>\n<p><strong>PHOS-CHEK<\/strong><sup>\u00ae<\/sup> <strong>FORTIFY<\/strong><sup>\u00ae<\/sup> ist eine preisgekr\u00f6nte feuerhemmende Technologie, die eine proaktive und pr\u00e4ventive L\u00f6sung f\u00fcr das Waldbrandmanagement bietet. Stadtwerke, Landes- und Bundesbeh\u00f6rden sowie Gewerbe- und Industriebetriebe k\u00f6nnen sich w\u00e4hrend der Hauptbrandsaison mit einer einzigen j\u00e4hrlichen Behandlung mit PHOS-CHEK FORTIFY zu Beginn der Saison vor Fl\u00e4chenbr\u00e4nden sch\u00fctzen. PHOS-CHEK FORTIFY beschichtet die Zielvegetation und die Infrastruktureinrichtungen effektiv mit einem Schutzmittel, das bis zu einem starken Regenereignis wirksam bleibt. Das Produkt PHOS-CHEK FORTIFY kann vor der Brandsaison oder sogar w\u00e4hrend einer drohenden Feuergefahr mit Standard-Ausbringungsger\u00e4ten wie Hydros\u00e4maschinen, Tankspritzen oder Hubschraubern verspr\u00fcht werden. Jeder, der heute Ger\u00e4te zum Verspr\u00fchen eines Flammschutzmittels f\u00fcr Bodenanwendungen verwendet, kann PHOS-CHEK FORTIFY verwenden.<\/p>\n<p><strong>Ideale Anwendungen f\u00fcr PHOS-CHEK FORTIFY sind:<\/strong><\/p>\n<ul>\n<li>Behandlung von Brandgebieten mit hohem Risiko, einschlie\u00dflich B\u00fcrsten von Strommasten und Vegetationsmanagement.<\/li>\n<li>Unter den Versorgungsleitungen, um sie unter Strom zu halten und Stromabschaltungen f\u00fcr die \u00f6ffentliche Sicherheit (PSPS) zu vermeiden<\/li>\n<li>Um kritische Infrastrukturanlagen (Umspannwerke, Geb\u00e4ude, Kommunikationst\u00fcrme)<\/li>\n<li>Schutz f\u00fcr Strommasten, Dienstbarkeiten und Wegerechte<\/li>\n<li>Entlang von Bahnstrecken und Eisenbahnen in Risikogebieten<\/li>\n<li>Ein- und ausgehende Pfade in \u201egef\u00e4hrdeten Gemeinschaften\u201c<\/li>\n<li>Vorbehandlung von vorgeschriebenen Brandschutzleitungen weit vor der Z\u00fcndung<\/li>\n<li>Milit\u00e4rst\u00fctzpunkte in aktiven Munitionsgebieten<\/li>\n<li>H\u00e4nge und Stra\u00dfenr\u00e4nder in der N\u00e4he von Gemeinden mit hohem Brandrisiko<\/li>\n<li>Verl\u00e4ngerung der Fahrbahnbrandschneisen<\/li>\n<li>Schutz f\u00fcr st\u00e4dtische Grenzfl\u00e4chen in freier Wildbahn, Campingpl\u00e4tze und andere allgemeine Z\u00fcndungsbereiche<\/li>\n<\/ul>\n<p><strong>Bitte wenden Sie sich an einen Experten, um zu erfahren, welche Einschr\u00e4nkungen und Vorschriften f\u00fcr Ihren Staat oder Ihre Region in Bezug auf den Verkauf und Vertrieb von Flammschutzmitteln gelten. <\/strong><strong>PHOS-CHEK<sup>\u00ae<\/sup> FORTIFY<sup>\u00ae<\/sup> <\/strong> ist nur in den folgenden Regionen erh\u00e4ltlich:<\/p>\n<ul>\n<li>Nord-Amerika<\/li>\n<\/ul>\n<\/div>\n","protected":false},"excerpt":{"rendered":"<h4 class=\"elementor-heading-title elementor-size-default\">Saisonaler vorbeugender Schutz vor Waldbr\u00e4nden<\/h4>\n","protected":false},"featured_media":42365,"template":"","meta":{"_acf_changed":false},"product_cat":[184],"product_tag":[239],"class_list":{"0":"post-42363","1":"product","2":"type-product","3":"status-publish","4":"has-post-thumbnail","6":"product_cat-fire-retardants-de","7":"product_tag-phos-chek-de","9":"first","10":"instock","11":"shipping-taxable","12":"purchasable","13":"product-type-simple"},"acf":[],"yoast_head":"<!-- This site is optimized with the Yoast SEO Premium plugin v21.9 (Yoast SEO v23.5) - https:\/\/yoast.com\/wordpress\/plugins\/seo\/ -->\n<title>PHOS-CHEK\u00ae FORTIFY\u00ae - Perimeter Solutions<\/title>\n<meta name=\"robots\" content=\"index, follow, max-snippet:-1, max-image-preview:large, max-video-preview:-1\" \/>\n<link rel=\"canonical\" href=\"https:\/\/www.perimeter-solutions.com\/de\/product\/phos-chek-fortify-2\/\" \/>\n<meta property=\"og:locale\" content=\"de_DE\" \/>\n<meta property=\"og:type\" content=\"article\" \/>\n<meta property=\"og:title\" content=\"PHOS-CHEK\u00ae FORTIFY\u00ae\" \/>\n<meta property=\"og:description\" content=\"Saisonaler vorbeugender Schutz vor Waldbr\u00e4nden\" \/>\n<meta property=\"og:url\" content=\"https:\/\/www.perimeter-solutions.com\/de\/product\/phos-chek-fortify-2\/\" \/>\n<meta property=\"og:site_name\" content=\"Perimeter Solutions\" \/>\n<meta property=\"article:modified_time\" content=\"2024-08-15T18:23:03+00:00\" \/>\n<meta name=\"twitter:card\" content=\"summary_large_image\" \/>\n<meta name=\"twitter:label1\" content=\"Gesch\u00e4tzte Lesezeit\" \/>\n\t<meta name=\"twitter:data1\" content=\"2\u00a0Minuten\" \/>\n<script type=\"application\/ld+json\" class=\"yoast-schema-graph\">{\"@context\":\"https:\/\/schema.org\",\"@graph\":[{\"@type\":\"WebPage\",\"@id\":\"https:\/\/www.perimeter-solutions.com\/de\/product\/phos-chek-fortify-2\/\",\"url\":\"https:\/\/www.perimeter-solutions.com\/de\/product\/phos-chek-fortify-2\/\",\"name\":\"PHOS-CHEK\u00ae FORTIFY\u00ae - Perimeter Solutions\",\"isPartOf\":{\"@id\":\"https:\/\/www.perimeter-solutions.com\/de\/#website\"},\"primaryImageOfPage\":{\"@id\":\"https:\/\/www.perimeter-solutions.com\/de\/product\/phos-chek-fortify-2\/#primaryimage\"},\"image\":{\"@id\":\"https:\/\/www.perimeter-solutions.com\/de\/product\/phos-chek-fortify-2\/#primaryimage\"},\"thumbnailUrl\":\"https:\/\/www.perimeter-solutions.com\/wp-content\/uploads\/2024\/06\/PERI_PC-Preventative-Wildfire-Solutions-LTR_Datasheet_v9-1-pdf.jpg\",\"datePublished\":\"2024-06-27T19:23:59+00:00\",\"dateModified\":\"2024-08-15T18:23:03+00:00\",\"breadcrumb\":{\"@id\":\"https:\/\/www.perimeter-solutions.com\/de\/product\/phos-chek-fortify-2\/#breadcrumb\"},\"inLanguage\":\"de\",\"potentialAction\":[{\"@type\":\"ReadAction\",\"target\":[\"https:\/\/www.perimeter-solutions.com\/de\/product\/phos-chek-fortify-2\/\"]}]},{\"@type\":\"ImageObject\",\"inLanguage\":\"de\",\"@id\":\"https:\/\/www.perimeter-solutions.com\/de\/product\/phos-chek-fortify-2\/#primaryimage\",\"url\":\"https:\/\/www.perimeter-solutions.com\/wp-content\/uploads\/2024\/06\/PERI_PC-Preventative-Wildfire-Solutions-LTR_Datasheet_v9-1-pdf.jpg\",\"contentUrl\":\"https:\/\/www.perimeter-solutions.com\/wp-content\/uploads\/2024\/06\/PERI_PC-Preventative-Wildfire-Solutions-LTR_Datasheet_v9-1-pdf.jpg\"},{\"@type\":\"BreadcrumbList\",\"@id\":\"https:\/\/www.perimeter-solutions.com\/de\/product\/phos-chek-fortify-2\/#breadcrumb\",\"itemListElement\":[{\"@type\":\"ListItem\",\"position\":1,\"name\":\"Produktkatalog\",\"item\":\"https:\/\/www.perimeter-solutions.com\/de\/produktkatalog\/\"},{\"@type\":\"ListItem\",\"position\":2,\"name\":\"PHOS-CHEK\u00ae FORTIFY\u00ae\"}]},{\"@type\":\"WebSite\",\"@id\":\"https:\/\/www.perimeter-solutions.com\/de\/#website\",\"url\":\"https:\/\/www.perimeter-solutions.com\/de\/\",\"name\":\"Perimeter Solutions\",\"description\":\"\",\"publisher\":{\"@id\":\"https:\/\/www.perimeter-solutions.com\/de\/#organization\"},\"potentialAction\":[{\"@type\":\"SearchAction\",\"target\":{\"@type\":\"EntryPoint\",\"urlTemplate\":\"https:\/\/www.perimeter-solutions.com\/de\/?s={search_term_string}\"},\"query-input\":{\"@type\":\"PropertyValueSpecification\",\"valueRequired\":true,\"valueName\":\"search_term_string\"}}],\"inLanguage\":\"de\"},{\"@type\":\"Organization\",\"@id\":\"https:\/\/www.perimeter-solutions.com\/de\/#organization\",\"name\":\"Perimeter Solutions\",\"url\":\"https:\/\/www.perimeter-solutions.com\/de\/\",\"logo\":{\"@type\":\"ImageObject\",\"inLanguage\":\"de\",\"@id\":\"https:\/\/www.perimeter-solutions.com\/de\/#\/schema\/logo\/image\/\",\"url\":\"https:\/\/www.perimeter-solutions.com\/wp-content\/uploads\/2021\/02\/perimeter-logo-RGB.png\",\"contentUrl\":\"https:\/\/www.perimeter-solutions.com\/wp-content\/uploads\/2021\/02\/perimeter-logo-RGB.png\",\"width\":794,\"height\":138,\"caption\":\"Perimeter Solutions\"},\"image\":{\"@id\":\"https:\/\/www.perimeter-solutions.com\/de\/#\/schema\/logo\/image\/\"}}]}<\/script>\n<!-- \/ Yoast SEO Premium plugin. -->","yoast_head_json":{"title":"PHOS-CHEK\u00ae FORTIFY\u00ae - Perimeter Solutions","robots":{"index":"index","follow":"follow","max-snippet":"max-snippet:-1","max-image-preview":"max-image-preview:large","max-video-preview":"max-video-preview:-1"},"canonical":"https:\/\/www.perimeter-solutions.com\/de\/product\/phos-chek-fortify-2\/","og_locale":"de_DE","og_type":"article","og_title":"PHOS-CHEK\u00ae FORTIFY\u00ae","og_description":"Saisonaler vorbeugender Schutz vor Waldbr\u00e4nden","og_url":"https:\/\/www.perimeter-solutions.com\/de\/product\/phos-chek-fortify-2\/","og_site_name":"Perimeter Solutions","article_modified_time":"2024-08-15T18:23:03+00:00","twitter_card":"summary_large_image","twitter_misc":{"Gesch\u00e4tzte Lesezeit":"2\u00a0Minuten"},"schema":{"@context":"https:\/\/schema.org","@graph":[{"@type":"WebPage","@id":"https:\/\/www.perimeter-solutions.com\/de\/product\/phos-chek-fortify-2\/","url":"https:\/\/www.perimeter-solutions.com\/de\/product\/phos-chek-fortify-2\/","name":"PHOS-CHEK\u00ae FORTIFY\u00ae - Perimeter Solutions","isPartOf":{"@id":"https:\/\/www.perimeter-solutions.com\/de\/#website"},"primaryImageOfPage":{"@id":"https:\/\/www.perimeter-solutions.com\/de\/product\/phos-chek-fortify-2\/#primaryimage"},"image":{"@id":"https:\/\/www.perimeter-solutions.com\/de\/product\/phos-chek-fortify-2\/#primaryimage"},"thumbnailUrl":"https:\/\/www.perimeter-solutions.com\/wp-content\/uploads\/2024\/06\/PERI_PC-Preventative-Wildfire-Solutions-LTR_Datasheet_v9-1-pdf.jpg","datePublished":"2024-06-27T19:23:59+00:00","dateModified":"2024-08-15T18:23:03+00:00","breadcrumb":{"@id":"https:\/\/www.perimeter-solutions.com\/de\/product\/phos-chek-fortify-2\/#breadcrumb"},"inLanguage":"de","potentialAction":[{"@type":"ReadAction","target":["https:\/\/www.perimeter-solutions.com\/de\/product\/phos-chek-fortify-2\/"]}]},{"@type":"ImageObject","inLanguage":"de","@id":"https:\/\/www.perimeter-solutions.com\/de\/product\/phos-chek-fortify-2\/#primaryimage","url":"https:\/\/www.perimeter-solutions.com\/wp-content\/uploads\/2024\/06\/PERI_PC-Preventative-Wildfire-Solutions-LTR_Datasheet_v9-1-pdf.jpg","contentUrl":"https:\/\/www.perimeter-solutions.com\/wp-content\/uploads\/2024\/06\/PERI_PC-Preventative-Wildfire-Solutions-LTR_Datasheet_v9-1-pdf.jpg"},{"@type":"BreadcrumbList","@id":"https:\/\/www.perimeter-solutions.com\/de\/product\/phos-chek-fortify-2\/#breadcrumb","itemListElement":[{"@type":"ListItem","position":1,"name":"Produktkatalog","item":"https:\/\/www.perimeter-solutions.com\/de\/produktkatalog\/"},{"@type":"ListItem","position":2,"name":"PHOS-CHEK\u00ae FORTIFY\u00ae"}]},{"@type":"WebSite","@id":"https:\/\/www.perimeter-solutions.com\/de\/#website","url":"https:\/\/www.perimeter-solutions.com\/de\/","name":"Perimeter Solutions","description":"","publisher":{"@id":"https:\/\/www.perimeter-solutions.com\/de\/#organization"},"potentialAction":[{"@type":"SearchAction","target":{"@type":"EntryPoint","urlTemplate":"https:\/\/www.perimeter-solutions.com\/de\/?s={search_term_string}"},"query-input":{"@type":"PropertyValueSpecification","valueRequired":true,"valueName":"search_term_string"}}],"inLanguage":"de"},{"@type":"Organization","@id":"https:\/\/www.perimeter-solutions.com\/de\/#organization","name":"Perimeter Solutions","url":"https:\/\/www.perimeter-solutions.com\/de\/","logo":{"@type":"ImageObject","inLanguage":"de","@id":"https:\/\/www.perimeter-solutions.com\/de\/#\/schema\/logo\/image\/","url":"https:\/\/www.perimeter-solutions.com\/wp-content\/uploads\/2021\/02\/perimeter-logo-RGB.png","contentUrl":"https:\/\/www.perimeter-solutions.com\/wp-content\/uploads\/2021\/02\/perimeter-logo-RGB.png","width":794,"height":138,"caption":"Perimeter Solutions"},"image":{"@id":"https:\/\/www.perimeter-solutions.com\/de\/#\/schema\/logo\/image\/"}}]}},"_links":{"self":[{"href":"https:\/\/www.perimeter-solutions.com\/de\/wp-json\/wp\/v2\/product\/42363","targetHints":{"allow":["GET"]}}],"collection":[{"href":"https:\/\/www.perimeter-solutions.com\/de\/wp-json\/wp\/v2\/product"}],"about":[{"href":"https:\/\/www.perimeter-solutions.com\/de\/wp-json\/wp\/v2\/types\/product"}],"wp:featuredmedia":[{"embeddable":true,"href":"https:\/\/www.perimeter-solutions.com\/de\/wp-json\/wp\/v2\/media\/42365"}],"wp:attachment":[{"href":"https:\/\/www.perimeter-solutions.com\/de\/wp-json\/wp\/v2\/media?parent=42363"}],"wp:term":[{"taxonomy":"product_cat","embeddable":true,"href":"https:\/\/www.perimeter-solutions.com\/de\/wp-json\/wp\/v2\/product_cat?post=42363"},{"taxonomy":"product_tag","embeddable":true,"href":"https:\/\/www.perimeter-solutions.com\/de\/wp-json\/wp\/v2\/product_tag?post=42363"}],"curies":[{"name":"wp","href":"https:\/\/api.w.org\/{rel}","templated":true}]}}