{"id":42354,"date":"2024-06-27T13:37:38","date_gmt":"2024-06-27T17:37:38","guid":{"rendered":"https:\/\/www.perimeter-solutions.com\/product\/phos-chek-wd881c\/"},"modified":"2024-08-14T13:54:46","modified_gmt":"2024-08-14T17:54:46","slug":"phos-chek-wd881c-2","status":"publish","type":"product","link":"https:\/\/www.perimeter-solutions.com\/de\/product\/phos-chek-wd881c-2\/","title":{"rendered":"PHOS-CHEK WD881C"},"content":{"rendered":"<p><span style=\"color: #000000;\"><strong>PHOS-CHEK<sup>\u00ae<\/sup> WD881C<\/strong> Schaummittelkonzentrat der Klasse A wurde speziell entwickelt, um Wasser f\u00fcr die Brandbek\u00e4mpfung effektiver zu machen.<br \/>\nPHOS-CHEK WD881C bietet die gleichen hervorragenden Schaumeigenschaften, die Sie von PHOS-CHEK WD881 erwarten, l\u00e4sst sich jedoch gut verteilen, weist eine niedrigere Viskosit\u00e4t auf und bietet eine bessere Sicht aus der Luft, wenn es mit extrem kaltem Wasser gemischt wird.<br \/>\nPHOS-CHEK WD881C wurde speziell f\u00fcr den Einsatz in n\u00f6rdlichen Regionen entwickelt, in denen w\u00e4hrend der Feuersaison im fr\u00fchen Fr\u00fchjahr und im Sp\u00e4therbst n\u00e4chtliche Gefriertemperaturen \u00fcblich sind.<br \/>\nDurch die niedrige Viskosit\u00e4t bei kalten Temperaturen l\u00e4sst sich das Schaummittelkonzentrat selbst bei Temperaturen nahe oder unter dem Gefrierpunkt problemlos mit D\u00fcsen, Dosierern und Injektionsger\u00e4ten mischen. <\/span><\/p>\n<p><span style=\"color: #000000;\">Die einzigartige Kombination von Tensiden in PHOS-CHEK WD881C reduziert die Oberfl\u00e4chenspannung des Wassers erheblich und erzeugt in Verbindung mit Luft einen hervorragenden Schaumteppich, der Brennstoffe mit einer dicken Wasserschicht umgibt.<br \/>\nDer Schaumteppich bildet eine Barriere zwischen dem Brennstoff und dem Feuer, die das Feuer schneller eind\u00e4mmt als Wasser allein und es den Feuerwehrleuten erm\u00f6glicht, die Einsatzbereiche zu sehen.<br \/>\nDurch die verringerte Oberfl\u00e4chenspannung kann das Wasser tief in Brennstoffe der Klasse A eindringen, anstatt abzuperlen und abzurollen, bevor es absorbiert werden kann.<br \/>\nDurch die h\u00f6here Effektivit\u00e4t des Wassers wird die zum L\u00f6schen des Feuers ben\u00f6tigte Wassermenge reduziert und die Sicherheit der Feuerwehrleute erh\u00f6ht, da das Feuer schneller gel\u00f6scht werden kann und weniger Nachl\u00f6sch- und Aufr\u00e4umarbeiten erforderlich sind. <\/span><\/p>\n<p><span style=\"color: #000000;\">Sowohl PHOS-CHEK WD881 als auch WD881C sind die am st\u00e4rksten konzentrierten Schaumprodukte der Klasse A, die heute erh\u00e4ltlich sind.<br \/>\nViele verf\u00fcgbare Produkte enthalten deutlich mehr Wasser im Konzentrat.<br \/>\nDas zus\u00e4tzliche Wasser im Konzentrat bedeutet, dass h\u00f6here Einsatzmengen erforderlich sind, um die erwarteten Ergebnisse zu erzielen.<br \/>\nPHOS-CHEK WD881C ist mit S\u00fc\u00dfwasser, Meerwasser und Langzeitverz\u00f6gerungsmitteln kompatibel.<br \/>\nDie Schaumeigenschaften werden durch Gefrieren und Tauen nicht beeintr\u00e4chtigt. <\/span><\/p>\n<p><span style=\"color: #000000;\">PHOS-CHEK WD881C Schaummittelkonzentrat enth\u00e4lt keine PFAS-Chemikalien, einschlie\u00dflich, aber nicht beschr\u00e4nkt auf PFOS oder PFOA.<br \/>\nFluorierte Tenside werden in Schaumkonzentraten der Klasse B verwendet und sind notwendig, um einen Film auf brennbaren Fl\u00fcssigkeiten zu bilden. <\/span><\/p>\n<p><span style=\"color: #000000;\"><strong>Bitte wenden Sie sich an einen Experten f\u00fcr Regulierungsfragen, um sich \u00fcber die Einschr\u00e4nkungen und Vorschriften zu informieren, die in Ihrem Staat oder an Ihrem Wohnort in Bezug auf den Verkauf und Vertrieb von Schaumstoffkonzentraten der Klasse A gelten k\u00f6nnen.<\/strong><\/span><\/p>\n<h4>Verf\u00fcgbare Optionen<\/h4>\n","protected":false},"excerpt":{"rendered":"<h4 class=\"elementor-heading-title elementor-size-default\">Niedrige Viskosit\u00e4t mit Sicht aus der Luft<\/h4>\n","protected":false},"featured_media":42356,"template":"","meta":{"_acf_changed":false},"product_cat":[186],"product_tag":[231,251,239,255,257],"class_list":{"0":"post-42354","1":"product","2":"type-product","3":"status-publish","4":"has-post-thumbnail","6":"product_cat-class-a-de","7":"product_tag-industriell","8":"product_tag-kommunal","9":"product_tag-phos-chek-de","10":"product_tag-usfs-qpl-de","11":"product_tag-wildland-de","13":"first","14":"instock","15":"shipping-taxable","16":"purchasable","17":"product-type-simple"},"acf":[],"yoast_head":"<!-- This site is optimized with the Yoast SEO Premium plugin v21.9 (Yoast SEO v23.5) - https:\/\/yoast.com\/wordpress\/plugins\/seo\/ -->\n<title>PHOS-CHEK WD881C - Perimeter Solutions<\/title>\n<meta name=\"description\" content=\"PHOS-CHEK\u00ae WD881C Schaummittelkonzentrat der Klasse A wurde speziell entwickelt, um Wasser f\u00fcr die Brandbek\u00e4mpfung effektiver zu machen. PHOS-CHEK WD881C bietet die gleichen hervorragenden Schaumeigenschaften, die Sie von PHOS-CHEK WD881 erwarten, l\u00e4sst sich jedoch gut verteilen, weist eine niedrigere Viskosit\u00e4t auf und bietet eine bessere Sicht aus der Luft, wenn es mit extrem kaltem Wasser gemischt wird.\" \/>\n<meta name=\"robots\" content=\"index, follow, max-snippet:-1, max-image-preview:large, max-video-preview:-1\" \/>\n<link rel=\"canonical\" href=\"https:\/\/www.perimeter-solutions.com\/de\/product\/phos-chek-wd881c-2\/\" \/>\n<meta property=\"og:locale\" content=\"de_DE\" \/>\n<meta property=\"og:type\" content=\"article\" \/>\n<meta property=\"og:title\" content=\"PHOS-CHEK WD881C\" \/>\n<meta property=\"og:description\" content=\"PHOS-CHEK\u00ae WD881C Schaummittelkonzentrat der Klasse A wurde speziell entwickelt, um Wasser f\u00fcr die Brandbek\u00e4mpfung effektiver zu machen. PHOS-CHEK WD881C bietet die gleichen hervorragenden Schaumeigenschaften, die Sie von PHOS-CHEK WD881 erwarten, l\u00e4sst sich jedoch gut verteilen, weist eine niedrigere Viskosit\u00e4t auf und bietet eine bessere Sicht aus der Luft, wenn es mit extrem kaltem Wasser gemischt wird.\" \/>\n<meta property=\"og:url\" content=\"https:\/\/www.perimeter-solutions.com\/de\/product\/phos-chek-wd881c-2\/\" \/>\n<meta property=\"og:site_name\" content=\"Perimeter Solutions\" \/>\n<meta property=\"article:modified_time\" content=\"2024-08-14T17:54:46+00:00\" \/>\n<meta name=\"twitter:card\" content=\"summary_large_image\" \/>\n<meta name=\"twitter:label1\" content=\"Gesch\u00e4tzte Lesezeit\" \/>\n\t<meta name=\"twitter:data1\" content=\"2\u00a0Minuten\" \/>\n<script type=\"application\/ld+json\" class=\"yoast-schema-graph\">{\"@context\":\"https:\/\/schema.org\",\"@graph\":[{\"@type\":\"WebPage\",\"@id\":\"https:\/\/www.perimeter-solutions.com\/de\/product\/phos-chek-wd881c-2\/\",\"url\":\"https:\/\/www.perimeter-solutions.com\/de\/product\/phos-chek-wd881c-2\/\",\"name\":\"PHOS-CHEK WD881C - Perimeter Solutions\",\"isPartOf\":{\"@id\":\"https:\/\/www.perimeter-solutions.com\/de\/#website\"},\"primaryImageOfPage\":{\"@id\":\"https:\/\/www.perimeter-solutions.com\/de\/product\/phos-chek-wd881c-2\/#primaryimage\"},\"image\":{\"@id\":\"https:\/\/www.perimeter-solutions.com\/de\/product\/phos-chek-wd881c-2\/#primaryimage\"},\"thumbnailUrl\":\"https:\/\/www.perimeter-solutions.com\/wp-content\/uploads\/2024\/06\/PC-WD881C-Class-A-Datasheet_PCC-2019016-6-1-1-pdf.jpg\",\"datePublished\":\"2024-06-27T17:37:38+00:00\",\"dateModified\":\"2024-08-14T17:54:46+00:00\",\"description\":\"PHOS-CHEK\u00ae WD881C Schaummittelkonzentrat der Klasse A wurde speziell entwickelt, um Wasser f\u00fcr die Brandbek\u00e4mpfung effektiver zu machen. PHOS-CHEK WD881C bietet die gleichen hervorragenden Schaumeigenschaften, die Sie von PHOS-CHEK WD881 erwarten, l\u00e4sst sich jedoch gut verteilen, weist eine niedrigere Viskosit\u00e4t auf und bietet eine bessere Sicht aus der Luft, wenn es mit extrem kaltem Wasser gemischt wird.\",\"breadcrumb\":{\"@id\":\"https:\/\/www.perimeter-solutions.com\/de\/product\/phos-chek-wd881c-2\/#breadcrumb\"},\"inLanguage\":\"de\",\"potentialAction\":[{\"@type\":\"ReadAction\",\"target\":[\"https:\/\/www.perimeter-solutions.com\/de\/product\/phos-chek-wd881c-2\/\"]}]},{\"@type\":\"ImageObject\",\"inLanguage\":\"de\",\"@id\":\"https:\/\/www.perimeter-solutions.com\/de\/product\/phos-chek-wd881c-2\/#primaryimage\",\"url\":\"https:\/\/www.perimeter-solutions.com\/wp-content\/uploads\/2024\/06\/PC-WD881C-Class-A-Datasheet_PCC-2019016-6-1-1-pdf.jpg\",\"contentUrl\":\"https:\/\/www.perimeter-solutions.com\/wp-content\/uploads\/2024\/06\/PC-WD881C-Class-A-Datasheet_PCC-2019016-6-1-1-pdf.jpg\"},{\"@type\":\"BreadcrumbList\",\"@id\":\"https:\/\/www.perimeter-solutions.com\/de\/product\/phos-chek-wd881c-2\/#breadcrumb\",\"itemListElement\":[{\"@type\":\"ListItem\",\"position\":1,\"name\":\"Produktkatalog\",\"item\":\"https:\/\/www.perimeter-solutions.com\/de\/produktkatalog\/\"},{\"@type\":\"ListItem\",\"position\":2,\"name\":\"PHOS-CHEK WD881C\"}]},{\"@type\":\"WebSite\",\"@id\":\"https:\/\/www.perimeter-solutions.com\/de\/#website\",\"url\":\"https:\/\/www.perimeter-solutions.com\/de\/\",\"name\":\"Perimeter Solutions\",\"description\":\"\",\"publisher\":{\"@id\":\"https:\/\/www.perimeter-solutions.com\/de\/#organization\"},\"potentialAction\":[{\"@type\":\"SearchAction\",\"target\":{\"@type\":\"EntryPoint\",\"urlTemplate\":\"https:\/\/www.perimeter-solutions.com\/de\/?s={search_term_string}\"},\"query-input\":{\"@type\":\"PropertyValueSpecification\",\"valueRequired\":true,\"valueName\":\"search_term_string\"}}],\"inLanguage\":\"de\"},{\"@type\":\"Organization\",\"@id\":\"https:\/\/www.perimeter-solutions.com\/de\/#organization\",\"name\":\"Perimeter Solutions\",\"url\":\"https:\/\/www.perimeter-solutions.com\/de\/\",\"logo\":{\"@type\":\"ImageObject\",\"inLanguage\":\"de\",\"@id\":\"https:\/\/www.perimeter-solutions.com\/de\/#\/schema\/logo\/image\/\",\"url\":\"https:\/\/www.perimeter-solutions.com\/wp-content\/uploads\/2021\/02\/perimeter-logo-RGB.png\",\"contentUrl\":\"https:\/\/www.perimeter-solutions.com\/wp-content\/uploads\/2021\/02\/perimeter-logo-RGB.png\",\"width\":794,\"height\":138,\"caption\":\"Perimeter Solutions\"},\"image\":{\"@id\":\"https:\/\/www.perimeter-solutions.com\/de\/#\/schema\/logo\/image\/\"}}]}<\/script>\n<!-- \/ Yoast SEO Premium plugin. -->","yoast_head_json":{"title":"PHOS-CHEK WD881C - Perimeter Solutions","description":"PHOS-CHEK\u00ae WD881C Schaummittelkonzentrat der Klasse A wurde speziell entwickelt, um Wasser f\u00fcr die Brandbek\u00e4mpfung effektiver zu machen. PHOS-CHEK WD881C bietet die gleichen hervorragenden Schaumeigenschaften, die Sie von PHOS-CHEK WD881 erwarten, l\u00e4sst sich jedoch gut verteilen, weist eine niedrigere Viskosit\u00e4t auf und bietet eine bessere Sicht aus der Luft, wenn es mit extrem kaltem Wasser gemischt wird.","robots":{"index":"index","follow":"follow","max-snippet":"max-snippet:-1","max-image-preview":"max-image-preview:large","max-video-preview":"max-video-preview:-1"},"canonical":"https:\/\/www.perimeter-solutions.com\/de\/product\/phos-chek-wd881c-2\/","og_locale":"de_DE","og_type":"article","og_title":"PHOS-CHEK WD881C","og_description":"PHOS-CHEK\u00ae WD881C Schaummittelkonzentrat der Klasse A wurde speziell entwickelt, um Wasser f\u00fcr die Brandbek\u00e4mpfung effektiver zu machen. PHOS-CHEK WD881C bietet die gleichen hervorragenden Schaumeigenschaften, die Sie von PHOS-CHEK WD881 erwarten, l\u00e4sst sich jedoch gut verteilen, weist eine niedrigere Viskosit\u00e4t auf und bietet eine bessere Sicht aus der Luft, wenn es mit extrem kaltem Wasser gemischt wird.","og_url":"https:\/\/www.perimeter-solutions.com\/de\/product\/phos-chek-wd881c-2\/","og_site_name":"Perimeter Solutions","article_modified_time":"2024-08-14T17:54:46+00:00","twitter_card":"summary_large_image","twitter_misc":{"Gesch\u00e4tzte Lesezeit":"2\u00a0Minuten"},"schema":{"@context":"https:\/\/schema.org","@graph":[{"@type":"WebPage","@id":"https:\/\/www.perimeter-solutions.com\/de\/product\/phos-chek-wd881c-2\/","url":"https:\/\/www.perimeter-solutions.com\/de\/product\/phos-chek-wd881c-2\/","name":"PHOS-CHEK WD881C - Perimeter Solutions","isPartOf":{"@id":"https:\/\/www.perimeter-solutions.com\/de\/#website"},"primaryImageOfPage":{"@id":"https:\/\/www.perimeter-solutions.com\/de\/product\/phos-chek-wd881c-2\/#primaryimage"},"image":{"@id":"https:\/\/www.perimeter-solutions.com\/de\/product\/phos-chek-wd881c-2\/#primaryimage"},"thumbnailUrl":"https:\/\/www.perimeter-solutions.com\/wp-content\/uploads\/2024\/06\/PC-WD881C-Class-A-Datasheet_PCC-2019016-6-1-1-pdf.jpg","datePublished":"2024-06-27T17:37:38+00:00","dateModified":"2024-08-14T17:54:46+00:00","description":"PHOS-CHEK\u00ae WD881C Schaummittelkonzentrat der Klasse A wurde speziell entwickelt, um Wasser f\u00fcr die Brandbek\u00e4mpfung effektiver zu machen. PHOS-CHEK WD881C bietet die gleichen hervorragenden Schaumeigenschaften, die Sie von PHOS-CHEK WD881 erwarten, l\u00e4sst sich jedoch gut verteilen, weist eine niedrigere Viskosit\u00e4t auf und bietet eine bessere Sicht aus der Luft, wenn es mit extrem kaltem Wasser gemischt wird.","breadcrumb":{"@id":"https:\/\/www.perimeter-solutions.com\/de\/product\/phos-chek-wd881c-2\/#breadcrumb"},"inLanguage":"de","potentialAction":[{"@type":"ReadAction","target":["https:\/\/www.perimeter-solutions.com\/de\/product\/phos-chek-wd881c-2\/"]}]},{"@type":"ImageObject","inLanguage":"de","@id":"https:\/\/www.perimeter-solutions.com\/de\/product\/phos-chek-wd881c-2\/#primaryimage","url":"https:\/\/www.perimeter-solutions.com\/wp-content\/uploads\/2024\/06\/PC-WD881C-Class-A-Datasheet_PCC-2019016-6-1-1-pdf.jpg","contentUrl":"https:\/\/www.perimeter-solutions.com\/wp-content\/uploads\/2024\/06\/PC-WD881C-Class-A-Datasheet_PCC-2019016-6-1-1-pdf.jpg"},{"@type":"BreadcrumbList","@id":"https:\/\/www.perimeter-solutions.com\/de\/product\/phos-chek-wd881c-2\/#breadcrumb","itemListElement":[{"@type":"ListItem","position":1,"name":"Produktkatalog","item":"https:\/\/www.perimeter-solutions.com\/de\/produktkatalog\/"},{"@type":"ListItem","position":2,"name":"PHOS-CHEK WD881C"}]},{"@type":"WebSite","@id":"https:\/\/www.perimeter-solutions.com\/de\/#website","url":"https:\/\/www.perimeter-solutions.com\/de\/","name":"Perimeter Solutions","description":"","publisher":{"@id":"https:\/\/www.perimeter-solutions.com\/de\/#organization"},"potentialAction":[{"@type":"SearchAction","target":{"@type":"EntryPoint","urlTemplate":"https:\/\/www.perimeter-solutions.com\/de\/?s={search_term_string}"},"query-input":{"@type":"PropertyValueSpecification","valueRequired":true,"valueName":"search_term_string"}}],"inLanguage":"de"},{"@type":"Organization","@id":"https:\/\/www.perimeter-solutions.com\/de\/#organization","name":"Perimeter Solutions","url":"https:\/\/www.perimeter-solutions.com\/de\/","logo":{"@type":"ImageObject","inLanguage":"de","@id":"https:\/\/www.perimeter-solutions.com\/de\/#\/schema\/logo\/image\/","url":"https:\/\/www.perimeter-solutions.com\/wp-content\/uploads\/2021\/02\/perimeter-logo-RGB.png","contentUrl":"https:\/\/www.perimeter-solutions.com\/wp-content\/uploads\/2021\/02\/perimeter-logo-RGB.png","width":794,"height":138,"caption":"Perimeter Solutions"},"image":{"@id":"https:\/\/www.perimeter-solutions.com\/de\/#\/schema\/logo\/image\/"}}]}},"_links":{"self":[{"href":"https:\/\/www.perimeter-solutions.com\/de\/wp-json\/wp\/v2\/product\/42354","targetHints":{"allow":["GET"]}}],"collection":[{"href":"https:\/\/www.perimeter-solutions.com\/de\/wp-json\/wp\/v2\/product"}],"about":[{"href":"https:\/\/www.perimeter-solutions.com\/de\/wp-json\/wp\/v2\/types\/product"}],"wp:featuredmedia":[{"embeddable":true,"href":"https:\/\/www.perimeter-solutions.com\/de\/wp-json\/wp\/v2\/media\/42356"}],"wp:attachment":[{"href":"https:\/\/www.perimeter-solutions.com\/de\/wp-json\/wp\/v2\/media?parent=42354"}],"wp:term":[{"taxonomy":"product_cat","embeddable":true,"href":"https:\/\/www.perimeter-solutions.com\/de\/wp-json\/wp\/v2\/product_cat?post=42354"},{"taxonomy":"product_tag","embeddable":true,"href":"https:\/\/www.perimeter-solutions.com\/de\/wp-json\/wp\/v2\/product_tag?post=42354"}],"curies":[{"name":"wp","href":"https:\/\/api.w.org\/{rel}","templated":true}]}}