{"id":42351,"date":"2024-06-27T14:56:15","date_gmt":"2024-06-27T18:56:15","guid":{"rendered":"https:\/\/www.perimeter-solutions.com\/product\/phos-chek-wd881\/"},"modified":"2024-08-14T13:17:34","modified_gmt":"2024-08-14T17:17:34","slug":"phos-chek-wd881-2","status":"publish","type":"product","link":"https:\/\/www.perimeter-solutions.com\/de\/product\/phos-chek-wd881-2\/","title":{"rendered":"PHOS-CHEK WD881"},"content":{"rendered":"<p><span style=\"color: #000000;\"><strong>PHOS-CHEK<sup>\u00ae<\/sup> WD881<\/strong> Class A Schaumkonzentrat wurde speziell entwickelt, um Wasser f\u00fcr die Brandbek\u00e4mpfung effektiver zu machen. Die einzigartige Kombination von Tensiden in PHOS-CHEK WD881 reduziert die Oberfl\u00e4chenspannung des Wassers erheblich und erzeugt beim Mischen mit Luft eine \u00fcberlegene Schaumdecke, die Kraftstoffe mit einer dicken Wasserschicht umgibt. Dadurch wird eine Barriere zwischen Brennstoff und Feuer geschaffen, die das Feuer schneller niederschl\u00e4gt als Wasser allein und den Feuerwehrleuten erm\u00f6glicht, die Einsatzbereiche zu sehen. Eine effektivere Wasserf\u00fchrung reduziert die zum L\u00f6schen des Feuers ben\u00f6tigte Wassermenge, reduziert Wassersch\u00e4den und erh\u00f6ht die Sicherheit der Feuerwehrleute durch schnelleren Niederschlag und reduzierte Aufr\u00e4um-\/\u00dcberholungsanforderungen.<\/span><\/p>\n<p><span style=\"color: #000000;\">PHOS-CHEK WD881 ist hochwirksam bei der Bek\u00e4mpfung von Br\u00e4nden der Klasse A, wenn es mit Wasser bei Verwendungsraten von 0,1% bis 1,0% gemischt wird. Es hat sich in vielen Anwendungen als wirksam erwiesen, darunter Druckluftschaumsysteme (CAFS), strukturelle Brandbek\u00e4mpfung, Waldbrandbek\u00e4mpfung und vorgeschriebene Verbrennung, Minenbr\u00e4nde, Industriebr\u00e4nde der Klasse A und zum L\u00f6schen von Kohlenwasserstoffbr\u00e4nden.<\/span><\/p>\n<p><span style=\"color: #000000;\">PHOS-CHEK WD881 ist eines der am st\u00e4rksten konzentrierten Schaummittel der Klasse A, das heute erh\u00e4ltlich ist. Andere Produkte enthalten deutlich mehr Wasser im Konzentrat. Dieses zus\u00e4tzliche Wasser bedeutet, dass h\u00f6here Verbrauchsraten erforderlich sind, um die erwarteten Ergebnisse zu erzielen.<\/span><\/p>\n<p><span style=\"color: #000000;\">PHOS-CHEK WD881 enth\u00e4lt keine absichtlich zugesetzten PFAS-Chemikalien (einschlie\u00dflich PFOS &amp; PFOA).<\/span><\/p>\n<p><span style=\"color: #000000;\"><strong>Bitte wenden Sie sich an einen Experten f\u00fcr Regulierungsfragen, um sich \u00fcber die Einschr\u00e4nkungen und Vorschriften zu informieren, die in Ihrem Staat oder an Ihrem Wohnort in Bezug auf den Verkauf und Vertrieb von Schaumstoffkonzentraten der Klasse A gelten k\u00f6nnen.<\/strong><\/span><\/p>\n<p><span style=\"color: #000000;\"><strong>Schaumstoffe der Klasse B sollten nicht bei Br\u00e4nden der Klasse A verwendet werden. Niemals Schaummittel der Klassen A und B mischen.<\/strong><\/span><\/p>\n<h4>Verf\u00fcgbare Optionen<\/h4>\n","protected":false},"excerpt":{"rendered":"<h4 class=\"elementor-heading-title elementor-size-default\">Einer der weltweit am h\u00e4ufigsten verwendeten Schaumstoffe der Klasse A<\/h4>\n","protected":false},"featured_media":42353,"template":"","meta":{"_acf_changed":false},"product_cat":[186,198],"product_tag":[231,251,239,253,255,257],"class_list":{"0":"post-42351","1":"product","2":"type-product","3":"status-publish","4":"has-post-thumbnail","6":"product_cat-class-a-de","7":"product_cat-class-b-fluorine-free-de","8":"product_tag-industriell","9":"product_tag-kommunal","10":"product_tag-phos-chek-de","11":"product_tag-ul-wetting-agent-de","12":"product_tag-usfs-qpl-de","13":"product_tag-wildland-de","15":"first","16":"instock","17":"shipping-taxable","18":"purchasable","19":"product-type-simple"},"acf":[],"yoast_head":"<!-- This site is optimized with the Yoast SEO Premium plugin v21.9 (Yoast SEO v23.5) - https:\/\/yoast.com\/wordpress\/plugins\/seo\/ -->\n<title>PHOS-CHEK WD881 - Perimeter Solutions<\/title>\n<meta name=\"description\" content=\"PHOS-CHEK \u00ae WD881 Class A Schaumkonzentrat wurde speziell entwickelt, um Wasser f\u00fcr die Brandbek\u00e4mpfung effektiver zu machen. Die einzigartige Kombination von Tensiden in PHOS-CHEK WD881 reduziert die Oberfl\u00e4chenspannung des Wassers erheblich und erzeugt beim Mischen mit Luft eine \u00fcberlegene Schaumdecke, die Kraftstoffe mit einer dicken Wasserschicht umgibt.\" \/>\n<meta name=\"robots\" content=\"index, follow, max-snippet:-1, max-image-preview:large, max-video-preview:-1\" \/>\n<link rel=\"canonical\" href=\"https:\/\/www.perimeter-solutions.com\/de\/product\/phos-chek-wd881-2\/\" \/>\n<meta property=\"og:locale\" content=\"de_DE\" \/>\n<meta property=\"og:type\" content=\"article\" \/>\n<meta property=\"og:title\" content=\"PHOS-CHEK WD881\" \/>\n<meta property=\"og:description\" content=\"PHOS-CHEK \u00ae WD881 Class A Schaumkonzentrat wurde speziell entwickelt, um Wasser f\u00fcr die Brandbek\u00e4mpfung effektiver zu machen. Die einzigartige Kombination von Tensiden in PHOS-CHEK WD881 reduziert die Oberfl\u00e4chenspannung des Wassers erheblich und erzeugt beim Mischen mit Luft eine \u00fcberlegene Schaumdecke, die Kraftstoffe mit einer dicken Wasserschicht umgibt.\" \/>\n<meta property=\"og:url\" content=\"https:\/\/www.perimeter-solutions.com\/de\/product\/phos-chek-wd881-2\/\" \/>\n<meta property=\"og:site_name\" content=\"Perimeter Solutions\" \/>\n<meta property=\"article:modified_time\" content=\"2024-08-14T17:17:34+00:00\" \/>\n<meta name=\"twitter:card\" content=\"summary_large_image\" \/>\n<meta name=\"twitter:label1\" content=\"Gesch\u00e4tzte Lesezeit\" \/>\n\t<meta name=\"twitter:data1\" content=\"2\u00a0Minuten\" \/>\n<script type=\"application\/ld+json\" class=\"yoast-schema-graph\">{\"@context\":\"https:\/\/schema.org\",\"@graph\":[{\"@type\":\"WebPage\",\"@id\":\"https:\/\/www.perimeter-solutions.com\/de\/product\/phos-chek-wd881-2\/\",\"url\":\"https:\/\/www.perimeter-solutions.com\/de\/product\/phos-chek-wd881-2\/\",\"name\":\"PHOS-CHEK WD881 - Perimeter Solutions\",\"isPartOf\":{\"@id\":\"https:\/\/www.perimeter-solutions.com\/de\/#website\"},\"primaryImageOfPage\":{\"@id\":\"https:\/\/www.perimeter-solutions.com\/de\/product\/phos-chek-wd881-2\/#primaryimage\"},\"image\":{\"@id\":\"https:\/\/www.perimeter-solutions.com\/de\/product\/phos-chek-wd881-2\/#primaryimage\"},\"thumbnailUrl\":\"https:\/\/www.perimeter-solutions.com\/wp-content\/uploads\/2024\/06\/CF1-PC-WD881-Class-A-Datasheet_PCC-2019015-5-LETTER-2PG-03-pdf.jpg\",\"datePublished\":\"2024-06-27T18:56:15+00:00\",\"dateModified\":\"2024-08-14T17:17:34+00:00\",\"description\":\"PHOS-CHEK \u00ae WD881 Class A Schaumkonzentrat wurde speziell entwickelt, um Wasser f\u00fcr die Brandbek\u00e4mpfung effektiver zu machen. Die einzigartige Kombination von Tensiden in PHOS-CHEK WD881 reduziert die Oberfl\u00e4chenspannung des Wassers erheblich und erzeugt beim Mischen mit Luft eine \u00fcberlegene Schaumdecke, die Kraftstoffe mit einer dicken Wasserschicht umgibt.\",\"breadcrumb\":{\"@id\":\"https:\/\/www.perimeter-solutions.com\/de\/product\/phos-chek-wd881-2\/#breadcrumb\"},\"inLanguage\":\"de\",\"potentialAction\":[{\"@type\":\"ReadAction\",\"target\":[\"https:\/\/www.perimeter-solutions.com\/de\/product\/phos-chek-wd881-2\/\"]}]},{\"@type\":\"ImageObject\",\"inLanguage\":\"de\",\"@id\":\"https:\/\/www.perimeter-solutions.com\/de\/product\/phos-chek-wd881-2\/#primaryimage\",\"url\":\"https:\/\/www.perimeter-solutions.com\/wp-content\/uploads\/2024\/06\/CF1-PC-WD881-Class-A-Datasheet_PCC-2019015-5-LETTER-2PG-03-pdf.jpg\",\"contentUrl\":\"https:\/\/www.perimeter-solutions.com\/wp-content\/uploads\/2024\/06\/CF1-PC-WD881-Class-A-Datasheet_PCC-2019015-5-LETTER-2PG-03-pdf.jpg\"},{\"@type\":\"BreadcrumbList\",\"@id\":\"https:\/\/www.perimeter-solutions.com\/de\/product\/phos-chek-wd881-2\/#breadcrumb\",\"itemListElement\":[{\"@type\":\"ListItem\",\"position\":1,\"name\":\"Produktkatalog\",\"item\":\"https:\/\/www.perimeter-solutions.com\/de\/produktkatalog\/\"},{\"@type\":\"ListItem\",\"position\":2,\"name\":\"PHOS-CHEK WD881\"}]},{\"@type\":\"WebSite\",\"@id\":\"https:\/\/www.perimeter-solutions.com\/de\/#website\",\"url\":\"https:\/\/www.perimeter-solutions.com\/de\/\",\"name\":\"Perimeter Solutions\",\"description\":\"\",\"publisher\":{\"@id\":\"https:\/\/www.perimeter-solutions.com\/de\/#organization\"},\"potentialAction\":[{\"@type\":\"SearchAction\",\"target\":{\"@type\":\"EntryPoint\",\"urlTemplate\":\"https:\/\/www.perimeter-solutions.com\/de\/?s={search_term_string}\"},\"query-input\":{\"@type\":\"PropertyValueSpecification\",\"valueRequired\":true,\"valueName\":\"search_term_string\"}}],\"inLanguage\":\"de\"},{\"@type\":\"Organization\",\"@id\":\"https:\/\/www.perimeter-solutions.com\/de\/#organization\",\"name\":\"Perimeter Solutions\",\"url\":\"https:\/\/www.perimeter-solutions.com\/de\/\",\"logo\":{\"@type\":\"ImageObject\",\"inLanguage\":\"de\",\"@id\":\"https:\/\/www.perimeter-solutions.com\/de\/#\/schema\/logo\/image\/\",\"url\":\"https:\/\/www.perimeter-solutions.com\/wp-content\/uploads\/2021\/02\/perimeter-logo-RGB.png\",\"contentUrl\":\"https:\/\/www.perimeter-solutions.com\/wp-content\/uploads\/2021\/02\/perimeter-logo-RGB.png\",\"width\":794,\"height\":138,\"caption\":\"Perimeter Solutions\"},\"image\":{\"@id\":\"https:\/\/www.perimeter-solutions.com\/de\/#\/schema\/logo\/image\/\"}}]}<\/script>\n<!-- \/ Yoast SEO Premium plugin. -->","yoast_head_json":{"title":"PHOS-CHEK WD881 - Perimeter Solutions","description":"PHOS-CHEK \u00ae WD881 Class A Schaumkonzentrat wurde speziell entwickelt, um Wasser f\u00fcr die Brandbek\u00e4mpfung effektiver zu machen. Die einzigartige Kombination von Tensiden in PHOS-CHEK WD881 reduziert die Oberfl\u00e4chenspannung des Wassers erheblich und erzeugt beim Mischen mit Luft eine \u00fcberlegene Schaumdecke, die Kraftstoffe mit einer dicken Wasserschicht umgibt.","robots":{"index":"index","follow":"follow","max-snippet":"max-snippet:-1","max-image-preview":"max-image-preview:large","max-video-preview":"max-video-preview:-1"},"canonical":"https:\/\/www.perimeter-solutions.com\/de\/product\/phos-chek-wd881-2\/","og_locale":"de_DE","og_type":"article","og_title":"PHOS-CHEK WD881","og_description":"PHOS-CHEK \u00ae WD881 Class A Schaumkonzentrat wurde speziell entwickelt, um Wasser f\u00fcr die Brandbek\u00e4mpfung effektiver zu machen. Die einzigartige Kombination von Tensiden in PHOS-CHEK WD881 reduziert die Oberfl\u00e4chenspannung des Wassers erheblich und erzeugt beim Mischen mit Luft eine \u00fcberlegene Schaumdecke, die Kraftstoffe mit einer dicken Wasserschicht umgibt.","og_url":"https:\/\/www.perimeter-solutions.com\/de\/product\/phos-chek-wd881-2\/","og_site_name":"Perimeter Solutions","article_modified_time":"2024-08-14T17:17:34+00:00","twitter_card":"summary_large_image","twitter_misc":{"Gesch\u00e4tzte Lesezeit":"2\u00a0Minuten"},"schema":{"@context":"https:\/\/schema.org","@graph":[{"@type":"WebPage","@id":"https:\/\/www.perimeter-solutions.com\/de\/product\/phos-chek-wd881-2\/","url":"https:\/\/www.perimeter-solutions.com\/de\/product\/phos-chek-wd881-2\/","name":"PHOS-CHEK WD881 - Perimeter Solutions","isPartOf":{"@id":"https:\/\/www.perimeter-solutions.com\/de\/#website"},"primaryImageOfPage":{"@id":"https:\/\/www.perimeter-solutions.com\/de\/product\/phos-chek-wd881-2\/#primaryimage"},"image":{"@id":"https:\/\/www.perimeter-solutions.com\/de\/product\/phos-chek-wd881-2\/#primaryimage"},"thumbnailUrl":"https:\/\/www.perimeter-solutions.com\/wp-content\/uploads\/2024\/06\/CF1-PC-WD881-Class-A-Datasheet_PCC-2019015-5-LETTER-2PG-03-pdf.jpg","datePublished":"2024-06-27T18:56:15+00:00","dateModified":"2024-08-14T17:17:34+00:00","description":"PHOS-CHEK \u00ae WD881 Class A Schaumkonzentrat wurde speziell entwickelt, um Wasser f\u00fcr die Brandbek\u00e4mpfung effektiver zu machen. Die einzigartige Kombination von Tensiden in PHOS-CHEK WD881 reduziert die Oberfl\u00e4chenspannung des Wassers erheblich und erzeugt beim Mischen mit Luft eine \u00fcberlegene Schaumdecke, die Kraftstoffe mit einer dicken Wasserschicht umgibt.","breadcrumb":{"@id":"https:\/\/www.perimeter-solutions.com\/de\/product\/phos-chek-wd881-2\/#breadcrumb"},"inLanguage":"de","potentialAction":[{"@type":"ReadAction","target":["https:\/\/www.perimeter-solutions.com\/de\/product\/phos-chek-wd881-2\/"]}]},{"@type":"ImageObject","inLanguage":"de","@id":"https:\/\/www.perimeter-solutions.com\/de\/product\/phos-chek-wd881-2\/#primaryimage","url":"https:\/\/www.perimeter-solutions.com\/wp-content\/uploads\/2024\/06\/CF1-PC-WD881-Class-A-Datasheet_PCC-2019015-5-LETTER-2PG-03-pdf.jpg","contentUrl":"https:\/\/www.perimeter-solutions.com\/wp-content\/uploads\/2024\/06\/CF1-PC-WD881-Class-A-Datasheet_PCC-2019015-5-LETTER-2PG-03-pdf.jpg"},{"@type":"BreadcrumbList","@id":"https:\/\/www.perimeter-solutions.com\/de\/product\/phos-chek-wd881-2\/#breadcrumb","itemListElement":[{"@type":"ListItem","position":1,"name":"Produktkatalog","item":"https:\/\/www.perimeter-solutions.com\/de\/produktkatalog\/"},{"@type":"ListItem","position":2,"name":"PHOS-CHEK WD881"}]},{"@type":"WebSite","@id":"https:\/\/www.perimeter-solutions.com\/de\/#website","url":"https:\/\/www.perimeter-solutions.com\/de\/","name":"Perimeter Solutions","description":"","publisher":{"@id":"https:\/\/www.perimeter-solutions.com\/de\/#organization"},"potentialAction":[{"@type":"SearchAction","target":{"@type":"EntryPoint","urlTemplate":"https:\/\/www.perimeter-solutions.com\/de\/?s={search_term_string}"},"query-input":{"@type":"PropertyValueSpecification","valueRequired":true,"valueName":"search_term_string"}}],"inLanguage":"de"},{"@type":"Organization","@id":"https:\/\/www.perimeter-solutions.com\/de\/#organization","name":"Perimeter Solutions","url":"https:\/\/www.perimeter-solutions.com\/de\/","logo":{"@type":"ImageObject","inLanguage":"de","@id":"https:\/\/www.perimeter-solutions.com\/de\/#\/schema\/logo\/image\/","url":"https:\/\/www.perimeter-solutions.com\/wp-content\/uploads\/2021\/02\/perimeter-logo-RGB.png","contentUrl":"https:\/\/www.perimeter-solutions.com\/wp-content\/uploads\/2021\/02\/perimeter-logo-RGB.png","width":794,"height":138,"caption":"Perimeter Solutions"},"image":{"@id":"https:\/\/www.perimeter-solutions.com\/de\/#\/schema\/logo\/image\/"}}]}},"_links":{"self":[{"href":"https:\/\/www.perimeter-solutions.com\/de\/wp-json\/wp\/v2\/product\/42351","targetHints":{"allow":["GET"]}}],"collection":[{"href":"https:\/\/www.perimeter-solutions.com\/de\/wp-json\/wp\/v2\/product"}],"about":[{"href":"https:\/\/www.perimeter-solutions.com\/de\/wp-json\/wp\/v2\/types\/product"}],"wp:featuredmedia":[{"embeddable":true,"href":"https:\/\/www.perimeter-solutions.com\/de\/wp-json\/wp\/v2\/media\/42353"}],"wp:attachment":[{"href":"https:\/\/www.perimeter-solutions.com\/de\/wp-json\/wp\/v2\/media?parent=42351"}],"wp:term":[{"taxonomy":"product_cat","embeddable":true,"href":"https:\/\/www.perimeter-solutions.com\/de\/wp-json\/wp\/v2\/product_cat?post=42351"},{"taxonomy":"product_tag","embeddable":true,"href":"https:\/\/www.perimeter-solutions.com\/de\/wp-json\/wp\/v2\/product_tag?post=42351"}],"curies":[{"name":"wp","href":"https:\/\/api.w.org\/{rel}","templated":true}]}}