{"id":42343,"date":"2024-06-27T14:12:33","date_gmt":"2024-06-27T18:12:33","guid":{"rendered":"https:\/\/www.perimeter-solutions.com\/product\/phos-chek-wd881a\/"},"modified":"2024-08-14T13:42:36","modified_gmt":"2024-08-14T17:42:36","slug":"phos-chek-wd881a-2","status":"publish","type":"product","link":"https:\/\/www.perimeter-solutions.com\/de\/product\/phos-chek-wd881a-2\/","title":{"rendered":"PHOS-CHEK WD881A"},"content":{"rendered":"<p><span style=\"color: #000000;\"><strong>PHOS-CHEK WD881A<\/strong> ist ein schaumbildender Wasserzusatz, der f\u00fcr den Einsatz bei Br\u00e4nden der Klasse A entwickelt wurde \u2013 die von der National Fire Protection Association (NFPA) als Br\u00e4nde in gew\u00f6hnlichen brennbaren Materialien wie Holz, Stoff, Papier, Gummi und vielen Kunststoffen definiert wurden. Es besteht aus einer Mischung von Tensiden und anderen Leistungskomponenten, die in einem wassermischbaren System gel\u00f6st sind. Wenn das Konzentrat mit Wasser verd\u00fcnnt wird, ergibt es ein ausgezeichnetes &#8220;Nasswasser&#8221;, das dann mit Luft vermischt einen stabilen Schaum bildet.<\/span><\/p>\n<p><span style=\"color: #000000;\">PHOS-CHEK WD881A Konzentrat wird mit Wasser in au\u00dfergew\u00f6hnlich niedrigen Konzentrationen (0,1 bis 1,0 Vol.-%) gemischt, um L\u00f6sungen herzustellen. Zum Beispiel werden 0,3 Gallonen WD881A-Konzentrat mit 99,7 Gallonen Wasser gemischt, um eine 0,3%ige L\u00f6sung herzustellen. Auch wird beispielsweise eine Anwendungskonzentration von 0,5% durch Mischen von 0,5 Gallonen Konzentrat mit 99,5 Gallonen Wasser hergestellt. Diese L\u00f6sung wird dann mit Luft vermischt, um den L\u00f6schschaum zu bilden, der anschlie\u00dfend auf die brennenden oder gef\u00e4hrdeten Brennstoffe aufgebracht wird.<\/span><\/p>\n<p><span style=\"color: #000000;\">PHOS-CHEK WD881A wurde umfassend getestet und erf\u00fcllt die anerkannten Kriterien f\u00fcr die Einstufung als biologisch abbaubar in Wassersystemen. Die Tests wurden unter Verwendung von drei verschiedenen Arten von Messungen der biologischen Abbaubarkeit durchgef\u00fchrt.<\/span><\/p>\n<p><span style=\"color: #000000;\">Die akute Toxizit\u00e4t von PHOS-CHEK WD881A Konzentrat und seinen L\u00f6sungen wurde ausf\u00fchrlich getestet. Akute Toxizit\u00e4t bezieht sich auf die Wirkung einer kurzzeitigen Exposition, wie beispielsweise ein einmaliger Kontakt oder eine Einnahme. Diese Tests ergaben, dass das konzentrierte Produkt selbst bei den h\u00f6chsten erwarteten Expositionsniveaus praktisch nicht toxisch ist.<\/span><\/p>\n<p><span style=\"color: #000000;\"><strong>Bitte wenden Sie sich an einen Experten f\u00fcr Regulierungsfragen, um sich \u00fcber die Einschr\u00e4nkungen und Vorschriften zu informieren, die in Ihrem Staat oder an Ihrem Wohnort in Bezug auf den Verkauf und Vertrieb von Schaumstoffkonzentraten der Klasse A gelten k\u00f6nnen.<\/strong><\/span><\/p>\n<h4>Verf\u00fcgbare Optionen<\/h4>\n","protected":false},"excerpt":{"rendered":"<p>PHOS-CHEK WD881A ist ein schaumbildender Wasserzusatz, der f\u00fcr den Einsatz bei Br\u00e4nden der Klasse A entwickelt wurde \u2013 die von der National Fire Protection Association (NFPA) als Br\u00e4nde in gew\u00f6hnlichen [&hellip;]<\/p>\n","protected":false},"featured_media":42345,"template":"","meta":{"_acf_changed":false},"product_cat":[186],"product_tag":[231,251,239,255,257],"class_list":{"0":"post-42343","1":"product","2":"type-product","3":"status-publish","4":"has-post-thumbnail","6":"product_cat-class-a-de","7":"product_tag-industriell","8":"product_tag-kommunal","9":"product_tag-phos-chek-de","10":"product_tag-usfs-qpl-de","11":"product_tag-wildland-de","13":"first","14":"instock","15":"shipping-taxable","16":"purchasable","17":"product-type-simple"},"acf":[],"yoast_head":"<!-- This site is optimized with the Yoast SEO Premium plugin v21.9 (Yoast SEO v23.5) - https:\/\/yoast.com\/wordpress\/plugins\/seo\/ -->\n<title>PHOS-CHEK WD881A - Perimeter Solutions<\/title>\n<meta name=\"description\" content=\"PHOS-CHEK WD881A ist ein schaumbildender Wasserzusatz, der f\u00fcr den Einsatz bei Br\u00e4nden der Klasse A entwickelt wurde \u2013 die von der National Fire Protection Association (NFPA) als Br\u00e4nde in gew\u00f6hnlichen brennbaren Materialien wie Holz, Stoff, Papier, Gummi und vielen Kunststoffen definiert wurden.\" \/>\n<meta name=\"robots\" content=\"index, follow, max-snippet:-1, max-image-preview:large, max-video-preview:-1\" \/>\n<link rel=\"canonical\" href=\"https:\/\/www.perimeter-solutions.com\/de\/product\/phos-chek-wd881a-2\/\" \/>\n<meta property=\"og:locale\" content=\"de_DE\" \/>\n<meta property=\"og:type\" content=\"article\" \/>\n<meta property=\"og:title\" content=\"PHOS-CHEK WD881A\" \/>\n<meta property=\"og:description\" content=\"PHOS-CHEK WD881A ist ein schaumbildender Wasserzusatz, der f\u00fcr den Einsatz bei Br\u00e4nden der Klasse A entwickelt wurde \u2013 die von der National Fire Protection Association (NFPA) als Br\u00e4nde in gew\u00f6hnlichen brennbaren Materialien wie Holz, Stoff, Papier, Gummi und vielen Kunststoffen definiert wurden.\" \/>\n<meta property=\"og:url\" content=\"https:\/\/www.perimeter-solutions.com\/de\/product\/phos-chek-wd881a-2\/\" \/>\n<meta property=\"og:site_name\" content=\"Perimeter Solutions\" \/>\n<meta property=\"article:modified_time\" content=\"2024-08-14T17:42:36+00:00\" \/>\n<meta name=\"twitter:card\" content=\"summary_large_image\" \/>\n<meta name=\"twitter:label1\" content=\"Gesch\u00e4tzte Lesezeit\" \/>\n\t<meta name=\"twitter:data1\" content=\"2\u00a0Minuten\" \/>\n<script type=\"application\/ld+json\" class=\"yoast-schema-graph\">{\"@context\":\"https:\/\/schema.org\",\"@graph\":[{\"@type\":\"WebPage\",\"@id\":\"https:\/\/www.perimeter-solutions.com\/de\/product\/phos-chek-wd881a-2\/\",\"url\":\"https:\/\/www.perimeter-solutions.com\/de\/product\/phos-chek-wd881a-2\/\",\"name\":\"PHOS-CHEK WD881A - Perimeter Solutions\",\"isPartOf\":{\"@id\":\"https:\/\/www.perimeter-solutions.com\/de\/#website\"},\"primaryImageOfPage\":{\"@id\":\"https:\/\/www.perimeter-solutions.com\/de\/product\/phos-chek-wd881a-2\/#primaryimage\"},\"image\":{\"@id\":\"https:\/\/www.perimeter-solutions.com\/de\/product\/phos-chek-wd881a-2\/#primaryimage\"},\"thumbnailUrl\":\"https:\/\/www.perimeter-solutions.com\/wp-content\/uploads\/2024\/06\/PC-WD881A-Class-A-Datasheet_PCC-2019053-3_AU_LETTER-pdf.jpg\",\"datePublished\":\"2024-06-27T18:12:33+00:00\",\"dateModified\":\"2024-08-14T17:42:36+00:00\",\"description\":\"PHOS-CHEK WD881A ist ein schaumbildender Wasserzusatz, der f\u00fcr den Einsatz bei Br\u00e4nden der Klasse A entwickelt wurde \u2013 die von der National Fire Protection Association (NFPA) als Br\u00e4nde in gew\u00f6hnlichen brennbaren Materialien wie Holz, Stoff, Papier, Gummi und vielen Kunststoffen definiert wurden.\",\"breadcrumb\":{\"@id\":\"https:\/\/www.perimeter-solutions.com\/de\/product\/phos-chek-wd881a-2\/#breadcrumb\"},\"inLanguage\":\"de\",\"potentialAction\":[{\"@type\":\"ReadAction\",\"target\":[\"https:\/\/www.perimeter-solutions.com\/de\/product\/phos-chek-wd881a-2\/\"]}]},{\"@type\":\"ImageObject\",\"inLanguage\":\"de\",\"@id\":\"https:\/\/www.perimeter-solutions.com\/de\/product\/phos-chek-wd881a-2\/#primaryimage\",\"url\":\"https:\/\/www.perimeter-solutions.com\/wp-content\/uploads\/2024\/06\/PC-WD881A-Class-A-Datasheet_PCC-2019053-3_AU_LETTER-pdf.jpg\",\"contentUrl\":\"https:\/\/www.perimeter-solutions.com\/wp-content\/uploads\/2024\/06\/PC-WD881A-Class-A-Datasheet_PCC-2019053-3_AU_LETTER-pdf.jpg\"},{\"@type\":\"BreadcrumbList\",\"@id\":\"https:\/\/www.perimeter-solutions.com\/de\/product\/phos-chek-wd881a-2\/#breadcrumb\",\"itemListElement\":[{\"@type\":\"ListItem\",\"position\":1,\"name\":\"Produktkatalog\",\"item\":\"https:\/\/www.perimeter-solutions.com\/de\/produktkatalog\/\"},{\"@type\":\"ListItem\",\"position\":2,\"name\":\"PHOS-CHEK WD881A\"}]},{\"@type\":\"WebSite\",\"@id\":\"https:\/\/www.perimeter-solutions.com\/de\/#website\",\"url\":\"https:\/\/www.perimeter-solutions.com\/de\/\",\"name\":\"Perimeter Solutions\",\"description\":\"\",\"publisher\":{\"@id\":\"https:\/\/www.perimeter-solutions.com\/de\/#organization\"},\"potentialAction\":[{\"@type\":\"SearchAction\",\"target\":{\"@type\":\"EntryPoint\",\"urlTemplate\":\"https:\/\/www.perimeter-solutions.com\/de\/?s={search_term_string}\"},\"query-input\":{\"@type\":\"PropertyValueSpecification\",\"valueRequired\":true,\"valueName\":\"search_term_string\"}}],\"inLanguage\":\"de\"},{\"@type\":\"Organization\",\"@id\":\"https:\/\/www.perimeter-solutions.com\/de\/#organization\",\"name\":\"Perimeter Solutions\",\"url\":\"https:\/\/www.perimeter-solutions.com\/de\/\",\"logo\":{\"@type\":\"ImageObject\",\"inLanguage\":\"de\",\"@id\":\"https:\/\/www.perimeter-solutions.com\/de\/#\/schema\/logo\/image\/\",\"url\":\"https:\/\/www.perimeter-solutions.com\/wp-content\/uploads\/2021\/02\/perimeter-logo-RGB.png\",\"contentUrl\":\"https:\/\/www.perimeter-solutions.com\/wp-content\/uploads\/2021\/02\/perimeter-logo-RGB.png\",\"width\":794,\"height\":138,\"caption\":\"Perimeter Solutions\"},\"image\":{\"@id\":\"https:\/\/www.perimeter-solutions.com\/de\/#\/schema\/logo\/image\/\"}}]}<\/script>\n<!-- \/ Yoast SEO Premium plugin. -->","yoast_head_json":{"title":"PHOS-CHEK WD881A - Perimeter Solutions","description":"PHOS-CHEK WD881A ist ein schaumbildender Wasserzusatz, der f\u00fcr den Einsatz bei Br\u00e4nden der Klasse A entwickelt wurde \u2013 die von der National Fire Protection Association (NFPA) als Br\u00e4nde in gew\u00f6hnlichen brennbaren Materialien wie Holz, Stoff, Papier, Gummi und vielen Kunststoffen definiert wurden.","robots":{"index":"index","follow":"follow","max-snippet":"max-snippet:-1","max-image-preview":"max-image-preview:large","max-video-preview":"max-video-preview:-1"},"canonical":"https:\/\/www.perimeter-solutions.com\/de\/product\/phos-chek-wd881a-2\/","og_locale":"de_DE","og_type":"article","og_title":"PHOS-CHEK WD881A","og_description":"PHOS-CHEK WD881A ist ein schaumbildender Wasserzusatz, der f\u00fcr den Einsatz bei Br\u00e4nden der Klasse A entwickelt wurde \u2013 die von der National Fire Protection Association (NFPA) als Br\u00e4nde in gew\u00f6hnlichen brennbaren Materialien wie Holz, Stoff, Papier, Gummi und vielen Kunststoffen definiert wurden.","og_url":"https:\/\/www.perimeter-solutions.com\/de\/product\/phos-chek-wd881a-2\/","og_site_name":"Perimeter Solutions","article_modified_time":"2024-08-14T17:42:36+00:00","twitter_card":"summary_large_image","twitter_misc":{"Gesch\u00e4tzte Lesezeit":"2\u00a0Minuten"},"schema":{"@context":"https:\/\/schema.org","@graph":[{"@type":"WebPage","@id":"https:\/\/www.perimeter-solutions.com\/de\/product\/phos-chek-wd881a-2\/","url":"https:\/\/www.perimeter-solutions.com\/de\/product\/phos-chek-wd881a-2\/","name":"PHOS-CHEK WD881A - Perimeter Solutions","isPartOf":{"@id":"https:\/\/www.perimeter-solutions.com\/de\/#website"},"primaryImageOfPage":{"@id":"https:\/\/www.perimeter-solutions.com\/de\/product\/phos-chek-wd881a-2\/#primaryimage"},"image":{"@id":"https:\/\/www.perimeter-solutions.com\/de\/product\/phos-chek-wd881a-2\/#primaryimage"},"thumbnailUrl":"https:\/\/www.perimeter-solutions.com\/wp-content\/uploads\/2024\/06\/PC-WD881A-Class-A-Datasheet_PCC-2019053-3_AU_LETTER-pdf.jpg","datePublished":"2024-06-27T18:12:33+00:00","dateModified":"2024-08-14T17:42:36+00:00","description":"PHOS-CHEK WD881A ist ein schaumbildender Wasserzusatz, der f\u00fcr den Einsatz bei Br\u00e4nden der Klasse A entwickelt wurde \u2013 die von der National Fire Protection Association (NFPA) als Br\u00e4nde in gew\u00f6hnlichen brennbaren Materialien wie Holz, Stoff, Papier, Gummi und vielen Kunststoffen definiert wurden.","breadcrumb":{"@id":"https:\/\/www.perimeter-solutions.com\/de\/product\/phos-chek-wd881a-2\/#breadcrumb"},"inLanguage":"de","potentialAction":[{"@type":"ReadAction","target":["https:\/\/www.perimeter-solutions.com\/de\/product\/phos-chek-wd881a-2\/"]}]},{"@type":"ImageObject","inLanguage":"de","@id":"https:\/\/www.perimeter-solutions.com\/de\/product\/phos-chek-wd881a-2\/#primaryimage","url":"https:\/\/www.perimeter-solutions.com\/wp-content\/uploads\/2024\/06\/PC-WD881A-Class-A-Datasheet_PCC-2019053-3_AU_LETTER-pdf.jpg","contentUrl":"https:\/\/www.perimeter-solutions.com\/wp-content\/uploads\/2024\/06\/PC-WD881A-Class-A-Datasheet_PCC-2019053-3_AU_LETTER-pdf.jpg"},{"@type":"BreadcrumbList","@id":"https:\/\/www.perimeter-solutions.com\/de\/product\/phos-chek-wd881a-2\/#breadcrumb","itemListElement":[{"@type":"ListItem","position":1,"name":"Produktkatalog","item":"https:\/\/www.perimeter-solutions.com\/de\/produktkatalog\/"},{"@type":"ListItem","position":2,"name":"PHOS-CHEK WD881A"}]},{"@type":"WebSite","@id":"https:\/\/www.perimeter-solutions.com\/de\/#website","url":"https:\/\/www.perimeter-solutions.com\/de\/","name":"Perimeter Solutions","description":"","publisher":{"@id":"https:\/\/www.perimeter-solutions.com\/de\/#organization"},"potentialAction":[{"@type":"SearchAction","target":{"@type":"EntryPoint","urlTemplate":"https:\/\/www.perimeter-solutions.com\/de\/?s={search_term_string}"},"query-input":{"@type":"PropertyValueSpecification","valueRequired":true,"valueName":"search_term_string"}}],"inLanguage":"de"},{"@type":"Organization","@id":"https:\/\/www.perimeter-solutions.com\/de\/#organization","name":"Perimeter Solutions","url":"https:\/\/www.perimeter-solutions.com\/de\/","logo":{"@type":"ImageObject","inLanguage":"de","@id":"https:\/\/www.perimeter-solutions.com\/de\/#\/schema\/logo\/image\/","url":"https:\/\/www.perimeter-solutions.com\/wp-content\/uploads\/2021\/02\/perimeter-logo-RGB.png","contentUrl":"https:\/\/www.perimeter-solutions.com\/wp-content\/uploads\/2021\/02\/perimeter-logo-RGB.png","width":794,"height":138,"caption":"Perimeter Solutions"},"image":{"@id":"https:\/\/www.perimeter-solutions.com\/de\/#\/schema\/logo\/image\/"}}]}},"_links":{"self":[{"href":"https:\/\/www.perimeter-solutions.com\/de\/wp-json\/wp\/v2\/product\/42343","targetHints":{"allow":["GET"]}}],"collection":[{"href":"https:\/\/www.perimeter-solutions.com\/de\/wp-json\/wp\/v2\/product"}],"about":[{"href":"https:\/\/www.perimeter-solutions.com\/de\/wp-json\/wp\/v2\/types\/product"}],"wp:featuredmedia":[{"embeddable":true,"href":"https:\/\/www.perimeter-solutions.com\/de\/wp-json\/wp\/v2\/media\/42345"}],"wp:attachment":[{"href":"https:\/\/www.perimeter-solutions.com\/de\/wp-json\/wp\/v2\/media?parent=42343"}],"wp:term":[{"taxonomy":"product_cat","embeddable":true,"href":"https:\/\/www.perimeter-solutions.com\/de\/wp-json\/wp\/v2\/product_cat?post=42343"},{"taxonomy":"product_tag","embeddable":true,"href":"https:\/\/www.perimeter-solutions.com\/de\/wp-json\/wp\/v2\/product_tag?post=42343"}],"curies":[{"name":"wp","href":"https:\/\/api.w.org\/{rel}","templated":true}]}}