{"id":42298,"date":"2024-06-28T14:37:50","date_gmt":"2024-06-28T18:37:50","guid":{"rendered":"https:\/\/www.perimeter-solutions.com\/product\/solberg-re-healing-rf3-3-schaumkonzentrat\/"},"modified":"2024-08-14T16:14:21","modified_gmt":"2024-08-14T20:14:21","slug":"solberg-re-healing-rf3-3-schaumkonzentrat","status":"publish","type":"product","link":"https:\/\/www.perimeter-solutions.com\/de\/product\/solberg-re-healing-rf3-3-schaumkonzentrat\/","title":{"rendered":"SOLBERG<sup>\u00ae<\/sup> RE HEALING\u2122 RF3, 3% SCHAUMKONZENTRAT"},"content":{"rendered":"<div>\n<p><strong>SOLBERG<sup> \u00ae<\/sup> RE\u2011HEALING\u2122 RF3 Schaummittel<\/strong> ist ein innovatives, umweltvertr\u00e4gliches, fluortensid- und fluorpolymerfreies Schaumkonzentrat, das zum wirksamen L\u00f6schen von Kohlenwasserstoffbr\u00e4nden der Klasse B verwendet wird. SOLBERG RE\u2011HEALING RF3 Schaummittelkonzentrat ist als 3%ige L\u00f6sung dosiert in S\u00fc\u00df-, Salz- oder Brackwasser einsetzbar. SOLBERG RE\u2011HEALING RF3 Schaum besitzt aufgrund seines bemerkenswerten Flie\u00dfens und schnellen Wiederverschlie\u00dfens eine hervorragende R\u00fcckbrandfestigkeit. SOLBERG RE\u2011HEALING Schaummittelkonzentrate werden mit einer neuen synthetischen Hochleistungsschaumtechnologie formuliert, um traditionelle AFFF, FFFP Schaummittelmittel und \u00e4ltere Protein- und Fluorproteinsch\u00e4ume zu ersetzen. SOLBERG RE-HEALING RF3 Schaummittel enth\u00e4lt keine Sedimente. SOLBERG RE\u2011HEALING RF3 Schaummittel ist f\u00fcr den Einsatz bei Kohlenwasserstoffbr\u00e4nden der Klasse B vorgesehen. Es ist nicht f\u00fcr die Verwendung mit polaren L\u00f6sungsmittelkraftstoffen der Klasse B vorgesehen. Der Schaum kann verwendet werden, um eine erneute Entz\u00fcndung einer versch\u00fctteten Fl\u00fcssigkeit zu verhindern und gef\u00e4hrliche D\u00e4mpfe zu kontrollieren. Bei Brennstoffen der Klasse A verbessert SOLBERG RE-HEALING RF3-Schaum die L\u00f6schung bei tiefliegenden Br\u00e4nden. Schaumaustragsger\u00e4te wie luftansaugende sowie nicht luftansaugende Ger\u00e4te, einschlie\u00dflich Standard-Sprinklerk\u00f6pfe, k\u00f6nnen verwendet werden, um maximale Ergebnisse zu erzielen. Das Produkt wird aus 3 Teilen Schaummittelkonzentrat mit 97 Teilen Wasser gemischt. Es kann auch als 3%ige Vormischungsl\u00f6sung verwendet werden. SOLBERG RE\u2011HEALING RF3 Schaum ist mit den meisten Trockenpulver (chemischen) Mitteln kompatibel. SOLBERG RE\u2011HEALING RF3 Schaummittel ist f\u00fcr den Einsatz bei Kohlenwasserstoffbr\u00e4nden der Klasse B vorgesehen. Es ist nicht f\u00fcr die Verwendung mit polaren L\u00f6sungsmittelkraftstoffen der Klasse B vorgesehen. Der Schaum kann verwendet werden, um eine erneute Entz\u00fcndung einer versch\u00fctteten Fl\u00fcssigkeit zu verhindern und gef\u00e4hrliche D\u00e4mpfe zu kontrollieren. Bei Brennstoffen der Klasse A verbessert SOLBERG RE-HEALING RF3-Schaum die L\u00f6schung bei tiefliegenden Br\u00e4nden. Schaumaustragsger\u00e4te wie luftansaugende sowie nicht luftansaugende Ger\u00e4te, einschlie\u00dflich Standard-Sprinklerk\u00f6pfe, k\u00f6nnen verwendet werden, um maximale Ergebnisse zu erzielen. Das Produkt wird aus 3 Teilen Schaummittelkonzentrat mit 97 Teilen Wasser gemischt. Es kann auch als 3%ige Vormischungsl\u00f6sung verwendet werden. SOLBERG RE-HEALING RF3-Schaum ist mit den meisten Trockenpulver (chemischen) Mitteln kompatibel. <strong>ZERTIFIZIERUNGEN: <\/strong>UL162\/ULC S564-gelistet, FM-gepr\u00fcft gem\u00e4\u00df Zulassungsstandard 5130, EN 1568 Teil 3, ICAO Level B und Level C.<\/p>\n<\/div>\n<p>&nbsp;<\/p>\n<h4>Verf\u00fcgbare Optionen<\/h4>\n","protected":false},"excerpt":{"rendered":"<p>SOLBERG \u00ae RE\u2011HEALING\u2122 RF3 Schaummittel ist ein innovatives, umweltvertr\u00e4gliches, fluortensid- und fluorpolymerfreies Schaumkonzentrat, das zum wirksamen L\u00f6schen von Kohlenwasserstoffbr\u00e4nden der Klasse B verwendet wird. SOLBERG RE\u2011HEALING RF3 Schaummittelkonzentrat ist als [&hellip;]<\/p>\n","protected":false},"featured_media":42299,"template":"","meta":{"_acf_changed":false},"product_cat":[198,187],"product_tag":[221,223,229,231,218,245,247,241,243],"class_list":{"0":"post-42298","1":"product","2":"type-product","3":"status-publish","4":"has-post-thumbnail","6":"product_cat-class-b-fluorine-free-de","7":"product_cat-class-b-de","8":"product_tag-en-1568-de","9":"product_tag-fm","10":"product_tag-icao-de","11":"product_tag-industriell","12":"product_tag-luftfahrt","13":"product_tag-marine-de","14":"product_tag-ol-und-gas","15":"product_tag-solberg-de","16":"product_tag-ul-162","18":"first","19":"instock","20":"shipping-taxable","21":"purchasable","22":"product-type-simple"},"acf":[],"yoast_head":"<!-- This site is optimized with the Yoast SEO Premium plugin v21.9 (Yoast SEO v23.5) - https:\/\/yoast.com\/wordpress\/plugins\/seo\/ -->\n<title>SOLBERG\u00ae RE HEALING\u2122 RF3, 3% SCHAUMKONZENTRAT - Perimeter Solutions<\/title>\n<meta name=\"description\" content=\"SOLBERG\u00ae RE-HEALING\u2122 RF3 Schaummittelkonzentrat ist ein innovatives, umweltvertr\u00e4gliches, fluortensid- und fluorpolymerfreies Schaummittelkonzentrat, das zum effektiven L\u00f6schen von Kohlenwasserstoffbr\u00e4nden der Klasse B verwendet wird.\" \/>\n<meta name=\"robots\" content=\"index, follow, max-snippet:-1, max-image-preview:large, max-video-preview:-1\" \/>\n<link rel=\"canonical\" href=\"https:\/\/www.perimeter-solutions.com\/de\/product\/solberg-re-healing-rf3-3-schaumkonzentrat\/\" \/>\n<meta property=\"og:locale\" content=\"de_DE\" \/>\n<meta property=\"og:type\" content=\"article\" \/>\n<meta property=\"og:title\" content=\"SOLBERG\u00ae RE HEALING\u2122 RF3, 3% SCHAUMKONZENTRAT\" \/>\n<meta property=\"og:description\" content=\"SOLBERG\u00ae RE-HEALING\u2122 RF3 Schaummittelkonzentrat ist ein innovatives, umweltvertr\u00e4gliches, fluortensid- und fluorpolymerfreies Schaummittelkonzentrat, das zum effektiven L\u00f6schen von Kohlenwasserstoffbr\u00e4nden der Klasse B verwendet wird.\" \/>\n<meta property=\"og:url\" content=\"https:\/\/www.perimeter-solutions.com\/de\/product\/solberg-re-healing-rf3-3-schaumkonzentrat\/\" \/>\n<meta property=\"og:site_name\" content=\"Perimeter Solutions\" \/>\n<meta property=\"article:modified_time\" content=\"2024-08-14T20:14:21+00:00\" \/>\n<meta name=\"twitter:card\" content=\"summary_large_image\" \/>\n<meta name=\"twitter:label1\" content=\"Gesch\u00e4tzte Lesezeit\" \/>\n\t<meta name=\"twitter:data1\" content=\"2\u00a0Minuten\" \/>\n<script type=\"application\/ld+json\" class=\"yoast-schema-graph\">{\"@context\":\"https:\/\/schema.org\",\"@graph\":[{\"@type\":\"WebPage\",\"@id\":\"https:\/\/www.perimeter-solutions.com\/de\/product\/solberg-re-healing-rf3-3-schaumkonzentrat\/\",\"url\":\"https:\/\/www.perimeter-solutions.com\/de\/product\/solberg-re-healing-rf3-3-schaumkonzentrat\/\",\"name\":\"SOLBERG\u00ae RE HEALING\u2122 RF3, 3% SCHAUMKONZENTRAT - Perimeter Solutions\",\"isPartOf\":{\"@id\":\"https:\/\/www.perimeter-solutions.com\/de\/#website\"},\"primaryImageOfPage\":{\"@id\":\"https:\/\/www.perimeter-solutions.com\/de\/product\/solberg-re-healing-rf3-3-schaumkonzentrat\/#primaryimage\"},\"image\":{\"@id\":\"https:\/\/www.perimeter-solutions.com\/de\/product\/solberg-re-healing-rf3-3-schaumkonzentrat\/#primaryimage\"},\"thumbnailUrl\":\"https:\/\/www.perimeter-solutions.com\/wp-content\/uploads\/2024\/06\/PERI_Rehealing_RF3_3_FoamConcentrate_Datasheet_v5.2-1-pdf.jpg\",\"datePublished\":\"2024-06-28T18:37:50+00:00\",\"dateModified\":\"2024-08-14T20:14:21+00:00\",\"description\":\"SOLBERG\u00ae RE-HEALING\u2122 RF3 Schaummittelkonzentrat ist ein innovatives, umweltvertr\u00e4gliches, fluortensid- und fluorpolymerfreies Schaummittelkonzentrat, das zum effektiven L\u00f6schen von Kohlenwasserstoffbr\u00e4nden der Klasse B verwendet wird.\",\"breadcrumb\":{\"@id\":\"https:\/\/www.perimeter-solutions.com\/de\/product\/solberg-re-healing-rf3-3-schaumkonzentrat\/#breadcrumb\"},\"inLanguage\":\"de\",\"potentialAction\":[{\"@type\":\"ReadAction\",\"target\":[\"https:\/\/www.perimeter-solutions.com\/de\/product\/solberg-re-healing-rf3-3-schaumkonzentrat\/\"]}]},{\"@type\":\"ImageObject\",\"inLanguage\":\"de\",\"@id\":\"https:\/\/www.perimeter-solutions.com\/de\/product\/solberg-re-healing-rf3-3-schaumkonzentrat\/#primaryimage\",\"url\":\"https:\/\/www.perimeter-solutions.com\/wp-content\/uploads\/2024\/06\/PERI_Rehealing_RF3_3_FoamConcentrate_Datasheet_v5.2-1-pdf.jpg\",\"contentUrl\":\"https:\/\/www.perimeter-solutions.com\/wp-content\/uploads\/2024\/06\/PERI_Rehealing_RF3_3_FoamConcentrate_Datasheet_v5.2-1-pdf.jpg\"},{\"@type\":\"BreadcrumbList\",\"@id\":\"https:\/\/www.perimeter-solutions.com\/de\/product\/solberg-re-healing-rf3-3-schaumkonzentrat\/#breadcrumb\",\"itemListElement\":[{\"@type\":\"ListItem\",\"position\":1,\"name\":\"Produktkatalog\",\"item\":\"https:\/\/www.perimeter-solutions.com\/de\/produktkatalog\/\"},{\"@type\":\"ListItem\",\"position\":2,\"name\":\"SOLBERG\u00ae RE HEALING\u2122 RF3, 3% SCHAUMKONZENTRAT\"}]},{\"@type\":\"WebSite\",\"@id\":\"https:\/\/www.perimeter-solutions.com\/de\/#website\",\"url\":\"https:\/\/www.perimeter-solutions.com\/de\/\",\"name\":\"Perimeter Solutions\",\"description\":\"\",\"publisher\":{\"@id\":\"https:\/\/www.perimeter-solutions.com\/de\/#organization\"},\"potentialAction\":[{\"@type\":\"SearchAction\",\"target\":{\"@type\":\"EntryPoint\",\"urlTemplate\":\"https:\/\/www.perimeter-solutions.com\/de\/?s={search_term_string}\"},\"query-input\":{\"@type\":\"PropertyValueSpecification\",\"valueRequired\":true,\"valueName\":\"search_term_string\"}}],\"inLanguage\":\"de\"},{\"@type\":\"Organization\",\"@id\":\"https:\/\/www.perimeter-solutions.com\/de\/#organization\",\"name\":\"Perimeter Solutions\",\"url\":\"https:\/\/www.perimeter-solutions.com\/de\/\",\"logo\":{\"@type\":\"ImageObject\",\"inLanguage\":\"de\",\"@id\":\"https:\/\/www.perimeter-solutions.com\/de\/#\/schema\/logo\/image\/\",\"url\":\"https:\/\/www.perimeter-solutions.com\/wp-content\/uploads\/2021\/02\/perimeter-logo-RGB.png\",\"contentUrl\":\"https:\/\/www.perimeter-solutions.com\/wp-content\/uploads\/2021\/02\/perimeter-logo-RGB.png\",\"width\":794,\"height\":138,\"caption\":\"Perimeter Solutions\"},\"image\":{\"@id\":\"https:\/\/www.perimeter-solutions.com\/de\/#\/schema\/logo\/image\/\"}}]}<\/script>\n<!-- \/ Yoast SEO Premium plugin. -->","yoast_head_json":{"title":"SOLBERG\u00ae RE HEALING\u2122 RF3, 3% SCHAUMKONZENTRAT - Perimeter Solutions","description":"SOLBERG\u00ae RE-HEALING\u2122 RF3 Schaummittelkonzentrat ist ein innovatives, umweltvertr\u00e4gliches, fluortensid- und fluorpolymerfreies Schaummittelkonzentrat, das zum effektiven L\u00f6schen von Kohlenwasserstoffbr\u00e4nden der Klasse B verwendet wird.","robots":{"index":"index","follow":"follow","max-snippet":"max-snippet:-1","max-image-preview":"max-image-preview:large","max-video-preview":"max-video-preview:-1"},"canonical":"https:\/\/www.perimeter-solutions.com\/de\/product\/solberg-re-healing-rf3-3-schaumkonzentrat\/","og_locale":"de_DE","og_type":"article","og_title":"SOLBERG\u00ae RE HEALING\u2122 RF3, 3% SCHAUMKONZENTRAT","og_description":"SOLBERG\u00ae RE-HEALING\u2122 RF3 Schaummittelkonzentrat ist ein innovatives, umweltvertr\u00e4gliches, fluortensid- und fluorpolymerfreies Schaummittelkonzentrat, das zum effektiven L\u00f6schen von Kohlenwasserstoffbr\u00e4nden der Klasse B verwendet wird.","og_url":"https:\/\/www.perimeter-solutions.com\/de\/product\/solberg-re-healing-rf3-3-schaumkonzentrat\/","og_site_name":"Perimeter Solutions","article_modified_time":"2024-08-14T20:14:21+00:00","twitter_card":"summary_large_image","twitter_misc":{"Gesch\u00e4tzte Lesezeit":"2\u00a0Minuten"},"schema":{"@context":"https:\/\/schema.org","@graph":[{"@type":"WebPage","@id":"https:\/\/www.perimeter-solutions.com\/de\/product\/solberg-re-healing-rf3-3-schaumkonzentrat\/","url":"https:\/\/www.perimeter-solutions.com\/de\/product\/solberg-re-healing-rf3-3-schaumkonzentrat\/","name":"SOLBERG\u00ae RE HEALING\u2122 RF3, 3% SCHAUMKONZENTRAT - Perimeter Solutions","isPartOf":{"@id":"https:\/\/www.perimeter-solutions.com\/de\/#website"},"primaryImageOfPage":{"@id":"https:\/\/www.perimeter-solutions.com\/de\/product\/solberg-re-healing-rf3-3-schaumkonzentrat\/#primaryimage"},"image":{"@id":"https:\/\/www.perimeter-solutions.com\/de\/product\/solberg-re-healing-rf3-3-schaumkonzentrat\/#primaryimage"},"thumbnailUrl":"https:\/\/www.perimeter-solutions.com\/wp-content\/uploads\/2024\/06\/PERI_Rehealing_RF3_3_FoamConcentrate_Datasheet_v5.2-1-pdf.jpg","datePublished":"2024-06-28T18:37:50+00:00","dateModified":"2024-08-14T20:14:21+00:00","description":"SOLBERG\u00ae RE-HEALING\u2122 RF3 Schaummittelkonzentrat ist ein innovatives, umweltvertr\u00e4gliches, fluortensid- und fluorpolymerfreies Schaummittelkonzentrat, das zum effektiven L\u00f6schen von Kohlenwasserstoffbr\u00e4nden der Klasse B verwendet wird.","breadcrumb":{"@id":"https:\/\/www.perimeter-solutions.com\/de\/product\/solberg-re-healing-rf3-3-schaumkonzentrat\/#breadcrumb"},"inLanguage":"de","potentialAction":[{"@type":"ReadAction","target":["https:\/\/www.perimeter-solutions.com\/de\/product\/solberg-re-healing-rf3-3-schaumkonzentrat\/"]}]},{"@type":"ImageObject","inLanguage":"de","@id":"https:\/\/www.perimeter-solutions.com\/de\/product\/solberg-re-healing-rf3-3-schaumkonzentrat\/#primaryimage","url":"https:\/\/www.perimeter-solutions.com\/wp-content\/uploads\/2024\/06\/PERI_Rehealing_RF3_3_FoamConcentrate_Datasheet_v5.2-1-pdf.jpg","contentUrl":"https:\/\/www.perimeter-solutions.com\/wp-content\/uploads\/2024\/06\/PERI_Rehealing_RF3_3_FoamConcentrate_Datasheet_v5.2-1-pdf.jpg"},{"@type":"BreadcrumbList","@id":"https:\/\/www.perimeter-solutions.com\/de\/product\/solberg-re-healing-rf3-3-schaumkonzentrat\/#breadcrumb","itemListElement":[{"@type":"ListItem","position":1,"name":"Produktkatalog","item":"https:\/\/www.perimeter-solutions.com\/de\/produktkatalog\/"},{"@type":"ListItem","position":2,"name":"SOLBERG\u00ae RE HEALING\u2122 RF3, 3% SCHAUMKONZENTRAT"}]},{"@type":"WebSite","@id":"https:\/\/www.perimeter-solutions.com\/de\/#website","url":"https:\/\/www.perimeter-solutions.com\/de\/","name":"Perimeter Solutions","description":"","publisher":{"@id":"https:\/\/www.perimeter-solutions.com\/de\/#organization"},"potentialAction":[{"@type":"SearchAction","target":{"@type":"EntryPoint","urlTemplate":"https:\/\/www.perimeter-solutions.com\/de\/?s={search_term_string}"},"query-input":{"@type":"PropertyValueSpecification","valueRequired":true,"valueName":"search_term_string"}}],"inLanguage":"de"},{"@type":"Organization","@id":"https:\/\/www.perimeter-solutions.com\/de\/#organization","name":"Perimeter Solutions","url":"https:\/\/www.perimeter-solutions.com\/de\/","logo":{"@type":"ImageObject","inLanguage":"de","@id":"https:\/\/www.perimeter-solutions.com\/de\/#\/schema\/logo\/image\/","url":"https:\/\/www.perimeter-solutions.com\/wp-content\/uploads\/2021\/02\/perimeter-logo-RGB.png","contentUrl":"https:\/\/www.perimeter-solutions.com\/wp-content\/uploads\/2021\/02\/perimeter-logo-RGB.png","width":794,"height":138,"caption":"Perimeter Solutions"},"image":{"@id":"https:\/\/www.perimeter-solutions.com\/de\/#\/schema\/logo\/image\/"}}]}},"_links":{"self":[{"href":"https:\/\/www.perimeter-solutions.com\/de\/wp-json\/wp\/v2\/product\/42298","targetHints":{"allow":["GET"]}}],"collection":[{"href":"https:\/\/www.perimeter-solutions.com\/de\/wp-json\/wp\/v2\/product"}],"about":[{"href":"https:\/\/www.perimeter-solutions.com\/de\/wp-json\/wp\/v2\/types\/product"}],"wp:featuredmedia":[{"embeddable":true,"href":"https:\/\/www.perimeter-solutions.com\/de\/wp-json\/wp\/v2\/media\/42299"}],"wp:attachment":[{"href":"https:\/\/www.perimeter-solutions.com\/de\/wp-json\/wp\/v2\/media?parent=42298"}],"wp:term":[{"taxonomy":"product_cat","embeddable":true,"href":"https:\/\/www.perimeter-solutions.com\/de\/wp-json\/wp\/v2\/product_cat?post=42298"},{"taxonomy":"product_tag","embeddable":true,"href":"https:\/\/www.perimeter-solutions.com\/de\/wp-json\/wp\/v2\/product_tag?post=42298"}],"curies":[{"name":"wp","href":"https:\/\/api.w.org\/{rel}","templated":true}]}}