{"id":42283,"date":"2024-06-28T14:18:29","date_gmt":"2024-06-28T18:18:29","guid":{"rendered":"https:\/\/www.perimeter-solutions.com\/product\/solberg-re-healing-rf1-fp-sfff\/"},"modified":"2024-08-14T16:04:33","modified_gmt":"2024-08-14T20:04:33","slug":"solberg-re-healing-rf1-fp-sfff","status":"publish","type":"product","link":"https:\/\/www.perimeter-solutions.com\/de\/product\/solberg-re-healing-rf1-fp-sfff\/","title":{"rendered":"SOLBERG<sup>\u00ae<\/sup> RE-HEALING\u2122 RF1-FP SFFF"},"content":{"rendered":"<div>\n<p><strong>SOLBERG<sup>\u00ae<\/sup> RE-HEALING\u2122 RF1-FP SFFF<\/strong> wurde speziell f\u00fcr die Bed\u00fcrfnisse von FPSO (Floating Production Storage and Offloading) entwickelt. Es wird mit einer hochmodernen Technologie hergestellt, die nicht persistent ist und keine Silikon-\/Siloxanchemikalien oder absichtlich zugesetzte Per- und Polyfluoralkylsubstanzen (PFAS) enth\u00e4lt. SOLBERG RE-HEALING RF1-FP SFFF ist ein Newtonsches, niedrigviskoses, fluorfreies Schaumkonzentrat mit 1% Gefrierschutz, das propriet\u00e4re Kohlenwasserstoff-Tenside und Additive kombiniert, um eine hervorragende Schaumbildung, Dampfabdichtung und Stabilit\u00e4t zu gew\u00e4hrleisten. <strong>EINSATZBEREICHE<\/strong> SOLBERG RE-HEALING RF1-FP SFFF wurde f\u00fcr die schnelle Bek\u00e4mpfung und L\u00f6schung von Kohlenwasserstoffbr\u00e4nden entwickelt und kann mit einer Vielzahl von D\u00fcsen und Monitoren mit geringer Ausdehnung verwendet werden. Es ist vollst\u00e4ndig kompatibel und l\u00e4sst sich leicht mit Standard-Feuerwehrausr\u00fcstung dosieren, einschlie\u00dflich Inline-Induktoren, selbstinduzierenden D\u00fcsen, Feuerl\u00f6schpumpen, Blasentanks, Pumpenskids, Gleichdrucksystemen und mehr.<\/p>\n<p><strong>ZERTIFIZIERUNGEN<\/strong> SOLBERG RE-HEALING RF1-FP SFFF erf\u00fcllt die folgenden Normen:<\/p>\n<ul>\n<li>EN 1568-3:2018<\/li>\n<li>S\u00fc\u00dfwasser: IB \/ Meerwasser: IB<\/li>\n<li>American Bureau of Shipping Typenzulassung (ABS)<\/li>\n<li>LASTFIRE chargenzertifiziert als GOOD\/GOOD\/ACPT mit 3 D\u00fcsen (semi, asp, system)<\/li>\n<\/ul>\n<\/div>\n<p>&nbsp;<\/p>\n<h4>Verf\u00fcgbare Optionen<\/h4>\n","protected":false},"excerpt":{"rendered":"<p>SOLBERG\u00ae RE-HEALING\u2122 RF1-FP SFFF wurde speziell f\u00fcr die Bed\u00fcrfnisse von FPSO (Floating Production Storage and Offloading) entwickelt. Es wird mit einer hochmodernen Technologie hergestellt, die nicht persistent ist und keine [&hellip;]<\/p>\n","protected":false},"featured_media":42285,"template":"","meta":{"_acf_changed":false},"product_cat":[198,187],"product_tag":[215,221,233,245,247,241],"class_list":{"0":"post-42283","1":"product","2":"type-product","3":"status-publish","4":"has-post-thumbnail","6":"product_cat-class-b-fluorine-free-de","7":"product_cat-class-b-de","8":"product_tag-american-bureau-of-shipping-approval-de","9":"product_tag-en-1568-de","10":"product_tag-lastfire-de","11":"product_tag-marine-de","12":"product_tag-ol-und-gas","13":"product_tag-solberg-de","15":"first","16":"instock","17":"shipping-taxable","18":"purchasable","19":"product-type-simple"},"acf":[],"yoast_head":"<!-- This site is optimized with the Yoast SEO Premium plugin v21.9 (Yoast SEO v23.5) - https:\/\/yoast.com\/wordpress\/plugins\/seo\/ -->\n<title>SOLBERG\u00ae RE-HEALING\u2122 RF1-FP SFFF - Perimeter Solutions<\/title>\n<meta name=\"robots\" content=\"index, follow, max-snippet:-1, max-image-preview:large, max-video-preview:-1\" \/>\n<link rel=\"canonical\" href=\"https:\/\/www.perimeter-solutions.com\/de\/product\/solberg-re-healing-rf1-fp-sfff\/\" \/>\n<meta property=\"og:locale\" content=\"de_DE\" \/>\n<meta property=\"og:type\" content=\"article\" \/>\n<meta property=\"og:title\" content=\"SOLBERG\u00ae RE-HEALING\u2122 RF1-FP SFFF\" \/>\n<meta property=\"og:description\" content=\"SOLBERG\u00ae RE-HEALING\u2122 RF1-FP SFFF wurde speziell f\u00fcr die Bed\u00fcrfnisse von FPSO (Floating Production Storage and Offloading) entwickelt. Es wird mit einer hochmodernen Technologie hergestellt, die nicht persistent ist und keine [&hellip;]\" \/>\n<meta property=\"og:url\" content=\"https:\/\/www.perimeter-solutions.com\/de\/product\/solberg-re-healing-rf1-fp-sfff\/\" \/>\n<meta property=\"og:site_name\" content=\"Perimeter Solutions\" \/>\n<meta property=\"article:modified_time\" content=\"2024-08-14T20:04:33+00:00\" \/>\n<meta name=\"twitter:card\" content=\"summary_large_image\" \/>\n<meta name=\"twitter:label1\" content=\"Gesch\u00e4tzte Lesezeit\" \/>\n\t<meta name=\"twitter:data1\" content=\"1\u00a0Minute\" \/>\n<script type=\"application\/ld+json\" class=\"yoast-schema-graph\">{\"@context\":\"https:\/\/schema.org\",\"@graph\":[{\"@type\":\"WebPage\",\"@id\":\"https:\/\/www.perimeter-solutions.com\/de\/product\/solberg-re-healing-rf1-fp-sfff\/\",\"url\":\"https:\/\/www.perimeter-solutions.com\/de\/product\/solberg-re-healing-rf1-fp-sfff\/\",\"name\":\"SOLBERG\u00ae RE-HEALING\u2122 RF1-FP SFFF - Perimeter Solutions\",\"isPartOf\":{\"@id\":\"https:\/\/www.perimeter-solutions.com\/de\/#website\"},\"primaryImageOfPage\":{\"@id\":\"https:\/\/www.perimeter-solutions.com\/de\/product\/solberg-re-healing-rf1-fp-sfff\/#primaryimage\"},\"image\":{\"@id\":\"https:\/\/www.perimeter-solutions.com\/de\/product\/solberg-re-healing-rf1-fp-sfff\/#primaryimage\"},\"thumbnailUrl\":\"https:\/\/www.perimeter-solutions.com\/wp-content\/uploads\/2024\/06\/PERI2455_PSS-2024108_RF1-FP-SFFF_Letter_v2.2-1-1-pdf.jpg\",\"datePublished\":\"2024-06-28T18:18:29+00:00\",\"dateModified\":\"2024-08-14T20:04:33+00:00\",\"breadcrumb\":{\"@id\":\"https:\/\/www.perimeter-solutions.com\/de\/product\/solberg-re-healing-rf1-fp-sfff\/#breadcrumb\"},\"inLanguage\":\"de\",\"potentialAction\":[{\"@type\":\"ReadAction\",\"target\":[\"https:\/\/www.perimeter-solutions.com\/de\/product\/solberg-re-healing-rf1-fp-sfff\/\"]}]},{\"@type\":\"ImageObject\",\"inLanguage\":\"de\",\"@id\":\"https:\/\/www.perimeter-solutions.com\/de\/product\/solberg-re-healing-rf1-fp-sfff\/#primaryimage\",\"url\":\"https:\/\/www.perimeter-solutions.com\/wp-content\/uploads\/2024\/06\/PERI2455_PSS-2024108_RF1-FP-SFFF_Letter_v2.2-1-1-pdf.jpg\",\"contentUrl\":\"https:\/\/www.perimeter-solutions.com\/wp-content\/uploads\/2024\/06\/PERI2455_PSS-2024108_RF1-FP-SFFF_Letter_v2.2-1-1-pdf.jpg\"},{\"@type\":\"BreadcrumbList\",\"@id\":\"https:\/\/www.perimeter-solutions.com\/de\/product\/solberg-re-healing-rf1-fp-sfff\/#breadcrumb\",\"itemListElement\":[{\"@type\":\"ListItem\",\"position\":1,\"name\":\"Produktkatalog\",\"item\":\"https:\/\/www.perimeter-solutions.com\/de\/produktkatalog\/\"},{\"@type\":\"ListItem\",\"position\":2,\"name\":\"SOLBERG\u00ae RE-HEALING\u2122 RF1-FP SFFF\"}]},{\"@type\":\"WebSite\",\"@id\":\"https:\/\/www.perimeter-solutions.com\/de\/#website\",\"url\":\"https:\/\/www.perimeter-solutions.com\/de\/\",\"name\":\"Perimeter Solutions\",\"description\":\"\",\"publisher\":{\"@id\":\"https:\/\/www.perimeter-solutions.com\/de\/#organization\"},\"potentialAction\":[{\"@type\":\"SearchAction\",\"target\":{\"@type\":\"EntryPoint\",\"urlTemplate\":\"https:\/\/www.perimeter-solutions.com\/de\/?s={search_term_string}\"},\"query-input\":{\"@type\":\"PropertyValueSpecification\",\"valueRequired\":true,\"valueName\":\"search_term_string\"}}],\"inLanguage\":\"de\"},{\"@type\":\"Organization\",\"@id\":\"https:\/\/www.perimeter-solutions.com\/de\/#organization\",\"name\":\"Perimeter Solutions\",\"url\":\"https:\/\/www.perimeter-solutions.com\/de\/\",\"logo\":{\"@type\":\"ImageObject\",\"inLanguage\":\"de\",\"@id\":\"https:\/\/www.perimeter-solutions.com\/de\/#\/schema\/logo\/image\/\",\"url\":\"https:\/\/www.perimeter-solutions.com\/wp-content\/uploads\/2021\/02\/perimeter-logo-RGB.png\",\"contentUrl\":\"https:\/\/www.perimeter-solutions.com\/wp-content\/uploads\/2021\/02\/perimeter-logo-RGB.png\",\"width\":794,\"height\":138,\"caption\":\"Perimeter Solutions\"},\"image\":{\"@id\":\"https:\/\/www.perimeter-solutions.com\/de\/#\/schema\/logo\/image\/\"}}]}<\/script>\n<!-- \/ Yoast SEO Premium plugin. -->","yoast_head_json":{"title":"SOLBERG\u00ae RE-HEALING\u2122 RF1-FP SFFF - Perimeter Solutions","robots":{"index":"index","follow":"follow","max-snippet":"max-snippet:-1","max-image-preview":"max-image-preview:large","max-video-preview":"max-video-preview:-1"},"canonical":"https:\/\/www.perimeter-solutions.com\/de\/product\/solberg-re-healing-rf1-fp-sfff\/","og_locale":"de_DE","og_type":"article","og_title":"SOLBERG\u00ae RE-HEALING\u2122 RF1-FP SFFF","og_description":"SOLBERG\u00ae RE-HEALING\u2122 RF1-FP SFFF wurde speziell f\u00fcr die Bed\u00fcrfnisse von FPSO (Floating Production Storage and Offloading) entwickelt. Es wird mit einer hochmodernen Technologie hergestellt, die nicht persistent ist und keine [&hellip;]","og_url":"https:\/\/www.perimeter-solutions.com\/de\/product\/solberg-re-healing-rf1-fp-sfff\/","og_site_name":"Perimeter Solutions","article_modified_time":"2024-08-14T20:04:33+00:00","twitter_card":"summary_large_image","twitter_misc":{"Gesch\u00e4tzte Lesezeit":"1\u00a0Minute"},"schema":{"@context":"https:\/\/schema.org","@graph":[{"@type":"WebPage","@id":"https:\/\/www.perimeter-solutions.com\/de\/product\/solberg-re-healing-rf1-fp-sfff\/","url":"https:\/\/www.perimeter-solutions.com\/de\/product\/solberg-re-healing-rf1-fp-sfff\/","name":"SOLBERG\u00ae RE-HEALING\u2122 RF1-FP SFFF - Perimeter Solutions","isPartOf":{"@id":"https:\/\/www.perimeter-solutions.com\/de\/#website"},"primaryImageOfPage":{"@id":"https:\/\/www.perimeter-solutions.com\/de\/product\/solberg-re-healing-rf1-fp-sfff\/#primaryimage"},"image":{"@id":"https:\/\/www.perimeter-solutions.com\/de\/product\/solberg-re-healing-rf1-fp-sfff\/#primaryimage"},"thumbnailUrl":"https:\/\/www.perimeter-solutions.com\/wp-content\/uploads\/2024\/06\/PERI2455_PSS-2024108_RF1-FP-SFFF_Letter_v2.2-1-1-pdf.jpg","datePublished":"2024-06-28T18:18:29+00:00","dateModified":"2024-08-14T20:04:33+00:00","breadcrumb":{"@id":"https:\/\/www.perimeter-solutions.com\/de\/product\/solberg-re-healing-rf1-fp-sfff\/#breadcrumb"},"inLanguage":"de","potentialAction":[{"@type":"ReadAction","target":["https:\/\/www.perimeter-solutions.com\/de\/product\/solberg-re-healing-rf1-fp-sfff\/"]}]},{"@type":"ImageObject","inLanguage":"de","@id":"https:\/\/www.perimeter-solutions.com\/de\/product\/solberg-re-healing-rf1-fp-sfff\/#primaryimage","url":"https:\/\/www.perimeter-solutions.com\/wp-content\/uploads\/2024\/06\/PERI2455_PSS-2024108_RF1-FP-SFFF_Letter_v2.2-1-1-pdf.jpg","contentUrl":"https:\/\/www.perimeter-solutions.com\/wp-content\/uploads\/2024\/06\/PERI2455_PSS-2024108_RF1-FP-SFFF_Letter_v2.2-1-1-pdf.jpg"},{"@type":"BreadcrumbList","@id":"https:\/\/www.perimeter-solutions.com\/de\/product\/solberg-re-healing-rf1-fp-sfff\/#breadcrumb","itemListElement":[{"@type":"ListItem","position":1,"name":"Produktkatalog","item":"https:\/\/www.perimeter-solutions.com\/de\/produktkatalog\/"},{"@type":"ListItem","position":2,"name":"SOLBERG\u00ae RE-HEALING\u2122 RF1-FP SFFF"}]},{"@type":"WebSite","@id":"https:\/\/www.perimeter-solutions.com\/de\/#website","url":"https:\/\/www.perimeter-solutions.com\/de\/","name":"Perimeter Solutions","description":"","publisher":{"@id":"https:\/\/www.perimeter-solutions.com\/de\/#organization"},"potentialAction":[{"@type":"SearchAction","target":{"@type":"EntryPoint","urlTemplate":"https:\/\/www.perimeter-solutions.com\/de\/?s={search_term_string}"},"query-input":{"@type":"PropertyValueSpecification","valueRequired":true,"valueName":"search_term_string"}}],"inLanguage":"de"},{"@type":"Organization","@id":"https:\/\/www.perimeter-solutions.com\/de\/#organization","name":"Perimeter Solutions","url":"https:\/\/www.perimeter-solutions.com\/de\/","logo":{"@type":"ImageObject","inLanguage":"de","@id":"https:\/\/www.perimeter-solutions.com\/de\/#\/schema\/logo\/image\/","url":"https:\/\/www.perimeter-solutions.com\/wp-content\/uploads\/2021\/02\/perimeter-logo-RGB.png","contentUrl":"https:\/\/www.perimeter-solutions.com\/wp-content\/uploads\/2021\/02\/perimeter-logo-RGB.png","width":794,"height":138,"caption":"Perimeter Solutions"},"image":{"@id":"https:\/\/www.perimeter-solutions.com\/de\/#\/schema\/logo\/image\/"}}]}},"_links":{"self":[{"href":"https:\/\/www.perimeter-solutions.com\/de\/wp-json\/wp\/v2\/product\/42283","targetHints":{"allow":["GET"]}}],"collection":[{"href":"https:\/\/www.perimeter-solutions.com\/de\/wp-json\/wp\/v2\/product"}],"about":[{"href":"https:\/\/www.perimeter-solutions.com\/de\/wp-json\/wp\/v2\/types\/product"}],"wp:featuredmedia":[{"embeddable":true,"href":"https:\/\/www.perimeter-solutions.com\/de\/wp-json\/wp\/v2\/media\/42285"}],"wp:attachment":[{"href":"https:\/\/www.perimeter-solutions.com\/de\/wp-json\/wp\/v2\/media?parent=42283"}],"wp:term":[{"taxonomy":"product_cat","embeddable":true,"href":"https:\/\/www.perimeter-solutions.com\/de\/wp-json\/wp\/v2\/product_cat?post=42283"},{"taxonomy":"product_tag","embeddable":true,"href":"https:\/\/www.perimeter-solutions.com\/de\/wp-json\/wp\/v2\/product_tag?post=42283"}],"curies":[{"name":"wp","href":"https:\/\/api.w.org\/{rel}","templated":true}]}}