{"id":42275,"date":"2024-06-28T14:15:30","date_gmt":"2024-06-28T18:15:30","guid":{"rendered":"https:\/\/www.perimeter-solutions.com\/product\/auxquimia-unipol-ff-0-5\/"},"modified":"2024-08-14T15:59:02","modified_gmt":"2024-08-14T19:59:02","slug":"auxquimia-unipol-ff-0-5","status":"publish","type":"product","link":"https:\/\/www.perimeter-solutions.com\/de\/product\/auxquimia-unipol-ff-0-5\/","title":{"rendered":"AUXQUIMIA<sup>\u00ae<\/sup> UNIPOL-FF\u2122 0.5"},"content":{"rendered":"<p><span style=\"color: #000000;\"><strong>AUXQUIMIA<sup>\u00ae<\/sup> UNIPOL-FF<sup>\u2122<\/sup> 0.5 <\/strong>ist ein niedrigviskoses, fluorfreies Schaummittelkonzentrat, das mit einer speziellen Kombination von Kohlenwasserstoff-Tensiden formuliert wurde, die seinen Schauml\u00f6sungen ausgezeichnete Schaum-, L\u00f6sch- und R\u00fcckbrenneigenschaften verleiht. <strong>Es enth\u00e4lt keine organohalogenierten Verbindungen.<\/strong> Es kann zum L\u00f6schen von Kohlenwasserstoffbr\u00e4nden und Br\u00e4nden der Klasse A (Feststoffe) verwendet werden.<\/span><\/p>\n<p><span style=\"color: #000000;\">AUXQUIMIA UNIPOL-FF 0.5 wurde entwickelt, um Sch\u00e4ume mit hoher Flie\u00dff\u00e4higkeit und langsamer Drainage zu erzeugen. Es wird haupts\u00e4chlich bei Kohlenwasserstoffbr\u00e4nden eingesetzt und kann sogar mit Kraftaufwand angewendet werden; eine F\u00e4higkeit, die bisher nur AFFF-Mitteln vorbehalten war. Im Gegensatz zu den AFFF-Mitteln bildet es keinen w\u00e4ssrigen Film auf Kohlenwasserstoffen, da es keine fluorierten Tenside enth\u00e4lt. Die ausgezeichneten L\u00f6schzeiten sind dank des guten Schaumbildungsverm\u00f6gens, der hohen Wasserbindung und der gro\u00dfen Oleophobie m\u00f6glich. Da dieser w\u00e4ssrige Film fehlt, empfiehlt es sich, den Brennstoff mit einer Schaumstoffschicht abzudecken, die dick genug ist, um zu verhindern, dass die Oberfl\u00e4che des Brennstoffs freigelegt und wieder angez\u00fcndet werden kann. Aufgrund seiner guten Benetzungsf\u00e4higkeit und seines hohen Wasserr\u00fcckhalteverm\u00f6gens eignet es sich sehr gut zum L\u00f6schen von Br\u00e4nden der Klasse A (fest) sowohl mit Spr\u00fch- als auch mit Niedrig-Expansionsd\u00fcsen.<\/span><\/p>\n<p><span style=\"color: #000000;\">Die Verd\u00fcnnungsrate betr\u00e4gt 0,5% in S\u00fc\u00dfwasser f\u00fcr Kohlenwasserstoffe und Br\u00e4nde der Klasse A. Es kann mit Standardausr\u00fcstung dosiert werden (Inline-Induktoren, Blasentanks, Gleichdrucksysteme usw.).<\/span><\/p>\n<h4>Verf\u00fcgbare Optionen<\/h4>\n","protected":false},"excerpt":{"rendered":"<p>AUXQUIMIA\u00ae UNIPOL-FF\u2122 0.5 ist ein niedrigviskoses, fluorfreies Schaummittelkonzentrat, das mit einer speziellen Kombination von Kohlenwasserstoff-Tensiden formuliert wurde, die seinen Schauml\u00f6sungen ausgezeichnete Schaum-, L\u00f6sch- und R\u00fcckbrenneigenschaften verleiht. Es enth\u00e4lt keine organohalogenierten [&hellip;]<\/p>\n","protected":false},"featured_media":42277,"template":"","meta":{"_acf_changed":false},"product_cat":[198,187],"product_tag":[213,221,231,251],"class_list":{"0":"post-42275","1":"product","2":"type-product","3":"status-publish","4":"has-post-thumbnail","6":"product_cat-class-b-fluorine-free-de","7":"product_cat-class-b-de","8":"product_tag-auxquimia-de","9":"product_tag-en-1568-de","10":"product_tag-industriell","11":"product_tag-kommunal","13":"first","14":"instock","15":"shipping-taxable","16":"purchasable","17":"product-type-simple"},"acf":[],"yoast_head":"<!-- This site is optimized with the Yoast SEO Premium plugin v21.9 (Yoast SEO v23.5) - https:\/\/yoast.com\/wordpress\/plugins\/seo\/ -->\n<title>AUXQUIMIA\u00ae UNIPOL-FF\u2122 0.5 - Perimeter Solutions<\/title>\n<meta name=\"description\" content=\"AUXQUIMIA\u00ae UNIPOL-FF\u2122 0.5 ist ein niedrigviskoses, fluorfreies Schaummittelkonzentrat, das mit einer speziellen Kombination von Kohlenwasserstoff-Tensiden formuliert wurde, die seinen Schauml\u00f6sungen ausgezeichnete Schaum-, L\u00f6sch- und R\u00fcckbrenneigenschaften verleiht.\" \/>\n<meta name=\"robots\" content=\"index, follow, max-snippet:-1, max-image-preview:large, max-video-preview:-1\" \/>\n<link rel=\"canonical\" href=\"https:\/\/www.perimeter-solutions.com\/de\/product\/auxquimia-unipol-ff-0-5\/\" \/>\n<meta property=\"og:locale\" content=\"de_DE\" \/>\n<meta property=\"og:type\" content=\"article\" \/>\n<meta property=\"og:title\" content=\"AUXQUIMIA\u00ae UNIPOL-FF\u2122 0.5\" \/>\n<meta property=\"og:description\" content=\"AUXQUIMIA\u00ae UNIPOL-FF\u2122 0.5 ist ein niedrigviskoses, fluorfreies Schaummittelkonzentrat, das mit einer speziellen Kombination von Kohlenwasserstoff-Tensiden formuliert wurde, die seinen Schauml\u00f6sungen ausgezeichnete Schaum-, L\u00f6sch- und R\u00fcckbrenneigenschaften verleiht.\" \/>\n<meta property=\"og:url\" content=\"https:\/\/www.perimeter-solutions.com\/de\/product\/auxquimia-unipol-ff-0-5\/\" \/>\n<meta property=\"og:site_name\" content=\"Perimeter Solutions\" \/>\n<meta property=\"article:modified_time\" content=\"2024-08-14T19:59:02+00:00\" \/>\n<meta property=\"og:image\" content=\"https:\/\/www.perimeter-solutions.com\/wp-content\/uploads\/2024\/06\/AUXQUIMIA_Unipol-FF-0-5-ENG-A4_v2_Page_1-scaled.jpg\" \/>\n\t<meta property=\"og:image:width\" content=\"1811\" \/>\n\t<meta property=\"og:image:height\" content=\"2560\" \/>\n\t<meta property=\"og:image:type\" content=\"image\/jpeg\" \/>\n<meta name=\"twitter:card\" content=\"summary_large_image\" \/>\n<meta name=\"twitter:label1\" content=\"Gesch\u00e4tzte Lesezeit\" \/>\n\t<meta name=\"twitter:data1\" content=\"2\u00a0Minuten\" \/>\n<script type=\"application\/ld+json\" class=\"yoast-schema-graph\">{\"@context\":\"https:\/\/schema.org\",\"@graph\":[{\"@type\":\"WebPage\",\"@id\":\"https:\/\/www.perimeter-solutions.com\/de\/product\/auxquimia-unipol-ff-0-5\/\",\"url\":\"https:\/\/www.perimeter-solutions.com\/de\/product\/auxquimia-unipol-ff-0-5\/\",\"name\":\"AUXQUIMIA\u00ae UNIPOL-FF\u2122 0.5 - Perimeter Solutions\",\"isPartOf\":{\"@id\":\"https:\/\/www.perimeter-solutions.com\/de\/#website\"},\"primaryImageOfPage\":{\"@id\":\"https:\/\/www.perimeter-solutions.com\/de\/product\/auxquimia-unipol-ff-0-5\/#primaryimage\"},\"image\":{\"@id\":\"https:\/\/www.perimeter-solutions.com\/de\/product\/auxquimia-unipol-ff-0-5\/#primaryimage\"},\"thumbnailUrl\":\"https:\/\/www.perimeter-solutions.com\/wp-content\/uploads\/2024\/06\/AUXQUIMIA_Unipol-FF-0-5-ENG-A4_v2_Page_1-scaled.jpg\",\"datePublished\":\"2024-06-28T18:15:30+00:00\",\"dateModified\":\"2024-08-14T19:59:02+00:00\",\"description\":\"AUXQUIMIA\u00ae UNIPOL-FF\u2122 0.5 ist ein niedrigviskoses, fluorfreies Schaummittelkonzentrat, das mit einer speziellen Kombination von Kohlenwasserstoff-Tensiden formuliert wurde, die seinen Schauml\u00f6sungen ausgezeichnete Schaum-, L\u00f6sch- und R\u00fcckbrenneigenschaften verleiht.\",\"breadcrumb\":{\"@id\":\"https:\/\/www.perimeter-solutions.com\/de\/product\/auxquimia-unipol-ff-0-5\/#breadcrumb\"},\"inLanguage\":\"de\",\"potentialAction\":[{\"@type\":\"ReadAction\",\"target\":[\"https:\/\/www.perimeter-solutions.com\/de\/product\/auxquimia-unipol-ff-0-5\/\"]}]},{\"@type\":\"ImageObject\",\"inLanguage\":\"de\",\"@id\":\"https:\/\/www.perimeter-solutions.com\/de\/product\/auxquimia-unipol-ff-0-5\/#primaryimage\",\"url\":\"https:\/\/www.perimeter-solutions.com\/wp-content\/uploads\/2024\/06\/AUXQUIMIA_Unipol-FF-0-5-ENG-A4_v2_Page_1-scaled.jpg\",\"contentUrl\":\"https:\/\/www.perimeter-solutions.com\/wp-content\/uploads\/2024\/06\/AUXQUIMIA_Unipol-FF-0-5-ENG-A4_v2_Page_1-scaled.jpg\",\"width\":1811,\"height\":2560},{\"@type\":\"BreadcrumbList\",\"@id\":\"https:\/\/www.perimeter-solutions.com\/de\/product\/auxquimia-unipol-ff-0-5\/#breadcrumb\",\"itemListElement\":[{\"@type\":\"ListItem\",\"position\":1,\"name\":\"Produktkatalog\",\"item\":\"https:\/\/www.perimeter-solutions.com\/de\/produktkatalog\/\"},{\"@type\":\"ListItem\",\"position\":2,\"name\":\"AUXQUIMIA\u00ae UNIPOL-FF\u2122 0.5\"}]},{\"@type\":\"WebSite\",\"@id\":\"https:\/\/www.perimeter-solutions.com\/de\/#website\",\"url\":\"https:\/\/www.perimeter-solutions.com\/de\/\",\"name\":\"Perimeter Solutions\",\"description\":\"\",\"publisher\":{\"@id\":\"https:\/\/www.perimeter-solutions.com\/de\/#organization\"},\"potentialAction\":[{\"@type\":\"SearchAction\",\"target\":{\"@type\":\"EntryPoint\",\"urlTemplate\":\"https:\/\/www.perimeter-solutions.com\/de\/?s={search_term_string}\"},\"query-input\":{\"@type\":\"PropertyValueSpecification\",\"valueRequired\":true,\"valueName\":\"search_term_string\"}}],\"inLanguage\":\"de\"},{\"@type\":\"Organization\",\"@id\":\"https:\/\/www.perimeter-solutions.com\/de\/#organization\",\"name\":\"Perimeter Solutions\",\"url\":\"https:\/\/www.perimeter-solutions.com\/de\/\",\"logo\":{\"@type\":\"ImageObject\",\"inLanguage\":\"de\",\"@id\":\"https:\/\/www.perimeter-solutions.com\/de\/#\/schema\/logo\/image\/\",\"url\":\"https:\/\/www.perimeter-solutions.com\/wp-content\/uploads\/2021\/02\/perimeter-logo-RGB.png\",\"contentUrl\":\"https:\/\/www.perimeter-solutions.com\/wp-content\/uploads\/2021\/02\/perimeter-logo-RGB.png\",\"width\":794,\"height\":138,\"caption\":\"Perimeter Solutions\"},\"image\":{\"@id\":\"https:\/\/www.perimeter-solutions.com\/de\/#\/schema\/logo\/image\/\"}}]}<\/script>\n<!-- \/ Yoast SEO Premium plugin. -->","yoast_head_json":{"title":"AUXQUIMIA\u00ae UNIPOL-FF\u2122 0.5 - Perimeter Solutions","description":"AUXQUIMIA\u00ae UNIPOL-FF\u2122 0.5 ist ein niedrigviskoses, fluorfreies Schaummittelkonzentrat, das mit einer speziellen Kombination von Kohlenwasserstoff-Tensiden formuliert wurde, die seinen Schauml\u00f6sungen ausgezeichnete Schaum-, L\u00f6sch- und R\u00fcckbrenneigenschaften verleiht.","robots":{"index":"index","follow":"follow","max-snippet":"max-snippet:-1","max-image-preview":"max-image-preview:large","max-video-preview":"max-video-preview:-1"},"canonical":"https:\/\/www.perimeter-solutions.com\/de\/product\/auxquimia-unipol-ff-0-5\/","og_locale":"de_DE","og_type":"article","og_title":"AUXQUIMIA\u00ae UNIPOL-FF\u2122 0.5","og_description":"AUXQUIMIA\u00ae UNIPOL-FF\u2122 0.5 ist ein niedrigviskoses, fluorfreies Schaummittelkonzentrat, das mit einer speziellen Kombination von Kohlenwasserstoff-Tensiden formuliert wurde, die seinen Schauml\u00f6sungen ausgezeichnete Schaum-, L\u00f6sch- und R\u00fcckbrenneigenschaften verleiht.","og_url":"https:\/\/www.perimeter-solutions.com\/de\/product\/auxquimia-unipol-ff-0-5\/","og_site_name":"Perimeter Solutions","article_modified_time":"2024-08-14T19:59:02+00:00","og_image":[{"width":1811,"height":2560,"url":"https:\/\/www.perimeter-solutions.com\/wp-content\/uploads\/2024\/06\/AUXQUIMIA_Unipol-FF-0-5-ENG-A4_v2_Page_1-scaled.jpg","type":"image\/jpeg"}],"twitter_card":"summary_large_image","twitter_misc":{"Gesch\u00e4tzte Lesezeit":"2\u00a0Minuten"},"schema":{"@context":"https:\/\/schema.org","@graph":[{"@type":"WebPage","@id":"https:\/\/www.perimeter-solutions.com\/de\/product\/auxquimia-unipol-ff-0-5\/","url":"https:\/\/www.perimeter-solutions.com\/de\/product\/auxquimia-unipol-ff-0-5\/","name":"AUXQUIMIA\u00ae UNIPOL-FF\u2122 0.5 - Perimeter Solutions","isPartOf":{"@id":"https:\/\/www.perimeter-solutions.com\/de\/#website"},"primaryImageOfPage":{"@id":"https:\/\/www.perimeter-solutions.com\/de\/product\/auxquimia-unipol-ff-0-5\/#primaryimage"},"image":{"@id":"https:\/\/www.perimeter-solutions.com\/de\/product\/auxquimia-unipol-ff-0-5\/#primaryimage"},"thumbnailUrl":"https:\/\/www.perimeter-solutions.com\/wp-content\/uploads\/2024\/06\/AUXQUIMIA_Unipol-FF-0-5-ENG-A4_v2_Page_1-scaled.jpg","datePublished":"2024-06-28T18:15:30+00:00","dateModified":"2024-08-14T19:59:02+00:00","description":"AUXQUIMIA\u00ae UNIPOL-FF\u2122 0.5 ist ein niedrigviskoses, fluorfreies Schaummittelkonzentrat, das mit einer speziellen Kombination von Kohlenwasserstoff-Tensiden formuliert wurde, die seinen Schauml\u00f6sungen ausgezeichnete Schaum-, L\u00f6sch- und R\u00fcckbrenneigenschaften verleiht.","breadcrumb":{"@id":"https:\/\/www.perimeter-solutions.com\/de\/product\/auxquimia-unipol-ff-0-5\/#breadcrumb"},"inLanguage":"de","potentialAction":[{"@type":"ReadAction","target":["https:\/\/www.perimeter-solutions.com\/de\/product\/auxquimia-unipol-ff-0-5\/"]}]},{"@type":"ImageObject","inLanguage":"de","@id":"https:\/\/www.perimeter-solutions.com\/de\/product\/auxquimia-unipol-ff-0-5\/#primaryimage","url":"https:\/\/www.perimeter-solutions.com\/wp-content\/uploads\/2024\/06\/AUXQUIMIA_Unipol-FF-0-5-ENG-A4_v2_Page_1-scaled.jpg","contentUrl":"https:\/\/www.perimeter-solutions.com\/wp-content\/uploads\/2024\/06\/AUXQUIMIA_Unipol-FF-0-5-ENG-A4_v2_Page_1-scaled.jpg","width":1811,"height":2560},{"@type":"BreadcrumbList","@id":"https:\/\/www.perimeter-solutions.com\/de\/product\/auxquimia-unipol-ff-0-5\/#breadcrumb","itemListElement":[{"@type":"ListItem","position":1,"name":"Produktkatalog","item":"https:\/\/www.perimeter-solutions.com\/de\/produktkatalog\/"},{"@type":"ListItem","position":2,"name":"AUXQUIMIA\u00ae UNIPOL-FF\u2122 0.5"}]},{"@type":"WebSite","@id":"https:\/\/www.perimeter-solutions.com\/de\/#website","url":"https:\/\/www.perimeter-solutions.com\/de\/","name":"Perimeter Solutions","description":"","publisher":{"@id":"https:\/\/www.perimeter-solutions.com\/de\/#organization"},"potentialAction":[{"@type":"SearchAction","target":{"@type":"EntryPoint","urlTemplate":"https:\/\/www.perimeter-solutions.com\/de\/?s={search_term_string}"},"query-input":{"@type":"PropertyValueSpecification","valueRequired":true,"valueName":"search_term_string"}}],"inLanguage":"de"},{"@type":"Organization","@id":"https:\/\/www.perimeter-solutions.com\/de\/#organization","name":"Perimeter Solutions","url":"https:\/\/www.perimeter-solutions.com\/de\/","logo":{"@type":"ImageObject","inLanguage":"de","@id":"https:\/\/www.perimeter-solutions.com\/de\/#\/schema\/logo\/image\/","url":"https:\/\/www.perimeter-solutions.com\/wp-content\/uploads\/2021\/02\/perimeter-logo-RGB.png","contentUrl":"https:\/\/www.perimeter-solutions.com\/wp-content\/uploads\/2021\/02\/perimeter-logo-RGB.png","width":794,"height":138,"caption":"Perimeter Solutions"},"image":{"@id":"https:\/\/www.perimeter-solutions.com\/de\/#\/schema\/logo\/image\/"}}]}},"_links":{"self":[{"href":"https:\/\/www.perimeter-solutions.com\/de\/wp-json\/wp\/v2\/product\/42275","targetHints":{"allow":["GET"]}}],"collection":[{"href":"https:\/\/www.perimeter-solutions.com\/de\/wp-json\/wp\/v2\/product"}],"about":[{"href":"https:\/\/www.perimeter-solutions.com\/de\/wp-json\/wp\/v2\/types\/product"}],"wp:featuredmedia":[{"embeddable":true,"href":"https:\/\/www.perimeter-solutions.com\/de\/wp-json\/wp\/v2\/media\/42277"}],"wp:attachment":[{"href":"https:\/\/www.perimeter-solutions.com\/de\/wp-json\/wp\/v2\/media?parent=42275"}],"wp:term":[{"taxonomy":"product_cat","embeddable":true,"href":"https:\/\/www.perimeter-solutions.com\/de\/wp-json\/wp\/v2\/product_cat?post=42275"},{"taxonomy":"product_tag","embeddable":true,"href":"https:\/\/www.perimeter-solutions.com\/de\/wp-json\/wp\/v2\/product_tag?post=42275"}],"curies":[{"name":"wp","href":"https:\/\/api.w.org\/{rel}","templated":true}]}}