{"id":42266,"date":"2024-06-28T13:45:12","date_gmt":"2024-06-28T17:45:12","guid":{"rendered":"https:\/\/www.perimeter-solutions.com\/product\/auxquimia-unipol-ff-k6-neutralisierendes-additiv-fuer-toxische-daempfe\/"},"modified":"2024-08-14T16:04:42","modified_gmt":"2024-08-14T20:04:42","slug":"auxquimia-unipol-ff-k6-neutralisierendes-additiv-fuer-toxische-daempfe","status":"publish","type":"product","link":"https:\/\/www.perimeter-solutions.com\/de\/product\/auxquimia-unipol-ff-k6-neutralisierendes-additiv-fuer-toxische-daempfe\/","title":{"rendered":"AUXQUIMIA<sup>\u00ae<\/sup> UNIPOL-FF\u2122 K6 NEUTRALISIERENDES ADDITIV F\u00dcR TOXISCHE D\u00c4MPFE"},"content":{"rendered":"<p><span style=\"color: #000000;\"><strong>AUXQUIMIA<sup>\u00ae<\/sup> UNIPOL-FF<sup>\u2122<\/sup> K6 <\/strong>ist ein Schaumkonzentrat, das mit einer speziellen Kombination aus Kohlenwasserstoff-Tensiden, Schaumstabilisatoren und pseudoplastischen Polymeren formuliert wurde, die den Schauml\u00f6sungen eine ausgezeichnete Schaumbildung verleiht. Es enth\u00e4lt keine organohalogenierten Verbindungen und ist leicht biologisch abbaubar. <\/span><\/p>\n<p><span style=\"color: #000000;\">AUXQUIMIA UNIPOL-FF K6 wurde f\u00fcr die Verwendung mit D\u00fcsen mit geringer und mittlerer Ausdehnung entwickelt und erzeugt Sch\u00e4ume mit hoher Flie\u00dff\u00e4higkeit und langsamer Drainage, um saure und alkalische D\u00e4mpfe zu neutralisieren.<br \/>\nDie Dosierungsrate betr\u00e4gt 3% oder 6%, je nach den gew\u00fcnschten Eigenschaften. <\/span><\/p>\n<h4>Verf\u00fcgbare Optionen<\/h4>\n","protected":false},"excerpt":{"rendered":"<p>AUXQUIMIA\u00ae UNIPOL-FF\u2122 K6 ist ein Schaumkonzentrat, das mit einer speziellen Kombination aus Kohlenwasserstoff-Tensiden, Schaumstabilisatoren und pseudoplastischen Polymeren formuliert wurde, die den Schauml\u00f6sungen eine ausgezeichnete Schaumbildung verleiht. Es enth\u00e4lt keine organohalogenierten [&hellip;]<\/p>\n","protected":false},"featured_media":42268,"template":"","meta":{"_acf_changed":false},"product_cat":[198,187],"product_tag":[213,227,231,247],"class_list":{"0":"post-42266","1":"product","2":"type-product","3":"status-publish","4":"has-post-thumbnail","6":"product_cat-class-b-fluorine-free-de","7":"product_cat-class-b-de","8":"product_tag-auxquimia-de","9":"product_tag-hohe-expansion","10":"product_tag-industriell","11":"product_tag-ol-und-gas","13":"first","14":"instock","15":"shipping-taxable","16":"purchasable","17":"product-type-simple"},"acf":[],"yoast_head":"<!-- This site is optimized with the Yoast SEO Premium plugin v21.9 (Yoast SEO v23.5) - https:\/\/yoast.com\/wordpress\/plugins\/seo\/ -->\n<title>AUXQUIMIA\u00ae UNIPOL-FF\u2122 K6 NEUTRALISIERENDES ADDITIV F\u00dcR TOXISCHE D\u00c4MPFE - Perimeter Solutions<\/title>\n<meta name=\"description\" content=\"AUXQUIMIA\u00ae UNIPOL-FF\u2122 K6 ist ein Schaumkonzentrat, das mit einer speziellen Kombination aus Kohlenwasserstoff-Tensiden, Schaumstabilisatoren und pseudoplastischen Polymeren formuliert wurde, die den Schauml\u00f6sungen eine ausgezeichnete Schaumbildung verleiht.\" \/>\n<meta name=\"robots\" content=\"index, follow, max-snippet:-1, max-image-preview:large, max-video-preview:-1\" \/>\n<link rel=\"canonical\" href=\"https:\/\/www.perimeter-solutions.com\/de\/product\/auxquimia-unipol-ff-k6-neutralisierendes-additiv-fuer-toxische-daempfe\/\" \/>\n<meta property=\"og:locale\" content=\"de_DE\" \/>\n<meta property=\"og:type\" content=\"article\" \/>\n<meta property=\"og:title\" content=\"AUXQUIMIA\u00ae UNIPOL-FF\u2122 K6 NEUTRALISIERENDES ADDITIV F\u00dcR TOXISCHE D\u00c4MPFE\" \/>\n<meta property=\"og:description\" content=\"AUXQUIMIA\u00ae UNIPOL-FF\u2122 K6 ist ein Schaumkonzentrat, das mit einer speziellen Kombination aus Kohlenwasserstoff-Tensiden, Schaumstabilisatoren und pseudoplastischen Polymeren formuliert wurde, die den Schauml\u00f6sungen eine ausgezeichnete Schaumbildung verleiht.\" \/>\n<meta property=\"og:url\" content=\"https:\/\/www.perimeter-solutions.com\/de\/product\/auxquimia-unipol-ff-k6-neutralisierendes-additiv-fuer-toxische-daempfe\/\" \/>\n<meta property=\"og:site_name\" content=\"Perimeter Solutions\" \/>\n<meta property=\"article:modified_time\" content=\"2024-08-14T20:04:42+00:00\" \/>\n<meta property=\"og:image\" content=\"https:\/\/www.perimeter-solutions.com\/wp-content\/uploads\/2024\/06\/AUXQUIMIA_Unipol-FF-K6-ENG-A4_v2-1_Page_1-scaled.jpg\" \/>\n\t<meta property=\"og:image:width\" content=\"1811\" \/>\n\t<meta property=\"og:image:height\" content=\"2560\" \/>\n\t<meta property=\"og:image:type\" content=\"image\/jpeg\" \/>\n<meta name=\"twitter:card\" content=\"summary_large_image\" \/>\n<meta name=\"twitter:label1\" content=\"Gesch\u00e4tzte Lesezeit\" \/>\n\t<meta name=\"twitter:data1\" content=\"1\u00a0Minute\" \/>\n<script type=\"application\/ld+json\" class=\"yoast-schema-graph\">{\"@context\":\"https:\/\/schema.org\",\"@graph\":[{\"@type\":\"WebPage\",\"@id\":\"https:\/\/www.perimeter-solutions.com\/de\/product\/auxquimia-unipol-ff-k6-neutralisierendes-additiv-fuer-toxische-daempfe\/\",\"url\":\"https:\/\/www.perimeter-solutions.com\/de\/product\/auxquimia-unipol-ff-k6-neutralisierendes-additiv-fuer-toxische-daempfe\/\",\"name\":\"AUXQUIMIA\u00ae UNIPOL-FF\u2122 K6 NEUTRALISIERENDES ADDITIV F\u00dcR TOXISCHE D\u00c4MPFE - Perimeter Solutions\",\"isPartOf\":{\"@id\":\"https:\/\/www.perimeter-solutions.com\/de\/#website\"},\"primaryImageOfPage\":{\"@id\":\"https:\/\/www.perimeter-solutions.com\/de\/product\/auxquimia-unipol-ff-k6-neutralisierendes-additiv-fuer-toxische-daempfe\/#primaryimage\"},\"image\":{\"@id\":\"https:\/\/www.perimeter-solutions.com\/de\/product\/auxquimia-unipol-ff-k6-neutralisierendes-additiv-fuer-toxische-daempfe\/#primaryimage\"},\"thumbnailUrl\":\"https:\/\/www.perimeter-solutions.com\/wp-content\/uploads\/2024\/06\/AUXQUIMIA_Unipol-FF-K6-ENG-A4_v2-1_Page_1-scaled.jpg\",\"datePublished\":\"2024-06-28T17:45:12+00:00\",\"dateModified\":\"2024-08-14T20:04:42+00:00\",\"description\":\"AUXQUIMIA\u00ae UNIPOL-FF\u2122 K6 ist ein Schaumkonzentrat, das mit einer speziellen Kombination aus Kohlenwasserstoff-Tensiden, Schaumstabilisatoren und pseudoplastischen Polymeren formuliert wurde, die den Schauml\u00f6sungen eine ausgezeichnete Schaumbildung verleiht.\",\"breadcrumb\":{\"@id\":\"https:\/\/www.perimeter-solutions.com\/de\/product\/auxquimia-unipol-ff-k6-neutralisierendes-additiv-fuer-toxische-daempfe\/#breadcrumb\"},\"inLanguage\":\"de\",\"potentialAction\":[{\"@type\":\"ReadAction\",\"target\":[\"https:\/\/www.perimeter-solutions.com\/de\/product\/auxquimia-unipol-ff-k6-neutralisierendes-additiv-fuer-toxische-daempfe\/\"]}]},{\"@type\":\"ImageObject\",\"inLanguage\":\"de\",\"@id\":\"https:\/\/www.perimeter-solutions.com\/de\/product\/auxquimia-unipol-ff-k6-neutralisierendes-additiv-fuer-toxische-daempfe\/#primaryimage\",\"url\":\"https:\/\/www.perimeter-solutions.com\/wp-content\/uploads\/2024\/06\/AUXQUIMIA_Unipol-FF-K6-ENG-A4_v2-1_Page_1-scaled.jpg\",\"contentUrl\":\"https:\/\/www.perimeter-solutions.com\/wp-content\/uploads\/2024\/06\/AUXQUIMIA_Unipol-FF-K6-ENG-A4_v2-1_Page_1-scaled.jpg\",\"width\":1811,\"height\":2560},{\"@type\":\"BreadcrumbList\",\"@id\":\"https:\/\/www.perimeter-solutions.com\/de\/product\/auxquimia-unipol-ff-k6-neutralisierendes-additiv-fuer-toxische-daempfe\/#breadcrumb\",\"itemListElement\":[{\"@type\":\"ListItem\",\"position\":1,\"name\":\"Produktkatalog\",\"item\":\"https:\/\/www.perimeter-solutions.com\/de\/produktkatalog\/\"},{\"@type\":\"ListItem\",\"position\":2,\"name\":\"AUXQUIMIA\u00ae UNIPOL-FF\u2122 K6 NEUTRALISIERENDES ADDITIV F\u00dcR TOXISCHE D\u00c4MPFE\"}]},{\"@type\":\"WebSite\",\"@id\":\"https:\/\/www.perimeter-solutions.com\/de\/#website\",\"url\":\"https:\/\/www.perimeter-solutions.com\/de\/\",\"name\":\"Perimeter Solutions\",\"description\":\"\",\"publisher\":{\"@id\":\"https:\/\/www.perimeter-solutions.com\/de\/#organization\"},\"potentialAction\":[{\"@type\":\"SearchAction\",\"target\":{\"@type\":\"EntryPoint\",\"urlTemplate\":\"https:\/\/www.perimeter-solutions.com\/de\/?s={search_term_string}\"},\"query-input\":{\"@type\":\"PropertyValueSpecification\",\"valueRequired\":true,\"valueName\":\"search_term_string\"}}],\"inLanguage\":\"de\"},{\"@type\":\"Organization\",\"@id\":\"https:\/\/www.perimeter-solutions.com\/de\/#organization\",\"name\":\"Perimeter Solutions\",\"url\":\"https:\/\/www.perimeter-solutions.com\/de\/\",\"logo\":{\"@type\":\"ImageObject\",\"inLanguage\":\"de\",\"@id\":\"https:\/\/www.perimeter-solutions.com\/de\/#\/schema\/logo\/image\/\",\"url\":\"https:\/\/www.perimeter-solutions.com\/wp-content\/uploads\/2021\/02\/perimeter-logo-RGB.png\",\"contentUrl\":\"https:\/\/www.perimeter-solutions.com\/wp-content\/uploads\/2021\/02\/perimeter-logo-RGB.png\",\"width\":794,\"height\":138,\"caption\":\"Perimeter Solutions\"},\"image\":{\"@id\":\"https:\/\/www.perimeter-solutions.com\/de\/#\/schema\/logo\/image\/\"}}]}<\/script>\n<!-- \/ Yoast SEO Premium plugin. -->","yoast_head_json":{"title":"AUXQUIMIA\u00ae UNIPOL-FF\u2122 K6 NEUTRALISIERENDES ADDITIV F\u00dcR TOXISCHE D\u00c4MPFE - Perimeter Solutions","description":"AUXQUIMIA\u00ae UNIPOL-FF\u2122 K6 ist ein Schaumkonzentrat, das mit einer speziellen Kombination aus Kohlenwasserstoff-Tensiden, Schaumstabilisatoren und pseudoplastischen Polymeren formuliert wurde, die den Schauml\u00f6sungen eine ausgezeichnete Schaumbildung verleiht.","robots":{"index":"index","follow":"follow","max-snippet":"max-snippet:-1","max-image-preview":"max-image-preview:large","max-video-preview":"max-video-preview:-1"},"canonical":"https:\/\/www.perimeter-solutions.com\/de\/product\/auxquimia-unipol-ff-k6-neutralisierendes-additiv-fuer-toxische-daempfe\/","og_locale":"de_DE","og_type":"article","og_title":"AUXQUIMIA\u00ae UNIPOL-FF\u2122 K6 NEUTRALISIERENDES ADDITIV F\u00dcR TOXISCHE D\u00c4MPFE","og_description":"AUXQUIMIA\u00ae UNIPOL-FF\u2122 K6 ist ein Schaumkonzentrat, das mit einer speziellen Kombination aus Kohlenwasserstoff-Tensiden, Schaumstabilisatoren und pseudoplastischen Polymeren formuliert wurde, die den Schauml\u00f6sungen eine ausgezeichnete Schaumbildung verleiht.","og_url":"https:\/\/www.perimeter-solutions.com\/de\/product\/auxquimia-unipol-ff-k6-neutralisierendes-additiv-fuer-toxische-daempfe\/","og_site_name":"Perimeter Solutions","article_modified_time":"2024-08-14T20:04:42+00:00","og_image":[{"width":1811,"height":2560,"url":"https:\/\/www.perimeter-solutions.com\/wp-content\/uploads\/2024\/06\/AUXQUIMIA_Unipol-FF-K6-ENG-A4_v2-1_Page_1-scaled.jpg","type":"image\/jpeg"}],"twitter_card":"summary_large_image","twitter_misc":{"Gesch\u00e4tzte Lesezeit":"1\u00a0Minute"},"schema":{"@context":"https:\/\/schema.org","@graph":[{"@type":"WebPage","@id":"https:\/\/www.perimeter-solutions.com\/de\/product\/auxquimia-unipol-ff-k6-neutralisierendes-additiv-fuer-toxische-daempfe\/","url":"https:\/\/www.perimeter-solutions.com\/de\/product\/auxquimia-unipol-ff-k6-neutralisierendes-additiv-fuer-toxische-daempfe\/","name":"AUXQUIMIA\u00ae UNIPOL-FF\u2122 K6 NEUTRALISIERENDES ADDITIV F\u00dcR TOXISCHE D\u00c4MPFE - Perimeter Solutions","isPartOf":{"@id":"https:\/\/www.perimeter-solutions.com\/de\/#website"},"primaryImageOfPage":{"@id":"https:\/\/www.perimeter-solutions.com\/de\/product\/auxquimia-unipol-ff-k6-neutralisierendes-additiv-fuer-toxische-daempfe\/#primaryimage"},"image":{"@id":"https:\/\/www.perimeter-solutions.com\/de\/product\/auxquimia-unipol-ff-k6-neutralisierendes-additiv-fuer-toxische-daempfe\/#primaryimage"},"thumbnailUrl":"https:\/\/www.perimeter-solutions.com\/wp-content\/uploads\/2024\/06\/AUXQUIMIA_Unipol-FF-K6-ENG-A4_v2-1_Page_1-scaled.jpg","datePublished":"2024-06-28T17:45:12+00:00","dateModified":"2024-08-14T20:04:42+00:00","description":"AUXQUIMIA\u00ae UNIPOL-FF\u2122 K6 ist ein Schaumkonzentrat, das mit einer speziellen Kombination aus Kohlenwasserstoff-Tensiden, Schaumstabilisatoren und pseudoplastischen Polymeren formuliert wurde, die den Schauml\u00f6sungen eine ausgezeichnete Schaumbildung verleiht.","breadcrumb":{"@id":"https:\/\/www.perimeter-solutions.com\/de\/product\/auxquimia-unipol-ff-k6-neutralisierendes-additiv-fuer-toxische-daempfe\/#breadcrumb"},"inLanguage":"de","potentialAction":[{"@type":"ReadAction","target":["https:\/\/www.perimeter-solutions.com\/de\/product\/auxquimia-unipol-ff-k6-neutralisierendes-additiv-fuer-toxische-daempfe\/"]}]},{"@type":"ImageObject","inLanguage":"de","@id":"https:\/\/www.perimeter-solutions.com\/de\/product\/auxquimia-unipol-ff-k6-neutralisierendes-additiv-fuer-toxische-daempfe\/#primaryimage","url":"https:\/\/www.perimeter-solutions.com\/wp-content\/uploads\/2024\/06\/AUXQUIMIA_Unipol-FF-K6-ENG-A4_v2-1_Page_1-scaled.jpg","contentUrl":"https:\/\/www.perimeter-solutions.com\/wp-content\/uploads\/2024\/06\/AUXQUIMIA_Unipol-FF-K6-ENG-A4_v2-1_Page_1-scaled.jpg","width":1811,"height":2560},{"@type":"BreadcrumbList","@id":"https:\/\/www.perimeter-solutions.com\/de\/product\/auxquimia-unipol-ff-k6-neutralisierendes-additiv-fuer-toxische-daempfe\/#breadcrumb","itemListElement":[{"@type":"ListItem","position":1,"name":"Produktkatalog","item":"https:\/\/www.perimeter-solutions.com\/de\/produktkatalog\/"},{"@type":"ListItem","position":2,"name":"AUXQUIMIA\u00ae UNIPOL-FF\u2122 K6 NEUTRALISIERENDES ADDITIV F\u00dcR TOXISCHE D\u00c4MPFE"}]},{"@type":"WebSite","@id":"https:\/\/www.perimeter-solutions.com\/de\/#website","url":"https:\/\/www.perimeter-solutions.com\/de\/","name":"Perimeter Solutions","description":"","publisher":{"@id":"https:\/\/www.perimeter-solutions.com\/de\/#organization"},"potentialAction":[{"@type":"SearchAction","target":{"@type":"EntryPoint","urlTemplate":"https:\/\/www.perimeter-solutions.com\/de\/?s={search_term_string}"},"query-input":{"@type":"PropertyValueSpecification","valueRequired":true,"valueName":"search_term_string"}}],"inLanguage":"de"},{"@type":"Organization","@id":"https:\/\/www.perimeter-solutions.com\/de\/#organization","name":"Perimeter Solutions","url":"https:\/\/www.perimeter-solutions.com\/de\/","logo":{"@type":"ImageObject","inLanguage":"de","@id":"https:\/\/www.perimeter-solutions.com\/de\/#\/schema\/logo\/image\/","url":"https:\/\/www.perimeter-solutions.com\/wp-content\/uploads\/2021\/02\/perimeter-logo-RGB.png","contentUrl":"https:\/\/www.perimeter-solutions.com\/wp-content\/uploads\/2021\/02\/perimeter-logo-RGB.png","width":794,"height":138,"caption":"Perimeter Solutions"},"image":{"@id":"https:\/\/www.perimeter-solutions.com\/de\/#\/schema\/logo\/image\/"}}]}},"_links":{"self":[{"href":"https:\/\/www.perimeter-solutions.com\/de\/wp-json\/wp\/v2\/product\/42266","targetHints":{"allow":["GET"]}}],"collection":[{"href":"https:\/\/www.perimeter-solutions.com\/de\/wp-json\/wp\/v2\/product"}],"about":[{"href":"https:\/\/www.perimeter-solutions.com\/de\/wp-json\/wp\/v2\/types\/product"}],"wp:featuredmedia":[{"embeddable":true,"href":"https:\/\/www.perimeter-solutions.com\/de\/wp-json\/wp\/v2\/media\/42268"}],"wp:attachment":[{"href":"https:\/\/www.perimeter-solutions.com\/de\/wp-json\/wp\/v2\/media?parent=42266"}],"wp:term":[{"taxonomy":"product_cat","embeddable":true,"href":"https:\/\/www.perimeter-solutions.com\/de\/wp-json\/wp\/v2\/product_cat?post=42266"},{"taxonomy":"product_tag","embeddable":true,"href":"https:\/\/www.perimeter-solutions.com\/de\/wp-json\/wp\/v2\/product_tag?post=42266"}],"curies":[{"name":"wp","href":"https:\/\/api.w.org\/{rel}","templated":true}]}}