{"id":42258,"date":"2024-06-28T13:39:49","date_gmt":"2024-06-28T17:39:49","guid":{"rendered":"https:\/\/www.perimeter-solutions.com\/product\/phos-chek-3x6-fluorfrei-ar-fp\/"},"modified":"2024-08-14T15:57:13","modified_gmt":"2024-08-14T19:57:13","slug":"phos-chek-3x6-fluorfrei-ar-fp","status":"publish","type":"product","link":"https:\/\/www.perimeter-solutions.com\/de\/product\/phos-chek-3x6-fluorfrei-ar-fp\/","title":{"rendered":"PHOS-CHEK<sup>\u00ae<\/sup> 3\u00d76% FLUORFREI AR FP"},"content":{"rendered":"<p><strong>PHOS-CHEK<sup>\u00ae<\/sup> 3\u00d76% fluorfreies alkoholbest\u00e4ndiges (AR) gefriergesch\u00fctztes<\/strong> Schaumkonzentrat ist eine Mischung aus Wasser, Kohlenwasserstoff-Tensiden und pseudoplastischen Polymeren. Dieser organohalogenfreie Schaum ist ein umweltfreundliches Produkt der n\u00e4chsten Generation f\u00fcr den Einsatz bei Kohlenwasserstoffbr\u00e4nden der Klasse B und Br\u00e4nden mit polaren L\u00f6sungsmitteln mit S\u00fc\u00dfwasser. Diese Formulierung zeigt das Engagement von Perimeter Solutions bei der Entwicklung von Produkten, die eine \u00fcberragende Leistung bei der Brandbek\u00e4mpfung bieten und gleichzeitig umweltfreundlich sind. PHOS-CHEK 3\u00d76% fluorfrei AR FP ist ein sehr leistungsf\u00e4higes Netzmittel und kann bei Br\u00e4nden der Klasse A eingesetzt werden. PHOS-CHEK 3\u00d76% fluorfreier AR FP-Schaum ist f\u00fcr den Einsatz in Feuerl\u00f6schsystemen und manuellen Anwendungen zur Bek\u00e4mpfung eines breiten Spektrums von Br\u00e4nden brennbarer Fl\u00fcssigkeiten der Klasse B, einschlie\u00dflich Kohlenwasserstoff-Kraftstoffen wie Benzin und Diesel, vorgesehen. Es kann auch f\u00fcr polare L\u00f6sungsmittel, einschlie\u00dflich Ketone und Alkohole, verwendet werden. Typische Anwendungen sind Lagertanks, Laderegale, Docks, Prozessbereiche und Lagerh\u00e4user. Es ist auch ein ausgezeichneter Dampfhemmer f\u00fcr versch\u00fcttete brennbare Fl\u00fcssigkeiten.<\/p>\n<h4>Verf\u00fcgbare Optionen<\/h4>\n","protected":false},"excerpt":{"rendered":"<p>PHOS-CHEK\u00ae 3\u00d76% fluorfreies alkoholbest\u00e4ndiges (AR) gefriergesch\u00fctztes Schaumkonzentrat ist eine Mischung aus Wasser, Kohlenwasserstoff-Tensiden und pseudoplastischen Polymeren. Dieser organohalogenfreie Schaum ist ein umweltfreundliches Produkt der n\u00e4chsten Generation f\u00fcr den Einsatz bei [&hellip;]<\/p>\n","protected":false},"featured_media":42260,"template":"","meta":{"_acf_changed":false},"product_cat":[198,187],"product_tag":[231,251,247,239],"class_list":{"0":"post-42258","1":"product","2":"type-product","3":"status-publish","4":"has-post-thumbnail","6":"product_cat-class-b-fluorine-free-de","7":"product_cat-class-b-de","8":"product_tag-industriell","9":"product_tag-kommunal","10":"product_tag-ol-und-gas","11":"product_tag-phos-chek-de","13":"first","14":"instock","15":"shipping-taxable","16":"purchasable","17":"product-type-simple"},"acf":[],"yoast_head":"<!-- This site is optimized with the Yoast SEO Premium plugin v21.9 (Yoast SEO v23.5) - https:\/\/yoast.com\/wordpress\/plugins\/seo\/ -->\n<title>PHOS-CHEK\u00ae 3\u00d76% FLUORFREI AR FP - Perimeter Solutions<\/title>\n<meta name=\"robots\" content=\"index, follow, max-snippet:-1, max-image-preview:large, max-video-preview:-1\" \/>\n<link rel=\"canonical\" href=\"https:\/\/www.perimeter-solutions.com\/de\/product\/phos-chek-3x6-fluorfrei-ar-fp\/\" \/>\n<meta property=\"og:locale\" content=\"de_DE\" \/>\n<meta property=\"og:type\" content=\"article\" \/>\n<meta property=\"og:title\" content=\"PHOS-CHEK\u00ae 3\u00d76% FLUORFREI AR FP\" \/>\n<meta property=\"og:description\" content=\"PHOS-CHEK\u00ae 3\u00d76% fluorfreies alkoholbest\u00e4ndiges (AR) gefriergesch\u00fctztes Schaumkonzentrat ist eine Mischung aus Wasser, Kohlenwasserstoff-Tensiden und pseudoplastischen Polymeren. Dieser organohalogenfreie Schaum ist ein umweltfreundliches Produkt der n\u00e4chsten Generation f\u00fcr den Einsatz bei [&hellip;]\" \/>\n<meta property=\"og:url\" content=\"https:\/\/www.perimeter-solutions.com\/de\/product\/phos-chek-3x6-fluorfrei-ar-fp\/\" \/>\n<meta property=\"og:site_name\" content=\"Perimeter Solutions\" \/>\n<meta property=\"article:modified_time\" content=\"2024-08-14T19:57:13+00:00\" \/>\n<meta name=\"twitter:card\" content=\"summary_large_image\" \/>\n<meta name=\"twitter:label1\" content=\"Gesch\u00e4tzte Lesezeit\" \/>\n\t<meta name=\"twitter:data1\" content=\"1\u00a0Minute\" \/>\n<script type=\"application\/ld+json\" class=\"yoast-schema-graph\">{\"@context\":\"https:\/\/schema.org\",\"@graph\":[{\"@type\":\"WebPage\",\"@id\":\"https:\/\/www.perimeter-solutions.com\/de\/product\/phos-chek-3x6-fluorfrei-ar-fp\/\",\"url\":\"https:\/\/www.perimeter-solutions.com\/de\/product\/phos-chek-3x6-fluorfrei-ar-fp\/\",\"name\":\"PHOS-CHEK\u00ae 3\u00d76% FLUORFREI AR FP - Perimeter Solutions\",\"isPartOf\":{\"@id\":\"https:\/\/www.perimeter-solutions.com\/de\/#website\"},\"primaryImageOfPage\":{\"@id\":\"https:\/\/www.perimeter-solutions.com\/de\/product\/phos-chek-3x6-fluorfrei-ar-fp\/#primaryimage\"},\"image\":{\"@id\":\"https:\/\/www.perimeter-solutions.com\/de\/product\/phos-chek-3x6-fluorfrei-ar-fp\/#primaryimage\"},\"thumbnailUrl\":\"https:\/\/www.perimeter-solutions.com\/wp-content\/uploads\/2024\/06\/PC_3x6-FLUORINE-FREE-AR-FP_PCC-2019059-2-1-pdf.jpg\",\"datePublished\":\"2024-06-28T17:39:49+00:00\",\"dateModified\":\"2024-08-14T19:57:13+00:00\",\"breadcrumb\":{\"@id\":\"https:\/\/www.perimeter-solutions.com\/de\/product\/phos-chek-3x6-fluorfrei-ar-fp\/#breadcrumb\"},\"inLanguage\":\"de\",\"potentialAction\":[{\"@type\":\"ReadAction\",\"target\":[\"https:\/\/www.perimeter-solutions.com\/de\/product\/phos-chek-3x6-fluorfrei-ar-fp\/\"]}]},{\"@type\":\"ImageObject\",\"inLanguage\":\"de\",\"@id\":\"https:\/\/www.perimeter-solutions.com\/de\/product\/phos-chek-3x6-fluorfrei-ar-fp\/#primaryimage\",\"url\":\"https:\/\/www.perimeter-solutions.com\/wp-content\/uploads\/2024\/06\/PC_3x6-FLUORINE-FREE-AR-FP_PCC-2019059-2-1-pdf.jpg\",\"contentUrl\":\"https:\/\/www.perimeter-solutions.com\/wp-content\/uploads\/2024\/06\/PC_3x6-FLUORINE-FREE-AR-FP_PCC-2019059-2-1-pdf.jpg\"},{\"@type\":\"BreadcrumbList\",\"@id\":\"https:\/\/www.perimeter-solutions.com\/de\/product\/phos-chek-3x6-fluorfrei-ar-fp\/#breadcrumb\",\"itemListElement\":[{\"@type\":\"ListItem\",\"position\":1,\"name\":\"Produktkatalog\",\"item\":\"https:\/\/www.perimeter-solutions.com\/de\/produktkatalog\/\"},{\"@type\":\"ListItem\",\"position\":2,\"name\":\"PHOS-CHEK\u00ae 3\u00d76% FLUORFREI AR FP\"}]},{\"@type\":\"WebSite\",\"@id\":\"https:\/\/www.perimeter-solutions.com\/de\/#website\",\"url\":\"https:\/\/www.perimeter-solutions.com\/de\/\",\"name\":\"Perimeter Solutions\",\"description\":\"\",\"publisher\":{\"@id\":\"https:\/\/www.perimeter-solutions.com\/de\/#organization\"},\"potentialAction\":[{\"@type\":\"SearchAction\",\"target\":{\"@type\":\"EntryPoint\",\"urlTemplate\":\"https:\/\/www.perimeter-solutions.com\/de\/?s={search_term_string}\"},\"query-input\":{\"@type\":\"PropertyValueSpecification\",\"valueRequired\":true,\"valueName\":\"search_term_string\"}}],\"inLanguage\":\"de\"},{\"@type\":\"Organization\",\"@id\":\"https:\/\/www.perimeter-solutions.com\/de\/#organization\",\"name\":\"Perimeter Solutions\",\"url\":\"https:\/\/www.perimeter-solutions.com\/de\/\",\"logo\":{\"@type\":\"ImageObject\",\"inLanguage\":\"de\",\"@id\":\"https:\/\/www.perimeter-solutions.com\/de\/#\/schema\/logo\/image\/\",\"url\":\"https:\/\/www.perimeter-solutions.com\/wp-content\/uploads\/2021\/02\/perimeter-logo-RGB.png\",\"contentUrl\":\"https:\/\/www.perimeter-solutions.com\/wp-content\/uploads\/2021\/02\/perimeter-logo-RGB.png\",\"width\":794,\"height\":138,\"caption\":\"Perimeter Solutions\"},\"image\":{\"@id\":\"https:\/\/www.perimeter-solutions.com\/de\/#\/schema\/logo\/image\/\"}}]}<\/script>\n<!-- \/ Yoast SEO Premium plugin. -->","yoast_head_json":{"title":"PHOS-CHEK\u00ae 3\u00d76% FLUORFREI AR FP - Perimeter Solutions","robots":{"index":"index","follow":"follow","max-snippet":"max-snippet:-1","max-image-preview":"max-image-preview:large","max-video-preview":"max-video-preview:-1"},"canonical":"https:\/\/www.perimeter-solutions.com\/de\/product\/phos-chek-3x6-fluorfrei-ar-fp\/","og_locale":"de_DE","og_type":"article","og_title":"PHOS-CHEK\u00ae 3\u00d76% FLUORFREI AR FP","og_description":"PHOS-CHEK\u00ae 3\u00d76% fluorfreies alkoholbest\u00e4ndiges (AR) gefriergesch\u00fctztes Schaumkonzentrat ist eine Mischung aus Wasser, Kohlenwasserstoff-Tensiden und pseudoplastischen Polymeren. Dieser organohalogenfreie Schaum ist ein umweltfreundliches Produkt der n\u00e4chsten Generation f\u00fcr den Einsatz bei [&hellip;]","og_url":"https:\/\/www.perimeter-solutions.com\/de\/product\/phos-chek-3x6-fluorfrei-ar-fp\/","og_site_name":"Perimeter Solutions","article_modified_time":"2024-08-14T19:57:13+00:00","twitter_card":"summary_large_image","twitter_misc":{"Gesch\u00e4tzte Lesezeit":"1\u00a0Minute"},"schema":{"@context":"https:\/\/schema.org","@graph":[{"@type":"WebPage","@id":"https:\/\/www.perimeter-solutions.com\/de\/product\/phos-chek-3x6-fluorfrei-ar-fp\/","url":"https:\/\/www.perimeter-solutions.com\/de\/product\/phos-chek-3x6-fluorfrei-ar-fp\/","name":"PHOS-CHEK\u00ae 3\u00d76% FLUORFREI AR FP - Perimeter Solutions","isPartOf":{"@id":"https:\/\/www.perimeter-solutions.com\/de\/#website"},"primaryImageOfPage":{"@id":"https:\/\/www.perimeter-solutions.com\/de\/product\/phos-chek-3x6-fluorfrei-ar-fp\/#primaryimage"},"image":{"@id":"https:\/\/www.perimeter-solutions.com\/de\/product\/phos-chek-3x6-fluorfrei-ar-fp\/#primaryimage"},"thumbnailUrl":"https:\/\/www.perimeter-solutions.com\/wp-content\/uploads\/2024\/06\/PC_3x6-FLUORINE-FREE-AR-FP_PCC-2019059-2-1-pdf.jpg","datePublished":"2024-06-28T17:39:49+00:00","dateModified":"2024-08-14T19:57:13+00:00","breadcrumb":{"@id":"https:\/\/www.perimeter-solutions.com\/de\/product\/phos-chek-3x6-fluorfrei-ar-fp\/#breadcrumb"},"inLanguage":"de","potentialAction":[{"@type":"ReadAction","target":["https:\/\/www.perimeter-solutions.com\/de\/product\/phos-chek-3x6-fluorfrei-ar-fp\/"]}]},{"@type":"ImageObject","inLanguage":"de","@id":"https:\/\/www.perimeter-solutions.com\/de\/product\/phos-chek-3x6-fluorfrei-ar-fp\/#primaryimage","url":"https:\/\/www.perimeter-solutions.com\/wp-content\/uploads\/2024\/06\/PC_3x6-FLUORINE-FREE-AR-FP_PCC-2019059-2-1-pdf.jpg","contentUrl":"https:\/\/www.perimeter-solutions.com\/wp-content\/uploads\/2024\/06\/PC_3x6-FLUORINE-FREE-AR-FP_PCC-2019059-2-1-pdf.jpg"},{"@type":"BreadcrumbList","@id":"https:\/\/www.perimeter-solutions.com\/de\/product\/phos-chek-3x6-fluorfrei-ar-fp\/#breadcrumb","itemListElement":[{"@type":"ListItem","position":1,"name":"Produktkatalog","item":"https:\/\/www.perimeter-solutions.com\/de\/produktkatalog\/"},{"@type":"ListItem","position":2,"name":"PHOS-CHEK\u00ae 3\u00d76% FLUORFREI AR FP"}]},{"@type":"WebSite","@id":"https:\/\/www.perimeter-solutions.com\/de\/#website","url":"https:\/\/www.perimeter-solutions.com\/de\/","name":"Perimeter Solutions","description":"","publisher":{"@id":"https:\/\/www.perimeter-solutions.com\/de\/#organization"},"potentialAction":[{"@type":"SearchAction","target":{"@type":"EntryPoint","urlTemplate":"https:\/\/www.perimeter-solutions.com\/de\/?s={search_term_string}"},"query-input":{"@type":"PropertyValueSpecification","valueRequired":true,"valueName":"search_term_string"}}],"inLanguage":"de"},{"@type":"Organization","@id":"https:\/\/www.perimeter-solutions.com\/de\/#organization","name":"Perimeter Solutions","url":"https:\/\/www.perimeter-solutions.com\/de\/","logo":{"@type":"ImageObject","inLanguage":"de","@id":"https:\/\/www.perimeter-solutions.com\/de\/#\/schema\/logo\/image\/","url":"https:\/\/www.perimeter-solutions.com\/wp-content\/uploads\/2021\/02\/perimeter-logo-RGB.png","contentUrl":"https:\/\/www.perimeter-solutions.com\/wp-content\/uploads\/2021\/02\/perimeter-logo-RGB.png","width":794,"height":138,"caption":"Perimeter Solutions"},"image":{"@id":"https:\/\/www.perimeter-solutions.com\/de\/#\/schema\/logo\/image\/"}}]}},"_links":{"self":[{"href":"https:\/\/www.perimeter-solutions.com\/de\/wp-json\/wp\/v2\/product\/42258","targetHints":{"allow":["GET"]}}],"collection":[{"href":"https:\/\/www.perimeter-solutions.com\/de\/wp-json\/wp\/v2\/product"}],"about":[{"href":"https:\/\/www.perimeter-solutions.com\/de\/wp-json\/wp\/v2\/types\/product"}],"wp:featuredmedia":[{"embeddable":true,"href":"https:\/\/www.perimeter-solutions.com\/de\/wp-json\/wp\/v2\/media\/42260"}],"wp:attachment":[{"href":"https:\/\/www.perimeter-solutions.com\/de\/wp-json\/wp\/v2\/media?parent=42258"}],"wp:term":[{"taxonomy":"product_cat","embeddable":true,"href":"https:\/\/www.perimeter-solutions.com\/de\/wp-json\/wp\/v2\/product_cat?post=42258"},{"taxonomy":"product_tag","embeddable":true,"href":"https:\/\/www.perimeter-solutions.com\/de\/wp-json\/wp\/v2\/product_tag?post=42258"}],"curies":[{"name":"wp","href":"https:\/\/api.w.org\/{rel}","templated":true}]}}