{"id":42250,"date":"2024-06-28T13:37:16","date_gmt":"2024-06-28T17:37:16","guid":{"rendered":"https:\/\/www.perimeter-solutions.com\/product\/solberg-hi-ex-schaumstoff-hochexpansiver-schaumstoff\/"},"modified":"2024-08-14T15:45:45","modified_gmt":"2024-08-14T19:45:45","slug":"solberg-hi-ex-schaumstoff-hochexpansiver-schaumstoff","status":"publish","type":"product","link":"https:\/\/www.perimeter-solutions.com\/de\/product\/solberg-hi-ex-schaumstoff-hochexpansiver-schaumstoff\/","title":{"rendered":"SOLBERG<sup>\u00ae<\/sup> HI-EX SCHAUMSTOFF HOCHEXPANSIVER SCHAUMSTOFF"},"content":{"rendered":"<div><strong>SOLBERG<sup>\u00ae<\/sup> HI-EX FOAM<\/strong> ist ein synthetischer Schaumbildner, der unter anderem eine Mischung aus oberfl\u00e4chenaktiven Stoffen auf Kohlenwasserstoffbasis enth\u00e4lt. Es handelt sich um eine Schaumfl\u00fcssigkeit vom Typ synthetisches Reinigungsmittel, die speziell f\u00fcr den Einsatz in mittel- und stark expandierenden, luftansaugenden Schaumgeneratoren entwickelt wurde, um Schaum mit einem Expansionsverh\u00e4ltnis von 200:1 bis \u00fcber 1000:1 zu erzeugen, je nach Art des Generators. Als hochexpansiver Schaum wird das Produkt haupts\u00e4chlich zum L\u00f6schen von Br\u00e4nden in unzug\u00e4nglichen Bereichen, wie z.B. Lagerhallen, verwendet, wobei die Verdr\u00e4ngung von Luft der Hauptl\u00f6schmechanismus ist. Die Induktionsrate f\u00fcr SOLBERG HI-EX FOAM liegt bei 1-2% und der erzeugte Schaum zeigt eine ausgezeichnete Feuerl\u00f6schf\u00e4higkeit. Durch die niedrige Mischungsrate ist SOLBERG HI-EX FOAM wirtschaftlich in der Anwendung. SOLBERG HI-EX FOAM ist ein hochmodernes Produkt, das praktisch ungiftig ist und die Umwelt kaum belastet. SOLBERG HI-EX FOAM kann in Brandsituationen eingesetzt werden, in denen bereits andere Arten von Schaum verwendet werden.<\/div>\n<div><\/div>\n<div><\/div>\n<div><strong>ZERTIFIZIERUNGEN:<\/strong> EN 1568\/2, ISO 7203-2<\/div>\n<p>&nbsp;<\/p>\n<h4>Verf\u00fcgbare Optionen<\/h4>\n","protected":false},"excerpt":{"rendered":"<p>SOLBERG\u00ae HI-EX FOAM ist ein synthetischer Schaumbildner, der unter anderem eine Mischung aus oberfl\u00e4chenaktiven Stoffen auf Kohlenwasserstoffbasis enth\u00e4lt. Es handelt sich um eine Schaumfl\u00fcssigkeit vom Typ synthetisches Reinigungsmittel, die speziell [&hellip;]<\/p>\n","protected":false},"featured_media":42252,"template":"","meta":{"_acf_changed":false},"product_cat":[187,199],"product_tag":[221,231,251,245,247,241],"class_list":{"0":"post-42250","1":"product","2":"type-product","3":"status-publish","4":"has-post-thumbnail","6":"product_cat-class-b-de","7":"product_cat-hi-ex-foam-concentrate-de","8":"product_tag-en-1568-de","9":"product_tag-industriell","10":"product_tag-kommunal","11":"product_tag-marine-de","12":"product_tag-ol-und-gas","13":"product_tag-solberg-de","15":"first","16":"instock","17":"shipping-taxable","18":"purchasable","19":"product-type-simple"},"acf":[],"yoast_head":"<!-- This site is optimized with the Yoast SEO Premium plugin v21.9 (Yoast SEO v23.5) - https:\/\/yoast.com\/wordpress\/plugins\/seo\/ -->\n<title>SOLBERG\u00ae HI-EX SCHAUMSTOFF HOCHEXPANSIVER SCHAUMSTOFF - Perimeter Solutions<\/title>\n<meta name=\"robots\" content=\"index, follow, max-snippet:-1, max-image-preview:large, max-video-preview:-1\" \/>\n<link rel=\"canonical\" href=\"https:\/\/www.perimeter-solutions.com\/de\/product\/solberg-hi-ex-schaumstoff-hochexpansiver-schaumstoff\/\" \/>\n<meta property=\"og:locale\" content=\"de_DE\" \/>\n<meta property=\"og:type\" content=\"article\" \/>\n<meta property=\"og:title\" content=\"SOLBERG\u00ae HI-EX SCHAUMSTOFF HOCHEXPANSIVER SCHAUMSTOFF\" \/>\n<meta property=\"og:description\" content=\"SOLBERG\u00ae HI-EX FOAM ist ein synthetischer Schaumbildner, der unter anderem eine Mischung aus oberfl\u00e4chenaktiven Stoffen auf Kohlenwasserstoffbasis enth\u00e4lt. Es handelt sich um eine Schaumfl\u00fcssigkeit vom Typ synthetisches Reinigungsmittel, die speziell [&hellip;]\" \/>\n<meta property=\"og:url\" content=\"https:\/\/www.perimeter-solutions.com\/de\/product\/solberg-hi-ex-schaumstoff-hochexpansiver-schaumstoff\/\" \/>\n<meta property=\"og:site_name\" content=\"Perimeter Solutions\" \/>\n<meta property=\"article:modified_time\" content=\"2024-08-14T19:45:45+00:00\" \/>\n<meta name=\"twitter:card\" content=\"summary_large_image\" \/>\n<meta name=\"twitter:label1\" content=\"Gesch\u00e4tzte Lesezeit\" \/>\n\t<meta name=\"twitter:data1\" content=\"1\u00a0Minute\" \/>\n<script type=\"application\/ld+json\" class=\"yoast-schema-graph\">{\"@context\":\"https:\/\/schema.org\",\"@graph\":[{\"@type\":\"WebPage\",\"@id\":\"https:\/\/www.perimeter-solutions.com\/de\/product\/solberg-hi-ex-schaumstoff-hochexpansiver-schaumstoff\/\",\"url\":\"https:\/\/www.perimeter-solutions.com\/de\/product\/solberg-hi-ex-schaumstoff-hochexpansiver-schaumstoff\/\",\"name\":\"SOLBERG\u00ae HI-EX SCHAUMSTOFF HOCHEXPANSIVER SCHAUMSTOFF - Perimeter Solutions\",\"isPartOf\":{\"@id\":\"https:\/\/www.perimeter-solutions.com\/de\/#website\"},\"primaryImageOfPage\":{\"@id\":\"https:\/\/www.perimeter-solutions.com\/de\/product\/solberg-hi-ex-schaumstoff-hochexpansiver-schaumstoff\/#primaryimage\"},\"image\":{\"@id\":\"https:\/\/www.perimeter-solutions.com\/de\/product\/solberg-hi-ex-schaumstoff-hochexpansiver-schaumstoff\/#primaryimage\"},\"thumbnailUrl\":\"https:\/\/www.perimeter-solutions.com\/wp-content\/uploads\/2024\/06\/SOLBERG-HI-EX-1-2-pdf.jpg\",\"datePublished\":\"2024-06-28T17:37:16+00:00\",\"dateModified\":\"2024-08-14T19:45:45+00:00\",\"breadcrumb\":{\"@id\":\"https:\/\/www.perimeter-solutions.com\/de\/product\/solberg-hi-ex-schaumstoff-hochexpansiver-schaumstoff\/#breadcrumb\"},\"inLanguage\":\"de\",\"potentialAction\":[{\"@type\":\"ReadAction\",\"target\":[\"https:\/\/www.perimeter-solutions.com\/de\/product\/solberg-hi-ex-schaumstoff-hochexpansiver-schaumstoff\/\"]}]},{\"@type\":\"ImageObject\",\"inLanguage\":\"de\",\"@id\":\"https:\/\/www.perimeter-solutions.com\/de\/product\/solberg-hi-ex-schaumstoff-hochexpansiver-schaumstoff\/#primaryimage\",\"url\":\"https:\/\/www.perimeter-solutions.com\/wp-content\/uploads\/2024\/06\/SOLBERG-HI-EX-1-2-pdf.jpg\",\"contentUrl\":\"https:\/\/www.perimeter-solutions.com\/wp-content\/uploads\/2024\/06\/SOLBERG-HI-EX-1-2-pdf.jpg\"},{\"@type\":\"BreadcrumbList\",\"@id\":\"https:\/\/www.perimeter-solutions.com\/de\/product\/solberg-hi-ex-schaumstoff-hochexpansiver-schaumstoff\/#breadcrumb\",\"itemListElement\":[{\"@type\":\"ListItem\",\"position\":1,\"name\":\"Produktkatalog\",\"item\":\"https:\/\/www.perimeter-solutions.com\/de\/produktkatalog\/\"},{\"@type\":\"ListItem\",\"position\":2,\"name\":\"SOLBERG\u00ae HI-EX SCHAUMSTOFF HOCHEXPANSIVER SCHAUMSTOFF\"}]},{\"@type\":\"WebSite\",\"@id\":\"https:\/\/www.perimeter-solutions.com\/de\/#website\",\"url\":\"https:\/\/www.perimeter-solutions.com\/de\/\",\"name\":\"Perimeter Solutions\",\"description\":\"\",\"publisher\":{\"@id\":\"https:\/\/www.perimeter-solutions.com\/de\/#organization\"},\"potentialAction\":[{\"@type\":\"SearchAction\",\"target\":{\"@type\":\"EntryPoint\",\"urlTemplate\":\"https:\/\/www.perimeter-solutions.com\/de\/?s={search_term_string}\"},\"query-input\":{\"@type\":\"PropertyValueSpecification\",\"valueRequired\":true,\"valueName\":\"search_term_string\"}}],\"inLanguage\":\"de\"},{\"@type\":\"Organization\",\"@id\":\"https:\/\/www.perimeter-solutions.com\/de\/#organization\",\"name\":\"Perimeter Solutions\",\"url\":\"https:\/\/www.perimeter-solutions.com\/de\/\",\"logo\":{\"@type\":\"ImageObject\",\"inLanguage\":\"de\",\"@id\":\"https:\/\/www.perimeter-solutions.com\/de\/#\/schema\/logo\/image\/\",\"url\":\"https:\/\/www.perimeter-solutions.com\/wp-content\/uploads\/2021\/02\/perimeter-logo-RGB.png\",\"contentUrl\":\"https:\/\/www.perimeter-solutions.com\/wp-content\/uploads\/2021\/02\/perimeter-logo-RGB.png\",\"width\":794,\"height\":138,\"caption\":\"Perimeter Solutions\"},\"image\":{\"@id\":\"https:\/\/www.perimeter-solutions.com\/de\/#\/schema\/logo\/image\/\"}}]}<\/script>\n<!-- \/ Yoast SEO Premium plugin. -->","yoast_head_json":{"title":"SOLBERG\u00ae HI-EX SCHAUMSTOFF HOCHEXPANSIVER SCHAUMSTOFF - Perimeter Solutions","robots":{"index":"index","follow":"follow","max-snippet":"max-snippet:-1","max-image-preview":"max-image-preview:large","max-video-preview":"max-video-preview:-1"},"canonical":"https:\/\/www.perimeter-solutions.com\/de\/product\/solberg-hi-ex-schaumstoff-hochexpansiver-schaumstoff\/","og_locale":"de_DE","og_type":"article","og_title":"SOLBERG\u00ae HI-EX SCHAUMSTOFF HOCHEXPANSIVER SCHAUMSTOFF","og_description":"SOLBERG\u00ae HI-EX FOAM ist ein synthetischer Schaumbildner, der unter anderem eine Mischung aus oberfl\u00e4chenaktiven Stoffen auf Kohlenwasserstoffbasis enth\u00e4lt. Es handelt sich um eine Schaumfl\u00fcssigkeit vom Typ synthetisches Reinigungsmittel, die speziell [&hellip;]","og_url":"https:\/\/www.perimeter-solutions.com\/de\/product\/solberg-hi-ex-schaumstoff-hochexpansiver-schaumstoff\/","og_site_name":"Perimeter Solutions","article_modified_time":"2024-08-14T19:45:45+00:00","twitter_card":"summary_large_image","twitter_misc":{"Gesch\u00e4tzte Lesezeit":"1\u00a0Minute"},"schema":{"@context":"https:\/\/schema.org","@graph":[{"@type":"WebPage","@id":"https:\/\/www.perimeter-solutions.com\/de\/product\/solberg-hi-ex-schaumstoff-hochexpansiver-schaumstoff\/","url":"https:\/\/www.perimeter-solutions.com\/de\/product\/solberg-hi-ex-schaumstoff-hochexpansiver-schaumstoff\/","name":"SOLBERG\u00ae HI-EX SCHAUMSTOFF HOCHEXPANSIVER SCHAUMSTOFF - Perimeter Solutions","isPartOf":{"@id":"https:\/\/www.perimeter-solutions.com\/de\/#website"},"primaryImageOfPage":{"@id":"https:\/\/www.perimeter-solutions.com\/de\/product\/solberg-hi-ex-schaumstoff-hochexpansiver-schaumstoff\/#primaryimage"},"image":{"@id":"https:\/\/www.perimeter-solutions.com\/de\/product\/solberg-hi-ex-schaumstoff-hochexpansiver-schaumstoff\/#primaryimage"},"thumbnailUrl":"https:\/\/www.perimeter-solutions.com\/wp-content\/uploads\/2024\/06\/SOLBERG-HI-EX-1-2-pdf.jpg","datePublished":"2024-06-28T17:37:16+00:00","dateModified":"2024-08-14T19:45:45+00:00","breadcrumb":{"@id":"https:\/\/www.perimeter-solutions.com\/de\/product\/solberg-hi-ex-schaumstoff-hochexpansiver-schaumstoff\/#breadcrumb"},"inLanguage":"de","potentialAction":[{"@type":"ReadAction","target":["https:\/\/www.perimeter-solutions.com\/de\/product\/solberg-hi-ex-schaumstoff-hochexpansiver-schaumstoff\/"]}]},{"@type":"ImageObject","inLanguage":"de","@id":"https:\/\/www.perimeter-solutions.com\/de\/product\/solberg-hi-ex-schaumstoff-hochexpansiver-schaumstoff\/#primaryimage","url":"https:\/\/www.perimeter-solutions.com\/wp-content\/uploads\/2024\/06\/SOLBERG-HI-EX-1-2-pdf.jpg","contentUrl":"https:\/\/www.perimeter-solutions.com\/wp-content\/uploads\/2024\/06\/SOLBERG-HI-EX-1-2-pdf.jpg"},{"@type":"BreadcrumbList","@id":"https:\/\/www.perimeter-solutions.com\/de\/product\/solberg-hi-ex-schaumstoff-hochexpansiver-schaumstoff\/#breadcrumb","itemListElement":[{"@type":"ListItem","position":1,"name":"Produktkatalog","item":"https:\/\/www.perimeter-solutions.com\/de\/produktkatalog\/"},{"@type":"ListItem","position":2,"name":"SOLBERG\u00ae HI-EX SCHAUMSTOFF HOCHEXPANSIVER SCHAUMSTOFF"}]},{"@type":"WebSite","@id":"https:\/\/www.perimeter-solutions.com\/de\/#website","url":"https:\/\/www.perimeter-solutions.com\/de\/","name":"Perimeter Solutions","description":"","publisher":{"@id":"https:\/\/www.perimeter-solutions.com\/de\/#organization"},"potentialAction":[{"@type":"SearchAction","target":{"@type":"EntryPoint","urlTemplate":"https:\/\/www.perimeter-solutions.com\/de\/?s={search_term_string}"},"query-input":{"@type":"PropertyValueSpecification","valueRequired":true,"valueName":"search_term_string"}}],"inLanguage":"de"},{"@type":"Organization","@id":"https:\/\/www.perimeter-solutions.com\/de\/#organization","name":"Perimeter Solutions","url":"https:\/\/www.perimeter-solutions.com\/de\/","logo":{"@type":"ImageObject","inLanguage":"de","@id":"https:\/\/www.perimeter-solutions.com\/de\/#\/schema\/logo\/image\/","url":"https:\/\/www.perimeter-solutions.com\/wp-content\/uploads\/2021\/02\/perimeter-logo-RGB.png","contentUrl":"https:\/\/www.perimeter-solutions.com\/wp-content\/uploads\/2021\/02\/perimeter-logo-RGB.png","width":794,"height":138,"caption":"Perimeter Solutions"},"image":{"@id":"https:\/\/www.perimeter-solutions.com\/de\/#\/schema\/logo\/image\/"}}]}},"_links":{"self":[{"href":"https:\/\/www.perimeter-solutions.com\/de\/wp-json\/wp\/v2\/product\/42250","targetHints":{"allow":["GET"]}}],"collection":[{"href":"https:\/\/www.perimeter-solutions.com\/de\/wp-json\/wp\/v2\/product"}],"about":[{"href":"https:\/\/www.perimeter-solutions.com\/de\/wp-json\/wp\/v2\/types\/product"}],"wp:featuredmedia":[{"embeddable":true,"href":"https:\/\/www.perimeter-solutions.com\/de\/wp-json\/wp\/v2\/media\/42252"}],"wp:attachment":[{"href":"https:\/\/www.perimeter-solutions.com\/de\/wp-json\/wp\/v2\/media?parent=42250"}],"wp:term":[{"taxonomy":"product_cat","embeddable":true,"href":"https:\/\/www.perimeter-solutions.com\/de\/wp-json\/wp\/v2\/product_cat?post=42250"},{"taxonomy":"product_tag","embeddable":true,"href":"https:\/\/www.perimeter-solutions.com\/de\/wp-json\/wp\/v2\/product_tag?post=42250"}],"curies":[{"name":"wp","href":"https:\/\/api.w.org\/{rel}","templated":true}]}}