{"id":42243,"date":"2024-06-28T12:04:00","date_gmt":"2024-06-28T16:04:00","guid":{"rendered":"https:\/\/www.perimeter-solutions.com\/product\/phos-chek-6-afff-mil-spec\/"},"modified":"2024-08-14T15:25:56","modified_gmt":"2024-08-14T19:25:56","slug":"phos-chek-6-afff-mil-spec-2","status":"publish","type":"product","link":"https:\/\/www.perimeter-solutions.com\/de\/product\/phos-chek-6-afff-mil-spec-2\/","title":{"rendered":"PHOS-CHEK 6% AFFF MIL-SPEC"},"content":{"rendered":"<div>\n<p><strong>PHOS-CHEK<sup>\u00ae<\/sup> 6% AFFF MIL-SPEC<\/strong> Schaummittelkonzentrat ist ein C6-basiertes Produkt auf der Qualified Product Database (QPD) \u2013 Qualified Products List (QPL) des Verteidigungsministeriums. Die h\u00e4ufigste Verwendung f\u00fcr 6% AFFF MIL-SPEC-Schaum ist die US Navy. Das MIL-SPEC-Testprotokoll (DOD MIL-PRF-24385) ist das strengste Testprogramm f\u00fcr Schaummittel. Die Sch\u00e4ume m\u00fcssen mehrere Brandtests bestehen und die Leistung best\u00e4tigen, wenn sie sowohl mit S\u00fc\u00df- als auch mit Meerwasser verd\u00fcnnt werden. Die Brandleistung wird sowohl bei 2,6 m2 als auch bei 4,6 m2 bleifreiem Benzin-Poolbr\u00e4nden bei halber St\u00e4rke und f\u00fcnffacher Konzentration best\u00e4tigt. Weitere Anforderungen sind Spezifikationen zu chemischen und physikalischen Eigenschaften, Schaumqualit\u00e4t (Expansions- und Abtropfzeit), Filmbildung und Dichtigkeitstests. Das MIL-SPEC-Testprotokoll erfordert auch eine Bestimmung der Umweltauswirkungen auf der Grundlage von Studien zur biologischen Abbaubarkeit wie dem biologischen Sauerstoffbedarf (BSB), dem chemischen Sauerstoffbedarf (CSB) und der aquatischen Toxizit\u00e4t.<\/p>\n<p><strong>ZERTIFIZIERUNGEN: <\/strong>DOD MIL-PRF-24385.<\/p>\n<\/div>\n<h4>Verf\u00fcgbare Optionen<\/h4>\n","protected":false},"excerpt":{"rendered":"<p>PHOS-CHEK\u00ae 6% AFFF MIL-SPEC Schaummittelkonzentrat ist ein C6-basiertes Produkt auf der Qualified Product Database (QPD) \u2013 Qualified Products List (QPL) des Verteidigungsministeriums. Die h\u00e4ufigste Verwendung f\u00fcr 6% AFFF MIL-SPEC-Schaum ist [&hellip;]<\/p>\n","protected":false},"featured_media":42245,"template":"","meta":{"_acf_changed":false},"product_cat":[201,187],"product_tag":[229,231,218,235,249,239],"class_list":{"0":"post-42243","1":"product","2":"type-product","3":"status-publish","4":"has-post-thumbnail","6":"product_cat-class-b-fluorinated-de","7":"product_cat-class-b-de","8":"product_tag-icao-de","9":"product_tag-industriell","10":"product_tag-luftfahrt","11":"product_tag-mil-spec-de","12":"product_tag-militar-dod","13":"product_tag-phos-chek-de","15":"first","16":"instock","17":"shipping-taxable","18":"purchasable","19":"product-type-simple"},"acf":[],"yoast_head":"<!-- This site is optimized with the Yoast SEO Premium plugin v21.9 (Yoast SEO v23.5) - https:\/\/yoast.com\/wordpress\/plugins\/seo\/ -->\n<title>PHOS-CHEK 6% AFFF MIL-SPEC - Perimeter Solutions<\/title>\n<meta name=\"robots\" content=\"index, follow, max-snippet:-1, max-image-preview:large, max-video-preview:-1\" \/>\n<link rel=\"canonical\" href=\"https:\/\/www.perimeter-solutions.com\/de\/product\/phos-chek-6-afff-mil-spec-2\/\" \/>\n<meta property=\"og:locale\" content=\"de_DE\" \/>\n<meta property=\"og:type\" content=\"article\" \/>\n<meta property=\"og:title\" content=\"PHOS-CHEK 6% AFFF MIL-SPEC\" \/>\n<meta property=\"og:description\" content=\"PHOS-CHEK\u00ae 6% AFFF MIL-SPEC Schaummittelkonzentrat ist ein C6-basiertes Produkt auf der Qualified Product Database (QPD) \u2013 Qualified Products List (QPL) des Verteidigungsministeriums. Die h\u00e4ufigste Verwendung f\u00fcr 6% AFFF MIL-SPEC-Schaum ist [&hellip;]\" \/>\n<meta property=\"og:url\" content=\"https:\/\/www.perimeter-solutions.com\/de\/product\/phos-chek-6-afff-mil-spec-2\/\" \/>\n<meta property=\"og:site_name\" content=\"Perimeter Solutions\" \/>\n<meta property=\"article:modified_time\" content=\"2024-08-14T19:25:56+00:00\" \/>\n<meta name=\"twitter:card\" content=\"summary_large_image\" \/>\n<meta name=\"twitter:label1\" content=\"Gesch\u00e4tzte Lesezeit\" \/>\n\t<meta name=\"twitter:data1\" content=\"1\u00a0Minute\" \/>\n<script type=\"application\/ld+json\" class=\"yoast-schema-graph\">{\"@context\":\"https:\/\/schema.org\",\"@graph\":[{\"@type\":\"WebPage\",\"@id\":\"https:\/\/www.perimeter-solutions.com\/de\/product\/phos-chek-6-afff-mil-spec-2\/\",\"url\":\"https:\/\/www.perimeter-solutions.com\/de\/product\/phos-chek-6-afff-mil-spec-2\/\",\"name\":\"PHOS-CHEK 6% AFFF MIL-SPEC - Perimeter Solutions\",\"isPartOf\":{\"@id\":\"https:\/\/www.perimeter-solutions.com\/de\/#website\"},\"primaryImageOfPage\":{\"@id\":\"https:\/\/www.perimeter-solutions.com\/de\/product\/phos-chek-6-afff-mil-spec-2\/#primaryimage\"},\"image\":{\"@id\":\"https:\/\/www.perimeter-solutions.com\/de\/product\/phos-chek-6-afff-mil-spec-2\/#primaryimage\"},\"thumbnailUrl\":\"https:\/\/www.perimeter-solutions.com\/wp-content\/uploads\/2024\/06\/PC-6-AFFF-MIL-SPEC-PCC-2019034-4NL-1-pdf.jpg\",\"datePublished\":\"2024-06-28T16:04:00+00:00\",\"dateModified\":\"2024-08-14T19:25:56+00:00\",\"breadcrumb\":{\"@id\":\"https:\/\/www.perimeter-solutions.com\/de\/product\/phos-chek-6-afff-mil-spec-2\/#breadcrumb\"},\"inLanguage\":\"de\",\"potentialAction\":[{\"@type\":\"ReadAction\",\"target\":[\"https:\/\/www.perimeter-solutions.com\/de\/product\/phos-chek-6-afff-mil-spec-2\/\"]}]},{\"@type\":\"ImageObject\",\"inLanguage\":\"de\",\"@id\":\"https:\/\/www.perimeter-solutions.com\/de\/product\/phos-chek-6-afff-mil-spec-2\/#primaryimage\",\"url\":\"https:\/\/www.perimeter-solutions.com\/wp-content\/uploads\/2024\/06\/PC-6-AFFF-MIL-SPEC-PCC-2019034-4NL-1-pdf.jpg\",\"contentUrl\":\"https:\/\/www.perimeter-solutions.com\/wp-content\/uploads\/2024\/06\/PC-6-AFFF-MIL-SPEC-PCC-2019034-4NL-1-pdf.jpg\"},{\"@type\":\"BreadcrumbList\",\"@id\":\"https:\/\/www.perimeter-solutions.com\/de\/product\/phos-chek-6-afff-mil-spec-2\/#breadcrumb\",\"itemListElement\":[{\"@type\":\"ListItem\",\"position\":1,\"name\":\"Produktkatalog\",\"item\":\"https:\/\/www.perimeter-solutions.com\/de\/produktkatalog\/\"},{\"@type\":\"ListItem\",\"position\":2,\"name\":\"PHOS-CHEK 6% AFFF MIL-SPEC\"}]},{\"@type\":\"WebSite\",\"@id\":\"https:\/\/www.perimeter-solutions.com\/de\/#website\",\"url\":\"https:\/\/www.perimeter-solutions.com\/de\/\",\"name\":\"Perimeter Solutions\",\"description\":\"\",\"publisher\":{\"@id\":\"https:\/\/www.perimeter-solutions.com\/de\/#organization\"},\"potentialAction\":[{\"@type\":\"SearchAction\",\"target\":{\"@type\":\"EntryPoint\",\"urlTemplate\":\"https:\/\/www.perimeter-solutions.com\/de\/?s={search_term_string}\"},\"query-input\":{\"@type\":\"PropertyValueSpecification\",\"valueRequired\":true,\"valueName\":\"search_term_string\"}}],\"inLanguage\":\"de\"},{\"@type\":\"Organization\",\"@id\":\"https:\/\/www.perimeter-solutions.com\/de\/#organization\",\"name\":\"Perimeter Solutions\",\"url\":\"https:\/\/www.perimeter-solutions.com\/de\/\",\"logo\":{\"@type\":\"ImageObject\",\"inLanguage\":\"de\",\"@id\":\"https:\/\/www.perimeter-solutions.com\/de\/#\/schema\/logo\/image\/\",\"url\":\"https:\/\/www.perimeter-solutions.com\/wp-content\/uploads\/2021\/02\/perimeter-logo-RGB.png\",\"contentUrl\":\"https:\/\/www.perimeter-solutions.com\/wp-content\/uploads\/2021\/02\/perimeter-logo-RGB.png\",\"width\":794,\"height\":138,\"caption\":\"Perimeter Solutions\"},\"image\":{\"@id\":\"https:\/\/www.perimeter-solutions.com\/de\/#\/schema\/logo\/image\/\"}}]}<\/script>\n<!-- \/ Yoast SEO Premium plugin. -->","yoast_head_json":{"title":"PHOS-CHEK 6% AFFF MIL-SPEC - Perimeter Solutions","robots":{"index":"index","follow":"follow","max-snippet":"max-snippet:-1","max-image-preview":"max-image-preview:large","max-video-preview":"max-video-preview:-1"},"canonical":"https:\/\/www.perimeter-solutions.com\/de\/product\/phos-chek-6-afff-mil-spec-2\/","og_locale":"de_DE","og_type":"article","og_title":"PHOS-CHEK 6% AFFF MIL-SPEC","og_description":"PHOS-CHEK\u00ae 6% AFFF MIL-SPEC Schaummittelkonzentrat ist ein C6-basiertes Produkt auf der Qualified Product Database (QPD) \u2013 Qualified Products List (QPL) des Verteidigungsministeriums. Die h\u00e4ufigste Verwendung f\u00fcr 6% AFFF MIL-SPEC-Schaum ist [&hellip;]","og_url":"https:\/\/www.perimeter-solutions.com\/de\/product\/phos-chek-6-afff-mil-spec-2\/","og_site_name":"Perimeter Solutions","article_modified_time":"2024-08-14T19:25:56+00:00","twitter_card":"summary_large_image","twitter_misc":{"Gesch\u00e4tzte Lesezeit":"1\u00a0Minute"},"schema":{"@context":"https:\/\/schema.org","@graph":[{"@type":"WebPage","@id":"https:\/\/www.perimeter-solutions.com\/de\/product\/phos-chek-6-afff-mil-spec-2\/","url":"https:\/\/www.perimeter-solutions.com\/de\/product\/phos-chek-6-afff-mil-spec-2\/","name":"PHOS-CHEK 6% AFFF MIL-SPEC - Perimeter Solutions","isPartOf":{"@id":"https:\/\/www.perimeter-solutions.com\/de\/#website"},"primaryImageOfPage":{"@id":"https:\/\/www.perimeter-solutions.com\/de\/product\/phos-chek-6-afff-mil-spec-2\/#primaryimage"},"image":{"@id":"https:\/\/www.perimeter-solutions.com\/de\/product\/phos-chek-6-afff-mil-spec-2\/#primaryimage"},"thumbnailUrl":"https:\/\/www.perimeter-solutions.com\/wp-content\/uploads\/2024\/06\/PC-6-AFFF-MIL-SPEC-PCC-2019034-4NL-1-pdf.jpg","datePublished":"2024-06-28T16:04:00+00:00","dateModified":"2024-08-14T19:25:56+00:00","breadcrumb":{"@id":"https:\/\/www.perimeter-solutions.com\/de\/product\/phos-chek-6-afff-mil-spec-2\/#breadcrumb"},"inLanguage":"de","potentialAction":[{"@type":"ReadAction","target":["https:\/\/www.perimeter-solutions.com\/de\/product\/phos-chek-6-afff-mil-spec-2\/"]}]},{"@type":"ImageObject","inLanguage":"de","@id":"https:\/\/www.perimeter-solutions.com\/de\/product\/phos-chek-6-afff-mil-spec-2\/#primaryimage","url":"https:\/\/www.perimeter-solutions.com\/wp-content\/uploads\/2024\/06\/PC-6-AFFF-MIL-SPEC-PCC-2019034-4NL-1-pdf.jpg","contentUrl":"https:\/\/www.perimeter-solutions.com\/wp-content\/uploads\/2024\/06\/PC-6-AFFF-MIL-SPEC-PCC-2019034-4NL-1-pdf.jpg"},{"@type":"BreadcrumbList","@id":"https:\/\/www.perimeter-solutions.com\/de\/product\/phos-chek-6-afff-mil-spec-2\/#breadcrumb","itemListElement":[{"@type":"ListItem","position":1,"name":"Produktkatalog","item":"https:\/\/www.perimeter-solutions.com\/de\/produktkatalog\/"},{"@type":"ListItem","position":2,"name":"PHOS-CHEK 6% AFFF MIL-SPEC"}]},{"@type":"WebSite","@id":"https:\/\/www.perimeter-solutions.com\/de\/#website","url":"https:\/\/www.perimeter-solutions.com\/de\/","name":"Perimeter Solutions","description":"","publisher":{"@id":"https:\/\/www.perimeter-solutions.com\/de\/#organization"},"potentialAction":[{"@type":"SearchAction","target":{"@type":"EntryPoint","urlTemplate":"https:\/\/www.perimeter-solutions.com\/de\/?s={search_term_string}"},"query-input":{"@type":"PropertyValueSpecification","valueRequired":true,"valueName":"search_term_string"}}],"inLanguage":"de"},{"@type":"Organization","@id":"https:\/\/www.perimeter-solutions.com\/de\/#organization","name":"Perimeter Solutions","url":"https:\/\/www.perimeter-solutions.com\/de\/","logo":{"@type":"ImageObject","inLanguage":"de","@id":"https:\/\/www.perimeter-solutions.com\/de\/#\/schema\/logo\/image\/","url":"https:\/\/www.perimeter-solutions.com\/wp-content\/uploads\/2021\/02\/perimeter-logo-RGB.png","contentUrl":"https:\/\/www.perimeter-solutions.com\/wp-content\/uploads\/2021\/02\/perimeter-logo-RGB.png","width":794,"height":138,"caption":"Perimeter Solutions"},"image":{"@id":"https:\/\/www.perimeter-solutions.com\/de\/#\/schema\/logo\/image\/"}}]}},"_links":{"self":[{"href":"https:\/\/www.perimeter-solutions.com\/de\/wp-json\/wp\/v2\/product\/42243","targetHints":{"allow":["GET"]}}],"collection":[{"href":"https:\/\/www.perimeter-solutions.com\/de\/wp-json\/wp\/v2\/product"}],"about":[{"href":"https:\/\/www.perimeter-solutions.com\/de\/wp-json\/wp\/v2\/types\/product"}],"wp:featuredmedia":[{"embeddable":true,"href":"https:\/\/www.perimeter-solutions.com\/de\/wp-json\/wp\/v2\/media\/42245"}],"wp:attachment":[{"href":"https:\/\/www.perimeter-solutions.com\/de\/wp-json\/wp\/v2\/media?parent=42243"}],"wp:term":[{"taxonomy":"product_cat","embeddable":true,"href":"https:\/\/www.perimeter-solutions.com\/de\/wp-json\/wp\/v2\/product_cat?post=42243"},{"taxonomy":"product_tag","embeddable":true,"href":"https:\/\/www.perimeter-solutions.com\/de\/wp-json\/wp\/v2\/product_tag?post=42243"}],"curies":[{"name":"wp","href":"https:\/\/api.w.org\/{rel}","templated":true}]}}