{"id":42235,"date":"2024-06-28T12:00:33","date_gmt":"2024-06-28T16:00:33","guid":{"rendered":"https:\/\/www.perimeter-solutions.com\/product\/aquafilm-af-1u-afff-schaumstoffkonzentrat-1\/"},"modified":"2024-08-14T15:15:33","modified_gmt":"2024-08-14T19:15:33","slug":"aquafilm-af-1u-afff-schaumstoffkonzentrat-1","status":"publish","type":"product","link":"https:\/\/www.perimeter-solutions.com\/de\/product\/aquafilm-af-1u-afff-schaumstoffkonzentrat-1\/","title":{"rendered":"AQUAFILM\u2122 AF-1U AFFF SCHAUMSTOFFKONZENTRAT (1%)"},"content":{"rendered":"<p><span style=\"color: #000000;\"><strong>AQUAFILM\u2122 AF-1U<\/strong> wurde speziell f\u00fcr die Bek\u00e4mpfung aller Arten von Br\u00e4nden der Klasse B (Kohlenwasserstoff) sowie von Br\u00e4nden der Klasse A entwickelt. Seine hervorragenden AFFF-Eigenschaften verleihen diesem Produkt eine effektive und schnelle Brandbek\u00e4mpfung bei der Bek\u00e4mpfung nicht mischbarer brennbarer Fl\u00fcssigkeiten.<\/span><\/p>\n<p><span style=\"color: #000000;\">AQUAFILM AF-1U verwendet ausgew\u00e4hlte fluorierte und kohlenwasserstoffhaltige Tenside, die eine gute Bildung eines w\u00e4ssrigen Films auf der Oberfl\u00e4che der meisten kohlenwasserstoffhaltigen Kraftstoffe erm\u00f6glichen, Dampflecks unterdr\u00fccken und den Kontakt mit Sauerstoff verhindern, w\u00e4hrend sie eine hervorragende Abdichtung auf hei\u00dfen Oberfl\u00e4chen bieten. Seine Formulierung erm\u00f6glicht eine hervorragende \u00d6labweisung, Flie\u00dff\u00e4higkeit und R\u00fcckbrandfestigkeit. AQUAFILM AF-1U ist ein perfektes Werkzeug zur Brandbek\u00e4mpfung in Lagertanks, B\u00fcndeln, Prozessbereichen, Verladerampen, Kraftwerken, Flugh\u00e4fen oder Schiffsterminals.<\/span><\/p>\n<p><span style=\"color: #000000;\">AQUAFILM AF-1U ist f\u00fcr die Verwendung mit Schwerschaumger\u00e4ten (D\u00fcsen, Monitore, Schaumkammern usw.), nicht sch\u00e4umenden Ger\u00e4ten (Wasserspr\u00fchd\u00fcsen und Standardsprinkler) und Mittelschaumzweigen konzipiert.<\/span><\/p>\n<p><span style=\"color: #000000;\">Die Verd\u00fcnnungsrate von AQUAFILM AF-1U betr\u00e4gt 1% in S\u00fc\u00df- oder Meerwasser (1% Schaumkonzentrat + 99% Wasser). Es kann mit Standardger\u00e4ten (Inline-Induktoren, Blasentanks, Gleichdrucksystemen usw.) und speziellen Ger\u00e4ten f\u00fcr AFFF-Wirkstoffe (z. B. Hydrofoam-D\u00fcsen) dosiert werden.<\/span><\/p>\n<p><span style=\"color: #000000;\">AQUAFILM AF-1U ist in hohem Ma\u00dfe biologisch abbaubar und wird gem\u00e4\u00df &#8220;C6-Fluorverbindungen&#8221; hergestellt, die das EPA PFOA Stewardship Program 2010\/2015 erf\u00fcllen.<\/span><\/p>\n<p><span style=\"color: #000000;\"><strong>ZERTIFIZIERUNGEN: <\/strong><strong>EN-1568-3:2008 (Klasse 1B mit S\u00fc\u00dfwasser und Klasse 1A mit Meerwasser)<\/strong>. Das Produkt besteht das <strong>LASTFIRE-Protokoll <\/strong>f\u00fcr die L\u00f6schung von Kohlenwasserstoffen in Tanks, mit den 3 Tests: halb angesaugt, angesaugt und Systemd\u00fcsen auf S\u00fc\u00dfwasser (G\/G\/G) und Meerwasser (A\/A\/G).<\/span><\/p>\n<h4>Verf\u00fcgbare Optionen<\/h4>\n","protected":false},"excerpt":{"rendered":"<p>AQUAFILM\u2122 AF-1U wurde speziell f\u00fcr die Bek\u00e4mpfung aller Arten von Br\u00e4nden der Klasse B (Kohlenwasserstoff) sowie von Br\u00e4nden der Klasse A entwickelt. Seine hervorragenden AFFF-Eigenschaften verleihen diesem Produkt eine effektive [&hellip;]<\/p>\n","protected":false},"featured_media":42237,"template":"","meta":{"_acf_changed":false},"product_cat":[201,187],"product_tag":[213,221,229,231,251,218,249,247,243],"class_list":{"0":"post-42235","1":"product","2":"type-product","3":"status-publish","4":"has-post-thumbnail","6":"product_cat-class-b-fluorinated-de","7":"product_cat-class-b-de","8":"product_tag-auxquimia-de","9":"product_tag-en-1568-de","10":"product_tag-icao-de","11":"product_tag-industriell","12":"product_tag-kommunal","13":"product_tag-luftfahrt","14":"product_tag-militar-dod","15":"product_tag-ol-und-gas","16":"product_tag-ul-162","18":"first","19":"instock","20":"shipping-taxable","21":"purchasable","22":"product-type-simple"},"acf":[],"yoast_head":"<!-- This site is optimized with the Yoast SEO Premium plugin v21.9 (Yoast SEO v23.5) - https:\/\/yoast.com\/wordpress\/plugins\/seo\/ -->\n<title>AQUAFILM\u2122 AF-1U AFFF SCHAUMSTOFFKONZENTRAT (1%) - Perimeter Solutions<\/title>\n<meta name=\"description\" content=\"AQUAFILM\u2122 AF-1U wurde speziell f\u00fcr die Bek\u00e4mpfung aller Arten von Br\u00e4nden der Klasse B (Kohlenwasserstoff) sowie von Br\u00e4nden der Klasse A entwickelt. Seine hervorragenden AFFF-Eigenschaften verleihen diesem Produkt eine effektive und schnelle Brandbek\u00e4mpfung bei der Bek\u00e4mpfung nicht mischbarer brennbarer Fl\u00fcssigkeiten.\" \/>\n<meta name=\"robots\" content=\"index, follow, max-snippet:-1, max-image-preview:large, max-video-preview:-1\" \/>\n<link rel=\"canonical\" href=\"https:\/\/www.perimeter-solutions.com\/de\/product\/aquafilm-af-1u-afff-schaumstoffkonzentrat-1\/\" \/>\n<meta property=\"og:locale\" content=\"de_DE\" \/>\n<meta property=\"og:type\" content=\"article\" \/>\n<meta property=\"og:title\" content=\"AQUAFILM\u2122 AF-1U AFFF SCHAUMSTOFFKONZENTRAT (1%)\" \/>\n<meta property=\"og:description\" content=\"AQUAFILM\u2122 AF-1U wurde speziell f\u00fcr die Bek\u00e4mpfung aller Arten von Br\u00e4nden der Klasse B (Kohlenwasserstoff) sowie von Br\u00e4nden der Klasse A entwickelt. Seine hervorragenden AFFF-Eigenschaften verleihen diesem Produkt eine effektive und schnelle Brandbek\u00e4mpfung bei der Bek\u00e4mpfung nicht mischbarer brennbarer Fl\u00fcssigkeiten.\" \/>\n<meta property=\"og:url\" content=\"https:\/\/www.perimeter-solutions.com\/de\/product\/aquafilm-af-1u-afff-schaumstoffkonzentrat-1\/\" \/>\n<meta property=\"og:site_name\" content=\"Perimeter Solutions\" \/>\n<meta property=\"article:modified_time\" content=\"2024-08-14T19:15:33+00:00\" \/>\n<meta property=\"og:image\" content=\"https:\/\/www.perimeter-solutions.com\/wp-content\/uploads\/2024\/06\/AUXQUIMIA_AQUAFILM_AF-1U_EN_Page_1.jpg\" \/>\n\t<meta property=\"og:image:width\" content=\"1275\" \/>\n\t<meta property=\"og:image:height\" content=\"1639\" \/>\n\t<meta property=\"og:image:type\" content=\"image\/jpeg\" \/>\n<meta name=\"twitter:card\" content=\"summary_large_image\" \/>\n<meta name=\"twitter:label1\" content=\"Gesch\u00e4tzte Lesezeit\" \/>\n\t<meta name=\"twitter:data1\" content=\"2\u00a0Minuten\" \/>\n<script type=\"application\/ld+json\" class=\"yoast-schema-graph\">{\"@context\":\"https:\/\/schema.org\",\"@graph\":[{\"@type\":\"WebPage\",\"@id\":\"https:\/\/www.perimeter-solutions.com\/de\/product\/aquafilm-af-1u-afff-schaumstoffkonzentrat-1\/\",\"url\":\"https:\/\/www.perimeter-solutions.com\/de\/product\/aquafilm-af-1u-afff-schaumstoffkonzentrat-1\/\",\"name\":\"AQUAFILM\u2122 AF-1U AFFF SCHAUMSTOFFKONZENTRAT (1%) - Perimeter Solutions\",\"isPartOf\":{\"@id\":\"https:\/\/www.perimeter-solutions.com\/de\/#website\"},\"primaryImageOfPage\":{\"@id\":\"https:\/\/www.perimeter-solutions.com\/de\/product\/aquafilm-af-1u-afff-schaumstoffkonzentrat-1\/#primaryimage\"},\"image\":{\"@id\":\"https:\/\/www.perimeter-solutions.com\/de\/product\/aquafilm-af-1u-afff-schaumstoffkonzentrat-1\/#primaryimage\"},\"thumbnailUrl\":\"https:\/\/www.perimeter-solutions.com\/wp-content\/uploads\/2024\/06\/AUXQUIMIA_AQUAFILM_AF-1U_EN_Page_1.jpg\",\"datePublished\":\"2024-06-28T16:00:33+00:00\",\"dateModified\":\"2024-08-14T19:15:33+00:00\",\"description\":\"AQUAFILM\u2122 AF-1U wurde speziell f\u00fcr die Bek\u00e4mpfung aller Arten von Br\u00e4nden der Klasse B (Kohlenwasserstoff) sowie von Br\u00e4nden der Klasse A entwickelt. Seine hervorragenden AFFF-Eigenschaften verleihen diesem Produkt eine effektive und schnelle Brandbek\u00e4mpfung bei der Bek\u00e4mpfung nicht mischbarer brennbarer Fl\u00fcssigkeiten.\",\"breadcrumb\":{\"@id\":\"https:\/\/www.perimeter-solutions.com\/de\/product\/aquafilm-af-1u-afff-schaumstoffkonzentrat-1\/#breadcrumb\"},\"inLanguage\":\"de\",\"potentialAction\":[{\"@type\":\"ReadAction\",\"target\":[\"https:\/\/www.perimeter-solutions.com\/de\/product\/aquafilm-af-1u-afff-schaumstoffkonzentrat-1\/\"]}]},{\"@type\":\"ImageObject\",\"inLanguage\":\"de\",\"@id\":\"https:\/\/www.perimeter-solutions.com\/de\/product\/aquafilm-af-1u-afff-schaumstoffkonzentrat-1\/#primaryimage\",\"url\":\"https:\/\/www.perimeter-solutions.com\/wp-content\/uploads\/2024\/06\/AUXQUIMIA_AQUAFILM_AF-1U_EN_Page_1.jpg\",\"contentUrl\":\"https:\/\/www.perimeter-solutions.com\/wp-content\/uploads\/2024\/06\/AUXQUIMIA_AQUAFILM_AF-1U_EN_Page_1.jpg\",\"width\":1275,\"height\":1639},{\"@type\":\"BreadcrumbList\",\"@id\":\"https:\/\/www.perimeter-solutions.com\/de\/product\/aquafilm-af-1u-afff-schaumstoffkonzentrat-1\/#breadcrumb\",\"itemListElement\":[{\"@type\":\"ListItem\",\"position\":1,\"name\":\"Produktkatalog\",\"item\":\"https:\/\/www.perimeter-solutions.com\/de\/produktkatalog\/\"},{\"@type\":\"ListItem\",\"position\":2,\"name\":\"AQUAFILM\u2122 AF-1U AFFF SCHAUMSTOFFKONZENTRAT (1%)\"}]},{\"@type\":\"WebSite\",\"@id\":\"https:\/\/www.perimeter-solutions.com\/de\/#website\",\"url\":\"https:\/\/www.perimeter-solutions.com\/de\/\",\"name\":\"Perimeter Solutions\",\"description\":\"\",\"publisher\":{\"@id\":\"https:\/\/www.perimeter-solutions.com\/de\/#organization\"},\"potentialAction\":[{\"@type\":\"SearchAction\",\"target\":{\"@type\":\"EntryPoint\",\"urlTemplate\":\"https:\/\/www.perimeter-solutions.com\/de\/?s={search_term_string}\"},\"query-input\":{\"@type\":\"PropertyValueSpecification\",\"valueRequired\":true,\"valueName\":\"search_term_string\"}}],\"inLanguage\":\"de\"},{\"@type\":\"Organization\",\"@id\":\"https:\/\/www.perimeter-solutions.com\/de\/#organization\",\"name\":\"Perimeter Solutions\",\"url\":\"https:\/\/www.perimeter-solutions.com\/de\/\",\"logo\":{\"@type\":\"ImageObject\",\"inLanguage\":\"de\",\"@id\":\"https:\/\/www.perimeter-solutions.com\/de\/#\/schema\/logo\/image\/\",\"url\":\"https:\/\/www.perimeter-solutions.com\/wp-content\/uploads\/2021\/02\/perimeter-logo-RGB.png\",\"contentUrl\":\"https:\/\/www.perimeter-solutions.com\/wp-content\/uploads\/2021\/02\/perimeter-logo-RGB.png\",\"width\":794,\"height\":138,\"caption\":\"Perimeter Solutions\"},\"image\":{\"@id\":\"https:\/\/www.perimeter-solutions.com\/de\/#\/schema\/logo\/image\/\"}}]}<\/script>\n<!-- \/ Yoast SEO Premium plugin. -->","yoast_head_json":{"title":"AQUAFILM\u2122 AF-1U AFFF SCHAUMSTOFFKONZENTRAT (1%) - Perimeter Solutions","description":"AQUAFILM\u2122 AF-1U wurde speziell f\u00fcr die Bek\u00e4mpfung aller Arten von Br\u00e4nden der Klasse B (Kohlenwasserstoff) sowie von Br\u00e4nden der Klasse A entwickelt. Seine hervorragenden AFFF-Eigenschaften verleihen diesem Produkt eine effektive und schnelle Brandbek\u00e4mpfung bei der Bek\u00e4mpfung nicht mischbarer brennbarer Fl\u00fcssigkeiten.","robots":{"index":"index","follow":"follow","max-snippet":"max-snippet:-1","max-image-preview":"max-image-preview:large","max-video-preview":"max-video-preview:-1"},"canonical":"https:\/\/www.perimeter-solutions.com\/de\/product\/aquafilm-af-1u-afff-schaumstoffkonzentrat-1\/","og_locale":"de_DE","og_type":"article","og_title":"AQUAFILM\u2122 AF-1U AFFF SCHAUMSTOFFKONZENTRAT (1%)","og_description":"AQUAFILM\u2122 AF-1U wurde speziell f\u00fcr die Bek\u00e4mpfung aller Arten von Br\u00e4nden der Klasse B (Kohlenwasserstoff) sowie von Br\u00e4nden der Klasse A entwickelt. Seine hervorragenden AFFF-Eigenschaften verleihen diesem Produkt eine effektive und schnelle Brandbek\u00e4mpfung bei der Bek\u00e4mpfung nicht mischbarer brennbarer Fl\u00fcssigkeiten.","og_url":"https:\/\/www.perimeter-solutions.com\/de\/product\/aquafilm-af-1u-afff-schaumstoffkonzentrat-1\/","og_site_name":"Perimeter Solutions","article_modified_time":"2024-08-14T19:15:33+00:00","og_image":[{"width":1275,"height":1639,"url":"https:\/\/www.perimeter-solutions.com\/wp-content\/uploads\/2024\/06\/AUXQUIMIA_AQUAFILM_AF-1U_EN_Page_1.jpg","type":"image\/jpeg"}],"twitter_card":"summary_large_image","twitter_misc":{"Gesch\u00e4tzte Lesezeit":"2\u00a0Minuten"},"schema":{"@context":"https:\/\/schema.org","@graph":[{"@type":"WebPage","@id":"https:\/\/www.perimeter-solutions.com\/de\/product\/aquafilm-af-1u-afff-schaumstoffkonzentrat-1\/","url":"https:\/\/www.perimeter-solutions.com\/de\/product\/aquafilm-af-1u-afff-schaumstoffkonzentrat-1\/","name":"AQUAFILM\u2122 AF-1U AFFF SCHAUMSTOFFKONZENTRAT (1%) - Perimeter Solutions","isPartOf":{"@id":"https:\/\/www.perimeter-solutions.com\/de\/#website"},"primaryImageOfPage":{"@id":"https:\/\/www.perimeter-solutions.com\/de\/product\/aquafilm-af-1u-afff-schaumstoffkonzentrat-1\/#primaryimage"},"image":{"@id":"https:\/\/www.perimeter-solutions.com\/de\/product\/aquafilm-af-1u-afff-schaumstoffkonzentrat-1\/#primaryimage"},"thumbnailUrl":"https:\/\/www.perimeter-solutions.com\/wp-content\/uploads\/2024\/06\/AUXQUIMIA_AQUAFILM_AF-1U_EN_Page_1.jpg","datePublished":"2024-06-28T16:00:33+00:00","dateModified":"2024-08-14T19:15:33+00:00","description":"AQUAFILM\u2122 AF-1U wurde speziell f\u00fcr die Bek\u00e4mpfung aller Arten von Br\u00e4nden der Klasse B (Kohlenwasserstoff) sowie von Br\u00e4nden der Klasse A entwickelt. Seine hervorragenden AFFF-Eigenschaften verleihen diesem Produkt eine effektive und schnelle Brandbek\u00e4mpfung bei der Bek\u00e4mpfung nicht mischbarer brennbarer Fl\u00fcssigkeiten.","breadcrumb":{"@id":"https:\/\/www.perimeter-solutions.com\/de\/product\/aquafilm-af-1u-afff-schaumstoffkonzentrat-1\/#breadcrumb"},"inLanguage":"de","potentialAction":[{"@type":"ReadAction","target":["https:\/\/www.perimeter-solutions.com\/de\/product\/aquafilm-af-1u-afff-schaumstoffkonzentrat-1\/"]}]},{"@type":"ImageObject","inLanguage":"de","@id":"https:\/\/www.perimeter-solutions.com\/de\/product\/aquafilm-af-1u-afff-schaumstoffkonzentrat-1\/#primaryimage","url":"https:\/\/www.perimeter-solutions.com\/wp-content\/uploads\/2024\/06\/AUXQUIMIA_AQUAFILM_AF-1U_EN_Page_1.jpg","contentUrl":"https:\/\/www.perimeter-solutions.com\/wp-content\/uploads\/2024\/06\/AUXQUIMIA_AQUAFILM_AF-1U_EN_Page_1.jpg","width":1275,"height":1639},{"@type":"BreadcrumbList","@id":"https:\/\/www.perimeter-solutions.com\/de\/product\/aquafilm-af-1u-afff-schaumstoffkonzentrat-1\/#breadcrumb","itemListElement":[{"@type":"ListItem","position":1,"name":"Produktkatalog","item":"https:\/\/www.perimeter-solutions.com\/de\/produktkatalog\/"},{"@type":"ListItem","position":2,"name":"AQUAFILM\u2122 AF-1U AFFF SCHAUMSTOFFKONZENTRAT (1%)"}]},{"@type":"WebSite","@id":"https:\/\/www.perimeter-solutions.com\/de\/#website","url":"https:\/\/www.perimeter-solutions.com\/de\/","name":"Perimeter Solutions","description":"","publisher":{"@id":"https:\/\/www.perimeter-solutions.com\/de\/#organization"},"potentialAction":[{"@type":"SearchAction","target":{"@type":"EntryPoint","urlTemplate":"https:\/\/www.perimeter-solutions.com\/de\/?s={search_term_string}"},"query-input":{"@type":"PropertyValueSpecification","valueRequired":true,"valueName":"search_term_string"}}],"inLanguage":"de"},{"@type":"Organization","@id":"https:\/\/www.perimeter-solutions.com\/de\/#organization","name":"Perimeter Solutions","url":"https:\/\/www.perimeter-solutions.com\/de\/","logo":{"@type":"ImageObject","inLanguage":"de","@id":"https:\/\/www.perimeter-solutions.com\/de\/#\/schema\/logo\/image\/","url":"https:\/\/www.perimeter-solutions.com\/wp-content\/uploads\/2021\/02\/perimeter-logo-RGB.png","contentUrl":"https:\/\/www.perimeter-solutions.com\/wp-content\/uploads\/2021\/02\/perimeter-logo-RGB.png","width":794,"height":138,"caption":"Perimeter Solutions"},"image":{"@id":"https:\/\/www.perimeter-solutions.com\/de\/#\/schema\/logo\/image\/"}}]}},"_links":{"self":[{"href":"https:\/\/www.perimeter-solutions.com\/de\/wp-json\/wp\/v2\/product\/42235","targetHints":{"allow":["GET"]}}],"collection":[{"href":"https:\/\/www.perimeter-solutions.com\/de\/wp-json\/wp\/v2\/product"}],"about":[{"href":"https:\/\/www.perimeter-solutions.com\/de\/wp-json\/wp\/v2\/types\/product"}],"wp:featuredmedia":[{"embeddable":true,"href":"https:\/\/www.perimeter-solutions.com\/de\/wp-json\/wp\/v2\/media\/42237"}],"wp:attachment":[{"href":"https:\/\/www.perimeter-solutions.com\/de\/wp-json\/wp\/v2\/media?parent=42235"}],"wp:term":[{"taxonomy":"product_cat","embeddable":true,"href":"https:\/\/www.perimeter-solutions.com\/de\/wp-json\/wp\/v2\/product_cat?post=42235"},{"taxonomy":"product_tag","embeddable":true,"href":"https:\/\/www.perimeter-solutions.com\/de\/wp-json\/wp\/v2\/product_tag?post=42235"}],"curies":[{"name":"wp","href":"https:\/\/api.w.org\/{rel}","templated":true}]}}