{"id":42234,"date":"2024-06-28T13:31:16","date_gmt":"2024-06-28T17:31:16","guid":{"rendered":"https:\/\/www.perimeter-solutions.com\/product\/auxquimia-sf-60l-synthetisches-mehrschaeumendes-konzentrat-3\/"},"modified":"2024-08-14T15:40:24","modified_gmt":"2024-08-14T19:40:24","slug":"auxquimia-sf-60l-synthetisches-mehrschaeumendes-konzentrat-3","status":"publish","type":"product","link":"https:\/\/www.perimeter-solutions.com\/de\/product\/auxquimia-sf-60l-synthetisches-mehrschaeumendes-konzentrat-3\/","title":{"rendered":"AUXQUIMIA<sup>\u00ae<\/sup> SF-60L SYNTHETISCHES MEHRSCH\u00c4UMENDES KONZENTRAT (3%)"},"content":{"rendered":"<div>\n<p><strong>AUXQUIMIA<sup>\u00ae<\/sup> SF-60L<\/strong> ist ein synthetisches Schaummittel, das speziell f\u00fcr den Einsatz in Hoch- und Mittelschaumgeneratoren zur Bek\u00e4mpfung von Br\u00e4nden der Klassen A und B (Kohlenwasserstoff) entwickelt wurde. Dieses Produkt enth\u00e4lt synthetische Tenside mit sehr guter Best\u00e4ndigkeit gegen Wasserh\u00e4rte und ist leicht biologisch abbaubar. Der Schaum zeigt eine gute Stabilit\u00e4t und flie\u00dft langsam ab. AUXQUIMIA SF-60L kann mit herk\u00f6mmlichen Ger\u00e4ten verwendet werden, wurde aber speziell f\u00fcr die Arbeit mit Hochexpansionsgeneratoren entwickelt, die die Verbrennungsgase, die im Inneren der brennenden Geb\u00e4ude entstehen (HOTFOAM-Systeme), und sogar den Rauch aus der PVC-Verbrennung absaugen m\u00fcssen. Es kann mit S\u00fc\u00df- und Meerwasser verwendet werden. AUXQUIMIA SF-60L ist f\u00fcr die Verwendung mit Hoch-, Mittel- und Schwerschaumger\u00e4ten konzipiert. Schwerschaum mit einem Ausdehnungskoeffizienten von 500 bis 1.000 ist geeignet, um Br\u00e4nde in Innenr\u00e4umen durch Ersticken zu l\u00f6schen. Da es sich um einen mittelschnell expandierenden Schaumstoff handelt, kann er im Freien verwendet werden, um kleine Stellen auszuf\u00fcllen und Versch\u00fcttetes schnell abzudecken. Er kann auch zur Herstellung von Schwer- und Schwerstschaum (unter Verwendung von Wasserspr\u00fchd\u00fcsen) f\u00fcr allgemeine Zwecke (Bek\u00e4mpfung von Br\u00e4nden der Klassen A und B) verwendet werden. Wenn es zum L\u00f6schen von leichten Kohlenwasserstoffbr\u00e4nden verwendet wird, wird eine sanfte Anwendung und eine steigende Anwendungsrate (l\/min.m2) verwendet. Die Zumischrate betr\u00e4gt 3% in S\u00fc\u00df- oder Meerwasser f\u00fcr die Herstellung aller Arten von Schaumausdehnungen.<\/p>\n<p><strong>ZERTIFIZIERUNGEN: <\/strong>EN-1568-1 und EN-1568-3 mit S\u00fc\u00df- und Meerwasser (Klasse IIIC).<\/p>\n<\/div>\n<p>&nbsp;<\/p>\n<h4>Verf\u00fcgbare Optionen<\/h4>\n","protected":false},"excerpt":{"rendered":"<p>AUXQUIMIA\u00ae SF-60L ist ein synthetisches Schaummittel, das speziell f\u00fcr den Einsatz in Hoch- und Mittelschaumgeneratoren zur Bek\u00e4mpfung von Br\u00e4nden der Klassen A und B (Kohlenwasserstoff) entwickelt wurde. Dieses Produkt enth\u00e4lt [&hellip;]<\/p>\n","protected":false},"featured_media":42236,"template":"","meta":{"_acf_changed":false},"product_cat":[187,199],"product_tag":[213,221,231,245,247],"class_list":{"0":"post-42234","1":"product","2":"type-product","3":"status-publish","4":"has-post-thumbnail","6":"product_cat-class-b-de","7":"product_cat-hi-ex-foam-concentrate-de","8":"product_tag-auxquimia-de","9":"product_tag-en-1568-de","10":"product_tag-industriell","11":"product_tag-marine-de","12":"product_tag-ol-und-gas","14":"first","15":"instock","16":"shipping-taxable","17":"purchasable","18":"product-type-simple"},"acf":[],"yoast_head":"<!-- This site is optimized with the Yoast SEO Premium plugin v21.9 (Yoast SEO v23.5) - https:\/\/yoast.com\/wordpress\/plugins\/seo\/ -->\n<title>AUXQUIMIA\u00ae SF-60L SYNTHETISCHES MEHRSCH\u00c4UMENDES KONZENTRAT (3%) - Perimeter Solutions<\/title>\n<meta name=\"description\" content=\"AUXQUIMIA\u00ae SF-60L ist ein synthetisches Schaummittel, das speziell f\u00fcr den Einsatz in Hoch- und Mittelschaumgeneratoren zur Bek\u00e4mpfung von Br\u00e4nden der Klassen A und B (Kohlenwasserstoff) entwickelt wurde.\" \/>\n<meta name=\"robots\" content=\"index, follow, max-snippet:-1, max-image-preview:large, max-video-preview:-1\" \/>\n<link rel=\"canonical\" href=\"https:\/\/www.perimeter-solutions.com\/de\/product\/auxquimia-sf-60l-synthetisches-mehrschaeumendes-konzentrat-3\/\" \/>\n<meta property=\"og:locale\" content=\"de_DE\" \/>\n<meta property=\"og:type\" content=\"article\" \/>\n<meta property=\"og:title\" content=\"AUXQUIMIA\u00ae SF-60L SYNTHETISCHES MEHRSCH\u00c4UMENDES KONZENTRAT (3%)\" \/>\n<meta property=\"og:description\" content=\"AUXQUIMIA\u00ae SF-60L ist ein synthetisches Schaummittel, das speziell f\u00fcr den Einsatz in Hoch- und Mittelschaumgeneratoren zur Bek\u00e4mpfung von Br\u00e4nden der Klassen A und B (Kohlenwasserstoff) entwickelt wurde.\" \/>\n<meta property=\"og:url\" content=\"https:\/\/www.perimeter-solutions.com\/de\/product\/auxquimia-sf-60l-synthetisches-mehrschaeumendes-konzentrat-3\/\" \/>\n<meta property=\"og:site_name\" content=\"Perimeter Solutions\" \/>\n<meta property=\"article:modified_time\" content=\"2024-08-14T19:40:24+00:00\" \/>\n<meta property=\"og:image\" content=\"https:\/\/www.perimeter-solutions.com\/wp-content\/uploads\/2024\/06\/AUXQUIMIA-SF-60L_Page_1.jpg\" \/>\n\t<meta property=\"og:image:width\" content=\"1445\" \/>\n\t<meta property=\"og:image:height\" content=\"1870\" \/>\n\t<meta property=\"og:image:type\" content=\"image\/jpeg\" \/>\n<meta name=\"twitter:card\" content=\"summary_large_image\" \/>\n<meta name=\"twitter:label1\" content=\"Gesch\u00e4tzte Lesezeit\" \/>\n\t<meta name=\"twitter:data1\" content=\"2\u00a0Minuten\" \/>\n<script type=\"application\/ld+json\" class=\"yoast-schema-graph\">{\"@context\":\"https:\/\/schema.org\",\"@graph\":[{\"@type\":\"WebPage\",\"@id\":\"https:\/\/www.perimeter-solutions.com\/de\/product\/auxquimia-sf-60l-synthetisches-mehrschaeumendes-konzentrat-3\/\",\"url\":\"https:\/\/www.perimeter-solutions.com\/de\/product\/auxquimia-sf-60l-synthetisches-mehrschaeumendes-konzentrat-3\/\",\"name\":\"AUXQUIMIA\u00ae SF-60L SYNTHETISCHES MEHRSCH\u00c4UMENDES KONZENTRAT (3%) - Perimeter Solutions\",\"isPartOf\":{\"@id\":\"https:\/\/www.perimeter-solutions.com\/de\/#website\"},\"primaryImageOfPage\":{\"@id\":\"https:\/\/www.perimeter-solutions.com\/de\/product\/auxquimia-sf-60l-synthetisches-mehrschaeumendes-konzentrat-3\/#primaryimage\"},\"image\":{\"@id\":\"https:\/\/www.perimeter-solutions.com\/de\/product\/auxquimia-sf-60l-synthetisches-mehrschaeumendes-konzentrat-3\/#primaryimage\"},\"thumbnailUrl\":\"https:\/\/www.perimeter-solutions.com\/wp-content\/uploads\/2024\/06\/AUXQUIMIA-SF-60L_Page_1.jpg\",\"datePublished\":\"2024-06-28T17:31:16+00:00\",\"dateModified\":\"2024-08-14T19:40:24+00:00\",\"description\":\"AUXQUIMIA\u00ae SF-60L ist ein synthetisches Schaummittel, das speziell f\u00fcr den Einsatz in Hoch- und Mittelschaumgeneratoren zur Bek\u00e4mpfung von Br\u00e4nden der Klassen A und B (Kohlenwasserstoff) entwickelt wurde.\",\"breadcrumb\":{\"@id\":\"https:\/\/www.perimeter-solutions.com\/de\/product\/auxquimia-sf-60l-synthetisches-mehrschaeumendes-konzentrat-3\/#breadcrumb\"},\"inLanguage\":\"de\",\"potentialAction\":[{\"@type\":\"ReadAction\",\"target\":[\"https:\/\/www.perimeter-solutions.com\/de\/product\/auxquimia-sf-60l-synthetisches-mehrschaeumendes-konzentrat-3\/\"]}]},{\"@type\":\"ImageObject\",\"inLanguage\":\"de\",\"@id\":\"https:\/\/www.perimeter-solutions.com\/de\/product\/auxquimia-sf-60l-synthetisches-mehrschaeumendes-konzentrat-3\/#primaryimage\",\"url\":\"https:\/\/www.perimeter-solutions.com\/wp-content\/uploads\/2024\/06\/AUXQUIMIA-SF-60L_Page_1.jpg\",\"contentUrl\":\"https:\/\/www.perimeter-solutions.com\/wp-content\/uploads\/2024\/06\/AUXQUIMIA-SF-60L_Page_1.jpg\",\"width\":1445,\"height\":1870},{\"@type\":\"BreadcrumbList\",\"@id\":\"https:\/\/www.perimeter-solutions.com\/de\/product\/auxquimia-sf-60l-synthetisches-mehrschaeumendes-konzentrat-3\/#breadcrumb\",\"itemListElement\":[{\"@type\":\"ListItem\",\"position\":1,\"name\":\"Produktkatalog\",\"item\":\"https:\/\/www.perimeter-solutions.com\/de\/produktkatalog\/\"},{\"@type\":\"ListItem\",\"position\":2,\"name\":\"AUXQUIMIA\u00ae SF-60L SYNTHETISCHES MEHRSCH\u00c4UMENDES KONZENTRAT (3%)\"}]},{\"@type\":\"WebSite\",\"@id\":\"https:\/\/www.perimeter-solutions.com\/de\/#website\",\"url\":\"https:\/\/www.perimeter-solutions.com\/de\/\",\"name\":\"Perimeter Solutions\",\"description\":\"\",\"publisher\":{\"@id\":\"https:\/\/www.perimeter-solutions.com\/de\/#organization\"},\"potentialAction\":[{\"@type\":\"SearchAction\",\"target\":{\"@type\":\"EntryPoint\",\"urlTemplate\":\"https:\/\/www.perimeter-solutions.com\/de\/?s={search_term_string}\"},\"query-input\":{\"@type\":\"PropertyValueSpecification\",\"valueRequired\":true,\"valueName\":\"search_term_string\"}}],\"inLanguage\":\"de\"},{\"@type\":\"Organization\",\"@id\":\"https:\/\/www.perimeter-solutions.com\/de\/#organization\",\"name\":\"Perimeter Solutions\",\"url\":\"https:\/\/www.perimeter-solutions.com\/de\/\",\"logo\":{\"@type\":\"ImageObject\",\"inLanguage\":\"de\",\"@id\":\"https:\/\/www.perimeter-solutions.com\/de\/#\/schema\/logo\/image\/\",\"url\":\"https:\/\/www.perimeter-solutions.com\/wp-content\/uploads\/2021\/02\/perimeter-logo-RGB.png\",\"contentUrl\":\"https:\/\/www.perimeter-solutions.com\/wp-content\/uploads\/2021\/02\/perimeter-logo-RGB.png\",\"width\":794,\"height\":138,\"caption\":\"Perimeter Solutions\"},\"image\":{\"@id\":\"https:\/\/www.perimeter-solutions.com\/de\/#\/schema\/logo\/image\/\"}}]}<\/script>\n<!-- \/ Yoast SEO Premium plugin. -->","yoast_head_json":{"title":"AUXQUIMIA\u00ae SF-60L SYNTHETISCHES MEHRSCH\u00c4UMENDES KONZENTRAT (3%) - Perimeter Solutions","description":"AUXQUIMIA\u00ae SF-60L ist ein synthetisches Schaummittel, das speziell f\u00fcr den Einsatz in Hoch- und Mittelschaumgeneratoren zur Bek\u00e4mpfung von Br\u00e4nden der Klassen A und B (Kohlenwasserstoff) entwickelt wurde.","robots":{"index":"index","follow":"follow","max-snippet":"max-snippet:-1","max-image-preview":"max-image-preview:large","max-video-preview":"max-video-preview:-1"},"canonical":"https:\/\/www.perimeter-solutions.com\/de\/product\/auxquimia-sf-60l-synthetisches-mehrschaeumendes-konzentrat-3\/","og_locale":"de_DE","og_type":"article","og_title":"AUXQUIMIA\u00ae SF-60L SYNTHETISCHES MEHRSCH\u00c4UMENDES KONZENTRAT (3%)","og_description":"AUXQUIMIA\u00ae SF-60L ist ein synthetisches Schaummittel, das speziell f\u00fcr den Einsatz in Hoch- und Mittelschaumgeneratoren zur Bek\u00e4mpfung von Br\u00e4nden der Klassen A und B (Kohlenwasserstoff) entwickelt wurde.","og_url":"https:\/\/www.perimeter-solutions.com\/de\/product\/auxquimia-sf-60l-synthetisches-mehrschaeumendes-konzentrat-3\/","og_site_name":"Perimeter Solutions","article_modified_time":"2024-08-14T19:40:24+00:00","og_image":[{"width":1445,"height":1870,"url":"https:\/\/www.perimeter-solutions.com\/wp-content\/uploads\/2024\/06\/AUXQUIMIA-SF-60L_Page_1.jpg","type":"image\/jpeg"}],"twitter_card":"summary_large_image","twitter_misc":{"Gesch\u00e4tzte Lesezeit":"2\u00a0Minuten"},"schema":{"@context":"https:\/\/schema.org","@graph":[{"@type":"WebPage","@id":"https:\/\/www.perimeter-solutions.com\/de\/product\/auxquimia-sf-60l-synthetisches-mehrschaeumendes-konzentrat-3\/","url":"https:\/\/www.perimeter-solutions.com\/de\/product\/auxquimia-sf-60l-synthetisches-mehrschaeumendes-konzentrat-3\/","name":"AUXQUIMIA\u00ae SF-60L SYNTHETISCHES MEHRSCH\u00c4UMENDES KONZENTRAT (3%) - Perimeter Solutions","isPartOf":{"@id":"https:\/\/www.perimeter-solutions.com\/de\/#website"},"primaryImageOfPage":{"@id":"https:\/\/www.perimeter-solutions.com\/de\/product\/auxquimia-sf-60l-synthetisches-mehrschaeumendes-konzentrat-3\/#primaryimage"},"image":{"@id":"https:\/\/www.perimeter-solutions.com\/de\/product\/auxquimia-sf-60l-synthetisches-mehrschaeumendes-konzentrat-3\/#primaryimage"},"thumbnailUrl":"https:\/\/www.perimeter-solutions.com\/wp-content\/uploads\/2024\/06\/AUXQUIMIA-SF-60L_Page_1.jpg","datePublished":"2024-06-28T17:31:16+00:00","dateModified":"2024-08-14T19:40:24+00:00","description":"AUXQUIMIA\u00ae SF-60L ist ein synthetisches Schaummittel, das speziell f\u00fcr den Einsatz in Hoch- und Mittelschaumgeneratoren zur Bek\u00e4mpfung von Br\u00e4nden der Klassen A und B (Kohlenwasserstoff) entwickelt wurde.","breadcrumb":{"@id":"https:\/\/www.perimeter-solutions.com\/de\/product\/auxquimia-sf-60l-synthetisches-mehrschaeumendes-konzentrat-3\/#breadcrumb"},"inLanguage":"de","potentialAction":[{"@type":"ReadAction","target":["https:\/\/www.perimeter-solutions.com\/de\/product\/auxquimia-sf-60l-synthetisches-mehrschaeumendes-konzentrat-3\/"]}]},{"@type":"ImageObject","inLanguage":"de","@id":"https:\/\/www.perimeter-solutions.com\/de\/product\/auxquimia-sf-60l-synthetisches-mehrschaeumendes-konzentrat-3\/#primaryimage","url":"https:\/\/www.perimeter-solutions.com\/wp-content\/uploads\/2024\/06\/AUXQUIMIA-SF-60L_Page_1.jpg","contentUrl":"https:\/\/www.perimeter-solutions.com\/wp-content\/uploads\/2024\/06\/AUXQUIMIA-SF-60L_Page_1.jpg","width":1445,"height":1870},{"@type":"BreadcrumbList","@id":"https:\/\/www.perimeter-solutions.com\/de\/product\/auxquimia-sf-60l-synthetisches-mehrschaeumendes-konzentrat-3\/#breadcrumb","itemListElement":[{"@type":"ListItem","position":1,"name":"Produktkatalog","item":"https:\/\/www.perimeter-solutions.com\/de\/produktkatalog\/"},{"@type":"ListItem","position":2,"name":"AUXQUIMIA\u00ae SF-60L SYNTHETISCHES MEHRSCH\u00c4UMENDES KONZENTRAT (3%)"}]},{"@type":"WebSite","@id":"https:\/\/www.perimeter-solutions.com\/de\/#website","url":"https:\/\/www.perimeter-solutions.com\/de\/","name":"Perimeter Solutions","description":"","publisher":{"@id":"https:\/\/www.perimeter-solutions.com\/de\/#organization"},"potentialAction":[{"@type":"SearchAction","target":{"@type":"EntryPoint","urlTemplate":"https:\/\/www.perimeter-solutions.com\/de\/?s={search_term_string}"},"query-input":{"@type":"PropertyValueSpecification","valueRequired":true,"valueName":"search_term_string"}}],"inLanguage":"de"},{"@type":"Organization","@id":"https:\/\/www.perimeter-solutions.com\/de\/#organization","name":"Perimeter Solutions","url":"https:\/\/www.perimeter-solutions.com\/de\/","logo":{"@type":"ImageObject","inLanguage":"de","@id":"https:\/\/www.perimeter-solutions.com\/de\/#\/schema\/logo\/image\/","url":"https:\/\/www.perimeter-solutions.com\/wp-content\/uploads\/2021\/02\/perimeter-logo-RGB.png","contentUrl":"https:\/\/www.perimeter-solutions.com\/wp-content\/uploads\/2021\/02\/perimeter-logo-RGB.png","width":794,"height":138,"caption":"Perimeter Solutions"},"image":{"@id":"https:\/\/www.perimeter-solutions.com\/de\/#\/schema\/logo\/image\/"}}]}},"_links":{"self":[{"href":"https:\/\/www.perimeter-solutions.com\/de\/wp-json\/wp\/v2\/product\/42234","targetHints":{"allow":["GET"]}}],"collection":[{"href":"https:\/\/www.perimeter-solutions.com\/de\/wp-json\/wp\/v2\/product"}],"about":[{"href":"https:\/\/www.perimeter-solutions.com\/de\/wp-json\/wp\/v2\/types\/product"}],"wp:featuredmedia":[{"embeddable":true,"href":"https:\/\/www.perimeter-solutions.com\/de\/wp-json\/wp\/v2\/media\/42236"}],"wp:attachment":[{"href":"https:\/\/www.perimeter-solutions.com\/de\/wp-json\/wp\/v2\/media?parent=42234"}],"wp:term":[{"taxonomy":"product_cat","embeddable":true,"href":"https:\/\/www.perimeter-solutions.com\/de\/wp-json\/wp\/v2\/product_cat?post=42234"},{"taxonomy":"product_tag","embeddable":true,"href":"https:\/\/www.perimeter-solutions.com\/de\/wp-json\/wp\/v2\/product_tag?post=42234"}],"curies":[{"name":"wp","href":"https:\/\/api.w.org\/{rel}","templated":true}]}}