{"id":42207,"date":"2024-06-28T15:52:14","date_gmt":"2024-06-28T19:52:14","guid":{"rendered":"https:\/\/www.perimeter-solutions.com\/product\/solberg-3-mil-spec-sfff\/"},"modified":"2024-08-14T16:07:00","modified_gmt":"2024-08-14T20:07:00","slug":"solberg-3-mil-spec-sfff","status":"publish","type":"product","link":"https:\/\/www.perimeter-solutions.com\/de\/product\/solberg-3-mil-spec-sfff\/","title":{"rendered":"SOLBERG<sup>\u00ae<\/sup> 3% MIL-SPEC SFFF"},"content":{"rendered":"<div>\n<p><strong>SOLBERG 3% MIL-SPEC SFFF<\/strong> Konzentrat wurde speziell f\u00fcr das schnelle Niederschlagen und L\u00f6schen von Benzin- und Jet A-Kraftstoffbr\u00e4nden gem\u00e4\u00df MIL-PRF-32725 (I1) entwickelt. Dieses fluorfreie Schaumkonzentrat ist eine Kombination aus propriet\u00e4ren Kohlenwasserstoff-Tensiden und Additiven, die eine hervorragende Schaumbildung, Dampfabdichtung und Stabilit\u00e4t gew\u00e4hrleisten. SOLBERG 3% MIL-SPEC SFFF ist biologisch abbaubar und enth\u00e4lt keine Siloxane oder absichtlich zugesetzte Per- und Polyfluoralkylstoffe (PFAS). SOLBERG 3% MIL-SPEC SFFF auch:<\/p>\n<ul>\n<li>\u00dcbertrifft die Anforderungen f\u00fcr Expansionsverh\u00e4ltnis und R\u00fcckbrand<\/li>\n<li>\u00dcbertrifft die Leistung von 25% der Abflusszeit<\/li>\n<li>Wird intern gem\u00e4\u00df MIL-PRF-32725 (I1) in Salzwasser getestet<\/li>\n<li>Ist biologisch abbaubar &amp; nicht persistent<\/li>\n<\/ul>\n<p>SOLBERG 3% MIL-SPEC SFFF kann mit Entladungsger\u00e4ten mit geringer Ausdehnung verwendet werden, einschlie\u00dflich einer Vielzahl von D\u00fcsen und Monitoren. Es ist vollst\u00e4ndig kompatibel und l\u00e4sst sich leicht mit Standard-Feuerwehrausr\u00fcstung dosieren, einschlie\u00dflich Inline-Induktoren, selbstinduzierenden D\u00fcsen, Feuerl\u00f6schpumpen, Blasentanks, Pumpenskids, Gleichdrucksystemen und mehr. <strong>ZERTIFIZIERUNGEN:<\/strong> MIL-PRF-32725 (I1), ICAO B <strong>SOLBERG 3% MIL-SPEC SFFF<\/strong> ist nur in den folgenden Regionen erh\u00e4ltlich:<\/p>\n<ul>\n<li>Nord-Amerika<\/li>\n<li>APAC<\/li>\n<\/ul>\n<\/div>\n<p>&nbsp;<\/p>\n<h4>Verf\u00fcgbare Optionen<\/h4>\n","protected":false},"excerpt":{"rendered":"<p>SOLBERG 3% MIL-SPEC SFFF Konzentrat wurde speziell f\u00fcr das schnelle Niederschlagen und L\u00f6schen von Benzin- und Jet A-Kraftstoffbr\u00e4nden gem\u00e4\u00df MIL-PRF-32725 (I1) entwickelt. Dieses fluorfreie Schaumkonzentrat ist eine Kombination aus propriet\u00e4ren [&hellip;]<\/p>\n","protected":false},"featured_media":42210,"template":"","meta":{"_acf_changed":false},"product_cat":[198,187],"product_tag":[229,218,235,249,241],"class_list":{"0":"post-42207","1":"product","2":"type-product","3":"status-publish","4":"has-post-thumbnail","6":"product_cat-class-b-fluorine-free-de","7":"product_cat-class-b-de","8":"product_tag-icao-de","9":"product_tag-luftfahrt","10":"product_tag-mil-spec-de","11":"product_tag-militar-dod","12":"product_tag-solberg-de","14":"first","15":"instock","16":"shipping-taxable","17":"purchasable","18":"product-type-simple"},"acf":[],"yoast_head":"<!-- This site is optimized with the Yoast SEO Premium plugin v21.9 (Yoast SEO v23.5) - https:\/\/yoast.com\/wordpress\/plugins\/seo\/ -->\n<title>SOLBERG\u00ae 3% MIL-SPEC SFFF - Perimeter Solutions<\/title>\n<meta name=\"robots\" content=\"index, follow, max-snippet:-1, max-image-preview:large, max-video-preview:-1\" \/>\n<link rel=\"canonical\" href=\"https:\/\/www.perimeter-solutions.com\/de\/product\/solberg-3-mil-spec-sfff\/\" \/>\n<meta property=\"og:locale\" content=\"de_DE\" \/>\n<meta property=\"og:type\" content=\"article\" \/>\n<meta property=\"og:title\" content=\"SOLBERG\u00ae 3% MIL-SPEC SFFF\" \/>\n<meta property=\"og:description\" content=\"SOLBERG 3% MIL-SPEC SFFF Konzentrat wurde speziell f\u00fcr das schnelle Niederschlagen und L\u00f6schen von Benzin- und Jet A-Kraftstoffbr\u00e4nden gem\u00e4\u00df MIL-PRF-32725 (I1) entwickelt. Dieses fluorfreie Schaumkonzentrat ist eine Kombination aus propriet\u00e4ren [&hellip;]\" \/>\n<meta property=\"og:url\" content=\"https:\/\/www.perimeter-solutions.com\/de\/product\/solberg-3-mil-spec-sfff\/\" \/>\n<meta property=\"og:site_name\" content=\"Perimeter Solutions\" \/>\n<meta property=\"article:modified_time\" content=\"2024-08-14T20:07:00+00:00\" \/>\n<meta name=\"twitter:card\" content=\"summary_large_image\" \/>\n<meta name=\"twitter:label1\" content=\"Gesch\u00e4tzte Lesezeit\" \/>\n\t<meta name=\"twitter:data1\" content=\"1\u00a0Minute\" \/>\n<script type=\"application\/ld+json\" class=\"yoast-schema-graph\">{\"@context\":\"https:\/\/schema.org\",\"@graph\":[{\"@type\":\"WebPage\",\"@id\":\"https:\/\/www.perimeter-solutions.com\/de\/product\/solberg-3-mil-spec-sfff\/\",\"url\":\"https:\/\/www.perimeter-solutions.com\/de\/product\/solberg-3-mil-spec-sfff\/\",\"name\":\"SOLBERG\u00ae 3% MIL-SPEC SFFF - Perimeter Solutions\",\"isPartOf\":{\"@id\":\"https:\/\/www.perimeter-solutions.com\/de\/#website\"},\"primaryImageOfPage\":{\"@id\":\"https:\/\/www.perimeter-solutions.com\/de\/product\/solberg-3-mil-spec-sfff\/#primaryimage\"},\"image\":{\"@id\":\"https:\/\/www.perimeter-solutions.com\/de\/product\/solberg-3-mil-spec-sfff\/#primaryimage\"},\"thumbnailUrl\":\"https:\/\/www.perimeter-solutions.com\/wp-content\/uploads\/2024\/06\/SOLBERG-3_-MIL-SPEC-ALT-datasheet_letter_v18-pdf.jpg\",\"datePublished\":\"2024-06-28T19:52:14+00:00\",\"dateModified\":\"2024-08-14T20:07:00+00:00\",\"breadcrumb\":{\"@id\":\"https:\/\/www.perimeter-solutions.com\/de\/product\/solberg-3-mil-spec-sfff\/#breadcrumb\"},\"inLanguage\":\"de\",\"potentialAction\":[{\"@type\":\"ReadAction\",\"target\":[\"https:\/\/www.perimeter-solutions.com\/de\/product\/solberg-3-mil-spec-sfff\/\"]}]},{\"@type\":\"ImageObject\",\"inLanguage\":\"de\",\"@id\":\"https:\/\/www.perimeter-solutions.com\/de\/product\/solberg-3-mil-spec-sfff\/#primaryimage\",\"url\":\"https:\/\/www.perimeter-solutions.com\/wp-content\/uploads\/2024\/06\/SOLBERG-3_-MIL-SPEC-ALT-datasheet_letter_v18-pdf.jpg\",\"contentUrl\":\"https:\/\/www.perimeter-solutions.com\/wp-content\/uploads\/2024\/06\/SOLBERG-3_-MIL-SPEC-ALT-datasheet_letter_v18-pdf.jpg\"},{\"@type\":\"BreadcrumbList\",\"@id\":\"https:\/\/www.perimeter-solutions.com\/de\/product\/solberg-3-mil-spec-sfff\/#breadcrumb\",\"itemListElement\":[{\"@type\":\"ListItem\",\"position\":1,\"name\":\"Produktkatalog\",\"item\":\"https:\/\/www.perimeter-solutions.com\/de\/produktkatalog\/\"},{\"@type\":\"ListItem\",\"position\":2,\"name\":\"SOLBERG\u00ae 3% MIL-SPEC SFFF\"}]},{\"@type\":\"WebSite\",\"@id\":\"https:\/\/www.perimeter-solutions.com\/de\/#website\",\"url\":\"https:\/\/www.perimeter-solutions.com\/de\/\",\"name\":\"Perimeter Solutions\",\"description\":\"\",\"publisher\":{\"@id\":\"https:\/\/www.perimeter-solutions.com\/de\/#organization\"},\"potentialAction\":[{\"@type\":\"SearchAction\",\"target\":{\"@type\":\"EntryPoint\",\"urlTemplate\":\"https:\/\/www.perimeter-solutions.com\/de\/?s={search_term_string}\"},\"query-input\":{\"@type\":\"PropertyValueSpecification\",\"valueRequired\":true,\"valueName\":\"search_term_string\"}}],\"inLanguage\":\"de\"},{\"@type\":\"Organization\",\"@id\":\"https:\/\/www.perimeter-solutions.com\/de\/#organization\",\"name\":\"Perimeter Solutions\",\"url\":\"https:\/\/www.perimeter-solutions.com\/de\/\",\"logo\":{\"@type\":\"ImageObject\",\"inLanguage\":\"de\",\"@id\":\"https:\/\/www.perimeter-solutions.com\/de\/#\/schema\/logo\/image\/\",\"url\":\"https:\/\/www.perimeter-solutions.com\/wp-content\/uploads\/2021\/02\/perimeter-logo-RGB.png\",\"contentUrl\":\"https:\/\/www.perimeter-solutions.com\/wp-content\/uploads\/2021\/02\/perimeter-logo-RGB.png\",\"width\":794,\"height\":138,\"caption\":\"Perimeter Solutions\"},\"image\":{\"@id\":\"https:\/\/www.perimeter-solutions.com\/de\/#\/schema\/logo\/image\/\"}}]}<\/script>\n<!-- \/ Yoast SEO Premium plugin. -->","yoast_head_json":{"title":"SOLBERG\u00ae 3% MIL-SPEC SFFF - Perimeter Solutions","robots":{"index":"index","follow":"follow","max-snippet":"max-snippet:-1","max-image-preview":"max-image-preview:large","max-video-preview":"max-video-preview:-1"},"canonical":"https:\/\/www.perimeter-solutions.com\/de\/product\/solberg-3-mil-spec-sfff\/","og_locale":"de_DE","og_type":"article","og_title":"SOLBERG\u00ae 3% MIL-SPEC SFFF","og_description":"SOLBERG 3% MIL-SPEC SFFF Konzentrat wurde speziell f\u00fcr das schnelle Niederschlagen und L\u00f6schen von Benzin- und Jet A-Kraftstoffbr\u00e4nden gem\u00e4\u00df MIL-PRF-32725 (I1) entwickelt. Dieses fluorfreie Schaumkonzentrat ist eine Kombination aus propriet\u00e4ren [&hellip;]","og_url":"https:\/\/www.perimeter-solutions.com\/de\/product\/solberg-3-mil-spec-sfff\/","og_site_name":"Perimeter Solutions","article_modified_time":"2024-08-14T20:07:00+00:00","twitter_card":"summary_large_image","twitter_misc":{"Gesch\u00e4tzte Lesezeit":"1\u00a0Minute"},"schema":{"@context":"https:\/\/schema.org","@graph":[{"@type":"WebPage","@id":"https:\/\/www.perimeter-solutions.com\/de\/product\/solberg-3-mil-spec-sfff\/","url":"https:\/\/www.perimeter-solutions.com\/de\/product\/solberg-3-mil-spec-sfff\/","name":"SOLBERG\u00ae 3% MIL-SPEC SFFF - Perimeter Solutions","isPartOf":{"@id":"https:\/\/www.perimeter-solutions.com\/de\/#website"},"primaryImageOfPage":{"@id":"https:\/\/www.perimeter-solutions.com\/de\/product\/solberg-3-mil-spec-sfff\/#primaryimage"},"image":{"@id":"https:\/\/www.perimeter-solutions.com\/de\/product\/solberg-3-mil-spec-sfff\/#primaryimage"},"thumbnailUrl":"https:\/\/www.perimeter-solutions.com\/wp-content\/uploads\/2024\/06\/SOLBERG-3_-MIL-SPEC-ALT-datasheet_letter_v18-pdf.jpg","datePublished":"2024-06-28T19:52:14+00:00","dateModified":"2024-08-14T20:07:00+00:00","breadcrumb":{"@id":"https:\/\/www.perimeter-solutions.com\/de\/product\/solberg-3-mil-spec-sfff\/#breadcrumb"},"inLanguage":"de","potentialAction":[{"@type":"ReadAction","target":["https:\/\/www.perimeter-solutions.com\/de\/product\/solberg-3-mil-spec-sfff\/"]}]},{"@type":"ImageObject","inLanguage":"de","@id":"https:\/\/www.perimeter-solutions.com\/de\/product\/solberg-3-mil-spec-sfff\/#primaryimage","url":"https:\/\/www.perimeter-solutions.com\/wp-content\/uploads\/2024\/06\/SOLBERG-3_-MIL-SPEC-ALT-datasheet_letter_v18-pdf.jpg","contentUrl":"https:\/\/www.perimeter-solutions.com\/wp-content\/uploads\/2024\/06\/SOLBERG-3_-MIL-SPEC-ALT-datasheet_letter_v18-pdf.jpg"},{"@type":"BreadcrumbList","@id":"https:\/\/www.perimeter-solutions.com\/de\/product\/solberg-3-mil-spec-sfff\/#breadcrumb","itemListElement":[{"@type":"ListItem","position":1,"name":"Produktkatalog","item":"https:\/\/www.perimeter-solutions.com\/de\/produktkatalog\/"},{"@type":"ListItem","position":2,"name":"SOLBERG\u00ae 3% MIL-SPEC SFFF"}]},{"@type":"WebSite","@id":"https:\/\/www.perimeter-solutions.com\/de\/#website","url":"https:\/\/www.perimeter-solutions.com\/de\/","name":"Perimeter Solutions","description":"","publisher":{"@id":"https:\/\/www.perimeter-solutions.com\/de\/#organization"},"potentialAction":[{"@type":"SearchAction","target":{"@type":"EntryPoint","urlTemplate":"https:\/\/www.perimeter-solutions.com\/de\/?s={search_term_string}"},"query-input":{"@type":"PropertyValueSpecification","valueRequired":true,"valueName":"search_term_string"}}],"inLanguage":"de"},{"@type":"Organization","@id":"https:\/\/www.perimeter-solutions.com\/de\/#organization","name":"Perimeter Solutions","url":"https:\/\/www.perimeter-solutions.com\/de\/","logo":{"@type":"ImageObject","inLanguage":"de","@id":"https:\/\/www.perimeter-solutions.com\/de\/#\/schema\/logo\/image\/","url":"https:\/\/www.perimeter-solutions.com\/wp-content\/uploads\/2021\/02\/perimeter-logo-RGB.png","contentUrl":"https:\/\/www.perimeter-solutions.com\/wp-content\/uploads\/2021\/02\/perimeter-logo-RGB.png","width":794,"height":138,"caption":"Perimeter Solutions"},"image":{"@id":"https:\/\/www.perimeter-solutions.com\/de\/#\/schema\/logo\/image\/"}}]}},"_links":{"self":[{"href":"https:\/\/www.perimeter-solutions.com\/de\/wp-json\/wp\/v2\/product\/42207","targetHints":{"allow":["GET"]}}],"collection":[{"href":"https:\/\/www.perimeter-solutions.com\/de\/wp-json\/wp\/v2\/product"}],"about":[{"href":"https:\/\/www.perimeter-solutions.com\/de\/wp-json\/wp\/v2\/types\/product"}],"wp:featuredmedia":[{"embeddable":true,"href":"https:\/\/www.perimeter-solutions.com\/de\/wp-json\/wp\/v2\/media\/42210"}],"wp:attachment":[{"href":"https:\/\/www.perimeter-solutions.com\/de\/wp-json\/wp\/v2\/media?parent=42207"}],"wp:term":[{"taxonomy":"product_cat","embeddable":true,"href":"https:\/\/www.perimeter-solutions.com\/de\/wp-json\/wp\/v2\/product_cat?post=42207"},{"taxonomy":"product_tag","embeddable":true,"href":"https:\/\/www.perimeter-solutions.com\/de\/wp-json\/wp\/v2\/product_tag?post=42207"}],"curies":[{"name":"wp","href":"https:\/\/api.w.org\/{rel}","templated":true}]}}