{"id":42203,"date":"2024-06-28T14:47:24","date_gmt":"2024-06-28T18:47:24","guid":{"rendered":"https:\/\/www.perimeter-solutions.com\/product\/solberg-versagard-as-100-fp\/"},"modified":"2024-08-14T16:16:47","modified_gmt":"2024-08-14T20:16:47","slug":"solberg-versagard-as-100-fp","status":"publish","type":"product","link":"https:\/\/www.perimeter-solutions.com\/de\/product\/solberg-versagard-as-100-fp\/","title":{"rendered":"SOLBERG<sup>\u00ae<\/sup> VERSAGARD\u2122 AS-100 FP"},"content":{"rendered":"<div>\n<p><strong>SOLBERG<sup>\u00ae<\/sup> VERSAGARD\u2122 AS-100 FP<\/strong> fluorfreies Mehrzweck-Schaummittelkonzentrat 3\u00d73 ist eine hochmoderne, alkoholbest\u00e4ndige, fluorfreie pseudoplastische Schaumtechnologie mit Gefrierschutz. SOLBERG VERSAGARD AS-100 FP ist nicht persistent, siloxanfrei und enth\u00e4lt keine absichtlich zugesetzten PFAS-Chemikalien. Es wurde f\u00fcr das L\u00f6schen und Sichern von Br\u00e4nden der Klasse B (Kohlenwasserstoffbrennstoffe und polare L\u00f6sungsmittel) und von tiefsitzenden Br\u00e4nden der Klasse A entwickelt. SOLBERG VERSAGARD AS-100 FP ist eine Kombination aus Kohlenwasserstoff-Tensiden und Additiven, die eine hervorragende Schaumexpansion, Produktstabilit\u00e4t, Dampfabdichtung, L\u00f6sch- und R\u00fcckbrenneigenschaften sowohl f\u00fcr oberfl\u00e4chliche als auch f\u00fcr tief liegende Br\u00e4nde unter Verwendung von S\u00fc\u00df-, Meer- oder Brackwasser bietet. Dieses fluorfreie Konzentrat wurde entwickelt, um eine stabile und langanhaltende Schaumdecke zu erzeugen und gleichzeitig ein Konzentrat zu gew\u00e4hrleisten, dessen Viskosit\u00e4t sich in Gegenwart von Wasser nicht signifikant ver\u00e4ndert und das eine verbesserte Lagerung, Handhabung, Dosierung und Langzeitstabilit\u00e4t aufweist. <strong>Anwendungen<\/strong> SOLBERG VERSAGARD AS-100 FP wurde entwickelt, um stabile Sch\u00e4ume mit hoher Flie\u00dff\u00e4higkeit und langsamer Entw\u00e4sserung zu erzeugen. Diese neuartige Technologie erm\u00f6glicht SOLBERG VERSAGARD eine \u00e4hnliche Leistung wie fluorierte Produkte. Es kann mit Ger\u00e4ten mit schwacher Schaumbildung (D\u00fcsen und Monitore) und Ger\u00e4ten zur Abgabe von mittel- und hochexpandiertem Schaum verwendet werden, um Br\u00e4nde zu bek\u00e4mpfen, bei denen Kohlenwasserstoffbr\u00e4nde der Klasse B und Br\u00e4nde mit polaren L\u00f6sungsmitteln auftreten. Es ist vollst\u00e4ndig kompatibel mit Standard-Feuerwehrausr\u00fcstung, einschlie\u00dflich Inline-Induktoren, selbstinduzierenden D\u00fcsen, Feuerwehrpumpen, Blasentanks, Pumpenskids, Gleichdrucksystemen und mehr. Bei niedrigen Temperaturen kann dieses Konzentrat spezielle Dosierger\u00e4te erfordern. Zus\u00e4tzlich zu seiner ausgezeichneten Schaum- und Blasenstabilit\u00e4t verf\u00fcgt SOLBERG VERSAGARD AS-100 FP \u00fcber ein hervorragendes Benetzungsverm\u00f6gen, was es zu einem effektiven Hilfsmittel f\u00fcr die L\u00f6schung von Kraftstoffbr\u00e4nden der Klasse A macht. <strong>ZERTIFIZIERUNGEN:<\/strong> SOLBERG VERSAGARD AS-100 FP wurde in mehreren gro\u00df angelegten Brandversuchen getestet. Die Ergebnisse umfassen:<\/p>\n<ul>\n<li>Erreicht eine hohe Bewertung und ist zertifiziert nach der Europ\u00e4ischen Norm EN-1568:2018 Teil 3 &amp; 4 f\u00fcr alle Kraftstoffe mit S\u00fc\u00df- und Meerwasser &#8211; IA\/IA &#8211; IA\/IA Aceton &#8211; IA\/IB IPA<\/li>\n<li>Bestanden und zertifiziert nach der Europ\u00e4ischen Norm EN-1568:2018 Teil 1 &amp; 2 &#8211; f\u00fcr die Verwendung mit Mittel- und Hochexpansionsschaumger\u00e4ten<\/li>\n<li>Zertifizierung der Internationalen Seeschifffahrtsorganisation MSC.1\/Circ. 1312<\/li>\n<\/ul>\n<\/div>\n<p>&nbsp;<\/p>\n<h4>Verf\u00fcgbare Optionen<\/h4>\n","protected":false},"excerpt":{"rendered":"<h1 class=\"elementor-heading-title elementor-size-default\">MEHRZWECK-SCHAUMMITTEL 3X3 FLUORFREI &#8211; GEFRIERGESCH\u00dcTZT<\/h1>\n","protected":false},"featured_media":42206,"template":"","meta":{"_acf_changed":false},"product_cat":[198,187],"product_tag":[221,225,231,251,245,234,249,247,241],"class_list":{"0":"post-42203","1":"product","2":"type-product","3":"status-publish","4":"has-post-thumbnail","6":"product_cat-class-b-fluorine-free-de","7":"product_cat-class-b-de","8":"product_tag-en-1568-de","9":"product_tag-gesip-de","10":"product_tag-industriell","11":"product_tag-kommunal","12":"product_tag-marine-de","13":"product_tag-med-imo-de","14":"product_tag-militar-dod","15":"product_tag-ol-und-gas","16":"product_tag-solberg-de","18":"first","19":"instock","20":"shipping-taxable","21":"purchasable","22":"product-type-simple"},"acf":[],"yoast_head":"<!-- This site is optimized with the Yoast SEO Premium plugin v21.9 (Yoast SEO v23.5) - https:\/\/yoast.com\/wordpress\/plugins\/seo\/ -->\n<title>SOLBERG\u00ae VERSAGARD\u2122 AS-100 FP - Perimeter Solutions<\/title>\n<meta name=\"description\" content=\"SOLBERG\u00ae VERSAGARD\u2122 AS-100 FP fluorfreies Mehrzweck-Schaummittelkonzentrat 3\u00d73 ist eine hochmoderne, alkoholbest\u00e4ndige, fluorfreie pseudoplastische Schaumtechnologie mit Gefrierschutz. SOLBERG VERSAGARD AS-100 FP ist nicht persistent, siloxanfrei und enth\u00e4lt keine absichtlich zugesetzten PFAS-Chemikalien. Es wurde f\u00fcr das L\u00f6schen und Sichern von Br\u00e4nden der Klasse B (Kohlenwasserstoffbrennstoffe und polare L\u00f6sungsmittel) und von tiefsitzenden Br\u00e4nden der Klasse A entwickelt.\" \/>\n<meta name=\"robots\" content=\"index, follow, max-snippet:-1, max-image-preview:large, max-video-preview:-1\" \/>\n<link rel=\"canonical\" href=\"https:\/\/www.perimeter-solutions.com\/de\/product\/solberg-versagard-as-100-fp\/\" \/>\n<meta property=\"og:locale\" content=\"de_DE\" \/>\n<meta property=\"og:type\" content=\"article\" \/>\n<meta property=\"og:title\" content=\"SOLBERG\u00ae VERSAGARD\u2122 AS-100 FP\" \/>\n<meta property=\"og:description\" content=\"SOLBERG\u00ae VERSAGARD\u2122 AS-100 FP fluorfreies Mehrzweck-Schaummittelkonzentrat 3\u00d73 ist eine hochmoderne, alkoholbest\u00e4ndige, fluorfreie pseudoplastische Schaumtechnologie mit Gefrierschutz. SOLBERG VERSAGARD AS-100 FP ist nicht persistent, siloxanfrei und enth\u00e4lt keine absichtlich zugesetzten PFAS-Chemikalien. Es wurde f\u00fcr das L\u00f6schen und Sichern von Br\u00e4nden der Klasse B (Kohlenwasserstoffbrennstoffe und polare L\u00f6sungsmittel) und von tiefsitzenden Br\u00e4nden der Klasse A entwickelt.\" \/>\n<meta property=\"og:url\" content=\"https:\/\/www.perimeter-solutions.com\/de\/product\/solberg-versagard-as-100-fp\/\" \/>\n<meta property=\"og:site_name\" content=\"Perimeter Solutions\" \/>\n<meta property=\"article:modified_time\" content=\"2024-08-14T20:16:47+00:00\" \/>\n<meta name=\"twitter:card\" content=\"summary_large_image\" \/>\n<meta name=\"twitter:label1\" content=\"Gesch\u00e4tzte Lesezeit\" \/>\n\t<meta name=\"twitter:data1\" content=\"2\u00a0Minuten\" \/>\n<script type=\"application\/ld+json\" class=\"yoast-schema-graph\">{\"@context\":\"https:\/\/schema.org\",\"@graph\":[{\"@type\":\"WebPage\",\"@id\":\"https:\/\/www.perimeter-solutions.com\/de\/product\/solberg-versagard-as-100-fp\/\",\"url\":\"https:\/\/www.perimeter-solutions.com\/de\/product\/solberg-versagard-as-100-fp\/\",\"name\":\"SOLBERG\u00ae VERSAGARD\u2122 AS-100 FP - Perimeter Solutions\",\"isPartOf\":{\"@id\":\"https:\/\/www.perimeter-solutions.com\/de\/#website\"},\"primaryImageOfPage\":{\"@id\":\"https:\/\/www.perimeter-solutions.com\/de\/product\/solberg-versagard-as-100-fp\/#primaryimage\"},\"image\":{\"@id\":\"https:\/\/www.perimeter-solutions.com\/de\/product\/solberg-versagard-as-100-fp\/#primaryimage\"},\"thumbnailUrl\":\"https:\/\/www.perimeter-solutions.com\/wp-content\/uploads\/2024\/06\/PERI1383-VERSAGARD-AS-100-FP-datasheet-A4-v9.2-1-pdf.jpg\",\"datePublished\":\"2024-06-28T18:47:24+00:00\",\"dateModified\":\"2024-08-14T20:16:47+00:00\",\"description\":\"SOLBERG\u00ae VERSAGARD\u2122 AS-100 FP fluorfreies Mehrzweck-Schaummittelkonzentrat 3\u00d73 ist eine hochmoderne, alkoholbest\u00e4ndige, fluorfreie pseudoplastische Schaumtechnologie mit Gefrierschutz. SOLBERG VERSAGARD AS-100 FP ist nicht persistent, siloxanfrei und enth\u00e4lt keine absichtlich zugesetzten PFAS-Chemikalien. Es wurde f\u00fcr das L\u00f6schen und Sichern von Br\u00e4nden der Klasse B (Kohlenwasserstoffbrennstoffe und polare L\u00f6sungsmittel) und von tiefsitzenden Br\u00e4nden der Klasse A entwickelt.\",\"breadcrumb\":{\"@id\":\"https:\/\/www.perimeter-solutions.com\/de\/product\/solberg-versagard-as-100-fp\/#breadcrumb\"},\"inLanguage\":\"de\",\"potentialAction\":[{\"@type\":\"ReadAction\",\"target\":[\"https:\/\/www.perimeter-solutions.com\/de\/product\/solberg-versagard-as-100-fp\/\"]}]},{\"@type\":\"ImageObject\",\"inLanguage\":\"de\",\"@id\":\"https:\/\/www.perimeter-solutions.com\/de\/product\/solberg-versagard-as-100-fp\/#primaryimage\",\"url\":\"https:\/\/www.perimeter-solutions.com\/wp-content\/uploads\/2024\/06\/PERI1383-VERSAGARD-AS-100-FP-datasheet-A4-v9.2-1-pdf.jpg\",\"contentUrl\":\"https:\/\/www.perimeter-solutions.com\/wp-content\/uploads\/2024\/06\/PERI1383-VERSAGARD-AS-100-FP-datasheet-A4-v9.2-1-pdf.jpg\"},{\"@type\":\"BreadcrumbList\",\"@id\":\"https:\/\/www.perimeter-solutions.com\/de\/product\/solberg-versagard-as-100-fp\/#breadcrumb\",\"itemListElement\":[{\"@type\":\"ListItem\",\"position\":1,\"name\":\"Produktkatalog\",\"item\":\"https:\/\/www.perimeter-solutions.com\/de\/produktkatalog\/\"},{\"@type\":\"ListItem\",\"position\":2,\"name\":\"SOLBERG\u00ae VERSAGARD\u2122 AS-100 FP\"}]},{\"@type\":\"WebSite\",\"@id\":\"https:\/\/www.perimeter-solutions.com\/de\/#website\",\"url\":\"https:\/\/www.perimeter-solutions.com\/de\/\",\"name\":\"Perimeter Solutions\",\"description\":\"\",\"publisher\":{\"@id\":\"https:\/\/www.perimeter-solutions.com\/de\/#organization\"},\"potentialAction\":[{\"@type\":\"SearchAction\",\"target\":{\"@type\":\"EntryPoint\",\"urlTemplate\":\"https:\/\/www.perimeter-solutions.com\/de\/?s={search_term_string}\"},\"query-input\":{\"@type\":\"PropertyValueSpecification\",\"valueRequired\":true,\"valueName\":\"search_term_string\"}}],\"inLanguage\":\"de\"},{\"@type\":\"Organization\",\"@id\":\"https:\/\/www.perimeter-solutions.com\/de\/#organization\",\"name\":\"Perimeter Solutions\",\"url\":\"https:\/\/www.perimeter-solutions.com\/de\/\",\"logo\":{\"@type\":\"ImageObject\",\"inLanguage\":\"de\",\"@id\":\"https:\/\/www.perimeter-solutions.com\/de\/#\/schema\/logo\/image\/\",\"url\":\"https:\/\/www.perimeter-solutions.com\/wp-content\/uploads\/2021\/02\/perimeter-logo-RGB.png\",\"contentUrl\":\"https:\/\/www.perimeter-solutions.com\/wp-content\/uploads\/2021\/02\/perimeter-logo-RGB.png\",\"width\":794,\"height\":138,\"caption\":\"Perimeter Solutions\"},\"image\":{\"@id\":\"https:\/\/www.perimeter-solutions.com\/de\/#\/schema\/logo\/image\/\"}}]}<\/script>\n<!-- \/ Yoast SEO Premium plugin. -->","yoast_head_json":{"title":"SOLBERG\u00ae VERSAGARD\u2122 AS-100 FP - Perimeter Solutions","description":"SOLBERG\u00ae VERSAGARD\u2122 AS-100 FP fluorfreies Mehrzweck-Schaummittelkonzentrat 3\u00d73 ist eine hochmoderne, alkoholbest\u00e4ndige, fluorfreie pseudoplastische Schaumtechnologie mit Gefrierschutz. SOLBERG VERSAGARD AS-100 FP ist nicht persistent, siloxanfrei und enth\u00e4lt keine absichtlich zugesetzten PFAS-Chemikalien. Es wurde f\u00fcr das L\u00f6schen und Sichern von Br\u00e4nden der Klasse B (Kohlenwasserstoffbrennstoffe und polare L\u00f6sungsmittel) und von tiefsitzenden Br\u00e4nden der Klasse A entwickelt.","robots":{"index":"index","follow":"follow","max-snippet":"max-snippet:-1","max-image-preview":"max-image-preview:large","max-video-preview":"max-video-preview:-1"},"canonical":"https:\/\/www.perimeter-solutions.com\/de\/product\/solberg-versagard-as-100-fp\/","og_locale":"de_DE","og_type":"article","og_title":"SOLBERG\u00ae VERSAGARD\u2122 AS-100 FP","og_description":"SOLBERG\u00ae VERSAGARD\u2122 AS-100 FP fluorfreies Mehrzweck-Schaummittelkonzentrat 3\u00d73 ist eine hochmoderne, alkoholbest\u00e4ndige, fluorfreie pseudoplastische Schaumtechnologie mit Gefrierschutz. SOLBERG VERSAGARD AS-100 FP ist nicht persistent, siloxanfrei und enth\u00e4lt keine absichtlich zugesetzten PFAS-Chemikalien. Es wurde f\u00fcr das L\u00f6schen und Sichern von Br\u00e4nden der Klasse B (Kohlenwasserstoffbrennstoffe und polare L\u00f6sungsmittel) und von tiefsitzenden Br\u00e4nden der Klasse A entwickelt.","og_url":"https:\/\/www.perimeter-solutions.com\/de\/product\/solberg-versagard-as-100-fp\/","og_site_name":"Perimeter Solutions","article_modified_time":"2024-08-14T20:16:47+00:00","twitter_card":"summary_large_image","twitter_misc":{"Gesch\u00e4tzte Lesezeit":"2\u00a0Minuten"},"schema":{"@context":"https:\/\/schema.org","@graph":[{"@type":"WebPage","@id":"https:\/\/www.perimeter-solutions.com\/de\/product\/solberg-versagard-as-100-fp\/","url":"https:\/\/www.perimeter-solutions.com\/de\/product\/solberg-versagard-as-100-fp\/","name":"SOLBERG\u00ae VERSAGARD\u2122 AS-100 FP - Perimeter Solutions","isPartOf":{"@id":"https:\/\/www.perimeter-solutions.com\/de\/#website"},"primaryImageOfPage":{"@id":"https:\/\/www.perimeter-solutions.com\/de\/product\/solberg-versagard-as-100-fp\/#primaryimage"},"image":{"@id":"https:\/\/www.perimeter-solutions.com\/de\/product\/solberg-versagard-as-100-fp\/#primaryimage"},"thumbnailUrl":"https:\/\/www.perimeter-solutions.com\/wp-content\/uploads\/2024\/06\/PERI1383-VERSAGARD-AS-100-FP-datasheet-A4-v9.2-1-pdf.jpg","datePublished":"2024-06-28T18:47:24+00:00","dateModified":"2024-08-14T20:16:47+00:00","description":"SOLBERG\u00ae VERSAGARD\u2122 AS-100 FP fluorfreies Mehrzweck-Schaummittelkonzentrat 3\u00d73 ist eine hochmoderne, alkoholbest\u00e4ndige, fluorfreie pseudoplastische Schaumtechnologie mit Gefrierschutz. SOLBERG VERSAGARD AS-100 FP ist nicht persistent, siloxanfrei und enth\u00e4lt keine absichtlich zugesetzten PFAS-Chemikalien. Es wurde f\u00fcr das L\u00f6schen und Sichern von Br\u00e4nden der Klasse B (Kohlenwasserstoffbrennstoffe und polare L\u00f6sungsmittel) und von tiefsitzenden Br\u00e4nden der Klasse A entwickelt.","breadcrumb":{"@id":"https:\/\/www.perimeter-solutions.com\/de\/product\/solberg-versagard-as-100-fp\/#breadcrumb"},"inLanguage":"de","potentialAction":[{"@type":"ReadAction","target":["https:\/\/www.perimeter-solutions.com\/de\/product\/solberg-versagard-as-100-fp\/"]}]},{"@type":"ImageObject","inLanguage":"de","@id":"https:\/\/www.perimeter-solutions.com\/de\/product\/solberg-versagard-as-100-fp\/#primaryimage","url":"https:\/\/www.perimeter-solutions.com\/wp-content\/uploads\/2024\/06\/PERI1383-VERSAGARD-AS-100-FP-datasheet-A4-v9.2-1-pdf.jpg","contentUrl":"https:\/\/www.perimeter-solutions.com\/wp-content\/uploads\/2024\/06\/PERI1383-VERSAGARD-AS-100-FP-datasheet-A4-v9.2-1-pdf.jpg"},{"@type":"BreadcrumbList","@id":"https:\/\/www.perimeter-solutions.com\/de\/product\/solberg-versagard-as-100-fp\/#breadcrumb","itemListElement":[{"@type":"ListItem","position":1,"name":"Produktkatalog","item":"https:\/\/www.perimeter-solutions.com\/de\/produktkatalog\/"},{"@type":"ListItem","position":2,"name":"SOLBERG\u00ae VERSAGARD\u2122 AS-100 FP"}]},{"@type":"WebSite","@id":"https:\/\/www.perimeter-solutions.com\/de\/#website","url":"https:\/\/www.perimeter-solutions.com\/de\/","name":"Perimeter Solutions","description":"","publisher":{"@id":"https:\/\/www.perimeter-solutions.com\/de\/#organization"},"potentialAction":[{"@type":"SearchAction","target":{"@type":"EntryPoint","urlTemplate":"https:\/\/www.perimeter-solutions.com\/de\/?s={search_term_string}"},"query-input":{"@type":"PropertyValueSpecification","valueRequired":true,"valueName":"search_term_string"}}],"inLanguage":"de"},{"@type":"Organization","@id":"https:\/\/www.perimeter-solutions.com\/de\/#organization","name":"Perimeter Solutions","url":"https:\/\/www.perimeter-solutions.com\/de\/","logo":{"@type":"ImageObject","inLanguage":"de","@id":"https:\/\/www.perimeter-solutions.com\/de\/#\/schema\/logo\/image\/","url":"https:\/\/www.perimeter-solutions.com\/wp-content\/uploads\/2021\/02\/perimeter-logo-RGB.png","contentUrl":"https:\/\/www.perimeter-solutions.com\/wp-content\/uploads\/2021\/02\/perimeter-logo-RGB.png","width":794,"height":138,"caption":"Perimeter Solutions"},"image":{"@id":"https:\/\/www.perimeter-solutions.com\/de\/#\/schema\/logo\/image\/"}}]}},"_links":{"self":[{"href":"https:\/\/www.perimeter-solutions.com\/de\/wp-json\/wp\/v2\/product\/42203","targetHints":{"allow":["GET"]}}],"collection":[{"href":"https:\/\/www.perimeter-solutions.com\/de\/wp-json\/wp\/v2\/product"}],"about":[{"href":"https:\/\/www.perimeter-solutions.com\/de\/wp-json\/wp\/v2\/types\/product"}],"wp:featuredmedia":[{"embeddable":true,"href":"https:\/\/www.perimeter-solutions.com\/de\/wp-json\/wp\/v2\/media\/42206"}],"wp:attachment":[{"href":"https:\/\/www.perimeter-solutions.com\/de\/wp-json\/wp\/v2\/media?parent=42203"}],"wp:term":[{"taxonomy":"product_cat","embeddable":true,"href":"https:\/\/www.perimeter-solutions.com\/de\/wp-json\/wp\/v2\/product_cat?post=42203"},{"taxonomy":"product_tag","embeddable":true,"href":"https:\/\/www.perimeter-solutions.com\/de\/wp-json\/wp\/v2\/product_tag?post=42203"}],"curies":[{"name":"wp","href":"https:\/\/api.w.org\/{rel}","templated":true}]}}