{"id":42189,"date":"2024-06-28T15:11:55","date_gmt":"2024-06-28T19:11:55","guid":{"rendered":"https:\/\/www.perimeter-solutions.com\/product\/solberg-avigard-fluorine-free\/"},"modified":"2024-08-14T16:17:23","modified_gmt":"2024-08-14T20:17:23","slug":"solberg-avigard-fluorine-free","status":"publish","type":"product","link":"https:\/\/www.perimeter-solutions.com\/de\/product\/solberg-avigard-fluorine-free\/","title":{"rendered":"SOLBERG AVIGARD FLUORINE-FREE"},"content":{"rendered":"<div>\n<p><strong>SOLBERG<sup>\u00ae<\/sup> AVIGARD\u2122<\/strong> fluorfreie Schaumkonzentrate sind eine hochmoderne fluorfreie, niedrigviskose Luftfahrtschaumtechnologie, die zum L\u00f6schen und Sichern von brennbarem Flugzeugtreibstoff und Br\u00e4nden (Jet A und Jet A1) entwickelt wurde. Eine spezielle Kombination von Kohlenwasserstoff-Tensiden und Additiven verleiht Feuerl\u00f6schsch\u00e4umen mit S\u00fc\u00df- oder Meerwasser hervorragende Schaum-, L\u00f6sch- und R\u00fcckbrandeigenschaften. SOLBERG AVIGARD Schaummittel enthalten keine zugesetzten PFAS-Chemikalien und gelten als leicht und schnell biologisch abbaubar. Die SOLBERG AVIGARD-Reihe verf\u00fcgt \u00fcber eine spezielle Formulierung, die entwickelt wurde, um die ICAO-Vorschriften mit hervorragender Leistung bei Jet A\/Jet A1-Kraftstoff zu erf\u00fcllen oder zu \u00fcbertreffen \u2013 mit hoher Flie\u00dff\u00e4higkeit und langsamer Entw\u00e4sserung. Sie k\u00f6nnen mit Schwachschaumger\u00e4ten (D\u00fcsen und Monitoren) und Mittelschaumger\u00e4ten verwendet werden, um Br\u00e4nde zu bek\u00e4mpfen, bei denen Kohlenwasserstoffbr\u00e4nde der Klasse B auftreten. Die Zumischrate betr\u00e4gt entweder 3% oder 6%. SOLBERG AVIGARD 3B ist auch f\u00fcr Meerwasser zertifiziert. SOLBERG AVIGARD Produkte enthalten keine Fluortenside, Fluorpolymere, Organohalogene, PFCAs, PFOA und kein PFOS gem\u00e4\u00df der EU-Richtlinie 2006\/122\/EG und ge\u00e4ndert durch die Ratsrichtlinie 76\/769\/EWG. Sie geben keinen Anlass zur Besorgnis hinsichtlich Persistenz, Bioakkumulation oder toxischem Abbau (PBT).<\/p>\n<p><strong>SOLBERG AVIGARD<\/strong> ist nur in den folgenden Regionen erh\u00e4ltlich:<\/p>\n<ul>\n<li>Nord-Amerika<\/li>\n<li>EMEA<\/li>\n<\/ul>\n<\/div>\n<p>&nbsp;<\/p>\n<h4>Verf\u00fcgbare Optionen<\/h4>\n","protected":false},"excerpt":{"rendered":"<p>SOLBERG\u00ae AVIGARD\u2122 fluorfreie Schaumkonzentrate sind eine hochmoderne fluorfreie, niedrigviskose Luftfahrtschaumtechnologie, die zum L\u00f6schen und Sichern von brennbarem Flugzeugtreibstoff und Br\u00e4nden (Jet A und Jet A1) entwickelt wurde. Eine spezielle Kombination [&hellip;]<\/p>\n","protected":false},"featured_media":48807,"template":"","meta":{"_acf_changed":false},"product_cat":[198,187],"product_tag":[229,218,241],"class_list":{"0":"post-42189","1":"product","2":"type-product","3":"status-publish","4":"has-post-thumbnail","6":"product_cat-class-b-fluorine-free-de","7":"product_cat-class-b-de","8":"product_tag-icao-de","9":"product_tag-luftfahrt","10":"product_tag-solberg-de","12":"first","13":"instock","14":"shipping-taxable","15":"purchasable","16":"product-type-simple"},"acf":[],"yoast_head":"<!-- This site is optimized with the Yoast SEO Premium plugin v21.9 (Yoast SEO v23.5) - https:\/\/yoast.com\/wordpress\/plugins\/seo\/ -->\n<title>SOLBERG AVIGARD FLUORINE-FREE - Perimeter Solutions<\/title>\n<meta name=\"description\" content=\"SOLBERG \u00ae AVIGARD\u2122 fluorfreie Schaumkonzentrate sind eine hochmoderne fluorfreie, niedrigviskose Luftfahrtschaumtechnologie, die zum L\u00f6schen und Sichern von brennbarem Flugzeugtreibstoff und Br\u00e4nden (Jet A und Jet A1) entwickelt wurde.\" \/>\n<meta name=\"robots\" content=\"index, follow, max-snippet:-1, max-image-preview:large, max-video-preview:-1\" \/>\n<link rel=\"canonical\" href=\"https:\/\/www.perimeter-solutions.com\/de\/product\/solberg-avigard-fluorine-free\/\" \/>\n<meta property=\"og:locale\" content=\"de_DE\" \/>\n<meta property=\"og:type\" content=\"article\" \/>\n<meta property=\"og:title\" content=\"SOLBERG AVIGARD FLUORINE-FREE\" \/>\n<meta property=\"og:description\" content=\"SOLBERG \u00ae AVIGARD\u2122 fluorfreie Schaumkonzentrate sind eine hochmoderne fluorfreie, niedrigviskose Luftfahrtschaumtechnologie, die zum L\u00f6schen und Sichern von brennbarem Flugzeugtreibstoff und Br\u00e4nden (Jet A und Jet A1) entwickelt wurde.\" \/>\n<meta property=\"og:url\" content=\"https:\/\/www.perimeter-solutions.com\/de\/product\/solberg-avigard-fluorine-free\/\" \/>\n<meta property=\"og:site_name\" content=\"Perimeter Solutions\" \/>\n<meta property=\"article:modified_time\" content=\"2024-08-14T20:17:23+00:00\" \/>\n<meta name=\"twitter:card\" content=\"summary_large_image\" \/>\n<meta name=\"twitter:label1\" content=\"Gesch\u00e4tzte Lesezeit\" \/>\n\t<meta name=\"twitter:data1\" content=\"1\u00a0Minute\" \/>\n<script type=\"application\/ld+json\" class=\"yoast-schema-graph\">{\"@context\":\"https:\/\/schema.org\",\"@graph\":[{\"@type\":\"WebPage\",\"@id\":\"https:\/\/www.perimeter-solutions.com\/de\/product\/solberg-avigard-fluorine-free\/\",\"url\":\"https:\/\/www.perimeter-solutions.com\/de\/product\/solberg-avigard-fluorine-free\/\",\"name\":\"SOLBERG AVIGARD FLUORINE-FREE - Perimeter Solutions\",\"isPartOf\":{\"@id\":\"https:\/\/www.perimeter-solutions.com\/de\/#website\"},\"primaryImageOfPage\":{\"@id\":\"https:\/\/www.perimeter-solutions.com\/de\/product\/solberg-avigard-fluorine-free\/#primaryimage\"},\"image\":{\"@id\":\"https:\/\/www.perimeter-solutions.com\/de\/product\/solberg-avigard-fluorine-free\/#primaryimage\"},\"thumbnailUrl\":\"https:\/\/www.perimeter-solutions.com\/wp-content\/uploads\/2024\/06\/SOLBERG-AVIGARD-3B-and-6B-product-thumbnail.png\",\"datePublished\":\"2024-06-28T19:11:55+00:00\",\"dateModified\":\"2024-08-14T20:17:23+00:00\",\"description\":\"SOLBERG \u00ae AVIGARD\u2122 fluorfreie Schaumkonzentrate sind eine hochmoderne fluorfreie, niedrigviskose Luftfahrtschaumtechnologie, die zum L\u00f6schen und Sichern von brennbarem Flugzeugtreibstoff und Br\u00e4nden (Jet A und Jet A1) entwickelt wurde.\",\"breadcrumb\":{\"@id\":\"https:\/\/www.perimeter-solutions.com\/de\/product\/solberg-avigard-fluorine-free\/#breadcrumb\"},\"inLanguage\":\"de\",\"potentialAction\":[{\"@type\":\"ReadAction\",\"target\":[\"https:\/\/www.perimeter-solutions.com\/de\/product\/solberg-avigard-fluorine-free\/\"]}]},{\"@type\":\"ImageObject\",\"inLanguage\":\"de\",\"@id\":\"https:\/\/www.perimeter-solutions.com\/de\/product\/solberg-avigard-fluorine-free\/#primaryimage\",\"url\":\"https:\/\/www.perimeter-solutions.com\/wp-content\/uploads\/2024\/06\/SOLBERG-AVIGARD-3B-and-6B-product-thumbnail.png\",\"contentUrl\":\"https:\/\/www.perimeter-solutions.com\/wp-content\/uploads\/2024\/06\/SOLBERG-AVIGARD-3B-and-6B-product-thumbnail.png\",\"width\":1498,\"height\":1940},{\"@type\":\"BreadcrumbList\",\"@id\":\"https:\/\/www.perimeter-solutions.com\/de\/product\/solberg-avigard-fluorine-free\/#breadcrumb\",\"itemListElement\":[{\"@type\":\"ListItem\",\"position\":1,\"name\":\"Produktkatalog\",\"item\":\"https:\/\/www.perimeter-solutions.com\/de\/produktkatalog\/\"},{\"@type\":\"ListItem\",\"position\":2,\"name\":\"SOLBERG AVIGARD FLUORINE-FREE\"}]},{\"@type\":\"WebSite\",\"@id\":\"https:\/\/www.perimeter-solutions.com\/de\/#website\",\"url\":\"https:\/\/www.perimeter-solutions.com\/de\/\",\"name\":\"Perimeter Solutions\",\"description\":\"\",\"publisher\":{\"@id\":\"https:\/\/www.perimeter-solutions.com\/de\/#organization\"},\"potentialAction\":[{\"@type\":\"SearchAction\",\"target\":{\"@type\":\"EntryPoint\",\"urlTemplate\":\"https:\/\/www.perimeter-solutions.com\/de\/?s={search_term_string}\"},\"query-input\":{\"@type\":\"PropertyValueSpecification\",\"valueRequired\":true,\"valueName\":\"search_term_string\"}}],\"inLanguage\":\"de\"},{\"@type\":\"Organization\",\"@id\":\"https:\/\/www.perimeter-solutions.com\/de\/#organization\",\"name\":\"Perimeter Solutions\",\"url\":\"https:\/\/www.perimeter-solutions.com\/de\/\",\"logo\":{\"@type\":\"ImageObject\",\"inLanguage\":\"de\",\"@id\":\"https:\/\/www.perimeter-solutions.com\/de\/#\/schema\/logo\/image\/\",\"url\":\"https:\/\/www.perimeter-solutions.com\/wp-content\/uploads\/2021\/02\/perimeter-logo-RGB.png\",\"contentUrl\":\"https:\/\/www.perimeter-solutions.com\/wp-content\/uploads\/2021\/02\/perimeter-logo-RGB.png\",\"width\":794,\"height\":138,\"caption\":\"Perimeter Solutions\"},\"image\":{\"@id\":\"https:\/\/www.perimeter-solutions.com\/de\/#\/schema\/logo\/image\/\"}}]}<\/script>\n<!-- \/ Yoast SEO Premium plugin. -->","yoast_head_json":{"title":"SOLBERG AVIGARD FLUORINE-FREE - Perimeter Solutions","description":"SOLBERG \u00ae AVIGARD\u2122 fluorfreie Schaumkonzentrate sind eine hochmoderne fluorfreie, niedrigviskose Luftfahrtschaumtechnologie, die zum L\u00f6schen und Sichern von brennbarem Flugzeugtreibstoff und Br\u00e4nden (Jet A und Jet A1) entwickelt wurde.","robots":{"index":"index","follow":"follow","max-snippet":"max-snippet:-1","max-image-preview":"max-image-preview:large","max-video-preview":"max-video-preview:-1"},"canonical":"https:\/\/www.perimeter-solutions.com\/de\/product\/solberg-avigard-fluorine-free\/","og_locale":"de_DE","og_type":"article","og_title":"SOLBERG AVIGARD FLUORINE-FREE","og_description":"SOLBERG \u00ae AVIGARD\u2122 fluorfreie Schaumkonzentrate sind eine hochmoderne fluorfreie, niedrigviskose Luftfahrtschaumtechnologie, die zum L\u00f6schen und Sichern von brennbarem Flugzeugtreibstoff und Br\u00e4nden (Jet A und Jet A1) entwickelt wurde.","og_url":"https:\/\/www.perimeter-solutions.com\/de\/product\/solberg-avigard-fluorine-free\/","og_site_name":"Perimeter Solutions","article_modified_time":"2024-08-14T20:17:23+00:00","twitter_card":"summary_large_image","twitter_misc":{"Gesch\u00e4tzte Lesezeit":"1\u00a0Minute"},"schema":{"@context":"https:\/\/schema.org","@graph":[{"@type":"WebPage","@id":"https:\/\/www.perimeter-solutions.com\/de\/product\/solberg-avigard-fluorine-free\/","url":"https:\/\/www.perimeter-solutions.com\/de\/product\/solberg-avigard-fluorine-free\/","name":"SOLBERG AVIGARD FLUORINE-FREE - Perimeter Solutions","isPartOf":{"@id":"https:\/\/www.perimeter-solutions.com\/de\/#website"},"primaryImageOfPage":{"@id":"https:\/\/www.perimeter-solutions.com\/de\/product\/solberg-avigard-fluorine-free\/#primaryimage"},"image":{"@id":"https:\/\/www.perimeter-solutions.com\/de\/product\/solberg-avigard-fluorine-free\/#primaryimage"},"thumbnailUrl":"https:\/\/www.perimeter-solutions.com\/wp-content\/uploads\/2024\/06\/SOLBERG-AVIGARD-3B-and-6B-product-thumbnail.png","datePublished":"2024-06-28T19:11:55+00:00","dateModified":"2024-08-14T20:17:23+00:00","description":"SOLBERG \u00ae AVIGARD\u2122 fluorfreie Schaumkonzentrate sind eine hochmoderne fluorfreie, niedrigviskose Luftfahrtschaumtechnologie, die zum L\u00f6schen und Sichern von brennbarem Flugzeugtreibstoff und Br\u00e4nden (Jet A und Jet A1) entwickelt wurde.","breadcrumb":{"@id":"https:\/\/www.perimeter-solutions.com\/de\/product\/solberg-avigard-fluorine-free\/#breadcrumb"},"inLanguage":"de","potentialAction":[{"@type":"ReadAction","target":["https:\/\/www.perimeter-solutions.com\/de\/product\/solberg-avigard-fluorine-free\/"]}]},{"@type":"ImageObject","inLanguage":"de","@id":"https:\/\/www.perimeter-solutions.com\/de\/product\/solberg-avigard-fluorine-free\/#primaryimage","url":"https:\/\/www.perimeter-solutions.com\/wp-content\/uploads\/2024\/06\/SOLBERG-AVIGARD-3B-and-6B-product-thumbnail.png","contentUrl":"https:\/\/www.perimeter-solutions.com\/wp-content\/uploads\/2024\/06\/SOLBERG-AVIGARD-3B-and-6B-product-thumbnail.png","width":1498,"height":1940},{"@type":"BreadcrumbList","@id":"https:\/\/www.perimeter-solutions.com\/de\/product\/solberg-avigard-fluorine-free\/#breadcrumb","itemListElement":[{"@type":"ListItem","position":1,"name":"Produktkatalog","item":"https:\/\/www.perimeter-solutions.com\/de\/produktkatalog\/"},{"@type":"ListItem","position":2,"name":"SOLBERG AVIGARD FLUORINE-FREE"}]},{"@type":"WebSite","@id":"https:\/\/www.perimeter-solutions.com\/de\/#website","url":"https:\/\/www.perimeter-solutions.com\/de\/","name":"Perimeter Solutions","description":"","publisher":{"@id":"https:\/\/www.perimeter-solutions.com\/de\/#organization"},"potentialAction":[{"@type":"SearchAction","target":{"@type":"EntryPoint","urlTemplate":"https:\/\/www.perimeter-solutions.com\/de\/?s={search_term_string}"},"query-input":{"@type":"PropertyValueSpecification","valueRequired":true,"valueName":"search_term_string"}}],"inLanguage":"de"},{"@type":"Organization","@id":"https:\/\/www.perimeter-solutions.com\/de\/#organization","name":"Perimeter Solutions","url":"https:\/\/www.perimeter-solutions.com\/de\/","logo":{"@type":"ImageObject","inLanguage":"de","@id":"https:\/\/www.perimeter-solutions.com\/de\/#\/schema\/logo\/image\/","url":"https:\/\/www.perimeter-solutions.com\/wp-content\/uploads\/2021\/02\/perimeter-logo-RGB.png","contentUrl":"https:\/\/www.perimeter-solutions.com\/wp-content\/uploads\/2021\/02\/perimeter-logo-RGB.png","width":794,"height":138,"caption":"Perimeter Solutions"},"image":{"@id":"https:\/\/www.perimeter-solutions.com\/de\/#\/schema\/logo\/image\/"}}]}},"_links":{"self":[{"href":"https:\/\/www.perimeter-solutions.com\/de\/wp-json\/wp\/v2\/product\/42189","targetHints":{"allow":["GET"]}}],"collection":[{"href":"https:\/\/www.perimeter-solutions.com\/de\/wp-json\/wp\/v2\/product"}],"about":[{"href":"https:\/\/www.perimeter-solutions.com\/de\/wp-json\/wp\/v2\/types\/product"}],"wp:featuredmedia":[{"embeddable":true,"href":"https:\/\/www.perimeter-solutions.com\/de\/wp-json\/wp\/v2\/media\/48807"}],"wp:attachment":[{"href":"https:\/\/www.perimeter-solutions.com\/de\/wp-json\/wp\/v2\/media?parent=42189"}],"wp:term":[{"taxonomy":"product_cat","embeddable":true,"href":"https:\/\/www.perimeter-solutions.com\/de\/wp-json\/wp\/v2\/product_cat?post=42189"},{"taxonomy":"product_tag","embeddable":true,"href":"https:\/\/www.perimeter-solutions.com\/de\/wp-json\/wp\/v2\/product_tag?post=42189"}],"curies":[{"name":"wp","href":"https:\/\/api.w.org\/{rel}","templated":true}]}}