{"id":42175,"date":"2024-07-22T20:49:52","date_gmt":"2024-07-23T00:49:52","guid":{"rendered":"https:\/\/www.perimeter-solutions.com\/product\/phos-chek-3x6-ar-afff\/"},"modified":"2024-08-14T14:51:46","modified_gmt":"2024-08-14T18:51:46","slug":"phos-chek-3x6-ar-afff-2","status":"publish","type":"product","link":"https:\/\/www.perimeter-solutions.com\/de\/product\/phos-chek-3x6-ar-afff-2\/","title":{"rendered":"PHOS-CHEK 3\u00d76% AR-AFFF"},"content":{"rendered":"<p><strong>PHOS-CHEK<sup>\u00ae<\/sup> 3\u00d76% AR-AFFF<\/strong> Schaumkonzentrat ist eine Mischung aus Wasser, Kohlenwasserstoff-Tensiden, L\u00f6sungsmitteln, C6-Fluortensiden und Fluorpolymeren. Bei dem Produkt handelt es sich um ein 3% x 6%iges Konzentrat, das f\u00fcr Br\u00e4nde von Kohlenwasserstoff-Brennstoffen mit 3% und f\u00fcr Br\u00e4nde von polaren L\u00f6sungsmitteln mit 6% dosiert werden soll. PHOS-CHEK 3\u00d76% AR-AFFF wurde f\u00fcr eine schnelle Kontrolle und Bek\u00e4mpfung entwickelt, indem ein d\u00fcnner w\u00e4ssriger Film auf Kohlenwasserstoff-Kraftstoffen oder eine Polymermembran auf polaren L\u00f6sungsmittel-Kraftstoffen erzeugt wird, die die Freisetzung von D\u00e4mpfen minimiert, ein Schaumteppich den Kraftstoff von der Luft trennt und ein kontinuierliches Ablaufen von Wasser aus dem Schaumteppich f\u00fcr K\u00fchlung an der Kraftstoffoberfl\u00e4che sorgt. 3\u00d76% AR-AFFF&#8217;s sind zwar den moderneren 3\u00d73 AR-AFFF&#8217;s gewichen, aber viele \u00e4ltere Systeme verwenden immer noch 3\u00d76%&#8217;s.<\/p>\n<p><strong style=\"font-style: inherit;\">ZERTIFIZIERUNGEN: <\/strong>UL162 gelistet, EN 1568-3:2008 (Klasse 1A) und EN 1568-4:2008 (Klasse 1B) zugelassen<\/p>\n<h4>Verf\u00fcgbare Optionen<\/h4>\n","protected":false},"excerpt":{"rendered":"<p>PHOS-CHEK\u00ae 3\u00d76% AR-AFFF Schaumkonzentrat ist eine Mischung aus Wasser, Kohlenwasserstoff-Tensiden, L\u00f6sungsmitteln, C6-Fluortensiden und Fluorpolymeren. Bei dem Produkt handelt es sich um ein 3% x 6%iges Konzentrat, das f\u00fcr Br\u00e4nde von [&hellip;]<\/p>\n","protected":false},"featured_media":43023,"template":"","meta":{"_acf_changed":false},"product_cat":[201,187],"product_tag":[231,247,243],"class_list":{"0":"post-42175","1":"product","2":"type-product","3":"status-publish","4":"has-post-thumbnail","6":"product_cat-class-b-fluorinated-de","7":"product_cat-class-b-de","8":"product_tag-industriell","9":"product_tag-ol-und-gas","10":"product_tag-ul-162","12":"first","13":"instock","14":"shipping-taxable","15":"purchasable","16":"product-type-simple"},"acf":[],"yoast_head":"<!-- This site is optimized with the Yoast SEO Premium plugin v21.9 (Yoast SEO v23.5) - https:\/\/yoast.com\/wordpress\/plugins\/seo\/ -->\n<title>PHOS-CHEK 3\u00d76% AR-AFFF - Perimeter Solutions<\/title>\n<meta name=\"robots\" content=\"index, follow, max-snippet:-1, max-image-preview:large, max-video-preview:-1\" \/>\n<link rel=\"canonical\" href=\"https:\/\/www.perimeter-solutions.com\/de\/product\/phos-chek-3x6-ar-afff-2\/\" \/>\n<meta property=\"og:locale\" content=\"de_DE\" \/>\n<meta property=\"og:type\" content=\"article\" \/>\n<meta property=\"og:title\" content=\"PHOS-CHEK 3\u00d76% AR-AFFF\" \/>\n<meta property=\"og:description\" content=\"PHOS-CHEK\u00ae 3\u00d76% AR-AFFF Schaumkonzentrat ist eine Mischung aus Wasser, Kohlenwasserstoff-Tensiden, L\u00f6sungsmitteln, C6-Fluortensiden und Fluorpolymeren. Bei dem Produkt handelt es sich um ein 3% x 6%iges Konzentrat, das f\u00fcr Br\u00e4nde von [&hellip;]\" \/>\n<meta property=\"og:url\" content=\"https:\/\/www.perimeter-solutions.com\/de\/product\/phos-chek-3x6-ar-afff-2\/\" \/>\n<meta property=\"og:site_name\" content=\"Perimeter Solutions\" \/>\n<meta property=\"article:modified_time\" content=\"2024-08-14T18:51:46+00:00\" \/>\n<meta name=\"twitter:card\" content=\"summary_large_image\" \/>\n<meta name=\"twitter:label1\" content=\"Gesch\u00e4tzte Lesezeit\" \/>\n\t<meta name=\"twitter:data1\" content=\"1\u00a0Minute\" \/>\n<script type=\"application\/ld+json\" class=\"yoast-schema-graph\">{\"@context\":\"https:\/\/schema.org\",\"@graph\":[{\"@type\":\"WebPage\",\"@id\":\"https:\/\/www.perimeter-solutions.com\/de\/product\/phos-chek-3x6-ar-afff-2\/\",\"url\":\"https:\/\/www.perimeter-solutions.com\/de\/product\/phos-chek-3x6-ar-afff-2\/\",\"name\":\"PHOS-CHEK 3\u00d76% AR-AFFF - Perimeter Solutions\",\"isPartOf\":{\"@id\":\"https:\/\/www.perimeter-solutions.com\/de\/#website\"},\"primaryImageOfPage\":{\"@id\":\"https:\/\/www.perimeter-solutions.com\/de\/product\/phos-chek-3x6-ar-afff-2\/#primaryimage\"},\"image\":{\"@id\":\"https:\/\/www.perimeter-solutions.com\/de\/product\/phos-chek-3x6-ar-afff-2\/#primaryimage\"},\"thumbnailUrl\":\"https:\/\/www.perimeter-solutions.com\/wp-content\/uploads\/2024\/07\/PC-3x6-AR-AFFF-PCC-2019031-3-1-1-pdf.jpg\",\"datePublished\":\"2024-07-23T00:49:52+00:00\",\"dateModified\":\"2024-08-14T18:51:46+00:00\",\"breadcrumb\":{\"@id\":\"https:\/\/www.perimeter-solutions.com\/de\/product\/phos-chek-3x6-ar-afff-2\/#breadcrumb\"},\"inLanguage\":\"de\",\"potentialAction\":[{\"@type\":\"ReadAction\",\"target\":[\"https:\/\/www.perimeter-solutions.com\/de\/product\/phos-chek-3x6-ar-afff-2\/\"]}]},{\"@type\":\"ImageObject\",\"inLanguage\":\"de\",\"@id\":\"https:\/\/www.perimeter-solutions.com\/de\/product\/phos-chek-3x6-ar-afff-2\/#primaryimage\",\"url\":\"https:\/\/www.perimeter-solutions.com\/wp-content\/uploads\/2024\/07\/PC-3x6-AR-AFFF-PCC-2019031-3-1-1-pdf.jpg\",\"contentUrl\":\"https:\/\/www.perimeter-solutions.com\/wp-content\/uploads\/2024\/07\/PC-3x6-AR-AFFF-PCC-2019031-3-1-1-pdf.jpg\"},{\"@type\":\"BreadcrumbList\",\"@id\":\"https:\/\/www.perimeter-solutions.com\/de\/product\/phos-chek-3x6-ar-afff-2\/#breadcrumb\",\"itemListElement\":[{\"@type\":\"ListItem\",\"position\":1,\"name\":\"Produktkatalog\",\"item\":\"https:\/\/www.perimeter-solutions.com\/de\/produktkatalog\/\"},{\"@type\":\"ListItem\",\"position\":2,\"name\":\"PHOS-CHEK 3\u00d76% AR-AFFF\"}]},{\"@type\":\"WebSite\",\"@id\":\"https:\/\/www.perimeter-solutions.com\/de\/#website\",\"url\":\"https:\/\/www.perimeter-solutions.com\/de\/\",\"name\":\"Perimeter Solutions\",\"description\":\"\",\"publisher\":{\"@id\":\"https:\/\/www.perimeter-solutions.com\/de\/#organization\"},\"potentialAction\":[{\"@type\":\"SearchAction\",\"target\":{\"@type\":\"EntryPoint\",\"urlTemplate\":\"https:\/\/www.perimeter-solutions.com\/de\/?s={search_term_string}\"},\"query-input\":{\"@type\":\"PropertyValueSpecification\",\"valueRequired\":true,\"valueName\":\"search_term_string\"}}],\"inLanguage\":\"de\"},{\"@type\":\"Organization\",\"@id\":\"https:\/\/www.perimeter-solutions.com\/de\/#organization\",\"name\":\"Perimeter Solutions\",\"url\":\"https:\/\/www.perimeter-solutions.com\/de\/\",\"logo\":{\"@type\":\"ImageObject\",\"inLanguage\":\"de\",\"@id\":\"https:\/\/www.perimeter-solutions.com\/de\/#\/schema\/logo\/image\/\",\"url\":\"https:\/\/www.perimeter-solutions.com\/wp-content\/uploads\/2021\/02\/perimeter-logo-RGB.png\",\"contentUrl\":\"https:\/\/www.perimeter-solutions.com\/wp-content\/uploads\/2021\/02\/perimeter-logo-RGB.png\",\"width\":794,\"height\":138,\"caption\":\"Perimeter Solutions\"},\"image\":{\"@id\":\"https:\/\/www.perimeter-solutions.com\/de\/#\/schema\/logo\/image\/\"}}]}<\/script>\n<!-- \/ Yoast SEO Premium plugin. -->","yoast_head_json":{"title":"PHOS-CHEK 3\u00d76% AR-AFFF - Perimeter Solutions","robots":{"index":"index","follow":"follow","max-snippet":"max-snippet:-1","max-image-preview":"max-image-preview:large","max-video-preview":"max-video-preview:-1"},"canonical":"https:\/\/www.perimeter-solutions.com\/de\/product\/phos-chek-3x6-ar-afff-2\/","og_locale":"de_DE","og_type":"article","og_title":"PHOS-CHEK 3\u00d76% AR-AFFF","og_description":"PHOS-CHEK\u00ae 3\u00d76% AR-AFFF Schaumkonzentrat ist eine Mischung aus Wasser, Kohlenwasserstoff-Tensiden, L\u00f6sungsmitteln, C6-Fluortensiden und Fluorpolymeren. Bei dem Produkt handelt es sich um ein 3% x 6%iges Konzentrat, das f\u00fcr Br\u00e4nde von [&hellip;]","og_url":"https:\/\/www.perimeter-solutions.com\/de\/product\/phos-chek-3x6-ar-afff-2\/","og_site_name":"Perimeter Solutions","article_modified_time":"2024-08-14T18:51:46+00:00","twitter_card":"summary_large_image","twitter_misc":{"Gesch\u00e4tzte Lesezeit":"1\u00a0Minute"},"schema":{"@context":"https:\/\/schema.org","@graph":[{"@type":"WebPage","@id":"https:\/\/www.perimeter-solutions.com\/de\/product\/phos-chek-3x6-ar-afff-2\/","url":"https:\/\/www.perimeter-solutions.com\/de\/product\/phos-chek-3x6-ar-afff-2\/","name":"PHOS-CHEK 3\u00d76% AR-AFFF - Perimeter Solutions","isPartOf":{"@id":"https:\/\/www.perimeter-solutions.com\/de\/#website"},"primaryImageOfPage":{"@id":"https:\/\/www.perimeter-solutions.com\/de\/product\/phos-chek-3x6-ar-afff-2\/#primaryimage"},"image":{"@id":"https:\/\/www.perimeter-solutions.com\/de\/product\/phos-chek-3x6-ar-afff-2\/#primaryimage"},"thumbnailUrl":"https:\/\/www.perimeter-solutions.com\/wp-content\/uploads\/2024\/07\/PC-3x6-AR-AFFF-PCC-2019031-3-1-1-pdf.jpg","datePublished":"2024-07-23T00:49:52+00:00","dateModified":"2024-08-14T18:51:46+00:00","breadcrumb":{"@id":"https:\/\/www.perimeter-solutions.com\/de\/product\/phos-chek-3x6-ar-afff-2\/#breadcrumb"},"inLanguage":"de","potentialAction":[{"@type":"ReadAction","target":["https:\/\/www.perimeter-solutions.com\/de\/product\/phos-chek-3x6-ar-afff-2\/"]}]},{"@type":"ImageObject","inLanguage":"de","@id":"https:\/\/www.perimeter-solutions.com\/de\/product\/phos-chek-3x6-ar-afff-2\/#primaryimage","url":"https:\/\/www.perimeter-solutions.com\/wp-content\/uploads\/2024\/07\/PC-3x6-AR-AFFF-PCC-2019031-3-1-1-pdf.jpg","contentUrl":"https:\/\/www.perimeter-solutions.com\/wp-content\/uploads\/2024\/07\/PC-3x6-AR-AFFF-PCC-2019031-3-1-1-pdf.jpg"},{"@type":"BreadcrumbList","@id":"https:\/\/www.perimeter-solutions.com\/de\/product\/phos-chek-3x6-ar-afff-2\/#breadcrumb","itemListElement":[{"@type":"ListItem","position":1,"name":"Produktkatalog","item":"https:\/\/www.perimeter-solutions.com\/de\/produktkatalog\/"},{"@type":"ListItem","position":2,"name":"PHOS-CHEK 3\u00d76% AR-AFFF"}]},{"@type":"WebSite","@id":"https:\/\/www.perimeter-solutions.com\/de\/#website","url":"https:\/\/www.perimeter-solutions.com\/de\/","name":"Perimeter Solutions","description":"","publisher":{"@id":"https:\/\/www.perimeter-solutions.com\/de\/#organization"},"potentialAction":[{"@type":"SearchAction","target":{"@type":"EntryPoint","urlTemplate":"https:\/\/www.perimeter-solutions.com\/de\/?s={search_term_string}"},"query-input":{"@type":"PropertyValueSpecification","valueRequired":true,"valueName":"search_term_string"}}],"inLanguage":"de"},{"@type":"Organization","@id":"https:\/\/www.perimeter-solutions.com\/de\/#organization","name":"Perimeter Solutions","url":"https:\/\/www.perimeter-solutions.com\/de\/","logo":{"@type":"ImageObject","inLanguage":"de","@id":"https:\/\/www.perimeter-solutions.com\/de\/#\/schema\/logo\/image\/","url":"https:\/\/www.perimeter-solutions.com\/wp-content\/uploads\/2021\/02\/perimeter-logo-RGB.png","contentUrl":"https:\/\/www.perimeter-solutions.com\/wp-content\/uploads\/2021\/02\/perimeter-logo-RGB.png","width":794,"height":138,"caption":"Perimeter Solutions"},"image":{"@id":"https:\/\/www.perimeter-solutions.com\/de\/#\/schema\/logo\/image\/"}}]}},"_links":{"self":[{"href":"https:\/\/www.perimeter-solutions.com\/de\/wp-json\/wp\/v2\/product\/42175","targetHints":{"allow":["GET"]}}],"collection":[{"href":"https:\/\/www.perimeter-solutions.com\/de\/wp-json\/wp\/v2\/product"}],"about":[{"href":"https:\/\/www.perimeter-solutions.com\/de\/wp-json\/wp\/v2\/types\/product"}],"wp:featuredmedia":[{"embeddable":true,"href":"https:\/\/www.perimeter-solutions.com\/de\/wp-json\/wp\/v2\/media\/43023"}],"wp:attachment":[{"href":"https:\/\/www.perimeter-solutions.com\/de\/wp-json\/wp\/v2\/media?parent=42175"}],"wp:term":[{"taxonomy":"product_cat","embeddable":true,"href":"https:\/\/www.perimeter-solutions.com\/de\/wp-json\/wp\/v2\/product_cat?post=42175"},{"taxonomy":"product_tag","embeddable":true,"href":"https:\/\/www.perimeter-solutions.com\/de\/wp-json\/wp\/v2\/product_tag?post=42175"}],"curies":[{"name":"wp","href":"https:\/\/api.w.org\/{rel}","templated":true}]}}