{"id":43111,"date":"2020-11-26T05:10:55","date_gmt":"2020-11-26T10:10:55","guid":{"rendered":"https:\/\/www.perimeter-solutions.com\/schaum-der-klasse-b\/"},"modified":"2024-08-14T22:34:46","modified_gmt":"2024-08-15T02:34:46","slug":"schaum-der-klasse-b","status":"publish","type":"page","link":"https:\/\/www.perimeter-solutions.com\/de\/schaum-der-klasse-b\/","title":{"rendered":"Schaum der Klasse B"},"content":{"rendered":"\t\t<div data-elementor-type=\"wp-page\" data-elementor-id=\"43111\" class=\"elementor elementor-43111 elementor-17093\" data-elementor-post-type=\"page\">\n\t\t\t\t\t\t<section class=\"elementor-section elementor-top-section elementor-element elementor-element-a53ddb9 elementor-section-stretched elementor-section-boxed elementor-section-height-default elementor-section-height-default\" data-id=\"a53ddb9\" data-element_type=\"section\" data-e-type=\"section\" data-settings=\"{&quot;stretch_section&quot;:&quot;section-stretched&quot;,&quot;background_background&quot;:&quot;classic&quot;}\">\n\t\t\t\t\t\t<div class=\"elementor-container elementor-column-gap-default\">\n\t\t\t\t\t<div class=\"elementor-column elementor-col-100 elementor-top-column elementor-element elementor-element-8e1337c\" data-id=\"8e1337c\" data-element_type=\"column\" data-e-type=\"column\">\n\t\t\t<div class=\"elementor-widget-wrap elementor-element-populated\">\n\t\t\t\t\t\t<div class=\"elementor-element elementor-element-3fcef61 elementor-widget elementor-widget-heading\" data-id=\"3fcef61\" data-element_type=\"widget\" data-e-type=\"widget\" data-widget_type=\"heading.default\">\n\t\t\t\t<div class=\"elementor-widget-container\">\n\t\t\t\t\t<h1 class=\"elementor-heading-title elementor-size-default\">Innovationsf\u00fchrer bei Fluorfrei<\/h1>\t\t\t\t<\/div>\n\t\t\t\t<\/div>\n\t\t\t\t\t<\/div>\n\t\t<\/div>\n\t\t\t\t\t<\/div>\n\t\t<\/section>\n\t\t\t\t<section class=\"elementor-section elementor-top-section elementor-element elementor-element-1d85fab elementor-section-boxed elementor-section-height-default elementor-section-height-default\" data-id=\"1d85fab\" data-element_type=\"section\" data-e-type=\"section\">\n\t\t\t\t\t\t<div class=\"elementor-container elementor-column-gap-default\">\n\t\t\t\t\t<div class=\"elementor-column elementor-col-100 elementor-top-column elementor-element elementor-element-575bebd\" data-id=\"575bebd\" data-element_type=\"column\" data-e-type=\"column\">\n\t\t\t<div class=\"elementor-widget-wrap elementor-element-populated\">\n\t\t\t\t\t\t<div class=\"elementor-element elementor-element-5fc88b2 elementor-widget elementor-widget-heading\" data-id=\"5fc88b2\" data-element_type=\"widget\" data-e-type=\"widget\" data-widget_type=\"heading.default\">\n\t\t\t\t<div class=\"elementor-widget-container\">\n\t\t\t\t\t<h2 class=\"elementor-heading-title elementor-size-default\">Schaumstoff-Angebote der Klasse B<\/h2>\t\t\t\t<\/div>\n\t\t\t\t<\/div>\n\t\t\t\t<div class=\"elementor-element elementor-element-ca0f6c0 elementor-widget elementor-widget-text-editor\" data-id=\"ca0f6c0\" data-element_type=\"widget\" data-e-type=\"widget\" data-widget_type=\"text-editor.default\">\n\t\t\t\t<div class=\"elementor-widget-container\">\n\t\t\t\t\t\t\t\t\t<p>Die nachstehende Tabelle kann Ihnen helfen, sich \u00fcber das komplette Sortiment von Perimeter Solutions an L\u00f6schschaumkonzentraten der Klasse B zu informieren.<\/p>\n<p><strong>Bitte wenden Sie sich an einen Experten, um zu erfahren, welche Beschr\u00e4nkungen und Vorschriften f\u00fcr Ihren Staat oder Ihre Region in Bezug auf den Verkauf und Vertrieb von Feuerl\u00f6schschaum der Klasse B gelten.<\/strong><\/p>\n\t\t\t\t\t\t\t\t<\/div>\n\t\t\t\t<\/div>\n\t\t\t\t<div class=\"elementor-element elementor-element-3d762af elementor-widget-divider--view-line_icon elementor-view-default elementor-widget-divider--element-align-center elementor-widget elementor-widget-global elementor-global-39849 elementor-widget-divider\" data-id=\"3d762af\" data-element_type=\"widget\" data-e-type=\"widget\" data-widget_type=\"divider.default\">\n\t\t\t\t<div class=\"elementor-widget-container\">\n\t\t\t\t\t\t\t<div class=\"elementor-divider\">\n\t\t\t<span class=\"elementor-divider-separator\">\n\t\t\t\t\t\t\t<div class=\"elementor-icon elementor-divider__element\">\n\t\t\t\t\t<svg xmlns=\"http:\/\/www.w3.org\/2000\/svg\" xmlns:xlink=\"http:\/\/www.w3.org\/1999\/xlink\" id=\"Layer_1\" x=\"0px\" y=\"0px\" viewBox=\"0 0 76.3 54\" style=\"enable-background:new 0 0 76.3 54;\" xml:space=\"preserve\"><style type=\"text\/css\">\t.st0{fill:#FD7713;}\t.st1{fill:#FDB913;}\t.st2{fill:#E71B2B;}<\/style><polygon class=\"st0\" points=\"15.9,35.7 10.9,44.4 16.6,44.4 21.6,35.7 \"><\/polygon><polygon class=\"st1\" points=\"7.1,35.7 2,44.4 7.8,44.4 12.8,35.7 \"><\/polygon><path class=\"st2\" d=\"M72.4,31.9L57.5,6.1c-2.2-3.8-7.7-3.8-10,0L30.4,35.7h-5.7l-5,8.7h5.7l-3.7,6.5h10l3.7-6.5h0l5-8.7h0l12-20.9 l12,20.9H52.9c-5.2,0-9.2,3.5-11.2,8.7h23.5C71.6,44.4,75.6,37.5,72.4,31.9z\"><\/path><\/svg><\/div>\n\t\t\t\t\t\t<\/span>\n\t\t<\/div>\n\t\t\t\t\t\t<\/div>\n\t\t\t\t<\/div>\n\t\t\t\t<div class=\"elementor-element elementor-element-47d710a elementor-widget elementor-widget-heading\" data-id=\"47d710a\" data-element_type=\"widget\" data-e-type=\"widget\" data-widget_type=\"heading.default\">\n\t\t\t\t<div class=\"elementor-widget-container\">\n\t\t\t\t\t<h3 class=\"elementor-heading-title elementor-size-default\">Fluorine-Free Foam Concentrates<\/h3>\t\t\t\t<\/div>\n\t\t\t\t<\/div>\n\t\t\t\t<div class=\"elementor-element elementor-element-d39aba8 elementor-widget elementor-widget-heading\" data-id=\"d39aba8\" data-element_type=\"widget\" data-e-type=\"widget\" data-widget_type=\"heading.default\">\n\t\t\t\t<div class=\"elementor-widget-container\">\n\t\t\t\t\t<h3 class=\"elementor-heading-title elementor-size-default\">Fluorierte Schaumstoff-Konzentrate<\/h3>\t\t\t\t<\/div>\n\t\t\t\t<\/div>\n\t\t\t\t<div class=\"elementor-element elementor-element-73c181a elementor-widget elementor-widget-heading\" data-id=\"73c181a\" data-element_type=\"widget\" data-e-type=\"widget\" data-widget_type=\"heading.default\">\n\t\t\t\t<div class=\"elementor-widget-container\">\n\t\t\t\t\t<h4 class=\"elementor-heading-title elementor-size-default\">Hilf mir bei der Entscheidung<\/h4>\t\t\t\t<\/div>\n\t\t\t\t<\/div>\n\t\t\t\t<div class=\"elementor-element elementor-element-67ea88c elementor-widget elementor-widget-text-editor\" data-id=\"67ea88c\" data-element_type=\"widget\" data-e-type=\"widget\" data-widget_type=\"text-editor.default\">\n\t\t\t\t<div class=\"elementor-widget-container\">\n\t\t\t\t\t\t\t\t\t<p><strong>Wenn Sie Ihr Produkt nicht finden k\u00f6nnen oder alle unsere Produkte ansehen m\u00f6chten, konsultieren Sie bitte unseren Produktselektor.<\/strong><\/p>\n\t\t\t\t\t\t\t\t<\/div>\n\t\t\t\t<\/div>\n\t\t\t\t<div class=\"elementor-element elementor-element-fd28b4b elementor-widget elementor-widget-button\" data-id=\"fd28b4b\" data-element_type=\"widget\" data-e-type=\"widget\" data-widget_type=\"button.default\">\n\t\t\t\t<div class=\"elementor-widget-container\">\n\t\t\t\t\t\t\t\t\t<div class=\"elementor-button-wrapper\">\n\t\t\t\t\t<a class=\"elementor-button elementor-button-link elementor-size-sm\" href=\"https:\/\/www.perimeter-solutions.com\/de\/?page_id=42653\">\n\t\t\t\t\t\t<span class=\"elementor-button-content-wrapper\">\n\t\t\t\t\t\t\t\t\t<span class=\"elementor-button-text\">Produkt Selektor<\/span>\n\t\t\t\t\t<\/span>\n\t\t\t\t\t<\/a>\n\t\t\t\t<\/div>\n\t\t\t\t\t\t\t\t<\/div>\n\t\t\t\t<\/div>\n\t\t\t\t<div class=\"elementor-element elementor-element-978073a elementor-widget elementor-widget-text-editor\" data-id=\"978073a\" data-element_type=\"widget\" data-e-type=\"widget\" data-widget_type=\"text-editor.default\">\n\t\t\t\t<div class=\"elementor-widget-container\">\n\t\t\t\t\t\t\t\t\t<p>Perimeter Solutions bietet eines der breitesten Sortimente an Schaumstoffkonzentraten der Klasse B auf dem Markt, mit einem Standardportfolio, das f\u00fcr die meisten Anwendungen geeignet ist. Gleichzeitig bieten wir auch Produkte an, die auf sehr spezifische regulatorische und anwendungstechnische Anforderungen zugeschnitten sind. Diese schlie\u00dfen ein:<\/p>\n<ul>\n<li>Gesch\u00fctzte Optionen einfrieren<\/li>\n<li>Spezialviskosit\u00e4ten: Standard, Newton, Pseudoplastisch<\/li>\n<li>Sonderzertifizierungsversionen<\/li>\n<li>Neuartige Chemikalien &amp; kundenspezifische Schaummittelkonzentrate<\/li>\n<\/ul>\n<p>Wenn Sie an bestimmten Produkten oder Funktionen interessiert sind, wenden Sie sich bitte an Ihren Perimeter Solutions-Vertreter, um die Verf\u00fcgbarkeit der Produkte in Ihrer Region zu erfragen.<\/p>\n\t\t\t\t\t\t\t\t<\/div>\n\t\t\t\t<\/div>\n\t\t\t\t<div class=\"elementor-element elementor-element-d5454f1 elementor-widget elementor-widget-text-editor\" data-id=\"d5454f1\" data-element_type=\"widget\" data-e-type=\"widget\" data-widget_type=\"text-editor.default\">\n\t\t\t\t<div class=\"elementor-widget-container\">\n\t\t\t\t\t\t\t\t\t<p>Brennbare und brennbare Fl\u00fcssigkeiten (Brennstoffe der Klasse B) erfordern Sch\u00e4ume, die f\u00fcr ein schnelles L\u00f6schen ausgelegt sind, und eine sichere Schaumdecke, um eine Wiederz\u00fcndung zu verhindern. Die Integrit\u00e4t der Schaumstoffdecke kann beeintr\u00e4chtigt werden, und es ist wichtig, dass die Decke eine gute R\u00fcckbrandfestigkeit aufweist, um die Ausbreitung des Feuers zu minimieren.<\/p>\n<p>Perimeter Solutions f\u00fchrte seine erste fluorfreie L\u00f6sung vor mehr als zwanzig Jahren ein.<br \/>\nHeute bieten wir eines der weltweit breitesten und technologisch fortschrittlichsten Portfolios an fluorfreien und ARFF Klasse B L\u00f6schschaumkonzentraten in einer Vielzahl von Mischungsverh\u00e4ltnissen (1%, 3% oder 6%) an.<br \/>\nUnser fluorfreies Sortiment umfasst Schaummittelkonzentrate f\u00fcr Kohlenwasserstoff-Brennstoffe, alkoholbest\u00e4ndige Konzentrate f\u00fcr Br\u00e4nde mit polaren L\u00f6sungsmitteln, Schulungsschaum, Spezialschaumstoffe und ein komplettes Sortiment an Schaummittelkonzentraten der Klasse A.  <\/p>\n<p>Die Auswahl des richtigen Produkts f\u00fcr Ihre Anwendung ist entscheidend. Feuerl\u00f6schsch\u00e4ume der Klasse B werden typischerweise in chemischen und petrochemischen Anlagen, Raffinerien, \u00d6l- und Gaslagerst\u00e4tten, Lagerst\u00e4tten f\u00fcr brennbare Fl\u00fcssigkeiten, Flugh\u00e4fen und \u00fcberall dort verwendet, wo brennbare Fl\u00fcssigkeiten gelagert oder verwendet werden.<\/p>\n\t\t\t\t\t\t\t\t<\/div>\n\t\t\t\t<\/div>\n\t\t\t\t<div class=\"elementor-element elementor-element-bec2f1e elementor-widget elementor-widget-text-editor\" data-id=\"bec2f1e\" data-element_type=\"widget\" data-e-type=\"widget\" data-widget_type=\"text-editor.default\">\n\t\t\t\t<div class=\"elementor-widget-container\">\n\t\t\t\t\t\t\t\t\t<p class=\"MsoNormal\" style=\"margin-bottom: 0in; line-height: normal;\"><span style=\"font-family: 'MS Reference Sans Serif', sans-serif; background-image: initial; background-position: initial; background-size: initial; background-repeat: initial; background-attachment: initial; background-origin: initial; background-clip: initial;\">*Einige Staaten haben Vorschriften f\u00fcr die Herstellung, den Verkauf und den Vertrieb von Feuerl\u00f6schsch\u00e4umen der Klasse B erlassen, die absichtlich zugesetzte PFAS-Chemikalien enthalten.<br \/>\nDiese Vorschriften k\u00f6nnen begrenzte Ausnahmen enthalten. <\/span><\/p>\n<p class=\"MsoNormal\" style=\"margin-bottom: 0in; line-height: normal;\">\n\t\t\t\t\t\t\t\t<\/div>\n\t\t\t\t<\/div>\n\t\t\t\t\t<\/div>\n\t\t<\/div>\n\t\t\t\t\t<\/div>\n\t\t<\/section>\n\t\t\t\t<\/div>\n\t\t","protected":false},"excerpt":{"rendered":"<p>Innovationsf\u00fchrer bei Fluorfrei Schaumstoff-Angebote der Klasse B Die nachstehende Tabelle kann Ihnen helfen, sich \u00fcber das komplette Sortiment von Perimeter Solutions an L\u00f6schschaumkonzentraten der Klasse B zu informieren. Bitte wenden [&hellip;]<\/p>\n","protected":false},"author":3,"featured_media":0,"parent":0,"menu_order":0,"comment_status":"closed","ping_status":"closed","template":"","meta":{"_acf_changed":false,"footnotes":""},"class_list":["post-43111","page","type-page","status-publish","hentry"],"acf":[],"yoast_head":"<!-- This site is optimized with the Yoast SEO Premium plugin v21.9 (Yoast SEO v23.5) - https:\/\/yoast.com\/wordpress\/plugins\/seo\/ -->\n<title>Schaum der Klasse B - Perimeter Solutions<\/title>\n<meta name=\"description\" content=\"Brennbare und brennbare Fl\u00fcssigkeiten (Brennstoffe der Klasse B) erfordern Sch\u00e4ume, die f\u00fcr ein schnelles L\u00f6schen ausgelegt sind, und eine sichere Schaumdecke, um eine Wiederz\u00fcndung zu verhindern. Es ist wichtig, dass die Schaumdecke eine gute R\u00fcckbrandbest\u00e4ndigkeit aufweist, um die Ausbreitung des Feuers aus Bereichen zu minimieren, in denen die Decke besch\u00e4digt wurde.\" \/>\n<meta name=\"robots\" content=\"index, follow, max-snippet:-1, max-image-preview:large, max-video-preview:-1\" \/>\n<link rel=\"canonical\" href=\"https:\/\/www.perimeter-solutions.com\/de\/schaum-der-klasse-b\/\" \/>\n<meta property=\"og:locale\" content=\"de_DE\" \/>\n<meta property=\"og:type\" content=\"article\" \/>\n<meta property=\"og:title\" content=\"Schaum der Klasse B\" \/>\n<meta property=\"og:description\" content=\"Brennbare und brennbare Fl\u00fcssigkeiten (Brennstoffe der Klasse B) erfordern Sch\u00e4ume, die f\u00fcr ein schnelles L\u00f6schen ausgelegt sind, und eine sichere Schaumdecke, um eine Wiederz\u00fcndung zu verhindern. Es ist wichtig, dass die Schaumdecke eine gute R\u00fcckbrandbest\u00e4ndigkeit aufweist, um die Ausbreitung des Feuers aus Bereichen zu minimieren, in denen die Decke besch\u00e4digt wurde.\" \/>\n<meta property=\"og:url\" content=\"https:\/\/www.perimeter-solutions.com\/de\/schaum-der-klasse-b\/\" \/>\n<meta property=\"og:site_name\" content=\"Perimeter Solutions\" \/>\n<meta property=\"article:modified_time\" content=\"2024-08-15T02:34:46+00:00\" \/>\n<meta name=\"twitter:card\" content=\"summary_large_image\" \/>\n<meta name=\"twitter:label1\" content=\"Gesch\u00e4tzte Lesezeit\" \/>\n\t<meta name=\"twitter:data1\" content=\"4\u00a0Minuten\" \/>\n<script type=\"application\/ld+json\" class=\"yoast-schema-graph\">{\"@context\":\"https:\/\/schema.org\",\"@graph\":[{\"@type\":\"WebPage\",\"@id\":\"https:\/\/www.perimeter-solutions.com\/de\/schaum-der-klasse-b\/\",\"url\":\"https:\/\/www.perimeter-solutions.com\/de\/schaum-der-klasse-b\/\",\"name\":\"Schaum der Klasse B - Perimeter Solutions\",\"isPartOf\":{\"@id\":\"https:\/\/www.perimeter-solutions.com\/de\/#website\"},\"datePublished\":\"2020-11-26T10:10:55+00:00\",\"dateModified\":\"2024-08-15T02:34:46+00:00\",\"description\":\"Brennbare und brennbare Fl\u00fcssigkeiten (Brennstoffe der Klasse B) erfordern Sch\u00e4ume, die f\u00fcr ein schnelles L\u00f6schen ausgelegt sind, und eine sichere Schaumdecke, um eine Wiederz\u00fcndung zu verhindern. Es ist wichtig, dass die Schaumdecke eine gute R\u00fcckbrandbest\u00e4ndigkeit aufweist, um die Ausbreitung des Feuers aus Bereichen zu minimieren, in denen die Decke besch\u00e4digt wurde.\",\"inLanguage\":\"de\",\"potentialAction\":[{\"@type\":\"ReadAction\",\"target\":[\"https:\/\/www.perimeter-solutions.com\/de\/schaum-der-klasse-b\/\"]}]},{\"@type\":\"WebSite\",\"@id\":\"https:\/\/www.perimeter-solutions.com\/de\/#website\",\"url\":\"https:\/\/www.perimeter-solutions.com\/de\/\",\"name\":\"Perimeter Solutions\",\"description\":\"\",\"publisher\":{\"@id\":\"https:\/\/www.perimeter-solutions.com\/de\/#organization\"},\"potentialAction\":[{\"@type\":\"SearchAction\",\"target\":{\"@type\":\"EntryPoint\",\"urlTemplate\":\"https:\/\/www.perimeter-solutions.com\/de\/?s={search_term_string}\"},\"query-input\":{\"@type\":\"PropertyValueSpecification\",\"valueRequired\":true,\"valueName\":\"search_term_string\"}}],\"inLanguage\":\"de\"},{\"@type\":\"Organization\",\"@id\":\"https:\/\/www.perimeter-solutions.com\/de\/#organization\",\"name\":\"Perimeter Solutions\",\"url\":\"https:\/\/www.perimeter-solutions.com\/de\/\",\"logo\":{\"@type\":\"ImageObject\",\"inLanguage\":\"de\",\"@id\":\"https:\/\/www.perimeter-solutions.com\/de\/#\/schema\/logo\/image\/\",\"url\":\"https:\/\/www.perimeter-solutions.com\/wp-content\/uploads\/2021\/02\/perimeter-logo-RGB.png\",\"contentUrl\":\"https:\/\/www.perimeter-solutions.com\/wp-content\/uploads\/2021\/02\/perimeter-logo-RGB.png\",\"width\":794,\"height\":138,\"caption\":\"Perimeter Solutions\"},\"image\":{\"@id\":\"https:\/\/www.perimeter-solutions.com\/de\/#\/schema\/logo\/image\/\"}}]}<\/script>\n<!-- \/ Yoast SEO Premium plugin. -->","yoast_head_json":{"title":"Schaum der Klasse B - Perimeter Solutions","description":"Brennbare und brennbare Fl\u00fcssigkeiten (Brennstoffe der Klasse B) erfordern Sch\u00e4ume, die f\u00fcr ein schnelles L\u00f6schen ausgelegt sind, und eine sichere Schaumdecke, um eine Wiederz\u00fcndung zu verhindern. Es ist wichtig, dass die Schaumdecke eine gute R\u00fcckbrandbest\u00e4ndigkeit aufweist, um die Ausbreitung des Feuers aus Bereichen zu minimieren, in denen die Decke besch\u00e4digt wurde.","robots":{"index":"index","follow":"follow","max-snippet":"max-snippet:-1","max-image-preview":"max-image-preview:large","max-video-preview":"max-video-preview:-1"},"canonical":"https:\/\/www.perimeter-solutions.com\/de\/schaum-der-klasse-b\/","og_locale":"de_DE","og_type":"article","og_title":"Schaum der Klasse B","og_description":"Brennbare und brennbare Fl\u00fcssigkeiten (Brennstoffe der Klasse B) erfordern Sch\u00e4ume, die f\u00fcr ein schnelles L\u00f6schen ausgelegt sind, und eine sichere Schaumdecke, um eine Wiederz\u00fcndung zu verhindern. Es ist wichtig, dass die Schaumdecke eine gute R\u00fcckbrandbest\u00e4ndigkeit aufweist, um die Ausbreitung des Feuers aus Bereichen zu minimieren, in denen die Decke besch\u00e4digt wurde.","og_url":"https:\/\/www.perimeter-solutions.com\/de\/schaum-der-klasse-b\/","og_site_name":"Perimeter Solutions","article_modified_time":"2024-08-15T02:34:46+00:00","twitter_card":"summary_large_image","twitter_misc":{"Gesch\u00e4tzte Lesezeit":"4\u00a0Minuten"},"schema":{"@context":"https:\/\/schema.org","@graph":[{"@type":"WebPage","@id":"https:\/\/www.perimeter-solutions.com\/de\/schaum-der-klasse-b\/","url":"https:\/\/www.perimeter-solutions.com\/de\/schaum-der-klasse-b\/","name":"Schaum der Klasse B - Perimeter Solutions","isPartOf":{"@id":"https:\/\/www.perimeter-solutions.com\/de\/#website"},"datePublished":"2020-11-26T10:10:55+00:00","dateModified":"2024-08-15T02:34:46+00:00","description":"Brennbare und brennbare Fl\u00fcssigkeiten (Brennstoffe der Klasse B) erfordern Sch\u00e4ume, die f\u00fcr ein schnelles L\u00f6schen ausgelegt sind, und eine sichere Schaumdecke, um eine Wiederz\u00fcndung zu verhindern. Es ist wichtig, dass die Schaumdecke eine gute R\u00fcckbrandbest\u00e4ndigkeit aufweist, um die Ausbreitung des Feuers aus Bereichen zu minimieren, in denen die Decke besch\u00e4digt wurde.","inLanguage":"de","potentialAction":[{"@type":"ReadAction","target":["https:\/\/www.perimeter-solutions.com\/de\/schaum-der-klasse-b\/"]}]},{"@type":"WebSite","@id":"https:\/\/www.perimeter-solutions.com\/de\/#website","url":"https:\/\/www.perimeter-solutions.com\/de\/","name":"Perimeter Solutions","description":"","publisher":{"@id":"https:\/\/www.perimeter-solutions.com\/de\/#organization"},"potentialAction":[{"@type":"SearchAction","target":{"@type":"EntryPoint","urlTemplate":"https:\/\/www.perimeter-solutions.com\/de\/?s={search_term_string}"},"query-input":{"@type":"PropertyValueSpecification","valueRequired":true,"valueName":"search_term_string"}}],"inLanguage":"de"},{"@type":"Organization","@id":"https:\/\/www.perimeter-solutions.com\/de\/#organization","name":"Perimeter Solutions","url":"https:\/\/www.perimeter-solutions.com\/de\/","logo":{"@type":"ImageObject","inLanguage":"de","@id":"https:\/\/www.perimeter-solutions.com\/de\/#\/schema\/logo\/image\/","url":"https:\/\/www.perimeter-solutions.com\/wp-content\/uploads\/2021\/02\/perimeter-logo-RGB.png","contentUrl":"https:\/\/www.perimeter-solutions.com\/wp-content\/uploads\/2021\/02\/perimeter-logo-RGB.png","width":794,"height":138,"caption":"Perimeter Solutions"},"image":{"@id":"https:\/\/www.perimeter-solutions.com\/de\/#\/schema\/logo\/image\/"}}]}},"_links":{"self":[{"href":"https:\/\/www.perimeter-solutions.com\/de\/wp-json\/wp\/v2\/pages\/43111","targetHints":{"allow":["GET"]}}],"collection":[{"href":"https:\/\/www.perimeter-solutions.com\/de\/wp-json\/wp\/v2\/pages"}],"about":[{"href":"https:\/\/www.perimeter-solutions.com\/de\/wp-json\/wp\/v2\/types\/page"}],"author":[{"embeddable":true,"href":"https:\/\/www.perimeter-solutions.com\/de\/wp-json\/wp\/v2\/users\/3"}],"replies":[{"embeddable":true,"href":"https:\/\/www.perimeter-solutions.com\/de\/wp-json\/wp\/v2\/comments?post=43111"}],"version-history":[{"count":5,"href":"https:\/\/www.perimeter-solutions.com\/de\/wp-json\/wp\/v2\/pages\/43111\/revisions"}],"predecessor-version":[{"id":43473,"href":"https:\/\/www.perimeter-solutions.com\/de\/wp-json\/wp\/v2\/pages\/43111\/revisions\/43473"}],"wp:attachment":[{"href":"https:\/\/www.perimeter-solutions.com\/de\/wp-json\/wp\/v2\/media?parent=43111"}],"curies":[{"name":"wp","href":"https:\/\/api.w.org\/{rel}","templated":true}]}}