{"id":43000,"date":"2020-11-19T23:09:16","date_gmt":"2020-11-20T04:09:16","guid":{"rendered":"https:\/\/www.perimeter-solutions.com\/wildes-land\/"},"modified":"2024-08-14T21:49:28","modified_gmt":"2024-08-15T01:49:28","slug":"wildes-land","status":"publish","type":"page","link":"https:\/\/www.perimeter-solutions.com\/de\/wildes-land\/","title":{"rendered":"Wildes Land"},"content":{"rendered":"\t\t<div data-elementor-type=\"wp-page\" data-elementor-id=\"43000\" class=\"elementor elementor-43000 elementor-16879\" data-elementor-post-type=\"page\">\n\t\t\t\t\t\t<section class=\"elementor-section elementor-top-section elementor-element elementor-element-a53ddb9 elementor-section-stretched elementor-section-boxed elementor-section-height-default elementor-section-height-default\" data-id=\"a53ddb9\" data-element_type=\"section\" data-e-type=\"section\" data-settings=\"{&quot;stretch_section&quot;:&quot;section-stretched&quot;,&quot;background_background&quot;:&quot;classic&quot;}\">\n\t\t\t\t\t\t<div class=\"elementor-container elementor-column-gap-default\">\n\t\t\t\t\t<div class=\"elementor-column elementor-col-100 elementor-top-column elementor-element elementor-element-8e1337c\" data-id=\"8e1337c\" data-element_type=\"column\" data-e-type=\"column\">\n\t\t\t<div class=\"elementor-widget-wrap elementor-element-populated\">\n\t\t\t\t\t\t<div class=\"elementor-element elementor-element-3fcef61 elementor-widget elementor-widget-heading\" data-id=\"3fcef61\" data-element_type=\"widget\" data-e-type=\"widget\" data-widget_type=\"heading.default\">\n\t\t\t\t<div class=\"elementor-widget-container\">\n\t\t\t\t\t<h1 class=\"elementor-heading-title elementor-size-default\">Wildes Land<\/h1>\t\t\t\t<\/div>\n\t\t\t\t<\/div>\n\t\t\t\t\t<\/div>\n\t\t<\/div>\n\t\t\t\t\t<\/div>\n\t\t<\/section>\n\t\t\t\t<section class=\"elementor-section elementor-top-section elementor-element elementor-element-e36f22b elementor-section-boxed elementor-section-height-default elementor-section-height-default\" data-id=\"e36f22b\" data-element_type=\"section\" data-e-type=\"section\" data-settings=\"{&quot;background_background&quot;:&quot;classic&quot;}\">\n\t\t\t\t\t\t\t<div class=\"elementor-background-overlay\"><\/div>\n\t\t\t\t\t\t\t<div class=\"elementor-container elementor-column-gap-default\">\n\t\t\t\t\t<div class=\"elementor-column elementor-col-100 elementor-top-column elementor-element elementor-element-9ead739\" data-id=\"9ead739\" data-element_type=\"column\" data-e-type=\"column\">\n\t\t\t<div class=\"elementor-widget-wrap elementor-element-populated\">\n\t\t\t\t\t\t<div class=\"elementor-element elementor-element-d5454f1 elementor-widget elementor-widget-text-editor\" data-id=\"d5454f1\" data-element_type=\"widget\" data-e-type=\"widget\" data-widget_type=\"text-editor.default\">\n\t\t\t\t<div class=\"elementor-widget-container\">\n\t\t\t\t\t\t\t\t\t<p>PHOS-CHEK<sup>\u00ae<\/sup> und FIRE-TROL<sup>\u00ae<\/sup> von Perimeter Solutions sind die weltweit sichersten, effektivsten und umweltfreundlichsten Produkte f\u00fcr die Bek\u00e4mpfung, das Management und die Kontrolle von Waldbr\u00e4nden.<br \/>Die Brandbek\u00e4mpfungschemikalien von Perimeter Solutions werden seit 1963 von f\u00fchrenden Brandbek\u00e4mpfungsbeh\u00f6rden auf der ganzen Welt eingesetzt.<br \/>Zu den innovativen neuen Produkten von Perimeter Solutions geh\u00f6ren unsere extrem gut sichtbaren Verz\u00f6gerer, der weltweit beste Schaum der Klasse A und unser einzigartiges Gel zur Brandbek\u00e4mpfung. Wir bieten auch eine breite Palette von Ger\u00e4ten und Dienstleistungen an.<\/p>\t\t\t\t\t\t\t\t<\/div>\n\t\t\t\t<\/div>\n\t\t\t\t<div class=\"elementor-element elementor-element-2a4dcfa elementor-widget elementor-widget-heading\" data-id=\"2a4dcfa\" data-element_type=\"widget\" data-e-type=\"widget\" data-widget_type=\"heading.default\">\n\t\t\t\t<div class=\"elementor-widget-container\">\n\t\t\t\t\t<h4 class=\"elementor-heading-title elementor-size-default\">Wildland-Produkte<\/h4>\t\t\t\t<\/div>\n\t\t\t\t<\/div>\n\t\t\t\t<div class=\"elementor-element elementor-element-15cd118 elementor-widget elementor-widget-text-editor\" data-id=\"15cd118\" data-element_type=\"widget\" data-e-type=\"widget\" data-widget_type=\"text-editor.default\">\n\t\t\t\t<div class=\"elementor-widget-container\">\n\t\t\t\t\t\t\t\t\t<p><strong>Feuerschutzmittel aus der Luft<\/strong><\/p>\n<p>PHOS-CHEK Brandschutzmittel f\u00fcr die Luft sind in einer Reihe von physikalischen Formen, Viskosit\u00e4ten und Farben erh\u00e4ltlich, um eine Reihe von Brandbek\u00e4mpfungsanforderungen zu erf\u00fcllen. Alle PHOS-CHEK-Verz\u00f6gerer sind vom USDA Forest Service vollst\u00e4ndig qualifiziert. Wir bieten chemische Brandbek\u00e4mpfungsmittel f\u00fcr die Kontrolle und das Management von Waldbr\u00e4nden aus der Luft und vom Boden aus an.<\/p>\n<p><strong>Am Boden aufgebrachte Flammschutzmittel<\/strong><\/p>\n<div>\n<p><span class=\"contentpasted0\">Perimeter Solutions bietet ein umfassendes Sortiment an bodengebundenen Feuerschutzmitteln f\u00fcr den saisonalen Schutz und f\u00fcr die schnelle Anwendung bei geplanten Br\u00e4nden oder entstehenden Fl\u00e4chenbr\u00e4nden. Diese L\u00f6sungen sind vom USDA Forest Service vollst\u00e4ndig qualifiziert<\/span>.<\/p>\n<p><strong>Schaum der Klasse A<\/strong><\/p>\n<p>Perimeter Solutions bietet unter unserer Marke PHOS-CHEK eine Reihe von Klasse-A-Schaumstoffoptionen f\u00fcr die Waldbrandbek\u00e4mpfung an. Diese Sch\u00e4ume erh\u00f6hen die Wirksamkeit des Wassers zur direkten Unterdr\u00fcckung und zum Aufwischen und k\u00f6nnen sowohl in der Luft als auch am Boden verwendet werden.<strong><br \/><\/strong><br \/><strong>Mobile Schaumausr\u00fcstung<\/strong><\/p>\n<p>Der mobile Schaumbeh\u00e4lter und die Dual-Agent-Anh\u00e4nger von Perimeter Solutions erm\u00f6glichen den Einsatz gro\u00dfer Mengen Schaummittel und anderer Chemikalien f\u00fcr eine schnelle Reaktion und schnelle L\u00f6schung. Sie werden in verschiedenen Gr\u00f6\u00dfen und Konfigurationen angeboten und erm\u00f6glichen eine \u00fcberragende Mobilit\u00e4t.<\/p>\n<p><strong>Mobile Dienste<\/strong><\/p>\n<p>Die tragbaren St\u00fctzpunkte von Perimeter Solutions k\u00f6nnen in der N\u00e4he des Feuers aufgestellt werden, um schnelle Eins\u00e4tze f\u00fcr alle Arten von Luftangriffssystemen zu erm\u00f6glichen. Bodeneinheiten k\u00f6nnen Verz\u00f6gerer 24 Stunden am Tag unter fast allen Wetterbedingungen genau platzieren.<\/p>\n<p><strong>Ausr\u00fcstung<\/strong><\/p>\n<p>Perimeter Solutions PHOS-CHEK Mischausr\u00fcstung bietet einfaches Mischen zur Unterst\u00fctzung von Tankflugzeugen, Hubschraubern und Bodenoperationen. Wir bieten auch Ger\u00e4te zum Auftragen von Flammschutzmitteln, Sch\u00e4umen und Gelen an. Systeme k\u00f6nnen f\u00fcr einen bestimmten Bedarf hergestellt und angepasst werden.<\/p>\n<\/div>\n\t\t\t\t\t\t\t\t<\/div>\n\t\t\t\t<\/div>\n\t\t\t\t\t<\/div>\n\t\t<\/div>\n\t\t\t\t\t<\/div>\n\t\t<\/section>\n\t\t\t\t<\/div>\n\t\t","protected":false},"excerpt":{"rendered":"<p>Wildes Land PHOS-CHEK\u00ae und FIRE-TROL\u00ae von Perimeter Solutions sind die weltweit sichersten, effektivsten und umweltfreundlichsten Produkte f\u00fcr die Bek\u00e4mpfung, das Management und die Kontrolle von Waldbr\u00e4nden.Die Brandbek\u00e4mpfungschemikalien von Perimeter Solutions [&hellip;]<\/p>\n","protected":false},"author":3,"featured_media":0,"parent":0,"menu_order":0,"comment_status":"closed","ping_status":"closed","template":"","meta":{"_acf_changed":false,"footnotes":""},"class_list":["post-43000","page","type-page","status-publish","hentry"],"acf":[],"yoast_head":"<!-- This site is optimized with the Yoast SEO Premium plugin v21.9 (Yoast SEO v23.5) - https:\/\/yoast.com\/wordpress\/plugins\/seo\/ -->\n<title>Wildes Land - Perimeter Solutions<\/title>\n<meta name=\"description\" content=\"Die Langzeit-Sch\u00e4ume und -Gele von Perimeter Solutions sind die weltweit effektivsten Produkte zur Bek\u00e4mpfung von Waldbr\u00e4nden.\" \/>\n<meta name=\"robots\" content=\"index, follow, max-snippet:-1, max-image-preview:large, max-video-preview:-1\" \/>\n<link rel=\"canonical\" href=\"https:\/\/www.perimeter-solutions.com\/de\/wildes-land\/\" \/>\n<meta property=\"og:locale\" content=\"de_DE\" \/>\n<meta property=\"og:type\" content=\"article\" \/>\n<meta property=\"og:title\" content=\"Wildes Land\" \/>\n<meta property=\"og:description\" content=\"Die Langzeit-Sch\u00e4ume und -Gele von Perimeter Solutions sind die weltweit effektivsten Produkte zur Bek\u00e4mpfung von Waldbr\u00e4nden.\" \/>\n<meta property=\"og:url\" content=\"https:\/\/www.perimeter-solutions.com\/de\/wildes-land\/\" \/>\n<meta property=\"og:site_name\" content=\"Perimeter Solutions\" \/>\n<meta property=\"article:modified_time\" content=\"2024-08-15T01:49:28+00:00\" \/>\n<meta name=\"twitter:card\" content=\"summary_large_image\" \/>\n<meta name=\"twitter:label1\" content=\"Gesch\u00e4tzte Lesezeit\" \/>\n\t<meta name=\"twitter:data1\" content=\"2\u00a0Minuten\" \/>\n<script type=\"application\/ld+json\" class=\"yoast-schema-graph\">{\"@context\":\"https:\/\/schema.org\",\"@graph\":[{\"@type\":\"WebPage\",\"@id\":\"https:\/\/www.perimeter-solutions.com\/de\/wildes-land\/\",\"url\":\"https:\/\/www.perimeter-solutions.com\/de\/wildes-land\/\",\"name\":\"Wildes Land - Perimeter Solutions\",\"isPartOf\":{\"@id\":\"https:\/\/www.perimeter-solutions.com\/de\/#website\"},\"datePublished\":\"2020-11-20T04:09:16+00:00\",\"dateModified\":\"2024-08-15T01:49:28+00:00\",\"description\":\"Die Langzeit-Sch\u00e4ume und -Gele von Perimeter Solutions sind die weltweit effektivsten Produkte zur Bek\u00e4mpfung von Waldbr\u00e4nden.\",\"inLanguage\":\"de\",\"potentialAction\":[{\"@type\":\"ReadAction\",\"target\":[\"https:\/\/www.perimeter-solutions.com\/de\/wildes-land\/\"]}]},{\"@type\":\"WebSite\",\"@id\":\"https:\/\/www.perimeter-solutions.com\/de\/#website\",\"url\":\"https:\/\/www.perimeter-solutions.com\/de\/\",\"name\":\"Perimeter Solutions\",\"description\":\"\",\"publisher\":{\"@id\":\"https:\/\/www.perimeter-solutions.com\/de\/#organization\"},\"potentialAction\":[{\"@type\":\"SearchAction\",\"target\":{\"@type\":\"EntryPoint\",\"urlTemplate\":\"https:\/\/www.perimeter-solutions.com\/de\/?s={search_term_string}\"},\"query-input\":{\"@type\":\"PropertyValueSpecification\",\"valueRequired\":true,\"valueName\":\"search_term_string\"}}],\"inLanguage\":\"de\"},{\"@type\":\"Organization\",\"@id\":\"https:\/\/www.perimeter-solutions.com\/de\/#organization\",\"name\":\"Perimeter Solutions\",\"url\":\"https:\/\/www.perimeter-solutions.com\/de\/\",\"logo\":{\"@type\":\"ImageObject\",\"inLanguage\":\"de\",\"@id\":\"https:\/\/www.perimeter-solutions.com\/de\/#\/schema\/logo\/image\/\",\"url\":\"https:\/\/www.perimeter-solutions.com\/wp-content\/uploads\/2021\/02\/perimeter-logo-RGB.png\",\"contentUrl\":\"https:\/\/www.perimeter-solutions.com\/wp-content\/uploads\/2021\/02\/perimeter-logo-RGB.png\",\"width\":794,\"height\":138,\"caption\":\"Perimeter Solutions\"},\"image\":{\"@id\":\"https:\/\/www.perimeter-solutions.com\/de\/#\/schema\/logo\/image\/\"}}]}<\/script>\n<!-- \/ Yoast SEO Premium plugin. -->","yoast_head_json":{"title":"Wildes Land - Perimeter Solutions","description":"Die Langzeit-Sch\u00e4ume und -Gele von Perimeter Solutions sind die weltweit effektivsten Produkte zur Bek\u00e4mpfung von Waldbr\u00e4nden.","robots":{"index":"index","follow":"follow","max-snippet":"max-snippet:-1","max-image-preview":"max-image-preview:large","max-video-preview":"max-video-preview:-1"},"canonical":"https:\/\/www.perimeter-solutions.com\/de\/wildes-land\/","og_locale":"de_DE","og_type":"article","og_title":"Wildes Land","og_description":"Die Langzeit-Sch\u00e4ume und -Gele von Perimeter Solutions sind die weltweit effektivsten Produkte zur Bek\u00e4mpfung von Waldbr\u00e4nden.","og_url":"https:\/\/www.perimeter-solutions.com\/de\/wildes-land\/","og_site_name":"Perimeter Solutions","article_modified_time":"2024-08-15T01:49:28+00:00","twitter_card":"summary_large_image","twitter_misc":{"Gesch\u00e4tzte Lesezeit":"2\u00a0Minuten"},"schema":{"@context":"https:\/\/schema.org","@graph":[{"@type":"WebPage","@id":"https:\/\/www.perimeter-solutions.com\/de\/wildes-land\/","url":"https:\/\/www.perimeter-solutions.com\/de\/wildes-land\/","name":"Wildes Land - Perimeter Solutions","isPartOf":{"@id":"https:\/\/www.perimeter-solutions.com\/de\/#website"},"datePublished":"2020-11-20T04:09:16+00:00","dateModified":"2024-08-15T01:49:28+00:00","description":"Die Langzeit-Sch\u00e4ume und -Gele von Perimeter Solutions sind die weltweit effektivsten Produkte zur Bek\u00e4mpfung von Waldbr\u00e4nden.","inLanguage":"de","potentialAction":[{"@type":"ReadAction","target":["https:\/\/www.perimeter-solutions.com\/de\/wildes-land\/"]}]},{"@type":"WebSite","@id":"https:\/\/www.perimeter-solutions.com\/de\/#website","url":"https:\/\/www.perimeter-solutions.com\/de\/","name":"Perimeter Solutions","description":"","publisher":{"@id":"https:\/\/www.perimeter-solutions.com\/de\/#organization"},"potentialAction":[{"@type":"SearchAction","target":{"@type":"EntryPoint","urlTemplate":"https:\/\/www.perimeter-solutions.com\/de\/?s={search_term_string}"},"query-input":{"@type":"PropertyValueSpecification","valueRequired":true,"valueName":"search_term_string"}}],"inLanguage":"de"},{"@type":"Organization","@id":"https:\/\/www.perimeter-solutions.com\/de\/#organization","name":"Perimeter Solutions","url":"https:\/\/www.perimeter-solutions.com\/de\/","logo":{"@type":"ImageObject","inLanguage":"de","@id":"https:\/\/www.perimeter-solutions.com\/de\/#\/schema\/logo\/image\/","url":"https:\/\/www.perimeter-solutions.com\/wp-content\/uploads\/2021\/02\/perimeter-logo-RGB.png","contentUrl":"https:\/\/www.perimeter-solutions.com\/wp-content\/uploads\/2021\/02\/perimeter-logo-RGB.png","width":794,"height":138,"caption":"Perimeter Solutions"},"image":{"@id":"https:\/\/www.perimeter-solutions.com\/de\/#\/schema\/logo\/image\/"}}]}},"_links":{"self":[{"href":"https:\/\/www.perimeter-solutions.com\/de\/wp-json\/wp\/v2\/pages\/43000","targetHints":{"allow":["GET"]}}],"collection":[{"href":"https:\/\/www.perimeter-solutions.com\/de\/wp-json\/wp\/v2\/pages"}],"about":[{"href":"https:\/\/www.perimeter-solutions.com\/de\/wp-json\/wp\/v2\/types\/page"}],"author":[{"embeddable":true,"href":"https:\/\/www.perimeter-solutions.com\/de\/wp-json\/wp\/v2\/users\/3"}],"replies":[{"embeddable":true,"href":"https:\/\/www.perimeter-solutions.com\/de\/wp-json\/wp\/v2\/comments?post=43000"}],"version-history":[{"count":9,"href":"https:\/\/www.perimeter-solutions.com\/de\/wp-json\/wp\/v2\/pages\/43000\/revisions"}],"predecessor-version":[{"id":43373,"href":"https:\/\/www.perimeter-solutions.com\/de\/wp-json\/wp\/v2\/pages\/43000\/revisions\/43373"}],"wp:attachment":[{"href":"https:\/\/www.perimeter-solutions.com\/de\/wp-json\/wp\/v2\/media?parent=43000"}],"curies":[{"name":"wp","href":"https:\/\/api.w.org\/{rel}","templated":true}]}}