{"id":42975,"date":"2020-12-01T17:27:18","date_gmt":"2020-12-01T22:27:18","guid":{"rendered":"https:\/\/www.perimeter-solutions.com\/geschichte\/"},"modified":"2024-08-15T09:16:43","modified_gmt":"2024-08-15T13:16:43","slug":"geschichte","status":"publish","type":"page","link":"https:\/\/www.perimeter-solutions.com\/de\/geschichte\/","title":{"rendered":"Geschichte"},"content":{"rendered":"\t\t<div data-elementor-type=\"wp-page\" data-elementor-id=\"42975\" class=\"elementor elementor-42975 elementor-17381\" data-elementor-post-type=\"page\">\n\t\t\t\t\t\t<section class=\"elementor-section elementor-top-section elementor-element elementor-element-a53ddb9 elementor-section-stretched elementor-section-boxed elementor-section-height-default elementor-section-height-default\" data-id=\"a53ddb9\" data-element_type=\"section\" data-e-type=\"section\" data-settings=\"{&quot;stretch_section&quot;:&quot;section-stretched&quot;,&quot;background_background&quot;:&quot;classic&quot;}\">\n\t\t\t\t\t\t<div class=\"elementor-container elementor-column-gap-default\">\n\t\t\t\t\t<div class=\"elementor-column elementor-col-100 elementor-top-column elementor-element elementor-element-8e1337c\" data-id=\"8e1337c\" data-element_type=\"column\" data-e-type=\"column\">\n\t\t\t<div class=\"elementor-widget-wrap elementor-element-populated\">\n\t\t\t\t\t\t<div class=\"elementor-element elementor-element-3fcef61 elementor-widget elementor-widget-heading\" data-id=\"3fcef61\" data-element_type=\"widget\" data-e-type=\"widget\" data-widget_type=\"heading.default\">\n\t\t\t\t<div class=\"elementor-widget-container\">\n\t\t\t\t\t<h1 class=\"elementor-heading-title elementor-size-default\">Geschichte<\/h1>\t\t\t\t<\/div>\n\t\t\t\t<\/div>\n\t\t\t\t\t<\/div>\n\t\t<\/div>\n\t\t\t\t\t<\/div>\n\t\t<\/section>\n\t\t\t\t<section class=\"elementor-section elementor-top-section elementor-element elementor-element-e36f22b elementor-section-boxed elementor-section-height-default elementor-section-height-default\" data-id=\"e36f22b\" data-element_type=\"section\" data-e-type=\"section\" data-settings=\"{&quot;background_background&quot;:&quot;classic&quot;}\">\n\t\t\t\t\t\t\t<div class=\"elementor-background-overlay\"><\/div>\n\t\t\t\t\t\t\t<div class=\"elementor-container elementor-column-gap-default\">\n\t\t\t\t\t<div class=\"elementor-column elementor-col-100 elementor-top-column elementor-element elementor-element-9ead739\" data-id=\"9ead739\" data-element_type=\"column\" data-e-type=\"column\">\n\t\t\t<div class=\"elementor-widget-wrap elementor-element-populated\">\n\t\t\t\t\t\t<div class=\"elementor-element elementor-element-2348044 elementor-widget elementor-widget-image\" data-id=\"2348044\" data-element_type=\"widget\" data-e-type=\"widget\" data-widget_type=\"image.default\">\n\t\t\t\t<div class=\"elementor-widget-container\">\n\t\t\t\t\t\t\t\t\t\t\t\t\t\t\t<img fetchpriority=\"high\" decoding=\"async\" width=\"1920\" height=\"674\" src=\"https:\/\/www.perimeter-solutions.com\/wp-content\/uploads\/2022\/01\/timeline.jpg\" class=\"attachment-full size-full wp-image-42978\" alt=\"\" srcset=\"https:\/\/www.perimeter-solutions.com\/wp-content\/uploads\/2022\/01\/timeline.jpg 1920w, https:\/\/www.perimeter-solutions.com\/wp-content\/uploads\/2022\/01\/timeline-600x211.jpg 600w, https:\/\/www.perimeter-solutions.com\/wp-content\/uploads\/2022\/01\/timeline-300x105.jpg 300w, https:\/\/www.perimeter-solutions.com\/wp-content\/uploads\/2022\/01\/timeline-1024x359.jpg 1024w, https:\/\/www.perimeter-solutions.com\/wp-content\/uploads\/2022\/01\/timeline-768x270.jpg 768w, https:\/\/www.perimeter-solutions.com\/wp-content\/uploads\/2022\/01\/timeline-1536x539.jpg 1536w, https:\/\/www.perimeter-solutions.com\/wp-content\/uploads\/2022\/01\/timeline-260x91.jpg 260w, https:\/\/www.perimeter-solutions.com\/wp-content\/uploads\/2022\/01\/timeline-50x18.jpg 50w, https:\/\/www.perimeter-solutions.com\/wp-content\/uploads\/2022\/01\/timeline-150x53.jpg 150w\" sizes=\"(max-width: 1920px) 100vw, 1920px\" \/>\t\t\t\t\t\t\t\t\t\t\t\t\t\t\t<\/div>\n\t\t\t\t<\/div>\n\t\t\t\t<div class=\"elementor-element elementor-element-f7482a3 elementor-widget elementor-widget-heading\" data-id=\"f7482a3\" data-element_type=\"widget\" data-e-type=\"widget\" data-widget_type=\"heading.default\">\n\t\t\t\t<div class=\"elementor-widget-container\">\n\t\t\t\t\t<h2 class=\"elementor-heading-title elementor-size-default\">Aufbau eines weltweit f\u00fchrenden Unternehmens im Bereich Brandschutz<\/h2>\t\t\t\t<\/div>\n\t\t\t\t<\/div>\n\t\t\t\t<div class=\"elementor-element elementor-element-d5454f1 elementor-widget elementor-widget-text-editor\" data-id=\"d5454f1\" data-element_type=\"widget\" data-e-type=\"widget\" data-widget_type=\"text-editor.default\">\n\t\t\t\t<div class=\"elementor-widget-container\">\n\t\t\t\t\t\t\t\t\t<p>Am 16. Juni 2021 wurde bekannt gegeben, dass EverArc Holdings Ltd. (&#8220;EverArc&#8221;) (LSE: EVRA) &#8211; eine b\u00f6rsennotierte \u00dcbernahmegesellschaft &#8211; das globale Perimeter Solutions Gesch\u00e4ft von SK Capital Partners \u00fcbernehmen w\u00fcrde.\nAm 9. November 2021 wurde Perimeter an der New Yorker B\u00f6rse (NYSE: PRM) notiert. Dies war der n\u00e4chste Schritt auf dem Weg zum weltweit f\u00fchrenden Unternehmen im Bereich des Brandschutzes.\nDiese Reise begann vor mehr als 60 Jahren &#8211; und hat sich heute im globalen Perimeter-Gesch\u00e4ft verwirklicht.  <\/p>\n<p>Perimeter Solutions wurde im Jahr 2018 gegr\u00fcndet, als&nbsp;<a href=\"https:\/\/skcapitalpartners.com\/\"><strong>SK Capital Partners<\/strong><\/a> kaufte das Unternehmen von Israel Chemicals, Ltd (ICL).\nDas mag zwar nur kurz her sein, aber die Wurzeln unseres Unternehmens in der Technologieentwicklung f\u00fcr Brandschutz und \u00d6ladditive reichen mehr als 60 Jahre zur\u00fcck und umspannen die ganze Welt. <\/p>\n<p>Perimeter Solutions&#8217; <sup>PHOS-CHEK\u00ae<\/sup>&nbsp;Marke f\u00fcr Brandschutzmittel und Schaumstoffe der Klasse A wurde von <strong>Monsanto<\/strong> in den fr\u00fchen 1960er Jahren entwickelt und auf den Markt gebracht. Die Marke PHOS-CHEK geh\u00f6rte Monsanto bis 1997, als das Eigentum an Solutia Inc. Im Jahr 2000 erwarb Astaris LLC \u2013 ein Joint Venture zwischen Solutia und FMC \u2013 das PHOS-CHEK-Gesch\u00e4ft. Im Jahr 2005 wurde Astaris LLC von ICL \u00fcbernommen und die Marke PHOS-CHEK wurde dem Gesch\u00e4ftsbereich Performance Products von ICL zugeordnet.<\/p>\n<p>W\u00e4hrend dieser Eigent\u00fcmerwechsel wuchs der heutige Gesch\u00e4ftsbereich Perimeter Solutions Fire Safety and Specialty Products durch eine Reihe von Akquisitionen in seiner Tiefe und Leistungsf\u00e4higkeit.\nIm Jahr 2007 wurde das Produktportfolio um <strong><sup>FIRE-TROL\u00ae<\/sup>&nbsp;<\/strong> und Schaumstoffe zur Brandbek\u00e4mpfung erweitert.\nIm Jahr 2008 wurde das franz\u00f6sische Unternehmen <strong><sup>BIOGEMA\u00ae<\/sup><\/strong> \u00fcbernommen, das seine Erfahrungen im Bereich der Brandschutzmittel, L\u00f6schmittel und Brandbek\u00e4mpfungsdienste in den Gesch\u00e4ftsbereich ICL Fire Safety einbrachte und unsere Pr\u00e4senz in Europa ausbaute.   Im Jahr 2013 wurde das <a href=\"https:\/\/www.perimeter-solutions.com\/de\/p2s5\/\">Phosphorpentasulfid (<sub>P2S5<\/sub>)-Gesch\u00e4ft<\/a> von <strong>Thermphos International <\/strong>\u00fcbernommen und damit eine globale Pr\u00e4senz f\u00fcr dieses Gesch\u00e4ft geschaffen.&nbsp;<\/p>\n<p>In den n\u00e4chsten f\u00fcnf Jahren wurde das Portfolio der Fire Safety Group im Bereich der Feuerl\u00f6schtechnologie durch die \u00dcbernahme der spanischen <strong><sup>AUXQUIMIA\u00ae<\/sup><\/strong>&nbsp;und des globalen <strong><sup>SOLBERG\u00ae<\/sup><\/strong>&nbsp;Schaummittelgesch\u00e4fts erheblich erweitert.\nDurch diese \u00dcbernahmen wurden die Produktionskapazit\u00e4ten von Perimeter Solutions durch zus\u00e4tzliche hochmoderne Schaummittelproduktionsanlagen in Spanien und den Vereinigten Staaten erweitert und unsere Pr\u00e4senz in Europa und im asiatisch-pazifischen Raum ausgebaut.  Dar\u00fcber hinaus etablierten sie Perimeter Solutions als den weltweit f\u00fchrenden Anbieter von fluorfreien Feuerl\u00f6schschaum-Technologien.<\/p>\n<p>Im Jahr 2019 wurde eine Gruppe von in Idaho, USA, ans\u00e4ssigen Unternehmen, darunter <strong>First Response Fire Rescue, River City Fabrication und H&amp;S Transport<\/strong>, \u00fcbernommen, um unsere F\u00e4higkeiten im Bereich Brandschutz zu st\u00e4rken. Perimeter Solutions hat diese Unternehmen in unser bestehendes Produktions- und Service-\u00d6kosystem integriert, um unser Technologie- und L\u00f6sungsangebot im Bereich der Entst\u00f6rung zu erweitern.<\/p>\n<p>Im Jahr 2020 \u00fcbernahm Perimeter Solutions das Biomaterialien-Unternehmen <strong>LaderaTech<\/strong>.\nDurch diese Akquisition wurden die PHOS-CHEK <sup>FORTIFY\u00ae<\/sup> Produkte in unser Portfolio aufgenommen, wodurch wir unsere F\u00e4higkeit, bodengest\u00fctzte L\u00f6sungen f\u00fcr den vorbeugenden und abwehrenden Brandschutz anzubieten, verbessern konnten. <\/p>\n<p>Im Jahr 2021 hat die \u00dcbernahme von <strong>Magnum Fire &amp; Safety Systems<\/strong> unser Angebot an Feuerl\u00f6schsystemen erweitert und uns unserem Ziel n\u00e4her gebracht, ein globaler Integrator von umfassenden Feuerl\u00f6schl\u00f6sungen zu werden.<\/p>\n<p>Die Reise von Perimeter Solutions in den letzten 60 Jahren hat es uns erm\u00f6glicht, &#8220;L\u00f6sungen, die retten&#8221; zu entwickeln und auf der ganzen Welt anzubieten. Heute ist Perimeter Solutions ein weltweit f\u00fchrendes Unternehmen sowohl im Phosphorpentasulfid-Gesch\u00e4ft als auch bei umfassenden Brandschutzl\u00f6sungen \u2013 mit einer globalen Pr\u00e4senz und einem Ruf f\u00fcr innovative Technologie- und Serviceentwicklung.<\/p>\t\t\t\t\t\t\t\t<\/div>\n\t\t\t\t<\/div>\n\t\t\t\t\t<\/div>\n\t\t<\/div>\n\t\t\t\t\t<\/div>\n\t\t<\/section>\n\t\t\t\t<\/div>\n\t\t","protected":false},"excerpt":{"rendered":"<p>Geschichte Aufbau eines weltweit f\u00fchrenden Unternehmens im Bereich Brandschutz Am 16. Juni 2021 wurde bekannt gegeben, dass EverArc Holdings Ltd. (&#8220;EverArc&#8221;) (LSE: EVRA) &#8211; eine b\u00f6rsennotierte \u00dcbernahmegesellschaft &#8211; das globale [&hellip;]<\/p>\n","protected":false},"author":3,"featured_media":0,"parent":0,"menu_order":0,"comment_status":"closed","ping_status":"closed","template":"","meta":{"_acf_changed":false,"footnotes":""},"class_list":["post-42975","page","type-page","status-publish","hentry"],"acf":[],"yoast_head":"<!-- This site is optimized with the Yoast SEO Premium plugin v21.9 (Yoast SEO v23.5) - https:\/\/yoast.com\/wordpress\/plugins\/seo\/ -->\n<title>Geschichte - Perimeter Solutions<\/title>\n<meta name=\"description\" content=\"Perimeter Solutions wurde 2018 gegr\u00fcndet, aber unsere Geschichte in der Technologieentwicklung f\u00fcr den Brandschutz reicht \u00fcber 50 Jahre zur\u00fcck.\" \/>\n<meta name=\"robots\" content=\"index, follow, max-snippet:-1, max-image-preview:large, max-video-preview:-1\" \/>\n<link rel=\"canonical\" href=\"https:\/\/www.perimeter-solutions.com\/de\/geschichte\/\" \/>\n<meta property=\"og:locale\" content=\"de_DE\" \/>\n<meta property=\"og:type\" content=\"article\" \/>\n<meta property=\"og:title\" content=\"Geschichte\" \/>\n<meta property=\"og:description\" content=\"Perimeter Solutions wurde 2018 gegr\u00fcndet, aber unsere Geschichte in der Technologieentwicklung f\u00fcr den Brandschutz reicht \u00fcber 50 Jahre zur\u00fcck.\" \/>\n<meta property=\"og:url\" content=\"https:\/\/www.perimeter-solutions.com\/de\/geschichte\/\" \/>\n<meta property=\"og:site_name\" content=\"Perimeter Solutions\" \/>\n<meta property=\"article:modified_time\" content=\"2024-08-15T13:16:43+00:00\" \/>\n<meta property=\"og:image\" content=\"https:\/\/www.perimeter-solutions.com\/wp-content\/uploads\/2022\/01\/timeline.jpg\" \/>\n<meta name=\"twitter:card\" content=\"summary_large_image\" \/>\n<meta name=\"twitter:label1\" content=\"Gesch\u00e4tzte Lesezeit\" \/>\n\t<meta name=\"twitter:data1\" content=\"3\u00a0Minuten\" \/>\n<script type=\"application\/ld+json\" class=\"yoast-schema-graph\">{\"@context\":\"https:\/\/schema.org\",\"@graph\":[{\"@type\":\"WebPage\",\"@id\":\"https:\/\/www.perimeter-solutions.com\/de\/geschichte\/\",\"url\":\"https:\/\/www.perimeter-solutions.com\/de\/geschichte\/\",\"name\":\"Geschichte - Perimeter Solutions\",\"isPartOf\":{\"@id\":\"https:\/\/www.perimeter-solutions.com\/de\/#website\"},\"primaryImageOfPage\":{\"@id\":\"https:\/\/www.perimeter-solutions.com\/de\/geschichte\/#primaryimage\"},\"image\":{\"@id\":\"https:\/\/www.perimeter-solutions.com\/de\/geschichte\/#primaryimage\"},\"thumbnailUrl\":\"https:\/\/www.perimeter-solutions.com\/wp-content\/uploads\/2022\/01\/timeline.jpg\",\"datePublished\":\"2020-12-01T22:27:18+00:00\",\"dateModified\":\"2024-08-15T13:16:43+00:00\",\"description\":\"Perimeter Solutions wurde 2018 gegr\u00fcndet, aber unsere Geschichte in der Technologieentwicklung f\u00fcr den Brandschutz reicht \u00fcber 50 Jahre zur\u00fcck.\",\"inLanguage\":\"de\",\"potentialAction\":[{\"@type\":\"ReadAction\",\"target\":[\"https:\/\/www.perimeter-solutions.com\/de\/geschichte\/\"]}]},{\"@type\":\"ImageObject\",\"inLanguage\":\"de\",\"@id\":\"https:\/\/www.perimeter-solutions.com\/de\/geschichte\/#primaryimage\",\"url\":\"https:\/\/www.perimeter-solutions.com\/wp-content\/uploads\/2022\/01\/timeline.jpg\",\"contentUrl\":\"https:\/\/www.perimeter-solutions.com\/wp-content\/uploads\/2022\/01\/timeline.jpg\"},{\"@type\":\"WebSite\",\"@id\":\"https:\/\/www.perimeter-solutions.com\/de\/#website\",\"url\":\"https:\/\/www.perimeter-solutions.com\/de\/\",\"name\":\"Perimeter Solutions\",\"description\":\"\",\"publisher\":{\"@id\":\"https:\/\/www.perimeter-solutions.com\/de\/#organization\"},\"potentialAction\":[{\"@type\":\"SearchAction\",\"target\":{\"@type\":\"EntryPoint\",\"urlTemplate\":\"https:\/\/www.perimeter-solutions.com\/de\/?s={search_term_string}\"},\"query-input\":{\"@type\":\"PropertyValueSpecification\",\"valueRequired\":true,\"valueName\":\"search_term_string\"}}],\"inLanguage\":\"de\"},{\"@type\":\"Organization\",\"@id\":\"https:\/\/www.perimeter-solutions.com\/de\/#organization\",\"name\":\"Perimeter Solutions\",\"url\":\"https:\/\/www.perimeter-solutions.com\/de\/\",\"logo\":{\"@type\":\"ImageObject\",\"inLanguage\":\"de\",\"@id\":\"https:\/\/www.perimeter-solutions.com\/de\/#\/schema\/logo\/image\/\",\"url\":\"https:\/\/www.perimeter-solutions.com\/wp-content\/uploads\/2021\/02\/perimeter-logo-RGB.png\",\"contentUrl\":\"https:\/\/www.perimeter-solutions.com\/wp-content\/uploads\/2021\/02\/perimeter-logo-RGB.png\",\"width\":794,\"height\":138,\"caption\":\"Perimeter Solutions\"},\"image\":{\"@id\":\"https:\/\/www.perimeter-solutions.com\/de\/#\/schema\/logo\/image\/\"}}]}<\/script>\n<!-- \/ Yoast SEO Premium plugin. -->","yoast_head_json":{"title":"Geschichte - Perimeter Solutions","description":"Perimeter Solutions wurde 2018 gegr\u00fcndet, aber unsere Geschichte in der Technologieentwicklung f\u00fcr den Brandschutz reicht \u00fcber 50 Jahre zur\u00fcck.","robots":{"index":"index","follow":"follow","max-snippet":"max-snippet:-1","max-image-preview":"max-image-preview:large","max-video-preview":"max-video-preview:-1"},"canonical":"https:\/\/www.perimeter-solutions.com\/de\/geschichte\/","og_locale":"de_DE","og_type":"article","og_title":"Geschichte","og_description":"Perimeter Solutions wurde 2018 gegr\u00fcndet, aber unsere Geschichte in der Technologieentwicklung f\u00fcr den Brandschutz reicht \u00fcber 50 Jahre zur\u00fcck.","og_url":"https:\/\/www.perimeter-solutions.com\/de\/geschichte\/","og_site_name":"Perimeter Solutions","article_modified_time":"2024-08-15T13:16:43+00:00","og_image":[{"url":"https:\/\/www.perimeter-solutions.com\/wp-content\/uploads\/2022\/01\/timeline.jpg"}],"twitter_card":"summary_large_image","twitter_misc":{"Gesch\u00e4tzte Lesezeit":"3\u00a0Minuten"},"schema":{"@context":"https:\/\/schema.org","@graph":[{"@type":"WebPage","@id":"https:\/\/www.perimeter-solutions.com\/de\/geschichte\/","url":"https:\/\/www.perimeter-solutions.com\/de\/geschichte\/","name":"Geschichte - Perimeter Solutions","isPartOf":{"@id":"https:\/\/www.perimeter-solutions.com\/de\/#website"},"primaryImageOfPage":{"@id":"https:\/\/www.perimeter-solutions.com\/de\/geschichte\/#primaryimage"},"image":{"@id":"https:\/\/www.perimeter-solutions.com\/de\/geschichte\/#primaryimage"},"thumbnailUrl":"https:\/\/www.perimeter-solutions.com\/wp-content\/uploads\/2022\/01\/timeline.jpg","datePublished":"2020-12-01T22:27:18+00:00","dateModified":"2024-08-15T13:16:43+00:00","description":"Perimeter Solutions wurde 2018 gegr\u00fcndet, aber unsere Geschichte in der Technologieentwicklung f\u00fcr den Brandschutz reicht \u00fcber 50 Jahre zur\u00fcck.","inLanguage":"de","potentialAction":[{"@type":"ReadAction","target":["https:\/\/www.perimeter-solutions.com\/de\/geschichte\/"]}]},{"@type":"ImageObject","inLanguage":"de","@id":"https:\/\/www.perimeter-solutions.com\/de\/geschichte\/#primaryimage","url":"https:\/\/www.perimeter-solutions.com\/wp-content\/uploads\/2022\/01\/timeline.jpg","contentUrl":"https:\/\/www.perimeter-solutions.com\/wp-content\/uploads\/2022\/01\/timeline.jpg"},{"@type":"WebSite","@id":"https:\/\/www.perimeter-solutions.com\/de\/#website","url":"https:\/\/www.perimeter-solutions.com\/de\/","name":"Perimeter Solutions","description":"","publisher":{"@id":"https:\/\/www.perimeter-solutions.com\/de\/#organization"},"potentialAction":[{"@type":"SearchAction","target":{"@type":"EntryPoint","urlTemplate":"https:\/\/www.perimeter-solutions.com\/de\/?s={search_term_string}"},"query-input":{"@type":"PropertyValueSpecification","valueRequired":true,"valueName":"search_term_string"}}],"inLanguage":"de"},{"@type":"Organization","@id":"https:\/\/www.perimeter-solutions.com\/de\/#organization","name":"Perimeter Solutions","url":"https:\/\/www.perimeter-solutions.com\/de\/","logo":{"@type":"ImageObject","inLanguage":"de","@id":"https:\/\/www.perimeter-solutions.com\/de\/#\/schema\/logo\/image\/","url":"https:\/\/www.perimeter-solutions.com\/wp-content\/uploads\/2021\/02\/perimeter-logo-RGB.png","contentUrl":"https:\/\/www.perimeter-solutions.com\/wp-content\/uploads\/2021\/02\/perimeter-logo-RGB.png","width":794,"height":138,"caption":"Perimeter Solutions"},"image":{"@id":"https:\/\/www.perimeter-solutions.com\/de\/#\/schema\/logo\/image\/"}}]}},"_links":{"self":[{"href":"https:\/\/www.perimeter-solutions.com\/de\/wp-json\/wp\/v2\/pages\/42975","targetHints":{"allow":["GET"]}}],"collection":[{"href":"https:\/\/www.perimeter-solutions.com\/de\/wp-json\/wp\/v2\/pages"}],"about":[{"href":"https:\/\/www.perimeter-solutions.com\/de\/wp-json\/wp\/v2\/types\/page"}],"author":[{"embeddable":true,"href":"https:\/\/www.perimeter-solutions.com\/de\/wp-json\/wp\/v2\/users\/3"}],"replies":[{"embeddable":true,"href":"https:\/\/www.perimeter-solutions.com\/de\/wp-json\/wp\/v2\/comments?post=42975"}],"version-history":[{"count":3,"href":"https:\/\/www.perimeter-solutions.com\/de\/wp-json\/wp\/v2\/pages\/42975\/revisions"}],"predecessor-version":[{"id":43507,"href":"https:\/\/www.perimeter-solutions.com\/de\/wp-json\/wp\/v2\/pages\/42975\/revisions\/43507"}],"wp:attachment":[{"href":"https:\/\/www.perimeter-solutions.com\/de\/wp-json\/wp\/v2\/media?parent=42975"}],"curies":[{"name":"wp","href":"https:\/\/api.w.org\/{rel}","templated":true}]}}