{"id":42972,"date":"2020-11-20T15:00:41","date_gmt":"2020-11-20T20:00:41","guid":{"rendered":"https:\/\/www.perimeter-solutions.com\/militaer\/"},"modified":"2024-08-14T22:02:39","modified_gmt":"2024-08-15T02:02:39","slug":"militaer","status":"publish","type":"page","link":"https:\/\/www.perimeter-solutions.com\/de\/militaer\/","title":{"rendered":"Milit\u00e4r"},"content":{"rendered":"\t\t<div data-elementor-type=\"wp-page\" data-elementor-id=\"42972\" class=\"elementor elementor-42972 elementor-16946\" data-elementor-post-type=\"page\">\n\t\t\t\t\t\t<section class=\"elementor-section elementor-top-section elementor-element elementor-element-a53ddb9 elementor-section-stretched elementor-section-boxed elementor-section-height-default elementor-section-height-default\" data-id=\"a53ddb9\" data-element_type=\"section\" data-e-type=\"section\" data-settings=\"{&quot;stretch_section&quot;:&quot;section-stretched&quot;,&quot;background_background&quot;:&quot;classic&quot;}\">\n\t\t\t\t\t\t<div class=\"elementor-container elementor-column-gap-default\">\n\t\t\t\t\t<div class=\"elementor-column elementor-col-100 elementor-top-column elementor-element elementor-element-8e1337c\" data-id=\"8e1337c\" data-element_type=\"column\" data-e-type=\"column\">\n\t\t\t<div class=\"elementor-widget-wrap elementor-element-populated\">\n\t\t\t\t\t\t<div class=\"elementor-element elementor-element-3fcef61 elementor-widget elementor-widget-heading\" data-id=\"3fcef61\" data-element_type=\"widget\" data-e-type=\"widget\" data-widget_type=\"heading.default\">\n\t\t\t\t<div class=\"elementor-widget-container\">\n\t\t\t\t\t<h1 class=\"elementor-heading-title elementor-size-default\">Milit\u00e4r<\/h1>\t\t\t\t<\/div>\n\t\t\t\t<\/div>\n\t\t\t\t\t<\/div>\n\t\t<\/div>\n\t\t\t\t\t<\/div>\n\t\t<\/section>\n\t\t\t\t<section class=\"elementor-section elementor-top-section elementor-element elementor-element-e36f22b elementor-section-boxed elementor-section-height-default elementor-section-height-default\" data-id=\"e36f22b\" data-element_type=\"section\" data-e-type=\"section\" data-settings=\"{&quot;background_background&quot;:&quot;classic&quot;}\">\n\t\t\t\t\t\t\t<div class=\"elementor-background-overlay\"><\/div>\n\t\t\t\t\t\t\t<div class=\"elementor-container elementor-column-gap-default\">\n\t\t\t\t\t<div class=\"elementor-column elementor-col-100 elementor-top-column elementor-element elementor-element-9ead739\" data-id=\"9ead739\" data-element_type=\"column\" data-e-type=\"column\">\n\t\t\t<div class=\"elementor-widget-wrap elementor-element-populated\">\n\t\t\t\t\t\t<div class=\"elementor-element elementor-element-d5454f1 elementor-widget elementor-widget-text-editor\" data-id=\"d5454f1\" data-element_type=\"widget\" data-e-type=\"widget\" data-widget_type=\"text-editor.default\">\n\t\t\t\t<div class=\"elementor-widget-container\">\n\t\t\t\t\t\t\t\t\t<p>Perimeter Solutions bietet milit\u00e4rischen Organisationen Optionen f\u00fcr Brandschutz und Brandbek\u00e4mpfung \u2013 wo immer sie ben\u00f6tigt werden. Wir sind weltweit f\u00fchrend bei MIL-SPEC-Feuerl\u00f6schsch\u00e4umen sowohl in der Luftfahrt als auch in allgemeinen Anwendungen. F\u00fcr die Brandbek\u00e4mpfung stellen wir eine Reihe von Schaumkonzentraten der Klassen A, B, Training und Speziall\u00f6schmittel her, darunter eines der fortschrittlichsten fluorfreien Schaumprodukte der Branche. Dar\u00fcber hinaus ist Perimeter Solutions ein Branchenf\u00fchrer bei Feuerl\u00f6schadditiven und Hardware zur Schaumunterdr\u00fcckung. Wir bieten auch pr\u00e4ventive L\u00f6sungen an, die auf der Anwendung von feuerhemmenden und feuerhemmenden Geltechnologien am Boden basieren, um physische Strukturen sowie Ausr\u00fcstung f\u00fcr den Einsatz beider zu sch\u00fctzen.<\/p>\n<p><strong>Schaum der Klasse A<\/strong><\/p>\n<p>Perimeter Solutions bietet eine Reihe von Schaumstoffoptionen der Klasse A unter unserer Marke <sup>PHOS-CHEK\u00ae<\/sup> an &#8211; darunter das branchenf\u00fchrende Produkt PHOS-CHEK WD881. Diese Sch\u00e4ume erh\u00f6hen die Wirksamkeit des Wassers zur direkten Unterdr\u00fcckung und zum Aufwischen und k\u00f6nnen sowohl in der Luft als auch am Boden verwendet werden<strong>.<\/strong> <\/p>\n<p><strong>Schaum der Klasse B<\/strong><\/p>\n<p>Perimeter Solutions&#8217; <sup>PHOS-CHEK\u00ae<\/sup>, <sup>SOLBERG\u00ae<\/sup> und <sup>AUXQUIMIA\u00ae<\/sup> Klasse B Feuerl\u00f6schsch\u00e4ume nutzen die neueste Technologie und geh\u00f6ren zu den effektivsten und umweltfreundlichsten Produkten auf dem Markt.<br \/>\nUnser Produktportfolio der Klasse B umfasst fluorfreie, AFFF- und AR-AFFF-Produkte.  Diese Schaummittel werden in 1%, 3% und 6% dosierten Versionen angeboten und umfassen frostgesch\u00fctzte und niedrigviskose Versionen.<\/p>\n<p><strong>Feuerl\u00f6scher-Additive<\/strong><\/p>\n<p>Die Feuerl\u00f6schadditive von Perimeter Solutions wurden speziell f\u00fcr den Einsatz in tragbaren Feuerl\u00f6schern entwickelt. Diese Schaummittelkonzentrate sind f\u00fcr die Verwendung mit handgef\u00fchrten oder fahrbaren Ger\u00e4ten zum schnellen L\u00f6schen von Br\u00e4nden mit geringem Ausma\u00df bestimmt. Sie sind mit Kohlenstoffstahl und Leichtmetalllegierungen kompatibel, die eine niedrige Korrosionsrate aufweisen.<\/p>\n<p><strong>Ausr\u00fcstung<\/strong><\/p>\n<p>Die <sup>PHOS-CHEK\u00ae-Mischanlage<\/sup> von Perimeter Solutions erm\u00f6glicht ein einfaches Mischen zur Unterst\u00fctzung von Bodeneins\u00e4tzen mit Feuerschutzmitteln. Unsere Hardware f\u00fcr Schaumunterdr\u00fcckungssysteme wird von einem Team mit \u00fcber 200 Jahren kombinierter Brandschutzerfahrung im Feld entwickelt. Dazu geh\u00f6ren Systemtanks, Zumischger\u00e4te, Austragsger\u00e4te und mobile Systeme. Unsere Experten kennen die Herausforderungen der realen Welt. Und sie wissen, wie sie das Design unserer bew\u00e4hrten Produkte auf die individuellen Bed\u00fcrfnisse jedes einzelnen Kunden hin optimieren k\u00f6nnen.<\/p>\n<p><strong>Am Boden aufgebrachte Flammschutzmittel<\/strong><\/p>\n<p>Perimeter <span class=\"contentpasted0\">Solutions bietet ein umfassendes Sortiment an bodengebundenen Feuerschutzmitteln f\u00fcr den saisonalen Schutz und f\u00fcr die schnelle Anwendung bei geplanten Br\u00e4nden oder entstehenden Fl\u00e4chenbr\u00e4nden. Diese L\u00f6sungen sind vom USDA Forest Service vollst\u00e4ndig qualifiziert<\/span>.<\/p>\n\t\t\t\t\t\t\t\t<\/div>\n\t\t\t\t<\/div>\n\t\t\t\t\t<\/div>\n\t\t<\/div>\n\t\t\t\t\t<\/div>\n\t\t<\/section>\n\t\t\t\t<\/div>\n\t\t","protected":false},"excerpt":{"rendered":"<p>Milit\u00e4r Perimeter Solutions bietet milit\u00e4rischen Organisationen Optionen f\u00fcr Brandschutz und Brandbek\u00e4mpfung \u2013 wo immer sie ben\u00f6tigt werden. Wir sind weltweit f\u00fchrend bei MIL-SPEC-Feuerl\u00f6schsch\u00e4umen sowohl in der Luftfahrt als auch in [&hellip;]<\/p>\n","protected":false},"author":3,"featured_media":0,"parent":0,"menu_order":0,"comment_status":"closed","ping_status":"closed","template":"","meta":{"_acf_changed":false,"footnotes":""},"class_list":["post-42972","page","type-page","status-publish","hentry"],"acf":[],"yoast_head":"<!-- This site is optimized with the Yoast SEO Premium plugin v21.9 (Yoast SEO v23.5) - https:\/\/yoast.com\/wordpress\/plugins\/seo\/ -->\n<title>Milit\u00e4r - Perimeter Solutions<\/title>\n<meta name=\"robots\" content=\"index, follow, max-snippet:-1, max-image-preview:large, max-video-preview:-1\" \/>\n<link rel=\"canonical\" href=\"https:\/\/www.perimeter-solutions.com\/de\/militaer\/\" \/>\n<meta property=\"og:locale\" content=\"de_DE\" \/>\n<meta property=\"og:type\" content=\"article\" \/>\n<meta property=\"og:title\" content=\"Milit\u00e4r\" \/>\n<meta property=\"og:description\" content=\"Milit\u00e4r Perimeter Solutions bietet milit\u00e4rischen Organisationen Optionen f\u00fcr Brandschutz und Brandbek\u00e4mpfung \u2013 wo immer sie ben\u00f6tigt werden. Wir sind weltweit f\u00fchrend bei MIL-SPEC-Feuerl\u00f6schsch\u00e4umen sowohl in der Luftfahrt als auch in [&hellip;]\" \/>\n<meta property=\"og:url\" content=\"https:\/\/www.perimeter-solutions.com\/de\/militaer\/\" \/>\n<meta property=\"og:site_name\" content=\"Perimeter Solutions\" \/>\n<meta property=\"article:modified_time\" content=\"2024-08-15T02:02:39+00:00\" \/>\n<meta name=\"twitter:card\" content=\"summary_large_image\" \/>\n<script type=\"application\/ld+json\" class=\"yoast-schema-graph\">{\"@context\":\"https:\/\/schema.org\",\"@graph\":[{\"@type\":\"WebPage\",\"@id\":\"https:\/\/www.perimeter-solutions.com\/de\/militaer\/\",\"url\":\"https:\/\/www.perimeter-solutions.com\/de\/militaer\/\",\"name\":\"Milit\u00e4r - Perimeter Solutions\",\"isPartOf\":{\"@id\":\"https:\/\/www.perimeter-solutions.com\/de\/#website\"},\"datePublished\":\"2020-11-20T20:00:41+00:00\",\"dateModified\":\"2024-08-15T02:02:39+00:00\",\"inLanguage\":\"de\",\"potentialAction\":[{\"@type\":\"ReadAction\",\"target\":[\"https:\/\/www.perimeter-solutions.com\/de\/militaer\/\"]}]},{\"@type\":\"WebSite\",\"@id\":\"https:\/\/www.perimeter-solutions.com\/de\/#website\",\"url\":\"https:\/\/www.perimeter-solutions.com\/de\/\",\"name\":\"Perimeter Solutions\",\"description\":\"\",\"publisher\":{\"@id\":\"https:\/\/www.perimeter-solutions.com\/de\/#organization\"},\"potentialAction\":[{\"@type\":\"SearchAction\",\"target\":{\"@type\":\"EntryPoint\",\"urlTemplate\":\"https:\/\/www.perimeter-solutions.com\/de\/?s={search_term_string}\"},\"query-input\":{\"@type\":\"PropertyValueSpecification\",\"valueRequired\":true,\"valueName\":\"search_term_string\"}}],\"inLanguage\":\"de\"},{\"@type\":\"Organization\",\"@id\":\"https:\/\/www.perimeter-solutions.com\/de\/#organization\",\"name\":\"Perimeter Solutions\",\"url\":\"https:\/\/www.perimeter-solutions.com\/de\/\",\"logo\":{\"@type\":\"ImageObject\",\"inLanguage\":\"de\",\"@id\":\"https:\/\/www.perimeter-solutions.com\/de\/#\/schema\/logo\/image\/\",\"url\":\"https:\/\/www.perimeter-solutions.com\/wp-content\/uploads\/2021\/02\/perimeter-logo-RGB.png\",\"contentUrl\":\"https:\/\/www.perimeter-solutions.com\/wp-content\/uploads\/2021\/02\/perimeter-logo-RGB.png\",\"width\":794,\"height\":138,\"caption\":\"Perimeter Solutions\"},\"image\":{\"@id\":\"https:\/\/www.perimeter-solutions.com\/de\/#\/schema\/logo\/image\/\"}}]}<\/script>\n<!-- \/ Yoast SEO Premium plugin. -->","yoast_head_json":{"title":"Milit\u00e4r - Perimeter Solutions","robots":{"index":"index","follow":"follow","max-snippet":"max-snippet:-1","max-image-preview":"max-image-preview:large","max-video-preview":"max-video-preview:-1"},"canonical":"https:\/\/www.perimeter-solutions.com\/de\/militaer\/","og_locale":"de_DE","og_type":"article","og_title":"Milit\u00e4r","og_description":"Milit\u00e4r Perimeter Solutions bietet milit\u00e4rischen Organisationen Optionen f\u00fcr Brandschutz und Brandbek\u00e4mpfung \u2013 wo immer sie ben\u00f6tigt werden. Wir sind weltweit f\u00fchrend bei MIL-SPEC-Feuerl\u00f6schsch\u00e4umen sowohl in der Luftfahrt als auch in [&hellip;]","og_url":"https:\/\/www.perimeter-solutions.com\/de\/militaer\/","og_site_name":"Perimeter Solutions","article_modified_time":"2024-08-15T02:02:39+00:00","twitter_card":"summary_large_image","schema":{"@context":"https:\/\/schema.org","@graph":[{"@type":"WebPage","@id":"https:\/\/www.perimeter-solutions.com\/de\/militaer\/","url":"https:\/\/www.perimeter-solutions.com\/de\/militaer\/","name":"Milit\u00e4r - Perimeter Solutions","isPartOf":{"@id":"https:\/\/www.perimeter-solutions.com\/de\/#website"},"datePublished":"2020-11-20T20:00:41+00:00","dateModified":"2024-08-15T02:02:39+00:00","inLanguage":"de","potentialAction":[{"@type":"ReadAction","target":["https:\/\/www.perimeter-solutions.com\/de\/militaer\/"]}]},{"@type":"WebSite","@id":"https:\/\/www.perimeter-solutions.com\/de\/#website","url":"https:\/\/www.perimeter-solutions.com\/de\/","name":"Perimeter Solutions","description":"","publisher":{"@id":"https:\/\/www.perimeter-solutions.com\/de\/#organization"},"potentialAction":[{"@type":"SearchAction","target":{"@type":"EntryPoint","urlTemplate":"https:\/\/www.perimeter-solutions.com\/de\/?s={search_term_string}"},"query-input":{"@type":"PropertyValueSpecification","valueRequired":true,"valueName":"search_term_string"}}],"inLanguage":"de"},{"@type":"Organization","@id":"https:\/\/www.perimeter-solutions.com\/de\/#organization","name":"Perimeter Solutions","url":"https:\/\/www.perimeter-solutions.com\/de\/","logo":{"@type":"ImageObject","inLanguage":"de","@id":"https:\/\/www.perimeter-solutions.com\/de\/#\/schema\/logo\/image\/","url":"https:\/\/www.perimeter-solutions.com\/wp-content\/uploads\/2021\/02\/perimeter-logo-RGB.png","contentUrl":"https:\/\/www.perimeter-solutions.com\/wp-content\/uploads\/2021\/02\/perimeter-logo-RGB.png","width":794,"height":138,"caption":"Perimeter Solutions"},"image":{"@id":"https:\/\/www.perimeter-solutions.com\/de\/#\/schema\/logo\/image\/"}}]}},"_links":{"self":[{"href":"https:\/\/www.perimeter-solutions.com\/de\/wp-json\/wp\/v2\/pages\/42972","targetHints":{"allow":["GET"]}}],"collection":[{"href":"https:\/\/www.perimeter-solutions.com\/de\/wp-json\/wp\/v2\/pages"}],"about":[{"href":"https:\/\/www.perimeter-solutions.com\/de\/wp-json\/wp\/v2\/types\/page"}],"author":[{"embeddable":true,"href":"https:\/\/www.perimeter-solutions.com\/de\/wp-json\/wp\/v2\/users\/3"}],"replies":[{"embeddable":true,"href":"https:\/\/www.perimeter-solutions.com\/de\/wp-json\/wp\/v2\/comments?post=42972"}],"version-history":[{"count":4,"href":"https:\/\/www.perimeter-solutions.com\/de\/wp-json\/wp\/v2\/pages\/42972\/revisions"}],"predecessor-version":[{"id":43385,"href":"https:\/\/www.perimeter-solutions.com\/de\/wp-json\/wp\/v2\/pages\/42972\/revisions\/43385"}],"wp:attachment":[{"href":"https:\/\/www.perimeter-solutions.com\/de\/wp-json\/wp\/v2\/media?parent=42972"}],"curies":[{"name":"wp","href":"https:\/\/api.w.org\/{rel}","templated":true}]}}