{"id":42935,"date":"2020-12-01T18:54:51","date_gmt":"2020-12-01T23:54:51","guid":{"rendered":"https:\/\/www.perimeter-solutions.com\/innovation\/"},"modified":"2024-08-14T21:44:03","modified_gmt":"2024-08-15T01:44:03","slug":"innovation","status":"publish","type":"page","link":"https:\/\/www.perimeter-solutions.com\/de\/innovation\/","title":{"rendered":"Innovation"},"content":{"rendered":"\t\t<div data-elementor-type=\"wp-page\" data-elementor-id=\"42935\" class=\"elementor elementor-42935 elementor-17412\" data-elementor-post-type=\"page\">\n\t\t\t\t\t\t<section class=\"elementor-section elementor-top-section elementor-element elementor-element-a53ddb9 elementor-section-stretched elementor-section-boxed elementor-section-height-default elementor-section-height-default\" data-id=\"a53ddb9\" data-element_type=\"section\" data-e-type=\"section\" data-settings=\"{&quot;stretch_section&quot;:&quot;section-stretched&quot;,&quot;background_background&quot;:&quot;classic&quot;}\">\n\t\t\t\t\t\t<div class=\"elementor-container elementor-column-gap-default\">\n\t\t\t\t\t<div class=\"elementor-column elementor-col-100 elementor-top-column elementor-element elementor-element-8e1337c\" data-id=\"8e1337c\" data-element_type=\"column\" data-e-type=\"column\">\n\t\t\t<div class=\"elementor-widget-wrap elementor-element-populated\">\n\t\t\t\t\t\t<div class=\"elementor-element elementor-element-3fcef61 elementor-widget elementor-widget-heading\" data-id=\"3fcef61\" data-element_type=\"widget\" data-e-type=\"widget\" data-widget_type=\"heading.default\">\n\t\t\t\t<div class=\"elementor-widget-container\">\n\t\t\t\t\t<h1 class=\"elementor-heading-title elementor-size-default\">Innovation<\/h1>\t\t\t\t<\/div>\n\t\t\t\t<\/div>\n\t\t\t\t\t<\/div>\n\t\t<\/div>\n\t\t\t\t\t<\/div>\n\t\t<\/section>\n\t\t\t\t<section class=\"elementor-section elementor-top-section elementor-element elementor-element-e36f22b elementor-section-boxed elementor-section-height-default elementor-section-height-default\" data-id=\"e36f22b\" data-element_type=\"section\" data-e-type=\"section\" data-settings=\"{&quot;background_background&quot;:&quot;classic&quot;}\">\n\t\t\t\t\t\t\t<div class=\"elementor-background-overlay\"><\/div>\n\t\t\t\t\t\t\t<div class=\"elementor-container elementor-column-gap-default\">\n\t\t\t\t\t<div class=\"elementor-column elementor-col-100 elementor-top-column elementor-element elementor-element-9ead739\" data-id=\"9ead739\" data-element_type=\"column\" data-e-type=\"column\">\n\t\t\t<div class=\"elementor-widget-wrap elementor-element-populated\">\n\t\t\t\t\t\t<div class=\"elementor-element elementor-element-d5454f1 elementor-widget elementor-widget-text-editor\" data-id=\"d5454f1\" data-element_type=\"widget\" data-e-type=\"widget\" data-widget_type=\"text-editor.default\">\n\t\t\t\t<div class=\"elementor-widget-container\">\n\t\t\t\t\t\t\t\t\t<p>Perimeter Solutions f\u00f6rdert eine Kultur und ein Engagement f\u00fcr Innovation in unserem gesamten Unternehmen &#8211; von der Produktforschung und -entwicklung bis hin zu der Art und Weise, wie wir mit unseren Kunden zusammenarbeiten.<br \/>\nWir sind uns bewusst, dass kontinuierliche Innovation notwendig ist, um in einer sich st\u00e4ndig ver\u00e4ndernden Welt Werte zu schaffen. <\/p>\n<p><strong>Entwicklung der n\u00e4chsten L\u00f6sung f\u00fcr die Brandschutzgemeinschaft<\/strong><\/p>\n<p>Seit \u00fcber 60 Jahren arbeiten die Mitarbeiter von Perimeter Solutions an der Seite der Brandschutzbeh\u00f6rden und der M\u00e4nner und Frauen, die Opfer bringen, um uns alle zu sch\u00fctzen.<br \/>\nUnser gesamtes Unternehmen ist darauf ausgerichtet, diese Bem\u00fchungen sicherer und effektiver zu machen. <\/p>\n<p>Als ein Unternehmen, das mit der Gr\u00fcndung von <sup>PHOS-CHEK\u00ae<\/sup> im Jahr 1963 auf der Pr\u00e4misse einer \u00fcberlegenen Technologie aufgebaut wurde, ist die Geschichte des feuerhemmenden Fortschritts gleichbedeutend mit der Geschichte der PHOS-CHEK-Technologieentwicklung.<br \/>\nUnsere Mitarbeiter haben wichtige Beitr\u00e4ge in den Bereichen Wirksamkeit, Einsatzf\u00e4higkeit, Sichtbarkeit, Korrosionsschutz und Umweltvertr\u00e4glichkeit geleistet.<br \/>\nWir arbeiten eng mit unseren Kunden zusammen &#8211; in Labors und vor Ort &#8211; um die Bed\u00fcrfnisse zu verstehen und die n\u00e4chste Generation der Technologie zu entwickeln.  <\/p>\n<p>Perimeter Solutions ist die Heimat der weltweit ersten fluorfreien L\u00f6schschaummittelkonzentrate &#8211; <sup>SOLBERG\u00ae<\/sup> RE-HEALING\u2122.<br \/>\nDiese Technologie wird seit Jahrzehnten in einer breiten Palette von Anwendungen eingesetzt.  Da sich die Welt schnell auf eine fluorfreie Technologie zubewegt, ist Perimeter Solutions weiterhin f\u00fchrend in der Entwicklung neuer fluorfreier Schaumstoffkonzentrate, die auf die Anforderungen spezifischer Anwendungen zugeschnitten sind und die Umstellung leicht machen.<\/p>\n\t\t\t\t\t\t\t\t<\/div>\n\t\t\t\t<\/div>\n\t\t\t\t\t<\/div>\n\t\t<\/div>\n\t\t\t\t\t<\/div>\n\t\t<\/section>\n\t\t\t\t<\/div>\n\t\t","protected":false},"excerpt":{"rendered":"<p>Innovation Perimeter Solutions f\u00f6rdert eine Kultur und ein Engagement f\u00fcr Innovation in unserem gesamten Unternehmen &#8211; von der Produktforschung und -entwicklung bis hin zu der Art und Weise, wie wir [&hellip;]<\/p>\n","protected":false},"author":3,"featured_media":0,"parent":0,"menu_order":0,"comment_status":"closed","ping_status":"closed","template":"","meta":{"_acf_changed":false,"footnotes":""},"class_list":["post-42935","page","type-page","status-publish","hentry"],"acf":[],"yoast_head":"<!-- This site is optimized with the Yoast SEO Premium plugin v21.9 (Yoast SEO v23.5) - https:\/\/yoast.com\/wordpress\/plugins\/seo\/ -->\n<title>Innovation - Perimeter Solutions<\/title>\n<meta name=\"robots\" content=\"index, follow, max-snippet:-1, max-image-preview:large, max-video-preview:-1\" \/>\n<link rel=\"canonical\" href=\"https:\/\/www.perimeter-solutions.com\/de\/innovation\/\" \/>\n<meta property=\"og:locale\" content=\"de_DE\" \/>\n<meta property=\"og:type\" content=\"article\" \/>\n<meta property=\"og:title\" content=\"Innovation\" \/>\n<meta property=\"og:description\" content=\"Innovation Perimeter Solutions f\u00f6rdert eine Kultur und ein Engagement f\u00fcr Innovation in unserem gesamten Unternehmen &#8211; von der Produktforschung und -entwicklung bis hin zu der Art und Weise, wie wir [&hellip;]\" \/>\n<meta property=\"og:url\" content=\"https:\/\/www.perimeter-solutions.com\/de\/innovation\/\" \/>\n<meta property=\"og:site_name\" content=\"Perimeter Solutions\" \/>\n<meta property=\"article:modified_time\" content=\"2024-08-15T01:44:03+00:00\" \/>\n<meta property=\"og:image\" content=\"https:\/\/www.perimeter-solutions.com\/wp-content\/uploads\/2021\/03\/summit-logo-300x225.jpg\" \/>\n<meta name=\"twitter:card\" content=\"summary_large_image\" \/>\n<script type=\"application\/ld+json\" class=\"yoast-schema-graph\">{\"@context\":\"https:\/\/schema.org\",\"@graph\":[{\"@type\":\"WebPage\",\"@id\":\"https:\/\/www.perimeter-solutions.com\/de\/innovation\/\",\"url\":\"https:\/\/www.perimeter-solutions.com\/de\/innovation\/\",\"name\":\"Innovation - Perimeter Solutions\",\"isPartOf\":{\"@id\":\"https:\/\/www.perimeter-solutions.com\/de\/#website\"},\"primaryImageOfPage\":{\"@id\":\"https:\/\/www.perimeter-solutions.com\/de\/innovation\/#primaryimage\"},\"image\":{\"@id\":\"https:\/\/www.perimeter-solutions.com\/de\/innovation\/#primaryimage\"},\"thumbnailUrl\":\"https:\/\/www.perimeter-solutions.com\/wp-content\/uploads\/2021\/03\/summit-logo-300x225.jpg\",\"datePublished\":\"2020-12-01T23:54:51+00:00\",\"dateModified\":\"2024-08-15T01:44:03+00:00\",\"inLanguage\":\"de\",\"potentialAction\":[{\"@type\":\"ReadAction\",\"target\":[\"https:\/\/www.perimeter-solutions.com\/de\/innovation\/\"]}]},{\"@type\":\"ImageObject\",\"inLanguage\":\"de\",\"@id\":\"https:\/\/www.perimeter-solutions.com\/de\/innovation\/#primaryimage\",\"url\":\"https:\/\/www.perimeter-solutions.com\/wp-content\/uploads\/2021\/03\/summit-logo-300x225.jpg\",\"contentUrl\":\"https:\/\/www.perimeter-solutions.com\/wp-content\/uploads\/2021\/03\/summit-logo-300x225.jpg\"},{\"@type\":\"WebSite\",\"@id\":\"https:\/\/www.perimeter-solutions.com\/de\/#website\",\"url\":\"https:\/\/www.perimeter-solutions.com\/de\/\",\"name\":\"Perimeter Solutions\",\"description\":\"\",\"publisher\":{\"@id\":\"https:\/\/www.perimeter-solutions.com\/de\/#organization\"},\"potentialAction\":[{\"@type\":\"SearchAction\",\"target\":{\"@type\":\"EntryPoint\",\"urlTemplate\":\"https:\/\/www.perimeter-solutions.com\/de\/?s={search_term_string}\"},\"query-input\":{\"@type\":\"PropertyValueSpecification\",\"valueRequired\":true,\"valueName\":\"search_term_string\"}}],\"inLanguage\":\"de\"},{\"@type\":\"Organization\",\"@id\":\"https:\/\/www.perimeter-solutions.com\/de\/#organization\",\"name\":\"Perimeter Solutions\",\"url\":\"https:\/\/www.perimeter-solutions.com\/de\/\",\"logo\":{\"@type\":\"ImageObject\",\"inLanguage\":\"de\",\"@id\":\"https:\/\/www.perimeter-solutions.com\/de\/#\/schema\/logo\/image\/\",\"url\":\"https:\/\/www.perimeter-solutions.com\/wp-content\/uploads\/2021\/02\/perimeter-logo-RGB.png\",\"contentUrl\":\"https:\/\/www.perimeter-solutions.com\/wp-content\/uploads\/2021\/02\/perimeter-logo-RGB.png\",\"width\":794,\"height\":138,\"caption\":\"Perimeter Solutions\"},\"image\":{\"@id\":\"https:\/\/www.perimeter-solutions.com\/de\/#\/schema\/logo\/image\/\"}}]}<\/script>\n<!-- \/ Yoast SEO Premium plugin. -->","yoast_head_json":{"title":"Innovation - Perimeter Solutions","robots":{"index":"index","follow":"follow","max-snippet":"max-snippet:-1","max-image-preview":"max-image-preview:large","max-video-preview":"max-video-preview:-1"},"canonical":"https:\/\/www.perimeter-solutions.com\/de\/innovation\/","og_locale":"de_DE","og_type":"article","og_title":"Innovation","og_description":"Innovation Perimeter Solutions f\u00f6rdert eine Kultur und ein Engagement f\u00fcr Innovation in unserem gesamten Unternehmen &#8211; von der Produktforschung und -entwicklung bis hin zu der Art und Weise, wie wir [&hellip;]","og_url":"https:\/\/www.perimeter-solutions.com\/de\/innovation\/","og_site_name":"Perimeter Solutions","article_modified_time":"2024-08-15T01:44:03+00:00","og_image":[{"url":"https:\/\/www.perimeter-solutions.com\/wp-content\/uploads\/2021\/03\/summit-logo-300x225.jpg"}],"twitter_card":"summary_large_image","schema":{"@context":"https:\/\/schema.org","@graph":[{"@type":"WebPage","@id":"https:\/\/www.perimeter-solutions.com\/de\/innovation\/","url":"https:\/\/www.perimeter-solutions.com\/de\/innovation\/","name":"Innovation - Perimeter Solutions","isPartOf":{"@id":"https:\/\/www.perimeter-solutions.com\/de\/#website"},"primaryImageOfPage":{"@id":"https:\/\/www.perimeter-solutions.com\/de\/innovation\/#primaryimage"},"image":{"@id":"https:\/\/www.perimeter-solutions.com\/de\/innovation\/#primaryimage"},"thumbnailUrl":"https:\/\/www.perimeter-solutions.com\/wp-content\/uploads\/2021\/03\/summit-logo-300x225.jpg","datePublished":"2020-12-01T23:54:51+00:00","dateModified":"2024-08-15T01:44:03+00:00","inLanguage":"de","potentialAction":[{"@type":"ReadAction","target":["https:\/\/www.perimeter-solutions.com\/de\/innovation\/"]}]},{"@type":"ImageObject","inLanguage":"de","@id":"https:\/\/www.perimeter-solutions.com\/de\/innovation\/#primaryimage","url":"https:\/\/www.perimeter-solutions.com\/wp-content\/uploads\/2021\/03\/summit-logo-300x225.jpg","contentUrl":"https:\/\/www.perimeter-solutions.com\/wp-content\/uploads\/2021\/03\/summit-logo-300x225.jpg"},{"@type":"WebSite","@id":"https:\/\/www.perimeter-solutions.com\/de\/#website","url":"https:\/\/www.perimeter-solutions.com\/de\/","name":"Perimeter Solutions","description":"","publisher":{"@id":"https:\/\/www.perimeter-solutions.com\/de\/#organization"},"potentialAction":[{"@type":"SearchAction","target":{"@type":"EntryPoint","urlTemplate":"https:\/\/www.perimeter-solutions.com\/de\/?s={search_term_string}"},"query-input":{"@type":"PropertyValueSpecification","valueRequired":true,"valueName":"search_term_string"}}],"inLanguage":"de"},{"@type":"Organization","@id":"https:\/\/www.perimeter-solutions.com\/de\/#organization","name":"Perimeter Solutions","url":"https:\/\/www.perimeter-solutions.com\/de\/","logo":{"@type":"ImageObject","inLanguage":"de","@id":"https:\/\/www.perimeter-solutions.com\/de\/#\/schema\/logo\/image\/","url":"https:\/\/www.perimeter-solutions.com\/wp-content\/uploads\/2021\/02\/perimeter-logo-RGB.png","contentUrl":"https:\/\/www.perimeter-solutions.com\/wp-content\/uploads\/2021\/02\/perimeter-logo-RGB.png","width":794,"height":138,"caption":"Perimeter Solutions"},"image":{"@id":"https:\/\/www.perimeter-solutions.com\/de\/#\/schema\/logo\/image\/"}}]}},"_links":{"self":[{"href":"https:\/\/www.perimeter-solutions.com\/de\/wp-json\/wp\/v2\/pages\/42935","targetHints":{"allow":["GET"]}}],"collection":[{"href":"https:\/\/www.perimeter-solutions.com\/de\/wp-json\/wp\/v2\/pages"}],"about":[{"href":"https:\/\/www.perimeter-solutions.com\/de\/wp-json\/wp\/v2\/types\/page"}],"author":[{"embeddable":true,"href":"https:\/\/www.perimeter-solutions.com\/de\/wp-json\/wp\/v2\/users\/3"}],"replies":[{"embeddable":true,"href":"https:\/\/www.perimeter-solutions.com\/de\/wp-json\/wp\/v2\/comments?post=42935"}],"version-history":[{"count":7,"href":"https:\/\/www.perimeter-solutions.com\/de\/wp-json\/wp\/v2\/pages\/42935\/revisions"}],"predecessor-version":[{"id":43345,"href":"https:\/\/www.perimeter-solutions.com\/de\/wp-json\/wp\/v2\/pages\/42935\/revisions\/43345"}],"wp:attachment":[{"href":"https:\/\/www.perimeter-solutions.com\/de\/wp-json\/wp\/v2\/media?parent=42935"}],"curies":[{"name":"wp","href":"https:\/\/api.w.org\/{rel}","templated":true}]}}