{"id":42930,"date":"2020-12-01T18:53:27","date_gmt":"2020-12-01T23:53:27","guid":{"rendered":"https:\/\/www.perimeter-solutions.com\/kultur-werte\/"},"modified":"2024-08-14T21:44:25","modified_gmt":"2024-08-15T01:44:25","slug":"kultur-werte","status":"publish","type":"page","link":"https:\/\/www.perimeter-solutions.com\/de\/kultur-werte\/","title":{"rendered":"Kultur &amp; Werte"},"content":{"rendered":"\t\t<div data-elementor-type=\"wp-page\" data-elementor-id=\"42930\" class=\"elementor elementor-42930 elementor-17408\" data-elementor-post-type=\"page\">\n\t\t\t\t\t\t<section class=\"elementor-section elementor-top-section elementor-element elementor-element-a53ddb9 elementor-section-stretched elementor-section-boxed elementor-section-height-default elementor-section-height-default\" data-id=\"a53ddb9\" data-element_type=\"section\" data-e-type=\"section\" data-settings=\"{&quot;stretch_section&quot;:&quot;section-stretched&quot;,&quot;background_background&quot;:&quot;classic&quot;}\">\n\t\t\t\t\t\t<div class=\"elementor-container elementor-column-gap-default\">\n\t\t\t\t\t<div class=\"elementor-column elementor-col-100 elementor-top-column elementor-element elementor-element-8e1337c\" data-id=\"8e1337c\" data-element_type=\"column\" data-e-type=\"column\">\n\t\t\t<div class=\"elementor-widget-wrap elementor-element-populated\">\n\t\t\t\t\t\t<div class=\"elementor-element elementor-element-3fcef61 elementor-widget elementor-widget-heading\" data-id=\"3fcef61\" data-element_type=\"widget\" data-e-type=\"widget\" data-widget_type=\"heading.default\">\n\t\t\t\t<div class=\"elementor-widget-container\">\n\t\t\t\t\t<h1 class=\"elementor-heading-title elementor-size-default\">Kultur &amp; Werte<\/h1>\t\t\t\t<\/div>\n\t\t\t\t<\/div>\n\t\t\t\t\t<\/div>\n\t\t<\/div>\n\t\t\t\t\t<\/div>\n\t\t<\/section>\n\t\t\t\t<section class=\"elementor-section elementor-top-section elementor-element elementor-element-e36f22b elementor-section-boxed elementor-section-height-default elementor-section-height-default\" data-id=\"e36f22b\" data-element_type=\"section\" data-e-type=\"section\" data-settings=\"{&quot;background_background&quot;:&quot;classic&quot;}\">\n\t\t\t\t\t\t\t<div class=\"elementor-background-overlay\"><\/div>\n\t\t\t\t\t\t\t<div class=\"elementor-container elementor-column-gap-default\">\n\t\t\t\t\t<div class=\"elementor-column elementor-col-100 elementor-top-column elementor-element elementor-element-9ead739\" data-id=\"9ead739\" data-element_type=\"column\" data-e-type=\"column\">\n\t\t\t<div class=\"elementor-widget-wrap elementor-element-populated\">\n\t\t\t\t\t\t<div class=\"elementor-element elementor-element-5c239f2 elementor-blockquote--skin-border elementor-blockquote--button-color-official elementor-widget elementor-widget-blockquote\" data-id=\"5c239f2\" data-element_type=\"widget\" data-e-type=\"widget\" data-widget_type=\"blockquote.default\">\n\t\t\t\t<div class=\"elementor-widget-container\">\n\t\t\t\t\t\t\t<blockquote class=\"elementor-blockquote\">\n\t\t\t<p class=\"elementor-blockquote__content\">\n\t\t\t\tWir bei Perimeter Solutions nehmen die soziale Verantwortung unseres Unternehmens f\u00fcr die Umwelt sehr ernst. Wir haben uns verpflichtet, unseren \u00f6kologischen Fu\u00dfabdruck zu reduzieren und gleichzeitig sicher und nachhaltig zu arbeiten.\t\t\t<\/p>\n\t\t\t\t\t<\/blockquote>\n\t\t\t\t\t\t<\/div>\n\t\t\t\t<\/div>\n\t\t\t\t<div class=\"elementor-element elementor-element-74f8a4f elementor-widget elementor-widget-text-editor\" data-id=\"74f8a4f\" data-element_type=\"widget\" data-e-type=\"widget\" data-widget_type=\"text-editor.default\">\n\t\t\t\t<div class=\"elementor-widget-container\">\n\t\t\t\t\t\t\t\t\t<p><strong style=\"letter-spacing: 0px;\">Produkt Management:<\/strong><span style=\"letter-spacing: 0px;\"> Perimeter Solutions t\u00e4tigt erhebliche Investitionen in Produktverbesserungen und neue Technologien, die die Gesundheits-, Sicherheits- und Umweltaspekte unserer Produkte verbessern.<\/span><\/p>\n<p><strong>Prozessmanagement<\/strong> : Perimeter Solutions diskutiert und implementiert weiterhin Ideen zur Abfallreduzierung w\u00e4hrend unseres gesamten Herstellungsprozesses, indem wir uns auf Prozessverbesserungen, Abfallreduzierung und Wiederverwendung\/Recycling konzentrieren.<\/p>\n<p>Perimeter Solutions unterst\u00fctzt die folgenden Initiativen zur \u00f6kologischen Nachhaltigkeit:<\/p>\n<ul>\n<li>Investitionen in Entstaubungstechnologie, um Emissionen zu reduzieren, Produktabf\u00e4lle zu vermeiden und das Recycling und die Wiederverwendung unseres Produkts in unseren Werken und im Au\u00dfendienst zu erm\u00f6glichen<\/li>\n<li>Verwendung von Verpackungen, die zu mehr als 50% aus recyceltem Material bestehen<\/li>\n<li>Vorrangige Verwendung von wiederverwendbaren Verpackungen<\/li>\n<li>Entwicklung neuer Produktformulierungen, die die Wirksamkeit erh\u00f6hen und gleichzeitig niedrigere Verbrauchsmengen erm\u00f6glichen<\/li>\n<li>Engagement f\u00fcr die Entwicklung von fluorfreien Formulierungen<strong> <\/strong><\/li>\n<\/ul>\n<p><strong>Ethische Arbeitspraktiken:<\/strong> Wir glauben, dass unsere Mitarbeiter zusammen mit den Gemeinden, in denen wir t\u00e4tig sind, unsere wichtigsten Interessengruppen sind.<a href=\"https:\/\/www.perimeter-solutions.com\/wp-content\/uploads\/2021\/11\/Code_of_Ethics2021.pdf\" target=\"_blank\" rel=\"noopener\"> Verhaltenskodex f\u00fcr Perimeter Solutions<\/a> stellt sicher, dass wir die Rechte unserer Stakeholder respektieren und ethisch, transparent und nachhaltig handeln.<\/p>\n<p><b>Verst\u00f6\u00dfe gegen den Ethikkodex von Perimeter Solutions k\u00f6nnen<\/b> an die Hotline von Perimeter Solutions <b>gemeldet werden<\/b>: <a href=\"http:\/\/perimeter-solutions.ethicspoint.com\" target=\"_blank\" rel=\"noopener\">perimetersolutions.ethicspoint.com<\/a> oder per Telefon: (844) 950-2833.<\/p>\n<p>Perimeter Solutions ist davon \u00fcberzeugt, dass alle Verletzungen vermeidbar sind, und wir bem\u00fchen uns jeden Tag, sicherzustellen, dass unsere Arbeitspl\u00e4tze sicher sind. Wir verwenden robuste Sicherheitsprozesse, die alle Mitarbeiter einbeziehen, um ein sicheres, positives Arbeitsumfeld zu schaffen.<\/p>\n<p>Perimeter Solutions verwendet die folgenden Tools, um eine globale Sicherheitskultur zu schaffen:<\/p>\n<ul>\n<li>Beinahe-Unfall-Berichterstattung<\/li>\n<li>Lernende Teams<\/li>\n<li>Verhaltensbasierte Sicherheitsbewertungen<\/li>\n<\/ul>\n\t\t\t\t\t\t\t\t<\/div>\n\t\t\t\t<\/div>\n\t\t\t\t<div class=\"elementor-element elementor-element-ecf33a5 elementor-blockquote--skin-border elementor-blockquote--button-color-official elementor-widget elementor-widget-blockquote\" data-id=\"ecf33a5\" data-element_type=\"widget\" data-e-type=\"widget\" data-widget_type=\"blockquote.default\">\n\t\t\t\t<div class=\"elementor-widget-container\">\n\t\t\t\t\t\t\t<blockquote class=\"elementor-blockquote\">\n\t\t\t<p class=\"elementor-blockquote__content\">\n\t\t\t\tPerimeter Solutions setzt sich auch daf\u00fcr ein, ein Arbeitsumfeld zu schaffen, das Vielfalt sch\u00e4tzt und alle Mitarbeiter fair und gleich behandelt. In den Vereinigten Staaten ist Perimeter Solutions ein Arbeitgeber f\u00fcr Chancengleichheit und verwaltet einen Aktionsplan.\t\t\t<\/p>\n\t\t\t\t\t<\/blockquote>\n\t\t\t\t\t\t<\/div>\n\t\t\t\t<\/div>\n\t\t\t\t<div class=\"elementor-element elementor-element-d5454f1 elementor-widget elementor-widget-text-editor\" data-id=\"d5454f1\" data-element_type=\"widget\" data-e-type=\"widget\" data-widget_type=\"text-editor.default\">\n\t\t\t\t<div class=\"elementor-widget-container\">\n\t\t\t\t\t\t\t\t\t<p><span style=\"letter-spacing: 0px;\">Perimeter Solutions verpflichtet sich zu einem H\u00f6chstma\u00df an Integrit\u00e4t, ohne Toleranz gegen\u00fcber korrupten Gesch\u00e4ftspraktiken und mit einer strengen Richtlinie, die Interessenkonflikte verhindert. Unser Ziel ist es, ehrlich und fair zu konkurrieren.<\/span><\/p>\n<p><strong>Philanthropie:&nbsp;<\/strong> Perimeter Solutions k\u00fcmmert sich um die Gemeinschaften, in denen wir leben und arbeiten, und die Partner, mit denen wir zusammenarbeiten, um unsere Mission und unsere Werte zu f\u00f6rdern. Wir sponsern Gemeindeveranstaltungen, unterst\u00fctzen lokale Kinderaktivit\u00e4ten und spenden an lokale und branchenspezifische Wohlt\u00e4tigkeitsorganisationen.<strong>&nbsp;<\/strong><\/p>\n<p><strong>Der Wohlstand:&nbsp;<\/strong> Perimeter Solutions glaubt, dass wir alle in der Lage sein sollten, ein wohlhabendes und erf\u00fclltes Leben zu f\u00fchren. Wenn Notf\u00e4lle oder Unf\u00e4lle passieren, glauben wir, dass es unsere Mission ist, die Auswirkungen solcher Ereignisse zu minimieren. Wir sind stolz darauf, Produkte von h\u00f6chster Qualit\u00e4t herzustellen und zu verkaufen, auf die sich unsere Partner, unsere Kunden und unsere Community verlassen k\u00f6nnen. Wir nehmen unsere Mission, Leben zu retten und Eigentum zu sch\u00fctzen, sehr ernst und glauben, dass unser Engagement f\u00fcr solche Werte dazu beitr\u00e4gt, Gemeinschaften wieder aufzubauen und zu gedeihen.<\/p>\t\t\t\t\t\t\t\t<\/div>\n\t\t\t\t<\/div>\n\t\t\t\t\t<\/div>\n\t\t<\/div>\n\t\t\t\t\t<\/div>\n\t\t<\/section>\n\t\t\t\t<\/div>\n\t\t","protected":false},"excerpt":{"rendered":"<p>Kultur &amp; Werte Wir bei Perimeter Solutions nehmen die soziale Verantwortung unseres Unternehmens f\u00fcr die Umwelt sehr ernst. Wir haben uns verpflichtet, unseren \u00f6kologischen Fu\u00dfabdruck zu reduzieren und gleichzeitig sicher [&hellip;]<\/p>\n","protected":false},"author":3,"featured_media":0,"parent":0,"menu_order":0,"comment_status":"closed","ping_status":"closed","template":"","meta":{"_acf_changed":false,"footnotes":""},"class_list":["post-42930","page","type-page","status-publish","hentry"],"acf":[],"yoast_head":"<!-- This site is optimized with the Yoast SEO Premium plugin v21.9 (Yoast SEO v23.5) - https:\/\/yoast.com\/wordpress\/plugins\/seo\/ -->\n<title>Kultur &amp; Werte - Perimeter Solutions<\/title>\n<meta name=\"description\" content=\"Wir bei Perimeter Solutions nehmen die soziale Verantwortung unseres Unternehmens ernst und haben uns verpflichtet, sicher und nachhaltig zu arbeiten.\" \/>\n<meta name=\"robots\" content=\"index, follow, max-snippet:-1, max-image-preview:large, max-video-preview:-1\" \/>\n<link rel=\"canonical\" href=\"https:\/\/www.perimeter-solutions.com\/de\/kultur-werte\/\" \/>\n<meta property=\"og:locale\" content=\"de_DE\" \/>\n<meta property=\"og:type\" content=\"article\" \/>\n<meta property=\"og:title\" content=\"Kultur &amp; Werte\" \/>\n<meta property=\"og:description\" content=\"Wir bei Perimeter Solutions nehmen die soziale Verantwortung unseres Unternehmens ernst und haben uns verpflichtet, sicher und nachhaltig zu arbeiten.\" \/>\n<meta property=\"og:url\" content=\"https:\/\/www.perimeter-solutions.com\/de\/kultur-werte\/\" \/>\n<meta property=\"og:site_name\" content=\"Perimeter Solutions\" \/>\n<meta property=\"article:modified_time\" content=\"2024-08-15T01:44:25+00:00\" \/>\n<meta name=\"twitter:card\" content=\"summary_large_image\" \/>\n<meta name=\"twitter:label1\" content=\"Gesch\u00e4tzte Lesezeit\" \/>\n\t<meta name=\"twitter:data1\" content=\"2\u00a0Minuten\" \/>\n<script type=\"application\/ld+json\" class=\"yoast-schema-graph\">{\"@context\":\"https:\/\/schema.org\",\"@graph\":[{\"@type\":\"WebPage\",\"@id\":\"https:\/\/www.perimeter-solutions.com\/de\/kultur-werte\/\",\"url\":\"https:\/\/www.perimeter-solutions.com\/de\/kultur-werte\/\",\"name\":\"Kultur &amp; Werte - Perimeter Solutions\",\"isPartOf\":{\"@id\":\"https:\/\/www.perimeter-solutions.com\/de\/#website\"},\"datePublished\":\"2020-12-01T23:53:27+00:00\",\"dateModified\":\"2024-08-15T01:44:25+00:00\",\"description\":\"Wir bei Perimeter Solutions nehmen die soziale Verantwortung unseres Unternehmens ernst und haben uns verpflichtet, sicher und nachhaltig zu arbeiten.\",\"inLanguage\":\"de\",\"potentialAction\":[{\"@type\":\"ReadAction\",\"target\":[\"https:\/\/www.perimeter-solutions.com\/de\/kultur-werte\/\"]}]},{\"@type\":\"WebSite\",\"@id\":\"https:\/\/www.perimeter-solutions.com\/de\/#website\",\"url\":\"https:\/\/www.perimeter-solutions.com\/de\/\",\"name\":\"Perimeter Solutions\",\"description\":\"\",\"publisher\":{\"@id\":\"https:\/\/www.perimeter-solutions.com\/de\/#organization\"},\"potentialAction\":[{\"@type\":\"SearchAction\",\"target\":{\"@type\":\"EntryPoint\",\"urlTemplate\":\"https:\/\/www.perimeter-solutions.com\/de\/?s={search_term_string}\"},\"query-input\":{\"@type\":\"PropertyValueSpecification\",\"valueRequired\":true,\"valueName\":\"search_term_string\"}}],\"inLanguage\":\"de\"},{\"@type\":\"Organization\",\"@id\":\"https:\/\/www.perimeter-solutions.com\/de\/#organization\",\"name\":\"Perimeter Solutions\",\"url\":\"https:\/\/www.perimeter-solutions.com\/de\/\",\"logo\":{\"@type\":\"ImageObject\",\"inLanguage\":\"de\",\"@id\":\"https:\/\/www.perimeter-solutions.com\/de\/#\/schema\/logo\/image\/\",\"url\":\"https:\/\/www.perimeter-solutions.com\/wp-content\/uploads\/2021\/02\/perimeter-logo-RGB.png\",\"contentUrl\":\"https:\/\/www.perimeter-solutions.com\/wp-content\/uploads\/2021\/02\/perimeter-logo-RGB.png\",\"width\":794,\"height\":138,\"caption\":\"Perimeter Solutions\"},\"image\":{\"@id\":\"https:\/\/www.perimeter-solutions.com\/de\/#\/schema\/logo\/image\/\"}}]}<\/script>\n<!-- \/ Yoast SEO Premium plugin. -->","yoast_head_json":{"title":"Kultur &amp; Werte - Perimeter Solutions","description":"Wir bei Perimeter Solutions nehmen die soziale Verantwortung unseres Unternehmens ernst und haben uns verpflichtet, sicher und nachhaltig zu arbeiten.","robots":{"index":"index","follow":"follow","max-snippet":"max-snippet:-1","max-image-preview":"max-image-preview:large","max-video-preview":"max-video-preview:-1"},"canonical":"https:\/\/www.perimeter-solutions.com\/de\/kultur-werte\/","og_locale":"de_DE","og_type":"article","og_title":"Kultur &amp; Werte","og_description":"Wir bei Perimeter Solutions nehmen die soziale Verantwortung unseres Unternehmens ernst und haben uns verpflichtet, sicher und nachhaltig zu arbeiten.","og_url":"https:\/\/www.perimeter-solutions.com\/de\/kultur-werte\/","og_site_name":"Perimeter Solutions","article_modified_time":"2024-08-15T01:44:25+00:00","twitter_card":"summary_large_image","twitter_misc":{"Gesch\u00e4tzte Lesezeit":"2\u00a0Minuten"},"schema":{"@context":"https:\/\/schema.org","@graph":[{"@type":"WebPage","@id":"https:\/\/www.perimeter-solutions.com\/de\/kultur-werte\/","url":"https:\/\/www.perimeter-solutions.com\/de\/kultur-werte\/","name":"Kultur &amp; Werte - Perimeter Solutions","isPartOf":{"@id":"https:\/\/www.perimeter-solutions.com\/de\/#website"},"datePublished":"2020-12-01T23:53:27+00:00","dateModified":"2024-08-15T01:44:25+00:00","description":"Wir bei Perimeter Solutions nehmen die soziale Verantwortung unseres Unternehmens ernst und haben uns verpflichtet, sicher und nachhaltig zu arbeiten.","inLanguage":"de","potentialAction":[{"@type":"ReadAction","target":["https:\/\/www.perimeter-solutions.com\/de\/kultur-werte\/"]}]},{"@type":"WebSite","@id":"https:\/\/www.perimeter-solutions.com\/de\/#website","url":"https:\/\/www.perimeter-solutions.com\/de\/","name":"Perimeter Solutions","description":"","publisher":{"@id":"https:\/\/www.perimeter-solutions.com\/de\/#organization"},"potentialAction":[{"@type":"SearchAction","target":{"@type":"EntryPoint","urlTemplate":"https:\/\/www.perimeter-solutions.com\/de\/?s={search_term_string}"},"query-input":{"@type":"PropertyValueSpecification","valueRequired":true,"valueName":"search_term_string"}}],"inLanguage":"de"},{"@type":"Organization","@id":"https:\/\/www.perimeter-solutions.com\/de\/#organization","name":"Perimeter Solutions","url":"https:\/\/www.perimeter-solutions.com\/de\/","logo":{"@type":"ImageObject","inLanguage":"de","@id":"https:\/\/www.perimeter-solutions.com\/de\/#\/schema\/logo\/image\/","url":"https:\/\/www.perimeter-solutions.com\/wp-content\/uploads\/2021\/02\/perimeter-logo-RGB.png","contentUrl":"https:\/\/www.perimeter-solutions.com\/wp-content\/uploads\/2021\/02\/perimeter-logo-RGB.png","width":794,"height":138,"caption":"Perimeter Solutions"},"image":{"@id":"https:\/\/www.perimeter-solutions.com\/de\/#\/schema\/logo\/image\/"}}]}},"_links":{"self":[{"href":"https:\/\/www.perimeter-solutions.com\/de\/wp-json\/wp\/v2\/pages\/42930","targetHints":{"allow":["GET"]}}],"collection":[{"href":"https:\/\/www.perimeter-solutions.com\/de\/wp-json\/wp\/v2\/pages"}],"about":[{"href":"https:\/\/www.perimeter-solutions.com\/de\/wp-json\/wp\/v2\/types\/page"}],"author":[{"embeddable":true,"href":"https:\/\/www.perimeter-solutions.com\/de\/wp-json\/wp\/v2\/users\/3"}],"replies":[{"embeddable":true,"href":"https:\/\/www.perimeter-solutions.com\/de\/wp-json\/wp\/v2\/comments?post=42930"}],"version-history":[{"count":1,"href":"https:\/\/www.perimeter-solutions.com\/de\/wp-json\/wp\/v2\/pages\/42930\/revisions"}],"predecessor-version":[{"id":42931,"href":"https:\/\/www.perimeter-solutions.com\/de\/wp-json\/wp\/v2\/pages\/42930\/revisions\/42931"}],"wp:attachment":[{"href":"https:\/\/www.perimeter-solutions.com\/de\/wp-json\/wp\/v2\/media?parent=42930"}],"curies":[{"name":"wp","href":"https:\/\/api.w.org\/{rel}","templated":true}]}}