{"id":42907,"date":"2020-11-20T19:19:55","date_gmt":"2020-11-21T00:19:55","guid":{"rendered":"https:\/\/www.perimeter-solutions.com\/flammschutzmittel\/"},"modified":"2024-08-14T22:35:49","modified_gmt":"2024-08-15T02:35:49","slug":"flammschutzmittel","status":"publish","type":"page","link":"https:\/\/www.perimeter-solutions.com\/de\/flammschutzmittel\/","title":{"rendered":"Flammschutzmittel"},"content":{"rendered":"\t\t<div data-elementor-type=\"wp-page\" data-elementor-id=\"42907\" class=\"elementor elementor-42907 elementor-16985\" data-elementor-post-type=\"page\">\n\t\t\t\t\t\t<section class=\"elementor-section elementor-top-section elementor-element elementor-element-12497f2d elementor-section-stretched elementor-section-boxed elementor-section-height-default elementor-section-height-default\" data-id=\"12497f2d\" data-element_type=\"section\" data-e-type=\"section\" data-settings=\"{&quot;stretch_section&quot;:&quot;section-stretched&quot;,&quot;background_background&quot;:&quot;classic&quot;}\">\n\t\t\t\t\t\t<div class=\"elementor-container elementor-column-gap-default\">\n\t\t\t\t\t<div class=\"elementor-column elementor-col-100 elementor-top-column elementor-element elementor-element-41d71ed\" data-id=\"41d71ed\" data-element_type=\"column\" data-e-type=\"column\">\n\t\t\t<div class=\"elementor-widget-wrap elementor-element-populated\">\n\t\t\t\t\t\t<div class=\"elementor-element elementor-element-3f2d8332 elementor-widget elementor-widget-heading\" data-id=\"3f2d8332\" data-element_type=\"widget\" data-e-type=\"widget\" data-widget_type=\"heading.default\">\n\t\t\t\t<div class=\"elementor-widget-container\">\n\t\t\t\t\t<h1 class=\"elementor-heading-title elementor-size-default\">Flammschutzmittel<\/h1>\t\t\t\t<\/div>\n\t\t\t\t<\/div>\n\t\t\t\t\t<\/div>\n\t\t<\/div>\n\t\t\t\t\t<\/div>\n\t\t<\/section>\n\t\t\t\t<section class=\"elementor-section elementor-top-section elementor-element elementor-element-5261f59f elementor-section-boxed elementor-section-height-default elementor-section-height-default\" data-id=\"5261f59f\" data-element_type=\"section\" data-e-type=\"section\" data-settings=\"{&quot;background_background&quot;:&quot;classic&quot;}\">\n\t\t\t\t\t\t\t<div class=\"elementor-background-overlay\"><\/div>\n\t\t\t\t\t\t\t<div class=\"elementor-container elementor-column-gap-default\">\n\t\t\t\t\t<div class=\"elementor-column elementor-col-100 elementor-top-column elementor-element elementor-element-66661f5f\" data-id=\"66661f5f\" data-element_type=\"column\" data-e-type=\"column\">\n\t\t\t<div class=\"elementor-widget-wrap elementor-element-populated\">\n\t\t\t\t\t\t<div class=\"elementor-element elementor-element-582fd22 elementor-widget elementor-widget-heading\" data-id=\"582fd22\" data-element_type=\"widget\" data-e-type=\"widget\" data-widget_type=\"heading.default\">\n\t\t\t\t<div class=\"elementor-widget-container\">\n\t\t\t\t\t<h2 class=\"elementor-heading-title elementor-size-default\">Langfristig verz\u00f6gernde Angebote<\/h2>\t\t\t\t<\/div>\n\t\t\t\t<\/div>\n\t\t\t\t<div class=\"elementor-element elementor-element-9af08a1 elementor-widget elementor-widget-text-editor\" data-id=\"9af08a1\" data-element_type=\"widget\" data-e-type=\"widget\" data-widget_type=\"text-editor.default\">\n\t\t\t\t<div class=\"elementor-widget-container\">\n\t\t\t\t\t\t\t\t\t<p><strong>Bitte wenden Sie sich an einen Experten, um zu erfahren, welche Beschr\u00e4nkungen und Vorschriften f\u00fcr Ihren Staat oder Ihre Gemeinde in Bezug auf den Verkauf und Vertrieb von Flammschutzmitteln gelten.<\/strong><\/p>\n\t\t\t\t\t\t\t\t<\/div>\n\t\t\t\t<\/div>\n\t\t\t\t<div class=\"elementor-element elementor-element-d79463a elementor-widget elementor-widget-text-editor\" data-id=\"d79463a\" data-element_type=\"widget\" data-e-type=\"widget\" data-widget_type=\"text-editor.default\">\n\t\t\t\t<div class=\"elementor-widget-container\">\n\t\t\t\t\t\t\t\t\t<p><img decoding=\"async\" class=\"alignnone wp-image-39629 size-full\" src=\"https:\/\/www.perimeter-solutions.com\/wp-content\/uploads\/2024\/05\/PS-Plane-icon-red.png\" alt=\"\" width=\"33\" height=\"20\">  &#8211; Geeignet f\u00fcr den Einsatz im Flugzeug<br \/><img decoding=\"async\" class=\"alignnone size-full wp-image-39626\" src=\"https:\/\/www.perimeter-solutions.com\/wp-content\/uploads\/2024\/05\/PS-Heli-icon-orange.png\" alt=\"\" width=\"32\" height=\"21\"> &#8211; Geeignet f\u00fcr den Einsatz im Hubschrauber <br \/><img decoding=\"async\" class=\"alignnone wp-image-40806 size-full\" src=\"https:\/\/www.perimeter-solutions.com\/wp-content\/uploads\/2024\/06\/ps-groundapply-icon-2.png\" alt=\"\" width=\"32\" height=\"21\"> &#8211; Geeignet f\u00fcr den Einsatz am Boden<\/p>\n\t\t\t\t\t\t\t\t<\/div>\n\t\t\t\t<\/div>\n\t\t\t\t\t<\/div>\n\t\t<\/div>\n\t\t\t\t\t<\/div>\n\t\t<\/section>\n\t\t\t\t<section class=\"elementor-section elementor-top-section elementor-element elementor-element-49d3aa1d elementor-section-boxed elementor-section-height-default elementor-section-height-default\" data-id=\"49d3aa1d\" data-element_type=\"section\" data-e-type=\"section\" data-settings=\"{&quot;background_background&quot;:&quot;classic&quot;}\">\n\t\t\t\t\t\t\t<div class=\"elementor-background-overlay\"><\/div>\n\t\t\t\t\t\t\t<div class=\"elementor-container elementor-column-gap-default\">\n\t\t\t\t\t<div class=\"elementor-column elementor-col-100 elementor-top-column elementor-element elementor-element-68f5bf70\" data-id=\"68f5bf70\" data-element_type=\"column\" data-e-type=\"column\">\n\t\t\t<div class=\"elementor-widget-wrap elementor-element-populated\">\n\t\t\t\t\t\t<div class=\"elementor-element elementor-element-2826abf9 elementor-widget elementor-widget-heading\" data-id=\"2826abf9\" data-element_type=\"widget\" data-e-type=\"widget\" data-widget_type=\"heading.default\">\n\t\t\t\t<div class=\"elementor-widget-container\">\n\t\t\t\t\t<h4 class=\"elementor-heading-title elementor-size-default\">Die umfassendsten Brandschutzl\u00f6sungen der Branche<\/h4>\t\t\t\t<\/div>\n\t\t\t\t<\/div>\n\t\t\t\t<div class=\"elementor-element elementor-element-3c409c4c elementor-widget elementor-widget-text-editor\" data-id=\"3c409c4c\" data-element_type=\"widget\" data-e-type=\"widget\" data-widget_type=\"text-editor.default\">\n\t\t\t\t<div class=\"elementor-widget-container\">\n\t\t\t\t\t\t\t\t\t<p>Perimeter Solutions bietet das umfassendste Angebot an feuerhemmenden L\u00f6sungen auf dem heutigen Markt &#8211; mit Technologieentwicklung, Produkten, Dienstleistungen, Schulungen und Ausr\u00fcstung.<\/p>\n<p><!--<a href=\"#twentyfour\"><strong>\u232aSee how Perimeter Solutions is committed every way and every day to earning your trust.<\/strong><\/a>--><\/p>\n\n<p>PHOS-CHEK . von Perimeter Solutions<sup> \u00ae<\/sup> und FIRE-TROL<sup> \u00ae<\/sup> Flammschutzmittel helfen, das Entstehen von Waldbr\u00e4nden zu verlangsamen, zu stoppen und zu verhindern, indem sie Wildlandkraftstoffe nicht brennbar machen. Seit mehr als 60 Jahren sind die Mitarbeiter von Perimeter Solutions technologisch f\u00fchrend im Bereich der Langzeitbrandschutzmittel, die f\u00fcr eine Reihe von Anwendungen entwickelt wurden.<\/p>\n<p>Flugschutzmittel werden \u00fcber Starr- oder Rotorfl\u00fcgelflugzeuge aufgebracht. PHOS-CHEK-Brandschutzmittel werden auch vom Boden aus bei aktiven Br\u00e4nden, in Verbindung mit vorgeschriebenen Verbrennungen oder als vorbeugende Ma\u00dfnahme lange vor einer Brandsituation eingesetzt.<br \/>\nAlle Produkte von Perimeter Solutions haben ein hohes Ma\u00df an feuerhemmender Wirkung, mit Unterschieden in der Sichtbarkeit, Viskosit\u00e4t, Haftung an der Vegetation und Haltbarkeit durch Verwitterung. <\/p>\n<p>PHOS-CHEK-Feuerschutzmittel sind vom USDA Forest Service gem\u00e4\u00df der Spezifikation 5100-304c vollst\u00e4ndig qualifiziert. Sie sind die sichersten, effektivsten und umweltfreundlichsten Produkte auf dem Markt. Langzeitverz\u00f6gerer werden in rotem Eisenoxid, fl\u00fcchtiger (verschwindender) Farbe und ungef\u00e4rbt angeboten. Die Produkte sind in mittlerer und niedriger Viskosit\u00e4t sowie als Pulver- und Fl\u00fcssigkonzentrate erh\u00e4ltlich. Langzeit-Brandschutzmittel der Marke FIRE-TROL sind seit \u00fcber 30 Jahren der Standard in Europa. FIRE-TROL 931 f\u00fcr den Lufteinsatz und FIRE-TROL 934 und 936 f\u00fcr den Bodeneinsatz sind hochwirksam zur Bek\u00e4mpfung und Unterdr\u00fcckung von Waldbr\u00e4nden.<\/p>\n\t\t\t\t\t\t\t\t<\/div>\n\t\t\t\t<\/div>\n\t\t\t\t\t<\/div>\n\t\t<\/div>\n\t\t\t\t\t<\/div>\n\t\t<\/section>\n\t\t\t\t<section class=\"elementor-section elementor-top-section elementor-element elementor-element-9f75537 elementor-section-boxed elementor-section-height-default elementor-section-height-default\" data-id=\"9f75537\" data-element_type=\"section\" data-e-type=\"section\" data-settings=\"{&quot;background_background&quot;:&quot;classic&quot;}\">\n\t\t\t\t\t\t\t<div class=\"elementor-background-overlay\"><\/div>\n\t\t\t\t\t\t\t<div class=\"elementor-container elementor-column-gap-default\">\n\t\t\t\t\t<div class=\"elementor-column elementor-col-100 elementor-top-column elementor-element elementor-element-ed55d18\" data-id=\"ed55d18\" data-element_type=\"column\" data-e-type=\"column\">\n\t\t\t<div class=\"elementor-widget-wrap elementor-element-populated\">\n\t\t\t\t\t\t<div class=\"elementor-element elementor-element-bf15459 elementor-widget elementor-widget-heading\" data-id=\"bf15459\" data-element_type=\"widget\" data-e-type=\"widget\" data-widget_type=\"heading.default\">\n\t\t\t\t<div class=\"elementor-widget-container\">\n\t\t\t\t\t<h4 class=\"elementor-heading-title elementor-size-default\">Dienstleistungen &amp; Ausr\u00fcstung<\/h4>\t\t\t\t<\/div>\n\t\t\t\t<\/div>\n\t\t\t\t<div class=\"elementor-element elementor-element-ce02753 elementor-widget elementor-widget-text-editor\" data-id=\"ce02753\" data-element_type=\"widget\" data-e-type=\"widget\" data-widget_type=\"text-editor.default\">\n\t\t\t\t<div class=\"elementor-widget-container\">\n\t\t\t\t\t\t\t\t\t<p>Perimeter Solutions unterst\u00fctzt unsere Langzeit-Brandschutzmittel mit einer breiten Palette von Service- und Ausr\u00fcstungsl\u00f6sungen. Dazu geh\u00f6rt ein komplettes Sortiment an Mischsystemen f\u00fcr alle PHOS-CHEK Produkte. Die Systeme reichen von kleinen Hopper-Mixer-Systemen, die f\u00fcr die Verwendung von 50-Pfund-Eimern mit Pulver ausgelegt sind, bis hin zu Eduktoren in gro\u00dfem Ma\u00dfstab, Chargenmischern und Fl\u00fcssigmischersystemen. Systeme k\u00f6nnen f\u00fcr einen bestimmten Bedarf hergestellt und angepasst werden. Zur Unterst\u00fctzung der Brandbek\u00e4mpfungseins\u00e4tze sind die Mitarbeiter von PHOS-CHEK vollst\u00e4ndig von der National Wildland Coordinating Group (NWCG) geschult und feuerplatzzertifiziert.<\/p>\n\t\t\t\t\t\t\t\t<\/div>\n\t\t\t\t<\/div>\n\t\t\t\t\t<\/div>\n\t\t<\/div>\n\t\t\t\t\t<\/div>\n\t\t<\/section>\n\t\t\t\t<\/div>\n\t\t","protected":false},"excerpt":{"rendered":"<p>Flammschutzmittel Langfristig verz\u00f6gernde Angebote Bitte wenden Sie sich an einen Experten, um zu erfahren, welche Beschr\u00e4nkungen und Vorschriften f\u00fcr Ihren Staat oder Ihre Gemeinde in Bezug auf den Verkauf und [&hellip;]<\/p>\n","protected":false},"author":3,"featured_media":0,"parent":0,"menu_order":0,"comment_status":"closed","ping_status":"closed","template":"","meta":{"_acf_changed":false,"footnotes":""},"class_list":["post-42907","page","type-page","status-publish","hentry"],"acf":[],"yoast_head":"<!-- This site is optimized with the Yoast SEO Premium plugin v21.9 (Yoast SEO v23.5) - https:\/\/yoast.com\/wordpress\/plugins\/seo\/ -->\n<title>Flammschutzmittel - Perimeter Solutions<\/title>\n<meta name=\"robots\" content=\"index, follow, max-snippet:-1, max-image-preview:large, max-video-preview:-1\" \/>\n<link rel=\"canonical\" href=\"https:\/\/www.perimeter-solutions.com\/de\/flammschutzmittel\/\" \/>\n<meta property=\"og:locale\" content=\"de_DE\" \/>\n<meta property=\"og:type\" content=\"article\" \/>\n<meta property=\"og:title\" content=\"Flammschutzmittel\" \/>\n<meta property=\"og:description\" content=\"Flammschutzmittel Langfristig verz\u00f6gernde Angebote Bitte wenden Sie sich an einen Experten, um zu erfahren, welche Beschr\u00e4nkungen und Vorschriften f\u00fcr Ihren Staat oder Ihre Gemeinde in Bezug auf den Verkauf und [&hellip;]\" \/>\n<meta property=\"og:url\" content=\"https:\/\/www.perimeter-solutions.com\/de\/flammschutzmittel\/\" \/>\n<meta property=\"og:site_name\" content=\"Perimeter Solutions\" \/>\n<meta property=\"article:modified_time\" content=\"2024-08-15T02:35:49+00:00\" \/>\n<meta property=\"og:image\" content=\"https:\/\/www.perimeter-solutions.com\/wp-content\/uploads\/2024\/05\/PS-Plane-icon-red.png\" \/>\n<meta name=\"twitter:card\" content=\"summary_large_image\" \/>\n<script type=\"application\/ld+json\" class=\"yoast-schema-graph\">{\"@context\":\"https:\/\/schema.org\",\"@graph\":[{\"@type\":\"WebPage\",\"@id\":\"https:\/\/www.perimeter-solutions.com\/de\/flammschutzmittel\/\",\"url\":\"https:\/\/www.perimeter-solutions.com\/de\/flammschutzmittel\/\",\"name\":\"Flammschutzmittel - Perimeter Solutions\",\"isPartOf\":{\"@id\":\"https:\/\/www.perimeter-solutions.com\/de\/#website\"},\"primaryImageOfPage\":{\"@id\":\"https:\/\/www.perimeter-solutions.com\/de\/flammschutzmittel\/#primaryimage\"},\"image\":{\"@id\":\"https:\/\/www.perimeter-solutions.com\/de\/flammschutzmittel\/#primaryimage\"},\"thumbnailUrl\":\"https:\/\/www.perimeter-solutions.com\/wp-content\/uploads\/2024\/05\/PS-Plane-icon-red.png\",\"datePublished\":\"2020-11-21T00:19:55+00:00\",\"dateModified\":\"2024-08-15T02:35:49+00:00\",\"inLanguage\":\"de\",\"potentialAction\":[{\"@type\":\"ReadAction\",\"target\":[\"https:\/\/www.perimeter-solutions.com\/de\/flammschutzmittel\/\"]}]},{\"@type\":\"ImageObject\",\"inLanguage\":\"de\",\"@id\":\"https:\/\/www.perimeter-solutions.com\/de\/flammschutzmittel\/#primaryimage\",\"url\":\"https:\/\/www.perimeter-solutions.com\/wp-content\/uploads\/2024\/05\/PS-Plane-icon-red.png\",\"contentUrl\":\"https:\/\/www.perimeter-solutions.com\/wp-content\/uploads\/2024\/05\/PS-Plane-icon-red.png\"},{\"@type\":\"WebSite\",\"@id\":\"https:\/\/www.perimeter-solutions.com\/de\/#website\",\"url\":\"https:\/\/www.perimeter-solutions.com\/de\/\",\"name\":\"Perimeter Solutions\",\"description\":\"\",\"publisher\":{\"@id\":\"https:\/\/www.perimeter-solutions.com\/de\/#organization\"},\"potentialAction\":[{\"@type\":\"SearchAction\",\"target\":{\"@type\":\"EntryPoint\",\"urlTemplate\":\"https:\/\/www.perimeter-solutions.com\/de\/?s={search_term_string}\"},\"query-input\":{\"@type\":\"PropertyValueSpecification\",\"valueRequired\":true,\"valueName\":\"search_term_string\"}}],\"inLanguage\":\"de\"},{\"@type\":\"Organization\",\"@id\":\"https:\/\/www.perimeter-solutions.com\/de\/#organization\",\"name\":\"Perimeter Solutions\",\"url\":\"https:\/\/www.perimeter-solutions.com\/de\/\",\"logo\":{\"@type\":\"ImageObject\",\"inLanguage\":\"de\",\"@id\":\"https:\/\/www.perimeter-solutions.com\/de\/#\/schema\/logo\/image\/\",\"url\":\"https:\/\/www.perimeter-solutions.com\/wp-content\/uploads\/2021\/02\/perimeter-logo-RGB.png\",\"contentUrl\":\"https:\/\/www.perimeter-solutions.com\/wp-content\/uploads\/2021\/02\/perimeter-logo-RGB.png\",\"width\":794,\"height\":138,\"caption\":\"Perimeter Solutions\"},\"image\":{\"@id\":\"https:\/\/www.perimeter-solutions.com\/de\/#\/schema\/logo\/image\/\"}}]}<\/script>\n<!-- \/ Yoast SEO Premium plugin. -->","yoast_head_json":{"title":"Flammschutzmittel - Perimeter Solutions","robots":{"index":"index","follow":"follow","max-snippet":"max-snippet:-1","max-image-preview":"max-image-preview:large","max-video-preview":"max-video-preview:-1"},"canonical":"https:\/\/www.perimeter-solutions.com\/de\/flammschutzmittel\/","og_locale":"de_DE","og_type":"article","og_title":"Flammschutzmittel","og_description":"Flammschutzmittel Langfristig verz\u00f6gernde Angebote Bitte wenden Sie sich an einen Experten, um zu erfahren, welche Beschr\u00e4nkungen und Vorschriften f\u00fcr Ihren Staat oder Ihre Gemeinde in Bezug auf den Verkauf und [&hellip;]","og_url":"https:\/\/www.perimeter-solutions.com\/de\/flammschutzmittel\/","og_site_name":"Perimeter Solutions","article_modified_time":"2024-08-15T02:35:49+00:00","og_image":[{"url":"https:\/\/www.perimeter-solutions.com\/wp-content\/uploads\/2024\/05\/PS-Plane-icon-red.png"}],"twitter_card":"summary_large_image","schema":{"@context":"https:\/\/schema.org","@graph":[{"@type":"WebPage","@id":"https:\/\/www.perimeter-solutions.com\/de\/flammschutzmittel\/","url":"https:\/\/www.perimeter-solutions.com\/de\/flammschutzmittel\/","name":"Flammschutzmittel - Perimeter Solutions","isPartOf":{"@id":"https:\/\/www.perimeter-solutions.com\/de\/#website"},"primaryImageOfPage":{"@id":"https:\/\/www.perimeter-solutions.com\/de\/flammschutzmittel\/#primaryimage"},"image":{"@id":"https:\/\/www.perimeter-solutions.com\/de\/flammschutzmittel\/#primaryimage"},"thumbnailUrl":"https:\/\/www.perimeter-solutions.com\/wp-content\/uploads\/2024\/05\/PS-Plane-icon-red.png","datePublished":"2020-11-21T00:19:55+00:00","dateModified":"2024-08-15T02:35:49+00:00","inLanguage":"de","potentialAction":[{"@type":"ReadAction","target":["https:\/\/www.perimeter-solutions.com\/de\/flammschutzmittel\/"]}]},{"@type":"ImageObject","inLanguage":"de","@id":"https:\/\/www.perimeter-solutions.com\/de\/flammschutzmittel\/#primaryimage","url":"https:\/\/www.perimeter-solutions.com\/wp-content\/uploads\/2024\/05\/PS-Plane-icon-red.png","contentUrl":"https:\/\/www.perimeter-solutions.com\/wp-content\/uploads\/2024\/05\/PS-Plane-icon-red.png"},{"@type":"WebSite","@id":"https:\/\/www.perimeter-solutions.com\/de\/#website","url":"https:\/\/www.perimeter-solutions.com\/de\/","name":"Perimeter Solutions","description":"","publisher":{"@id":"https:\/\/www.perimeter-solutions.com\/de\/#organization"},"potentialAction":[{"@type":"SearchAction","target":{"@type":"EntryPoint","urlTemplate":"https:\/\/www.perimeter-solutions.com\/de\/?s={search_term_string}"},"query-input":{"@type":"PropertyValueSpecification","valueRequired":true,"valueName":"search_term_string"}}],"inLanguage":"de"},{"@type":"Organization","@id":"https:\/\/www.perimeter-solutions.com\/de\/#organization","name":"Perimeter Solutions","url":"https:\/\/www.perimeter-solutions.com\/de\/","logo":{"@type":"ImageObject","inLanguage":"de","@id":"https:\/\/www.perimeter-solutions.com\/de\/#\/schema\/logo\/image\/","url":"https:\/\/www.perimeter-solutions.com\/wp-content\/uploads\/2021\/02\/perimeter-logo-RGB.png","contentUrl":"https:\/\/www.perimeter-solutions.com\/wp-content\/uploads\/2021\/02\/perimeter-logo-RGB.png","width":794,"height":138,"caption":"Perimeter Solutions"},"image":{"@id":"https:\/\/www.perimeter-solutions.com\/de\/#\/schema\/logo\/image\/"}}]}},"_links":{"self":[{"href":"https:\/\/www.perimeter-solutions.com\/de\/wp-json\/wp\/v2\/pages\/42907","targetHints":{"allow":["GET"]}}],"collection":[{"href":"https:\/\/www.perimeter-solutions.com\/de\/wp-json\/wp\/v2\/pages"}],"about":[{"href":"https:\/\/www.perimeter-solutions.com\/de\/wp-json\/wp\/v2\/types\/page"}],"author":[{"embeddable":true,"href":"https:\/\/www.perimeter-solutions.com\/de\/wp-json\/wp\/v2\/users\/3"}],"replies":[{"embeddable":true,"href":"https:\/\/www.perimeter-solutions.com\/de\/wp-json\/wp\/v2\/comments?post=42907"}],"version-history":[{"count":4,"href":"https:\/\/www.perimeter-solutions.com\/de\/wp-json\/wp\/v2\/pages\/42907\/revisions"}],"predecessor-version":[{"id":43476,"href":"https:\/\/www.perimeter-solutions.com\/de\/wp-json\/wp\/v2\/pages\/42907\/revisions\/43476"}],"wp:attachment":[{"href":"https:\/\/www.perimeter-solutions.com\/de\/wp-json\/wp\/v2\/media?parent=42907"}],"curies":[{"name":"wp","href":"https:\/\/api.w.org\/{rel}","templated":true}]}}