{"id":42905,"date":"2020-12-02T14:47:33","date_gmt":"2020-12-02T19:47:33","guid":{"rendered":"https:\/\/www.perimeter-solutions.com\/feuerloeschschaumausruestung\/entladegeraete\/"},"modified":"2024-08-14T22:10:35","modified_gmt":"2024-08-15T02:10:35","slug":"entladegeraete","status":"publish","type":"page","link":"https:\/\/www.perimeter-solutions.com\/de\/feuerloeschschaumausruestung\/entladegeraete\/","title":{"rendered":"Entladeger\u00e4te"},"content":{"rendered":"\t\t<div data-elementor-type=\"wp-page\" data-elementor-id=\"42905\" class=\"elementor elementor-42905 elementor-17674\" data-elementor-post-type=\"page\">\n\t\t\t\t\t\t<section class=\"elementor-section elementor-top-section elementor-element elementor-element-a53ddb9 elementor-section-stretched elementor-section-boxed elementor-section-height-default elementor-section-height-default\" data-id=\"a53ddb9\" data-element_type=\"section\" data-e-type=\"section\" data-settings=\"{&quot;stretch_section&quot;:&quot;section-stretched&quot;,&quot;background_background&quot;:&quot;classic&quot;}\">\n\t\t\t\t\t\t<div class=\"elementor-container elementor-column-gap-default\">\n\t\t\t\t\t<div class=\"elementor-column elementor-col-100 elementor-top-column elementor-element elementor-element-8e1337c\" data-id=\"8e1337c\" data-element_type=\"column\" data-e-type=\"column\">\n\t\t\t<div class=\"elementor-widget-wrap elementor-element-populated\">\n\t\t\t\t\t\t<div class=\"elementor-element elementor-element-3fcef61 elementor-widget elementor-widget-heading\" data-id=\"3fcef61\" data-element_type=\"widget\" data-e-type=\"widget\" data-widget_type=\"heading.default\">\n\t\t\t\t<div class=\"elementor-widget-container\">\n\t\t\t\t\t<h1 class=\"elementor-heading-title elementor-size-default\">Entladeger\u00e4te<\/h1>\t\t\t\t<\/div>\n\t\t\t\t<\/div>\n\t\t\t\t\t<\/div>\n\t\t<\/div>\n\t\t\t\t\t<\/div>\n\t\t<\/section>\n\t\t\t\t<section class=\"elementor-section elementor-top-section elementor-element elementor-element-e36f22b elementor-section-boxed elementor-section-height-default elementor-section-height-default\" data-id=\"e36f22b\" data-element_type=\"section\" data-e-type=\"section\" data-settings=\"{&quot;background_background&quot;:&quot;classic&quot;}\">\n\t\t\t\t\t\t\t<div class=\"elementor-background-overlay\"><\/div>\n\t\t\t\t\t\t\t<div class=\"elementor-container elementor-column-gap-default\">\n\t\t\t\t\t<div class=\"elementor-column elementor-col-100 elementor-top-column elementor-element elementor-element-9ead739\" data-id=\"9ead739\" data-element_type=\"column\" data-e-type=\"column\">\n\t\t\t<div class=\"elementor-widget-wrap elementor-element-populated\">\n\t\t\t\t\t\t<section class=\"elementor-section elementor-inner-section elementor-element elementor-element-e8d1fa2 elementor-section-boxed elementor-section-height-default elementor-section-height-default\" data-id=\"e8d1fa2\" data-element_type=\"section\" data-e-type=\"section\">\n\t\t\t\t\t\t<div class=\"elementor-container elementor-column-gap-default\">\n\t\t\t\t\t<div class=\"elementor-column elementor-col-50 elementor-inner-column elementor-element elementor-element-280d082\" data-id=\"280d082\" data-element_type=\"column\" data-e-type=\"column\">\n\t\t\t<div class=\"elementor-widget-wrap elementor-element-populated\">\n\t\t\t\t\t\t<div class=\"elementor-element elementor-element-7081ee5 elementor-widget elementor-widget-text-editor\" data-id=\"7081ee5\" data-element_type=\"widget\" data-e-type=\"widget\" data-widget_type=\"text-editor.default\">\n\t\t\t\t<div class=\"elementor-widget-container\">\n\t\t\t\t\t\t\t\t\tIn unserem Angebot an leistungsstarken Entladungsger\u00e4ten von Perimeter Solutions finden Sie, was Sie brauchen.\nEgal, ob Sie auf dem Markt f\u00fcr Schaumerzeuger, Monitore, Handleinen-D\u00fcsen oder mehr sind, Perimeter Solutions liefert Ihnen das richtige Ger\u00e4t f\u00fcr Ihre Gefahrenanforderungen. <strong>Schlauchaufroller mit kontinuierlichem Durchfluss<\/strong> Die Schlauchaufroller von Perimeter Solutions mit kontinuierlichem Durchfluss werden aus magna-gegossenen Aluminiumst\u00fctzen und einem Wasserweg aus Messing hergestellt.  Sie verf\u00fcgen \u00fcber einen nicht zusammenklappbaren 1,5 Zoll (38 mm) Druckerh\u00f6hungsschlauch und einen 90-Grad-Winkeleinlass-Drehgelenk aus Messing mit einem 1,5 Zoll (38 mm) NST-Au\u00dfenauslass. Die Karbonstahlhaspel ist f\u00fcr die Aufbewahrung und den Einsatz von Schl\u00e4uchen mit kontinuierlichem Durchfluss konzipiert, so dass die Fl\u00fcssigkeit flie\u00dfen kann, w\u00e4hrend sich der Schlauch noch auf der Haspel befindet. <strong>Fire Sprinkler<\/strong> Perimeter Solutions Schaummittelkonzentrate sind f\u00fcr eine Vielzahl von Sprinklern zur Verwendung in Schaum-Wasser-Sprinkleranlagen zertifiziert. Dazu geh\u00f6ren geschlossene, offene oder Spr\u00fchkopf-Typen. <strong>Schaumkammern<\/strong> Perimeter Solutions Schaumkammern sind NFPA-11 Typ II luftansaugende Schaumabgabeger\u00e4te, die Schutz f\u00fcr oben offene schwimmende und Kegeldach-Lagertanks f\u00fcr brennbare Fl\u00fcssigkeiten bieten. Diese Schaumkammern sind eine Kombination aus einer Schaummischkammer und einem Schaumerzeuger mit Lufteinlass. Zwischen dem Flanscheinlass und dem Flansch des L\u00f6sungsrohrs befindet sich eine abnehmbare Blende, die so bemessen ist, dass sie die erforderliche Schauml\u00f6sung bei einem bestimmten Druck liefert. Eine im Schaumkammerk\u00f6rper befindliche zerbrechliche Glasdampfdichtung verhindert das Eindringen von Produktd\u00e4mpfen in den Schaumkammerk\u00f6rper. Die Dampfsperre bricht, sobald die Schauml\u00f6sung eindringt, und f\u00fcllt den Schaumkammerk\u00f6rper mit expandiertem Schaum. Der Schaum flie\u00dft zu einer Ablenkplatte, die den Schaum auf die Innenseite der Lagertankwand und die Kraftstoffoberfl\u00e4che lenkt und nur ein minimales Eintauchen des Schaums und ein Aufwirbeln des Kraftstoffs zul\u00e4sst. <strong>Foam Maker<\/strong> Perimeter Solutions Schaumerzeuger sind in zwei Modellen mit Nenndurchflussraten von 10 &#8211; 300 gpm (38 &#8211; 1136 lpm) bei 30 &#8211; 150 psi (2 &#8211; 10 bar) mit Gewindeein- und -ausl\u00e4ssen erh\u00e4ltlich. Das Austragsrohr aus Edelstahl enth\u00e4lt einen Mischzylinder, eine Lochplatte (die f\u00fcr den erforderlichen Durchfluss bei einem gegebenen Druck bemessen ist) und einen Lufteinlass, damit Luft in den Schauml\u00f6sungsstrom einstr\u00f6men kann, um expandierten Schaum zu erzeugen. Der Foam Maker wird normalerweise in der Linie eines halbfesten oder festen Schaum-Feuerschutzsystems installiert.\nPerimeter Solutions Foam Maker sind luftansaugende Schaumabgabeger\u00e4te, die in erster Linie zum Schutz des Dichtungsbereichs von Lagertanks mit offenem Schwimmdach und von Deichbereichen um Lagertanks herum eingesetzt werden.\nWeitere Einsatzgebiete sind der Schutz vor Versch\u00fcttungen und eingedeichte Lagerbereiche f\u00fcr brennbare Fl\u00fcssigkeiten. <strong>Schaumstation<\/strong> Die Perimeter Solutions Schaumstation ist eine schnell einsatzbereite Schaumstation, die von einer Person bedient werden kann.\nDie Einheit ist in sich geschlossen und besteht aus einem 35-Gallonen (132 Liter) Konzentratbeh\u00e4lter aus Edelstahl, einem Strahlrohr, einer Handleine und einem nicht zusammenlegbaren Schlauch.    Im Betrieb wird Wasser aus einer speziellen Wasserquelle durch den Versorgungsschlauch zum Eduktor geleitet. W\u00e4hrend das Wasser durch den Ejektor flie\u00dft, wird ein Unterdruck erzeugt, der das Schaummittelkonzentrat aus dem Tank zum Ejektor und in den Wasserstrom zieht, wodurch die Schauml\u00f6sung entsteht. <strong>Hochdruck-Schaumerzeuger<\/strong> von Perimeter Solutions Hochdruck-Schaumerzeuger sind in vier Modellen mit Nenndurchflussraten von 100 &#8211; 400 gpm (379 &#8211; 1514 lpm) mit Flanscheinl\u00e4ssen und Ausl\u00e4ssen erh\u00e4ltlich. Das Entladungsrohr aus Kohlenstoffstahl hat vier Lufteinlassl\u00f6cher, die 90 Grad voneinander entfernt angeordnet sind, um Luft in den Schauml\u00f6sungsstrom zu lassen, um expandierten Schaum zu erzeugen. Diese Ger\u00e4te m\u00fcssen f\u00fcr Ihren speziellen Kraftstoff und Ihre Anwendung getestet werden. <strong>Selbstansaugende Schaumd\u00fcsen<\/strong> Perimeter Solutions Task Force <sup>Tips\u00ae<\/sup> Master Foam D\u00fcse ist eine einfache und robuste selbstansaugende Schaumd\u00fcse mit \u00fcberlegener Strahlqualit\u00e4t und Reichweite.\nDiese Nebeld\u00fcse mit festem Durchfluss und einer Nennleistung von 7 bar (100 psi) ist optional mit einer Durchflussrate von 250, 350, 500, 750 oder 1000 gpm (946, 1325, 1893, 2839, 3785 l\/min) erh\u00e4ltlich.  Der Winkel des Nebels ist zwischen 90\u00b0 breitem Nebel und geradem Strahl einstellbar.\t\t\t\t\t\t\t\t<\/div>\n\t\t\t\t<\/div>\n\t\t\t\t\t<\/div>\n\t\t<\/div>\n\t\t\t\t<div class=\"elementor-column elementor-col-50 elementor-inner-column elementor-element elementor-element-d05ef15\" data-id=\"d05ef15\" data-element_type=\"column\" data-e-type=\"column\">\n\t\t\t<div class=\"elementor-widget-wrap elementor-element-populated\">\n\t\t\t\t\t\t<div class=\"elementor-element elementor-element-d5454f1 elementor-widget elementor-widget-text-editor\" data-id=\"d5454f1\" data-element_type=\"widget\" data-e-type=\"widget\" data-widget_type=\"text-editor.default\">\n\t\t\t\t<div class=\"elementor-widget-container\">\n\t\t\t\t\t\t\t\t\t<p><strong>SCHLAUCHAUFROLLER MIT KONTINUIERLICHEM DURCHFLUSS<\/strong><br \/><a href=\"https:\/\/www.perimeter-solutions.com\/wp-content\/uploads\/2021\/05\/SOLB_Continuous-Flow-Hose-Reel-F-2011012-2.pdf\" target=\"_blank\" rel=\"noopener\">Schlauchhaspel mit kontinuierlichem Durchfluss<\/a><\/p>\n<p><strong>FEUERSPRINKLER<\/strong><br \/><a href=\"https:\/\/www.perimeter-solutions.com\/wp-content\/uploads\/2021\/06\/SOLB_Fire-Sprinklers-F-2014013-Letter_v28.7b.pdf\" target=\"_blank\" rel=\"noopener\">Feuer-Sprinkler<\/a><\/p>\n<p><strong>SCHAUMKAMMERN<\/strong><br \/><a href=\"https:\/\/www.perimeter-solutions.com\/wp-content\/uploads\/2023\/04\/SOLBERG-Foam-Chambers-F-2011010-6.3-letter-1.pdf\" target=\"_blank\" rel=\"noopener\">Schaumstoff-Kammern<\/a><\/p>\n<p><strong>SCHAUMHERSTELLER<\/strong><br \/><a href=\"https:\/\/www.perimeter-solutions.com\/wp-content\/uploads\/2024\/07\/SOLB_Foam-Maker-F-2012025-Letter-v7.2.pdf\" target=\"_blank\" rel=\"noopener\">Schaumstoff-Hersteller<\/a><\/p>\n<p><strong>SCHAUMSTATIONEN<\/strong><br \/><a href=\"https:\/\/www.perimeter-solutions.com\/wp-content\/uploads\/2021\/05\/SOLB_Foam-Station-F-2011011_Letter-v4.pdf\" target=\"_blank\" rel=\"noopener\">Schaumstoff-Station<\/a><\/p>\n<p><strong>HOCHDRUCK-SCHAUMSTOFFERZEUGER<\/strong><br \/><a href=\"https:\/\/www.perimeter-solutions.com\/wp-content\/uploads\/2021\/05\/SOLB_High-Back-Pressure-Foam-Maker-F-2011015-1.pdf\" target=\"_blank\" rel=\"noopener\">Hochdruck-Schaumstofferzeuger<\/a><\/p>\n<p><strong style=\"letter-spacing: 0px;\">SELBSTANSAUGENDE SCHAUMD\u00dcSEN<br \/><\/strong><a href=\"https:\/\/www.perimeter-solutions.com\/wp-content\/uploads\/2021\/02\/SOLB_Self-Educting-Foam-Nozzle_F-2016009-1.pdf\" target=\"_blank\" rel=\"noopener\">Selbstansaugende Schaumstoffd\u00fcse<\/a><\/p>\n<p><strong>MANUELLE MONITORE<br \/><\/strong><a href=\"https:\/\/www.perimeter-solutions.com\/wp-content\/uploads\/2021\/05\/SOLBERG-Manual-Monitor_F-201610-3.pdf\" target=\"_blank\" rel=\"noopener\">Manueller Monitor &#8211; TFT<\/a><\/p>\n\t\t\t\t\t\t\t\t<\/div>\n\t\t\t\t<\/div>\n\t\t\t\t<div class=\"elementor-element elementor-element-4fc0fd0 elementor-widget elementor-widget-image\" data-id=\"4fc0fd0\" data-element_type=\"widget\" data-e-type=\"widget\" data-widget_type=\"image.default\">\n\t\t\t\t<div class=\"elementor-widget-container\">\n\t\t\t\t\t\t\t\t\t\t\t\t\t\t\t<img fetchpriority=\"high\" decoding=\"async\" width=\"533\" height=\"1024\" src=\"https:\/\/www.perimeter-solutions.com\/wp-content\/uploads\/2020\/12\/FoamChamber-discharge.jpg\" class=\"attachment-large size-large wp-image-17793\" alt=\"\" \/>\t\t\t\t\t\t\t\t\t\t\t\t\t\t\t<\/div>\n\t\t\t\t<\/div>\n\t\t\t\t\t<\/div>\n\t\t<\/div>\n\t\t\t\t\t<\/div>\n\t\t<\/section>\n\t\t\t\t\t<\/div>\n\t\t<\/div>\n\t\t\t\t\t<\/div>\n\t\t<\/section>\n\t\t\t\t<\/div>\n\t\t","protected":false},"excerpt":{"rendered":"<p>Entladeger\u00e4te In unserem Angebot an leistungsstarken Entladungsger\u00e4ten von Perimeter Solutions finden Sie, was Sie brauchen. Egal, ob Sie auf dem Markt f\u00fcr Schaumerzeuger, Monitore, Handleinen-D\u00fcsen oder mehr sind, Perimeter Solutions [&hellip;]<\/p>\n","protected":false},"author":3,"featured_media":0,"parent":42894,"menu_order":0,"comment_status":"closed","ping_status":"closed","template":"","meta":{"_acf_changed":false,"footnotes":""},"class_list":["post-42905","page","type-page","status-publish","hentry"],"acf":[],"yoast_head":"<!-- This site is optimized with the Yoast SEO Premium plugin v21.9 (Yoast SEO v23.5) - https:\/\/yoast.com\/wordpress\/plugins\/seo\/ -->\n<title>Entladeger\u00e4te - Perimeter Solutions<\/title>\n<meta name=\"description\" content=\"Bei Perimeter Solutions finden Sie das, was Sie brauchen, um Ihre Anforderungen zu erf\u00fcllen: Entladungsger\u00e4te f\u00fcr Schaumstoffhersteller, Monitore und mehr.\" \/>\n<meta name=\"robots\" content=\"index, follow, max-snippet:-1, max-image-preview:large, max-video-preview:-1\" \/>\n<link rel=\"canonical\" href=\"https:\/\/www.perimeter-solutions.com\/de\/feuerloeschschaumausruestung\/entladegeraete\/\" \/>\n<meta property=\"og:locale\" content=\"de_DE\" \/>\n<meta property=\"og:type\" content=\"article\" \/>\n<meta property=\"og:title\" content=\"Entladeger\u00e4te\" \/>\n<meta property=\"og:description\" content=\"Bei Perimeter Solutions finden Sie das, was Sie brauchen, um Ihre Anforderungen zu erf\u00fcllen: Entladungsger\u00e4te f\u00fcr Schaumstoffhersteller, Monitore und mehr.\" \/>\n<meta property=\"og:url\" content=\"https:\/\/www.perimeter-solutions.com\/de\/feuerloeschschaumausruestung\/entladegeraete\/\" \/>\n<meta property=\"og:site_name\" content=\"Perimeter Solutions\" \/>\n<meta property=\"article:modified_time\" content=\"2024-08-15T02:10:35+00:00\" \/>\n<meta property=\"og:image\" content=\"https:\/\/www.perimeter-solutions.com\/wp-content\/uploads\/2020\/12\/FoamChamber-discharge.jpg\" \/>\n<meta name=\"twitter:card\" content=\"summary_large_image\" \/>\n<meta name=\"twitter:label1\" content=\"Gesch\u00e4tzte Lesezeit\" \/>\n\t<meta name=\"twitter:data1\" content=\"3\u00a0Minuten\" \/>\n<script type=\"application\/ld+json\" class=\"yoast-schema-graph\">{\"@context\":\"https:\/\/schema.org\",\"@graph\":[{\"@type\":\"WebPage\",\"@id\":\"https:\/\/www.perimeter-solutions.com\/de\/feuerloeschschaumausruestung\/entladegeraete\/\",\"url\":\"https:\/\/www.perimeter-solutions.com\/de\/feuerloeschschaumausruestung\/entladegeraete\/\",\"name\":\"Entladeger\u00e4te - Perimeter Solutions\",\"isPartOf\":{\"@id\":\"https:\/\/www.perimeter-solutions.com\/de\/#website\"},\"primaryImageOfPage\":{\"@id\":\"https:\/\/www.perimeter-solutions.com\/de\/feuerloeschschaumausruestung\/entladegeraete\/#primaryimage\"},\"image\":{\"@id\":\"https:\/\/www.perimeter-solutions.com\/de\/feuerloeschschaumausruestung\/entladegeraete\/#primaryimage\"},\"thumbnailUrl\":\"https:\/\/www.perimeter-solutions.com\/wp-content\/uploads\/2020\/12\/FoamChamber-discharge.jpg\",\"datePublished\":\"2020-12-02T19:47:33+00:00\",\"dateModified\":\"2024-08-15T02:10:35+00:00\",\"description\":\"Bei Perimeter Solutions finden Sie das, was Sie brauchen, um Ihre Anforderungen zu erf\u00fcllen: Entladungsger\u00e4te f\u00fcr Schaumstoffhersteller, Monitore und mehr.\",\"breadcrumb\":{\"@id\":\"https:\/\/www.perimeter-solutions.com\/de\/feuerloeschschaumausruestung\/entladegeraete\/#breadcrumb\"},\"inLanguage\":\"de\",\"potentialAction\":[{\"@type\":\"ReadAction\",\"target\":[\"https:\/\/www.perimeter-solutions.com\/de\/feuerloeschschaumausruestung\/entladegeraete\/\"]}]},{\"@type\":\"ImageObject\",\"inLanguage\":\"de\",\"@id\":\"https:\/\/www.perimeter-solutions.com\/de\/feuerloeschschaumausruestung\/entladegeraete\/#primaryimage\",\"url\":\"https:\/\/www.perimeter-solutions.com\/wp-content\/uploads\/2020\/12\/FoamChamber-discharge.jpg\",\"contentUrl\":\"https:\/\/www.perimeter-solutions.com\/wp-content\/uploads\/2020\/12\/FoamChamber-discharge.jpg\"},{\"@type\":\"BreadcrumbList\",\"@id\":\"https:\/\/www.perimeter-solutions.com\/de\/feuerloeschschaumausruestung\/entladegeraete\/#breadcrumb\",\"itemListElement\":[{\"@type\":\"ListItem\",\"position\":1,\"name\":\"Feuerl\u00f6schschaumausr\u00fcstung\",\"item\":\"https:\/\/www.perimeter-solutions.com\/de\/feuerloeschschaumausruestung\/\"},{\"@type\":\"ListItem\",\"position\":2,\"name\":\"Entladeger\u00e4te\"}]},{\"@type\":\"WebSite\",\"@id\":\"https:\/\/www.perimeter-solutions.com\/de\/#website\",\"url\":\"https:\/\/www.perimeter-solutions.com\/de\/\",\"name\":\"Perimeter Solutions\",\"description\":\"\",\"publisher\":{\"@id\":\"https:\/\/www.perimeter-solutions.com\/de\/#organization\"},\"potentialAction\":[{\"@type\":\"SearchAction\",\"target\":{\"@type\":\"EntryPoint\",\"urlTemplate\":\"https:\/\/www.perimeter-solutions.com\/de\/?s={search_term_string}\"},\"query-input\":{\"@type\":\"PropertyValueSpecification\",\"valueRequired\":true,\"valueName\":\"search_term_string\"}}],\"inLanguage\":\"de\"},{\"@type\":\"Organization\",\"@id\":\"https:\/\/www.perimeter-solutions.com\/de\/#organization\",\"name\":\"Perimeter Solutions\",\"url\":\"https:\/\/www.perimeter-solutions.com\/de\/\",\"logo\":{\"@type\":\"ImageObject\",\"inLanguage\":\"de\",\"@id\":\"https:\/\/www.perimeter-solutions.com\/de\/#\/schema\/logo\/image\/\",\"url\":\"https:\/\/www.perimeter-solutions.com\/wp-content\/uploads\/2021\/02\/perimeter-logo-RGB.png\",\"contentUrl\":\"https:\/\/www.perimeter-solutions.com\/wp-content\/uploads\/2021\/02\/perimeter-logo-RGB.png\",\"width\":794,\"height\":138,\"caption\":\"Perimeter Solutions\"},\"image\":{\"@id\":\"https:\/\/www.perimeter-solutions.com\/de\/#\/schema\/logo\/image\/\"}}]}<\/script>\n<!-- \/ Yoast SEO Premium plugin. -->","yoast_head_json":{"title":"Entladeger\u00e4te - Perimeter Solutions","description":"Bei Perimeter Solutions finden Sie das, was Sie brauchen, um Ihre Anforderungen zu erf\u00fcllen: Entladungsger\u00e4te f\u00fcr Schaumstoffhersteller, Monitore und mehr.","robots":{"index":"index","follow":"follow","max-snippet":"max-snippet:-1","max-image-preview":"max-image-preview:large","max-video-preview":"max-video-preview:-1"},"canonical":"https:\/\/www.perimeter-solutions.com\/de\/feuerloeschschaumausruestung\/entladegeraete\/","og_locale":"de_DE","og_type":"article","og_title":"Entladeger\u00e4te","og_description":"Bei Perimeter Solutions finden Sie das, was Sie brauchen, um Ihre Anforderungen zu erf\u00fcllen: Entladungsger\u00e4te f\u00fcr Schaumstoffhersteller, Monitore und mehr.","og_url":"https:\/\/www.perimeter-solutions.com\/de\/feuerloeschschaumausruestung\/entladegeraete\/","og_site_name":"Perimeter Solutions","article_modified_time":"2024-08-15T02:10:35+00:00","og_image":[{"url":"https:\/\/www.perimeter-solutions.com\/wp-content\/uploads\/2020\/12\/FoamChamber-discharge.jpg"}],"twitter_card":"summary_large_image","twitter_misc":{"Gesch\u00e4tzte Lesezeit":"3\u00a0Minuten"},"schema":{"@context":"https:\/\/schema.org","@graph":[{"@type":"WebPage","@id":"https:\/\/www.perimeter-solutions.com\/de\/feuerloeschschaumausruestung\/entladegeraete\/","url":"https:\/\/www.perimeter-solutions.com\/de\/feuerloeschschaumausruestung\/entladegeraete\/","name":"Entladeger\u00e4te - Perimeter Solutions","isPartOf":{"@id":"https:\/\/www.perimeter-solutions.com\/de\/#website"},"primaryImageOfPage":{"@id":"https:\/\/www.perimeter-solutions.com\/de\/feuerloeschschaumausruestung\/entladegeraete\/#primaryimage"},"image":{"@id":"https:\/\/www.perimeter-solutions.com\/de\/feuerloeschschaumausruestung\/entladegeraete\/#primaryimage"},"thumbnailUrl":"https:\/\/www.perimeter-solutions.com\/wp-content\/uploads\/2020\/12\/FoamChamber-discharge.jpg","datePublished":"2020-12-02T19:47:33+00:00","dateModified":"2024-08-15T02:10:35+00:00","description":"Bei Perimeter Solutions finden Sie das, was Sie brauchen, um Ihre Anforderungen zu erf\u00fcllen: Entladungsger\u00e4te f\u00fcr Schaumstoffhersteller, Monitore und mehr.","breadcrumb":{"@id":"https:\/\/www.perimeter-solutions.com\/de\/feuerloeschschaumausruestung\/entladegeraete\/#breadcrumb"},"inLanguage":"de","potentialAction":[{"@type":"ReadAction","target":["https:\/\/www.perimeter-solutions.com\/de\/feuerloeschschaumausruestung\/entladegeraete\/"]}]},{"@type":"ImageObject","inLanguage":"de","@id":"https:\/\/www.perimeter-solutions.com\/de\/feuerloeschschaumausruestung\/entladegeraete\/#primaryimage","url":"https:\/\/www.perimeter-solutions.com\/wp-content\/uploads\/2020\/12\/FoamChamber-discharge.jpg","contentUrl":"https:\/\/www.perimeter-solutions.com\/wp-content\/uploads\/2020\/12\/FoamChamber-discharge.jpg"},{"@type":"BreadcrumbList","@id":"https:\/\/www.perimeter-solutions.com\/de\/feuerloeschschaumausruestung\/entladegeraete\/#breadcrumb","itemListElement":[{"@type":"ListItem","position":1,"name":"Feuerl\u00f6schschaumausr\u00fcstung","item":"https:\/\/www.perimeter-solutions.com\/de\/feuerloeschschaumausruestung\/"},{"@type":"ListItem","position":2,"name":"Entladeger\u00e4te"}]},{"@type":"WebSite","@id":"https:\/\/www.perimeter-solutions.com\/de\/#website","url":"https:\/\/www.perimeter-solutions.com\/de\/","name":"Perimeter Solutions","description":"","publisher":{"@id":"https:\/\/www.perimeter-solutions.com\/de\/#organization"},"potentialAction":[{"@type":"SearchAction","target":{"@type":"EntryPoint","urlTemplate":"https:\/\/www.perimeter-solutions.com\/de\/?s={search_term_string}"},"query-input":{"@type":"PropertyValueSpecification","valueRequired":true,"valueName":"search_term_string"}}],"inLanguage":"de"},{"@type":"Organization","@id":"https:\/\/www.perimeter-solutions.com\/de\/#organization","name":"Perimeter Solutions","url":"https:\/\/www.perimeter-solutions.com\/de\/","logo":{"@type":"ImageObject","inLanguage":"de","@id":"https:\/\/www.perimeter-solutions.com\/de\/#\/schema\/logo\/image\/","url":"https:\/\/www.perimeter-solutions.com\/wp-content\/uploads\/2021\/02\/perimeter-logo-RGB.png","contentUrl":"https:\/\/www.perimeter-solutions.com\/wp-content\/uploads\/2021\/02\/perimeter-logo-RGB.png","width":794,"height":138,"caption":"Perimeter Solutions"},"image":{"@id":"https:\/\/www.perimeter-solutions.com\/de\/#\/schema\/logo\/image\/"}}]}},"_links":{"self":[{"href":"https:\/\/www.perimeter-solutions.com\/de\/wp-json\/wp\/v2\/pages\/42905","targetHints":{"allow":["GET"]}}],"collection":[{"href":"https:\/\/www.perimeter-solutions.com\/de\/wp-json\/wp\/v2\/pages"}],"about":[{"href":"https:\/\/www.perimeter-solutions.com\/de\/wp-json\/wp\/v2\/types\/page"}],"author":[{"embeddable":true,"href":"https:\/\/www.perimeter-solutions.com\/de\/wp-json\/wp\/v2\/users\/3"}],"replies":[{"embeddable":true,"href":"https:\/\/www.perimeter-solutions.com\/de\/wp-json\/wp\/v2\/comments?post=42905"}],"version-history":[{"count":3,"href":"https:\/\/www.perimeter-solutions.com\/de\/wp-json\/wp\/v2\/pages\/42905\/revisions"}],"predecessor-version":[{"id":43422,"href":"https:\/\/www.perimeter-solutions.com\/de\/wp-json\/wp\/v2\/pages\/42905\/revisions\/43422"}],"up":[{"embeddable":true,"href":"https:\/\/www.perimeter-solutions.com\/de\/wp-json\/wp\/v2\/pages\/42894"}],"wp:attachment":[{"href":"https:\/\/www.perimeter-solutions.com\/de\/wp-json\/wp\/v2\/media?parent=42905"}],"curies":[{"name":"wp","href":"https:\/\/api.w.org\/{rel}","templated":true}]}}