{"id":42903,"date":"2020-12-02T14:42:07","date_gmt":"2020-12-02T19:42:07","guid":{"rendered":"https:\/\/www.perimeter-solutions.com\/feuerloeschschaumausruestung\/dosiergeraete\/"},"modified":"2024-08-14T22:09:25","modified_gmt":"2024-08-15T02:09:25","slug":"dosiergeraete","status":"publish","type":"page","link":"https:\/\/www.perimeter-solutions.com\/de\/feuerloeschschaumausruestung\/dosiergeraete\/","title":{"rendered":"Dosierger\u00e4te"},"content":{"rendered":"\t\t<div data-elementor-type=\"wp-page\" data-elementor-id=\"42903\" class=\"elementor elementor-42903 elementor-17670\" data-elementor-post-type=\"page\">\n\t\t\t\t\t\t<section class=\"elementor-section elementor-top-section elementor-element elementor-element-a53ddb9 elementor-section-stretched elementor-section-boxed elementor-section-height-default elementor-section-height-default\" data-id=\"a53ddb9\" data-element_type=\"section\" data-e-type=\"section\" data-settings=\"{&quot;stretch_section&quot;:&quot;section-stretched&quot;,&quot;background_background&quot;:&quot;classic&quot;}\">\n\t\t\t\t\t\t<div class=\"elementor-container elementor-column-gap-default\">\n\t\t\t\t\t<div class=\"elementor-column elementor-col-100 elementor-top-column elementor-element elementor-element-8e1337c\" data-id=\"8e1337c\" data-element_type=\"column\" data-e-type=\"column\">\n\t\t\t<div class=\"elementor-widget-wrap elementor-element-populated\">\n\t\t\t\t\t\t<div class=\"elementor-element elementor-element-3fcef61 elementor-widget elementor-widget-heading\" data-id=\"3fcef61\" data-element_type=\"widget\" data-e-type=\"widget\" data-widget_type=\"heading.default\">\n\t\t\t\t<div class=\"elementor-widget-container\">\n\t\t\t\t\t<h1 class=\"elementor-heading-title elementor-size-default\">Dosierger\u00e4te<\/h1>\t\t\t\t<\/div>\n\t\t\t\t<\/div>\n\t\t\t\t\t<\/div>\n\t\t<\/div>\n\t\t\t\t\t<\/div>\n\t\t<\/section>\n\t\t\t\t<section class=\"elementor-section elementor-top-section elementor-element elementor-element-e36f22b elementor-section-boxed elementor-section-height-default elementor-section-height-default\" data-id=\"e36f22b\" data-element_type=\"section\" data-e-type=\"section\" data-settings=\"{&quot;background_background&quot;:&quot;classic&quot;}\">\n\t\t\t\t\t\t\t<div class=\"elementor-background-overlay\"><\/div>\n\t\t\t\t\t\t\t<div class=\"elementor-container elementor-column-gap-default\">\n\t\t\t\t\t<div class=\"elementor-column elementor-col-100 elementor-top-column elementor-element elementor-element-9ead739\" data-id=\"9ead739\" data-element_type=\"column\" data-e-type=\"column\">\n\t\t\t<div class=\"elementor-widget-wrap elementor-element-populated\">\n\t\t\t\t\t\t<section class=\"elementor-section elementor-inner-section elementor-element elementor-element-e8d1fa2 elementor-section-boxed elementor-section-height-default elementor-section-height-default\" data-id=\"e8d1fa2\" data-element_type=\"section\" data-e-type=\"section\">\n\t\t\t\t\t\t<div class=\"elementor-container elementor-column-gap-default\">\n\t\t\t\t\t<div class=\"elementor-column elementor-col-50 elementor-inner-column elementor-element elementor-element-280d082\" data-id=\"280d082\" data-element_type=\"column\" data-e-type=\"column\">\n\t\t\t<div class=\"elementor-widget-wrap elementor-element-populated\">\n\t\t\t\t\t\t<div class=\"elementor-element elementor-element-7081ee5 elementor-widget elementor-widget-text-editor\" data-id=\"7081ee5\" data-element_type=\"widget\" data-e-type=\"widget\" data-widget_type=\"text-editor.default\">\n\t\t\t\t<div class=\"elementor-widget-container\">\n\t\t\t\t\t\t\t\t\t<p>Wenn es um Dosierger\u00e4te geht, bietet Perimeter Solutions die Hardware, die Sie ben\u00f6tigen, um die Arbeit richtig zu erledigen \u2013 unabh\u00e4ngig davon, welche Art von Schaumsystem Sie betreiben.<\/p>\n<p><strong>Foam Pump Proportioner<br \/><\/strong>Der Perimeter Solutions Foam Pump Proportioner (SFPP) ist ein Dosierger\u00e4t f\u00fcr schaumarme L\u00f6sungen, das entwickelt wurde, um das Schaummittelkonzentrat sowohl bei hohen als auch bei niedrigen Durchflussraten des Systems genau in den Wasserstrom zu dosieren. Das Schaumpumpen-Dosierger\u00e4t von Perimeter Solutions ist als integraler Bestandteil des Schaumpumpen-Dosiersystems von Perimeter Solutions konzipiert. Der Pumpenzumischer ist f\u00fcr Schaum-\/Wassersprinklersysteme mit offenem und geschlossenem Kopf, Schaum\u00fcberwachungssysteme und andere Schaumaustragsger\u00e4te von Perimeter Solutions konzipiert. Bitte konsultieren Sie das Produktdatenblatt f\u00fcr vollst\u00e4ndige Details.<\/p>\n<p><strong>Inline-Dosierger\u00e4te mit Druckausgleich<br \/><\/strong>Das Inline-Dosierger\u00e4t mit Druckausgleich (ILBP) von Perimeter Solutions ist ein komplettes, in sich geschlossenes Ger\u00e4t, das die notwendigen Komponenten enth\u00e4lt, einschlie\u00dflich Verh\u00e4ltnisregler, Duplex-Manometer, Ausgleichsventil, R\u00fcckschlagventil, Kugelhahn und zugeh\u00f6rige Messingleitungen. Die ILBPs von Perimeter Solutions sind so konzipiert, dass sie den ankommenden Schaummitteldruck mit dem ankommenden L\u00f6schwasserdruck ausgleichen und dem L\u00f6schwasserstrom die richtige Schaummittelmenge \u00fcber einen weiten Bereich von Durchflussraten und Dr\u00fccken dosieren.<\/p>\n<p>Das ILBP-System arbeitet mit einer Verdr\u00e4ngerschaumpumpe, um dem ILBP Schaumkonzentrat zuzuf\u00fchren. Ein im R\u00fccklauf befindliches Druckhalteventil f\u00fchrt \u00fcbersch\u00fcssiges Schaummittel, das vom Ger\u00e4t nicht ben\u00f6tigt wird, zur\u00fcck in den atmosph\u00e4rischen Vorratsbeh\u00e4lter. Die Ger\u00e4te sind in verschiedenen Gr\u00f6\u00dfen erh\u00e4ltlich: von 2,0&#8243; &#8211; 8,0&#8243;, (51 mm &#8211; 203 mm).<\/p>\n<p><strong>Foam Ratio Controllers<br \/><\/strong>Perimeter Solutions Ratio Controllers sind ein modifiziertes Venture-Ger\u00e4t, das entwickelt wurde, um die richtige Menge an Schaummittel in einen Wasserstrom \u00fcber einen bestimmten Bereich von Durchfluss- und Druckraten mit minimalem Druckverlust zu dosieren. Der Verh\u00e4ltnisregler besteht aus drei Komponenten: Geh\u00e4use mit Wasserzulauf, Dosierblende im Schaummittelzulauf und Hals (D\u00fcse) stromabw\u00e4rts vom Wasserzulauf. Der Ratio Controller wird in vier Gr\u00f6\u00dfen hergestellt: 3.0&#8243;, 4.0&#8243;, 6.0&#8243; und 8.0&#8243; (76 mm, 102 mm, 152 mm, 203 mm).<\/p>\n<p><strong>S-ZF Zwischenflansch-Induktoren<br \/><\/strong>Der S-ZF-Induktor von Perimeter Solutions wird verwendet, um Schaummittel mit Wasser zu mischen, wenn das Schaummittel aus einem Tank bei atmosph\u00e4rischem Druck zugef\u00fchrt wird. Der S-ZF-Induktor kann in Spr\u00fchflutanlagen installiert werden, in denen Sprinkler verwendet werden, wie zum Beispiel Flugzeughangars und Lagerhallen. Die Induktivit\u00e4t(en) sind an die Wasserleitung angeschlossen. Der S-ZF wird innerhalb der Rohrleitung zwischen zwei Flanschen eingebaut. Der S-ZF arbeitet nach dem Venturi-Prinzip. Sowohl niedrig- als auch hochviskose Schaummittelkonzentrate k\u00f6nnen mit dem S-ZF verwendet werden.<strong> <\/strong><\/p>\n<p><strong>Gewinde-Dosierger\u00e4te<br \/><\/strong>Perimeter Solutions Gewinde-Dosierger\u00e4te sind modifizierte Venturi-Dosierger\u00e4te, die Schaummittel pr\u00e4zise in den L\u00f6schwasserstrom mischen und dosieren. Jeder Zumischger\u00e4t besteht aus den folgenden Komponenten: Geh\u00e4use, Einlassd\u00fcse und Messblende aus ASTM 85-5-5-5-Bronzematerial. Der Dosierer ist mit einem Einlass mit NPT-Au\u00dfengewinde und einem Auslass mit Au\u00dfengewinde in den Gr\u00f6\u00dfen 2,0&#8243; (51 mm) und 2,5&#8243; (64 mm) ausgestattet, wobei der Durchflussrichtungspfeil deutlich gekennzeichnet ist. W\u00e4hrend des Betriebs flie\u00dft das Wasser durch das modifizierte Venturi, um einen Bereich mit niedrigerem Druck zu schaffen, der direkt von der Wassergeschwindigkeit beeinflusst wird, w\u00e4hrend es durch den Verh\u00e4ltnisregler flie\u00dft.<\/p>\n<p><strong>Variable Range Proportioner<br \/><\/strong>Der Variable Range Proportioner von Perimeter Solutions ist ein Dosierger\u00e4t f\u00fcr schaumarme L\u00f6sungen, das entwickelt wurde, um das Schaummittelkonzentrat sowohl bei hohen als auch bei niedrigen Durchflussraten des Systems genau in den Wasserstrom zu dosieren. Es ist als integraler Bestandteil des Blasentank-Zumischsystems von Perimeter Solutions zur Verwendung mit Schaummittelkonzentraten von Perimeter Solutions in Schaumwasser-Sprinklersystemen konzipiert. Unser Dosierer mit variabler Reichweite entspricht NFPA 30, dem Code f\u00fcr brennbare und brennbare Fl\u00fcssigkeiten, Absatz 16.5.1.6.2, der besagt, dass Schaum-\/Wasser-Sprinklersysteme eine Schauml\u00f6sung f\u00fcr Sprinkler mit 4 flie\u00dfenden Sprinklern bereitstellen m\u00fcssen. Der Dosierer mit variabler Reichweite von Perimeter Solutions wurde entwickelt, um diese Anforderungen des Kodex zu erf\u00fcllen.<\/p>\n<p><strong>Variable Range Pump Proportioner<br \/><\/strong>Der Variable Range Pump Proportioner (SVRPP) von Perimeter Solutions ist ein Ger\u00e4t zur Dosierung von schaumarmen L\u00f6sungen, das entwickelt wurde, um das Schaummittelkonzentrat sowohl bei hohen als auch bei niedrigen Durchflussraten des Systems genau in den Wasserstrom zu dosieren. Es ist als integraler Bestandteil des Schaumpumpen-Dosiersystems von Perimeter Solutions zur Verwendung mit Schaumkonzentraten von Perimeter Solutions in Schaum-Wasser-Sprinklersystemen konzipiert.<\/p>\n\t\t\t\t\t\t\t\t<\/div>\n\t\t\t\t<\/div>\n\t\t\t\t\t<\/div>\n\t\t<\/div>\n\t\t\t\t<div class=\"elementor-column elementor-col-50 elementor-inner-column elementor-element elementor-element-d05ef15\" data-id=\"d05ef15\" data-element_type=\"column\" data-e-type=\"column\">\n\t\t\t<div class=\"elementor-widget-wrap elementor-element-populated\">\n\t\t\t\t\t\t<div class=\"elementor-element elementor-element-d5454f1 elementor-widget elementor-widget-text-editor\" data-id=\"d5454f1\" data-element_type=\"widget\" data-e-type=\"widget\" data-widget_type=\"text-editor.default\">\n\t\t\t\t<div class=\"elementor-widget-container\">\n\t\t\t\t\t\t\t\t\t<p><strong>SCHAUMPUMPEN<\/strong><br \/><a href=\"https:\/\/www.perimeter-solutions.com\/wp-content\/uploads\/2021\/02\/SOLB-Foam-Pump-Proportioner-F-2012013-2.pdf\" target=\"_blank\" rel=\"noopener\">Schaumstoffpumpe Proportionierer<\/a><\/p>\n<p><strong>INLINE-AUSGLEICHSDRUCK<\/strong><br \/><a href=\"https:\/\/www.perimeter-solutions.com\/wp-content\/uploads\/2021\/02\/SOLBERG-Inline-Proportioner-F-2011009-1.pdf\" target=\"_blank\" rel=\"noopener\">Inline-Dosierger\u00e4t<\/a><\/p>\n<p><strong>VERH\u00c4LTNIS-CONTROLLER<\/strong><br \/><a href=\"https:\/\/www.perimeter-solutions.com\/wp-content\/uploads\/2021\/02\/Foam-Ratio-Controller_F-2011013_Letter-v10.2-1.pdf\" target=\"_blank\" rel=\"noopener\">Schaum-Ratio-Controller<\/a><\/p>\n<p><strong>S-ZF INDUKTOREN<\/strong><br \/><a href=\"https:\/\/www.perimeter-solutions.com\/wp-content\/uploads\/2021\/02\/SOLB_SZF-Inductor-F-2017001-2.pdf\" target=\"_blank\" rel=\"noopener\">SZF-Induktor<\/a><\/p>\n<p><strong>GEWINDEDOSIERER<\/strong><br \/><a href=\"https:\/\/www.perimeter-solutions.com\/wp-content\/uploads\/2021\/05\/SOLB_Threaded-Proportioner-F-2011008_Letter-v7.1-1.pdf\" target=\"_blank\" rel=\"noopener\">Dosierger\u00e4t mit Gewinde<\/a><\/p>\n<p><strong>DOSIERGER\u00c4TE MIT VARIABLER REICHWEITE<\/strong><br \/><a href=\"https:\/\/www.perimeter-solutions.com\/wp-content\/uploads\/2021\/05\/SOLB_Variable-Range-Proportioner_F-2011019_Letter_v11.1.pdf\" target=\"_blank\" rel=\"noopener\">Dosierger\u00e4te mit variablem Bereich<\/a><\/p>\n<p><strong>PUMPEN-DOSIERGER\u00c4TE MIT VARIABLEM BEREICH<\/strong><br \/><a href=\"https:\/\/www.perimeter-solutions.com\/wp-content\/uploads\/2021\/05\/SOLB_Variable-Range-Proportioner_F-2011019_Letter_v11.1-1.pdf\" target=\"_blank\" rel=\"noopener\">Pumpen-Dosierger\u00e4t mit variablem Bereich<\/a><\/p>\n\t\t\t\t\t\t\t\t<\/div>\n\t\t\t\t<\/div>\n\t\t\t\t<div class=\"elementor-element elementor-element-60e298e elementor-widget elementor-widget-image\" data-id=\"60e298e\" data-element_type=\"widget\" data-e-type=\"widget\" data-widget_type=\"image.default\">\n\t\t\t\t<div class=\"elementor-widget-container\">\n\t\t\t\t\t\t\t\t\t\t\t\t\t\t\t<img fetchpriority=\"high\" decoding=\"async\" width=\"800\" height=\"636\" src=\"https:\/\/www.perimeter-solutions.com\/wp-content\/uploads\/2020\/12\/RatioController-9455.jpg\" class=\"attachment-large size-large wp-image-17774\" alt=\"\" \/>\t\t\t\t\t\t\t\t\t\t\t\t\t\t\t<\/div>\n\t\t\t\t<\/div>\n\t\t\t\t\t<\/div>\n\t\t<\/div>\n\t\t\t\t\t<\/div>\n\t\t<\/section>\n\t\t\t\t\t<\/div>\n\t\t<\/div>\n\t\t\t\t\t<\/div>\n\t\t<\/section>\n\t\t\t\t<\/div>\n\t\t","protected":false},"excerpt":{"rendered":"<p>Dosierger\u00e4te Wenn es um Dosierger\u00e4te geht, bietet Perimeter Solutions die Hardware, die Sie ben\u00f6tigen, um die Arbeit richtig zu erledigen \u2013 unabh\u00e4ngig davon, welche Art von Schaumsystem Sie betreiben. Foam [&hellip;]<\/p>\n","protected":false},"author":3,"featured_media":0,"parent":42894,"menu_order":0,"comment_status":"closed","ping_status":"closed","template":"","meta":{"_acf_changed":false,"footnotes":""},"class_list":["post-42903","page","type-page","status-publish","hentry"],"acf":[],"yoast_head":"<!-- This site is optimized with the Yoast SEO Premium plugin v21.9 (Yoast SEO v23.5) - https:\/\/yoast.com\/wordpress\/plugins\/seo\/ -->\n<title>Dosierger\u00e4te - Perimeter Solutions<\/title>\n<meta name=\"description\" content=\"Wenn es um Dosierger\u00e4te geht, hat Perimeter Solutions die Hardware, die Sie brauchen, um die Arbeit richtig zu erledigen.\" \/>\n<meta name=\"robots\" content=\"index, follow, max-snippet:-1, max-image-preview:large, max-video-preview:-1\" \/>\n<link rel=\"canonical\" href=\"https:\/\/www.perimeter-solutions.com\/de\/feuerloeschschaumausruestung\/dosiergeraete\/\" \/>\n<meta property=\"og:locale\" content=\"de_DE\" \/>\n<meta property=\"og:type\" content=\"article\" \/>\n<meta property=\"og:title\" content=\"Dosierger\u00e4te\" \/>\n<meta property=\"og:description\" content=\"Wenn es um Dosierger\u00e4te geht, hat Perimeter Solutions die Hardware, die Sie brauchen, um die Arbeit richtig zu erledigen.\" \/>\n<meta property=\"og:url\" content=\"https:\/\/www.perimeter-solutions.com\/de\/feuerloeschschaumausruestung\/dosiergeraete\/\" \/>\n<meta property=\"og:site_name\" content=\"Perimeter Solutions\" \/>\n<meta property=\"article:modified_time\" content=\"2024-08-15T02:09:25+00:00\" \/>\n<meta property=\"og:image\" content=\"https:\/\/www.perimeter-solutions.com\/wp-content\/uploads\/2020\/12\/RatioController-9455-1024x815.jpg\" \/>\n<meta name=\"twitter:card\" content=\"summary_large_image\" \/>\n<script type=\"application\/ld+json\" class=\"yoast-schema-graph\">{\"@context\":\"https:\/\/schema.org\",\"@graph\":[{\"@type\":\"WebPage\",\"@id\":\"https:\/\/www.perimeter-solutions.com\/de\/feuerloeschschaumausruestung\/dosiergeraete\/\",\"url\":\"https:\/\/www.perimeter-solutions.com\/de\/feuerloeschschaumausruestung\/dosiergeraete\/\",\"name\":\"Dosierger\u00e4te - Perimeter Solutions\",\"isPartOf\":{\"@id\":\"https:\/\/www.perimeter-solutions.com\/de\/#website\"},\"primaryImageOfPage\":{\"@id\":\"https:\/\/www.perimeter-solutions.com\/de\/feuerloeschschaumausruestung\/dosiergeraete\/#primaryimage\"},\"image\":{\"@id\":\"https:\/\/www.perimeter-solutions.com\/de\/feuerloeschschaumausruestung\/dosiergeraete\/#primaryimage\"},\"thumbnailUrl\":\"https:\/\/www.perimeter-solutions.com\/wp-content\/uploads\/2020\/12\/RatioController-9455-1024x815.jpg\",\"datePublished\":\"2020-12-02T19:42:07+00:00\",\"dateModified\":\"2024-08-15T02:09:25+00:00\",\"description\":\"Wenn es um Dosierger\u00e4te geht, hat Perimeter Solutions die Hardware, die Sie brauchen, um die Arbeit richtig zu erledigen.\",\"breadcrumb\":{\"@id\":\"https:\/\/www.perimeter-solutions.com\/de\/feuerloeschschaumausruestung\/dosiergeraete\/#breadcrumb\"},\"inLanguage\":\"de\",\"potentialAction\":[{\"@type\":\"ReadAction\",\"target\":[\"https:\/\/www.perimeter-solutions.com\/de\/feuerloeschschaumausruestung\/dosiergeraete\/\"]}]},{\"@type\":\"ImageObject\",\"inLanguage\":\"de\",\"@id\":\"https:\/\/www.perimeter-solutions.com\/de\/feuerloeschschaumausruestung\/dosiergeraete\/#primaryimage\",\"url\":\"https:\/\/www.perimeter-solutions.com\/wp-content\/uploads\/2020\/12\/RatioController-9455-1024x815.jpg\",\"contentUrl\":\"https:\/\/www.perimeter-solutions.com\/wp-content\/uploads\/2020\/12\/RatioController-9455-1024x815.jpg\"},{\"@type\":\"BreadcrumbList\",\"@id\":\"https:\/\/www.perimeter-solutions.com\/de\/feuerloeschschaumausruestung\/dosiergeraete\/#breadcrumb\",\"itemListElement\":[{\"@type\":\"ListItem\",\"position\":1,\"name\":\"Feuerl\u00f6schschaumausr\u00fcstung\",\"item\":\"https:\/\/www.perimeter-solutions.com\/de\/feuerloeschschaumausruestung\/\"},{\"@type\":\"ListItem\",\"position\":2,\"name\":\"Dosierger\u00e4te\"}]},{\"@type\":\"WebSite\",\"@id\":\"https:\/\/www.perimeter-solutions.com\/de\/#website\",\"url\":\"https:\/\/www.perimeter-solutions.com\/de\/\",\"name\":\"Perimeter Solutions\",\"description\":\"\",\"publisher\":{\"@id\":\"https:\/\/www.perimeter-solutions.com\/de\/#organization\"},\"potentialAction\":[{\"@type\":\"SearchAction\",\"target\":{\"@type\":\"EntryPoint\",\"urlTemplate\":\"https:\/\/www.perimeter-solutions.com\/de\/?s={search_term_string}\"},\"query-input\":{\"@type\":\"PropertyValueSpecification\",\"valueRequired\":true,\"valueName\":\"search_term_string\"}}],\"inLanguage\":\"de\"},{\"@type\":\"Organization\",\"@id\":\"https:\/\/www.perimeter-solutions.com\/de\/#organization\",\"name\":\"Perimeter Solutions\",\"url\":\"https:\/\/www.perimeter-solutions.com\/de\/\",\"logo\":{\"@type\":\"ImageObject\",\"inLanguage\":\"de\",\"@id\":\"https:\/\/www.perimeter-solutions.com\/de\/#\/schema\/logo\/image\/\",\"url\":\"https:\/\/www.perimeter-solutions.com\/wp-content\/uploads\/2021\/02\/perimeter-logo-RGB.png\",\"contentUrl\":\"https:\/\/www.perimeter-solutions.com\/wp-content\/uploads\/2021\/02\/perimeter-logo-RGB.png\",\"width\":794,\"height\":138,\"caption\":\"Perimeter Solutions\"},\"image\":{\"@id\":\"https:\/\/www.perimeter-solutions.com\/de\/#\/schema\/logo\/image\/\"}}]}<\/script>\n<!-- \/ Yoast SEO Premium plugin. -->","yoast_head_json":{"title":"Dosierger\u00e4te - Perimeter Solutions","description":"Wenn es um Dosierger\u00e4te geht, hat Perimeter Solutions die Hardware, die Sie brauchen, um die Arbeit richtig zu erledigen.","robots":{"index":"index","follow":"follow","max-snippet":"max-snippet:-1","max-image-preview":"max-image-preview:large","max-video-preview":"max-video-preview:-1"},"canonical":"https:\/\/www.perimeter-solutions.com\/de\/feuerloeschschaumausruestung\/dosiergeraete\/","og_locale":"de_DE","og_type":"article","og_title":"Dosierger\u00e4te","og_description":"Wenn es um Dosierger\u00e4te geht, hat Perimeter Solutions die Hardware, die Sie brauchen, um die Arbeit richtig zu erledigen.","og_url":"https:\/\/www.perimeter-solutions.com\/de\/feuerloeschschaumausruestung\/dosiergeraete\/","og_site_name":"Perimeter Solutions","article_modified_time":"2024-08-15T02:09:25+00:00","og_image":[{"url":"https:\/\/www.perimeter-solutions.com\/wp-content\/uploads\/2020\/12\/RatioController-9455-1024x815.jpg"}],"twitter_card":"summary_large_image","schema":{"@context":"https:\/\/schema.org","@graph":[{"@type":"WebPage","@id":"https:\/\/www.perimeter-solutions.com\/de\/feuerloeschschaumausruestung\/dosiergeraete\/","url":"https:\/\/www.perimeter-solutions.com\/de\/feuerloeschschaumausruestung\/dosiergeraete\/","name":"Dosierger\u00e4te - Perimeter Solutions","isPartOf":{"@id":"https:\/\/www.perimeter-solutions.com\/de\/#website"},"primaryImageOfPage":{"@id":"https:\/\/www.perimeter-solutions.com\/de\/feuerloeschschaumausruestung\/dosiergeraete\/#primaryimage"},"image":{"@id":"https:\/\/www.perimeter-solutions.com\/de\/feuerloeschschaumausruestung\/dosiergeraete\/#primaryimage"},"thumbnailUrl":"https:\/\/www.perimeter-solutions.com\/wp-content\/uploads\/2020\/12\/RatioController-9455-1024x815.jpg","datePublished":"2020-12-02T19:42:07+00:00","dateModified":"2024-08-15T02:09:25+00:00","description":"Wenn es um Dosierger\u00e4te geht, hat Perimeter Solutions die Hardware, die Sie brauchen, um die Arbeit richtig zu erledigen.","breadcrumb":{"@id":"https:\/\/www.perimeter-solutions.com\/de\/feuerloeschschaumausruestung\/dosiergeraete\/#breadcrumb"},"inLanguage":"de","potentialAction":[{"@type":"ReadAction","target":["https:\/\/www.perimeter-solutions.com\/de\/feuerloeschschaumausruestung\/dosiergeraete\/"]}]},{"@type":"ImageObject","inLanguage":"de","@id":"https:\/\/www.perimeter-solutions.com\/de\/feuerloeschschaumausruestung\/dosiergeraete\/#primaryimage","url":"https:\/\/www.perimeter-solutions.com\/wp-content\/uploads\/2020\/12\/RatioController-9455-1024x815.jpg","contentUrl":"https:\/\/www.perimeter-solutions.com\/wp-content\/uploads\/2020\/12\/RatioController-9455-1024x815.jpg"},{"@type":"BreadcrumbList","@id":"https:\/\/www.perimeter-solutions.com\/de\/feuerloeschschaumausruestung\/dosiergeraete\/#breadcrumb","itemListElement":[{"@type":"ListItem","position":1,"name":"Feuerl\u00f6schschaumausr\u00fcstung","item":"https:\/\/www.perimeter-solutions.com\/de\/feuerloeschschaumausruestung\/"},{"@type":"ListItem","position":2,"name":"Dosierger\u00e4te"}]},{"@type":"WebSite","@id":"https:\/\/www.perimeter-solutions.com\/de\/#website","url":"https:\/\/www.perimeter-solutions.com\/de\/","name":"Perimeter Solutions","description":"","publisher":{"@id":"https:\/\/www.perimeter-solutions.com\/de\/#organization"},"potentialAction":[{"@type":"SearchAction","target":{"@type":"EntryPoint","urlTemplate":"https:\/\/www.perimeter-solutions.com\/de\/?s={search_term_string}"},"query-input":{"@type":"PropertyValueSpecification","valueRequired":true,"valueName":"search_term_string"}}],"inLanguage":"de"},{"@type":"Organization","@id":"https:\/\/www.perimeter-solutions.com\/de\/#organization","name":"Perimeter Solutions","url":"https:\/\/www.perimeter-solutions.com\/de\/","logo":{"@type":"ImageObject","inLanguage":"de","@id":"https:\/\/www.perimeter-solutions.com\/de\/#\/schema\/logo\/image\/","url":"https:\/\/www.perimeter-solutions.com\/wp-content\/uploads\/2021\/02\/perimeter-logo-RGB.png","contentUrl":"https:\/\/www.perimeter-solutions.com\/wp-content\/uploads\/2021\/02\/perimeter-logo-RGB.png","width":794,"height":138,"caption":"Perimeter Solutions"},"image":{"@id":"https:\/\/www.perimeter-solutions.com\/de\/#\/schema\/logo\/image\/"}}]}},"_links":{"self":[{"href":"https:\/\/www.perimeter-solutions.com\/de\/wp-json\/wp\/v2\/pages\/42903","targetHints":{"allow":["GET"]}}],"collection":[{"href":"https:\/\/www.perimeter-solutions.com\/de\/wp-json\/wp\/v2\/pages"}],"about":[{"href":"https:\/\/www.perimeter-solutions.com\/de\/wp-json\/wp\/v2\/types\/page"}],"author":[{"embeddable":true,"href":"https:\/\/www.perimeter-solutions.com\/de\/wp-json\/wp\/v2\/users\/3"}],"replies":[{"embeddable":true,"href":"https:\/\/www.perimeter-solutions.com\/de\/wp-json\/wp\/v2\/comments?post=42903"}],"version-history":[{"count":3,"href":"https:\/\/www.perimeter-solutions.com\/de\/wp-json\/wp\/v2\/pages\/42903\/revisions"}],"predecessor-version":[{"id":43418,"href":"https:\/\/www.perimeter-solutions.com\/de\/wp-json\/wp\/v2\/pages\/42903\/revisions\/43418"}],"up":[{"embeddable":true,"href":"https:\/\/www.perimeter-solutions.com\/de\/wp-json\/wp\/v2\/pages\/42894"}],"wp:attachment":[{"href":"https:\/\/www.perimeter-solutions.com\/de\/wp-json\/wp\/v2\/media?parent=42903"}],"curies":[{"name":"wp","href":"https:\/\/api.w.org\/{rel}","templated":true}]}}