{"id":42901,"date":"2020-12-02T14:36:46","date_gmt":"2020-12-02T19:36:46","guid":{"rendered":"https:\/\/www.perimeter-solutions.com\/feuerloeschschaumausruestung\/systemtanks\/"},"modified":"2024-08-14T22:08:37","modified_gmt":"2024-08-15T02:08:37","slug":"systemtanks","status":"publish","type":"page","link":"https:\/\/www.perimeter-solutions.com\/de\/feuerloeschschaumausruestung\/systemtanks\/","title":{"rendered":"Systemtanks"},"content":{"rendered":"\t\t<div data-elementor-type=\"wp-page\" data-elementor-id=\"42901\" class=\"elementor elementor-42901 elementor-17661\" data-elementor-post-type=\"page\">\n\t\t\t\t\t\t<section class=\"elementor-section elementor-top-section elementor-element elementor-element-a53ddb9 elementor-section-stretched elementor-section-boxed elementor-section-height-default elementor-section-height-default\" data-id=\"a53ddb9\" data-element_type=\"section\" data-e-type=\"section\" data-settings=\"{&quot;stretch_section&quot;:&quot;section-stretched&quot;,&quot;background_background&quot;:&quot;classic&quot;}\">\n\t\t\t\t\t\t<div class=\"elementor-container elementor-column-gap-default\">\n\t\t\t\t\t<div class=\"elementor-column elementor-col-100 elementor-top-column elementor-element elementor-element-8e1337c\" data-id=\"8e1337c\" data-element_type=\"column\" data-e-type=\"column\">\n\t\t\t<div class=\"elementor-widget-wrap elementor-element-populated\">\n\t\t\t\t\t\t<div class=\"elementor-element elementor-element-3fcef61 elementor-widget elementor-widget-heading\" data-id=\"3fcef61\" data-element_type=\"widget\" data-e-type=\"widget\" data-widget_type=\"heading.default\">\n\t\t\t\t<div class=\"elementor-widget-container\">\n\t\t\t\t\t<h1 class=\"elementor-heading-title elementor-size-default\">Systemtanks<\/h1>\t\t\t\t<\/div>\n\t\t\t\t<\/div>\n\t\t\t\t\t<\/div>\n\t\t<\/div>\n\t\t\t\t\t<\/div>\n\t\t<\/section>\n\t\t\t\t<section class=\"elementor-section elementor-top-section elementor-element elementor-element-e36f22b elementor-section-boxed elementor-section-height-default elementor-section-height-default\" data-id=\"e36f22b\" data-element_type=\"section\" data-e-type=\"section\" data-settings=\"{&quot;background_background&quot;:&quot;classic&quot;}\">\n\t\t\t\t\t\t\t<div class=\"elementor-background-overlay\"><\/div>\n\t\t\t\t\t\t\t<div class=\"elementor-container elementor-column-gap-default\">\n\t\t\t\t\t<div class=\"elementor-column elementor-col-100 elementor-top-column elementor-element elementor-element-9ead739\" data-id=\"9ead739\" data-element_type=\"column\" data-e-type=\"column\">\n\t\t\t<div class=\"elementor-widget-wrap elementor-element-populated\">\n\t\t\t\t\t\t<section class=\"elementor-section elementor-inner-section elementor-element elementor-element-e8d1fa2 elementor-section-boxed elementor-section-height-default elementor-section-height-default\" data-id=\"e8d1fa2\" data-element_type=\"section\" data-e-type=\"section\">\n\t\t\t\t\t\t<div class=\"elementor-container elementor-column-gap-default\">\n\t\t\t\t\t<div class=\"elementor-column elementor-col-50 elementor-inner-column elementor-element elementor-element-280d082\" data-id=\"280d082\" data-element_type=\"column\" data-e-type=\"column\">\n\t\t\t<div class=\"elementor-widget-wrap elementor-element-populated\">\n\t\t\t\t\t\t<div class=\"elementor-element elementor-element-7081ee5 elementor-widget elementor-widget-text-editor\" data-id=\"7081ee5\" data-element_type=\"widget\" data-e-type=\"widget\" data-widget_type=\"text-editor.default\">\n\t\t\t\t<div class=\"elementor-widget-container\">\n\t\t\t\t\t\t\t\t\t<p>Perimeter Solutions bietet eine gro\u00dfe Auswahl an Systemtanks, die von vertikalen bis horizontalen, Standard- und vorverrohrten, atmosph\u00e4rischen und Edelstahl reichen, sowie das dazugeh\u00f6rige Zubeh\u00f6r. Sie k\u00f6nnen sich auch auf Perimeter Solutions f\u00fcr Ihre Hardware-Anforderungen f\u00fcr Schaumpumpen-Skid verlassen.<\/p>\n<p>Die festen Schauml\u00f6schsysteme von Perimeter Solutions sind f\u00fcr den Schutz von Einzel- und Mehrfachanwendungen mit hohem Risiko ausgelegt, einschlie\u00dflich, aber nicht beschr\u00e4nkt auf Flugzeughangars, Schaumwassersprinklersysteme, Hubschrauberlandepl\u00e4tze und LKW-Laderampen.<br \/>\nDie festen Schauml\u00f6schsysteme von Perimeter Solutions sind au\u00dferdem mit allen Schaumkonzentraten von Perimeter Solutions kompatibel. <\/p>\n<p><strong>Atmosph\u00e4rische Lagertanks<\/strong><\/p>\n<p>Perimeter Solutions Atmosph\u00e4rische Lagertanks werden normalerweise in Verbindung mit Pumpen-Dosiersystemen mit ausgeglichenem Druck oder Inline-Systemen mit ausgeglichenem Druck-Dosiersystem verwendet. Die Lagertanks selbst sind aus hochdichtem, vernetztem Polyethylen in einer vertikalen Konfiguration gefertigt. Lagertankbaugruppen sind mit Sauganschluss, R\u00fccklaufanschluss, Ablass-\/F\u00fcllanschluss und gew\u00f6lbtem Oberteil ausgestattet. Perimeter Solutions Atmosph\u00e4rische Schaumkonzentrat-Lagertanks sind in Standardgr\u00f6\u00dfen erh\u00e4ltlich oder kundenspezifisch nach Ihren Vorgaben gefertigt. Die Gr\u00f6\u00dfen reichen von 100 bis 10.000 Gallonen (18 &#8211; 37854 Liter).<\/p>\n<p><strong>Blasenlagertanks<\/strong><\/p>\n<p>Perimeter Solutions Blasentanks sind die Hauptkomponente in einem Druckausgleichssystem, das au\u00dfer einer ausreichenden Wasserversorgung keine externe Stromquelle ben\u00f6tigt. Der Perimeter Solutions Bladder Tank ist ein Druckbeh\u00e4lter aus Kohlenstoffstahl mit einer Nylon-verst\u00e4rkten Neopren-Gummiblase, die das Schaumkonzentrat speichert. W\u00e4hrend des Betriebs wird das Schaumkonzentrat \u00fcber die Wasserversorgung aus dem Tank abgeleitet, wodurch die Blase um das perforierte Mittelrohr kollabiert, bis das Konzentrat aufgebraucht ist. Perimeter Solutions Bladder Tanks sind in Standard- und vorverrohrten Konfigurationen, in vertikaler und horizontaler Ausf\u00fchrung und in verschiedenen Gr\u00f6\u00dfen von 50 bis 3300 Gallonen (189 &#8211; 12492 Liter) erh\u00e4ltlich.<\/p>\n<p><strong>Ersatzblasen<\/strong><\/p>\n<p>Perimeter Solutions bietet Ersatzblasen an, die in Schaumblasentanksystemen verwendet werden. Unser Blasenmaterial bietet die h\u00f6chsten Standards in Qualit\u00e4t, Festigkeit, Flexibilit\u00e4t und Haltbarkeit.<\/p>\n<p><strong>Zubeh\u00f6rventile f\u00fcr Schaumsysteme<\/strong><\/p>\n<p>Perimeter Solutions R\u00fcckschlagventile sind f\u00fcr die meisten Schaumsysteme f\u00fcr Blasentanks erh\u00e4ltlich. Alle Ventile sind aus Edelstahl oder Messing gefertigt und haben NPT-Anschl\u00fcsse mit einem maximalen Arbeitsdruck von 200 psi (14 bar).<\/p>\n<p>Die Kugelventile f\u00fcr den Wassereinlass und die Konzentratisolierung werden mit der Hardware der Schaumsysteme von Perimeter Solutions verwendet.<br \/>\nBeide Ventile sind aus rostfreiem Stahl gefertigt, haben RTFE-Sitze, PTFE-Sitze und NPT-Gewindeanschl\u00fcsse. <\/p>\n<p>Das Mini-Druckminderventil (PRV) von Perimeter Solutions wurde entwickelt, um den einstr\u00f6menden Wasserdruck auf ein vern\u00fcnftiges Niveau zu reduzieren, um die Komponenten des Schaumsystems zu sch\u00fctzen. Das PRV besteht aus einem Messinggeh\u00e4use, einer Edelstahlspindel und -feder, Buna-N-Sitzen und einer Membrane.<\/p>\n<p><strong>Hydraulische Konzentratkugelh\u00e4hne<\/strong><\/p>\n<p>Hydraulische Konzentrat-Kugelh\u00e4hne von Perimeter Solutions sind in Standardgr\u00f6\u00dfen von 1,0 Zoll bis 2,5 Zoll (DN25-DN65) erh\u00e4ltlich, um dem Konzentrateinlassgewinde (oder Flansch) der Perimeter Solutions-Dosierer und Inline-Ausgleichsdruck-Dosierer (ILBP) zu entsprechen. Jeder Kugelhahn besteht aus einem werkseitig montierten und getesteten Kugelhahn aus Edelstahl oder Bronze, einem hydraulischen Stellantrieb aus Edelstahl und einem Montagesatz zur Befestigung des Stellantriebs am Kugelhahn. Der Antrieb verf\u00fcgt \u00fcber eine Stellungsanzeige zur manuellen R\u00fcckstellung.<\/p>\n\t\t\t\t\t\t\t\t<\/div>\n\t\t\t\t<\/div>\n\t\t\t\t\t<\/div>\n\t\t<\/div>\n\t\t\t\t<div class=\"elementor-column elementor-col-50 elementor-inner-column elementor-element elementor-element-d05ef15\" data-id=\"d05ef15\" data-element_type=\"column\" data-e-type=\"column\">\n\t\t\t<div class=\"elementor-widget-wrap elementor-element-populated\">\n\t\t\t\t\t\t<div class=\"elementor-element elementor-element-d5454f1 elementor-widget elementor-widget-text-editor\" data-id=\"d5454f1\" data-element_type=\"widget\" data-e-type=\"widget\" data-widget_type=\"text-editor.default\">\n\t\t\t\t<div class=\"elementor-widget-container\">\n\t\t\t\t\t\t\t\t\t<p><strong>ATMOSPH\u00c4RE<br \/><\/strong><a href=\"https:\/\/www.perimeter-solutions.com\/wp-content\/uploads\/2021\/02\/SOLB_Atmospheric-Tanks-F-2011016-2.pdf\" target=\"_blank\" rel=\"noopener\">Atmosph\u00e4rische Tanks<\/a><\/p>\n<p><strong>BLADDER<br \/><\/strong><a href=\"https:\/\/www.perimeter-solutions.com\/wp-content\/uploads\/2021\/02\/Bladder-Tanks-F-2011017_8-1-LETTER.pdf\" target=\"_blank\" rel=\"noopener\">Blase Tanks<\/a><br \/><a href=\"https:\/\/www.perimeter-solutions.com\/wp-content\/uploads\/2021\/02\/Pre-Piped-Bladder-F-2011018-5.pdf\" target=\"_blank\" rel=\"noopener\">Vorverrohrte Blase<\/a><br \/><a href=\"https:\/\/www.perimeter-solutions.com\/wp-content\/uploads\/2024\/02\/PERI-MAG-Replacement-Bladders-01-LETTER.pdf\">Ersatzblase<\/a><\/p>\n<p><strong>ZUBEH\u00d6R<br \/><\/strong><a href=\"https:\/\/www.perimeter-solutions.com\/wp-content\/uploads\/2021\/02\/SOLB-Foam-System-Accessory-Valves-2013002-3-1.pdf\" target=\"_blank\" rel=\"noopener\">Schaumsystem-Zubeh\u00f6r Ventile<\/a><\/p>\n<p><strong>HYDRAULISCH<br \/><\/strong><a href=\"https:\/\/www.perimeter-solutions.com\/wp-content\/uploads\/2021\/02\/SOLB_Hydraulic-Concentrate-Ball-Valve-F-2013001-3-LETTER.pdf\" target=\"_blank\" rel=\"noopener\">Hydraulik-Konzentrat-Kugelhahn<\/a><\/p>\n\t\t\t\t\t\t\t\t<\/div>\n\t\t\t\t<\/div>\n\t\t\t\t<div class=\"elementor-element elementor-element-23a9b3b elementor-widget elementor-widget-image\" data-id=\"23a9b3b\" data-element_type=\"widget\" data-e-type=\"widget\" data-widget_type=\"image.default\">\n\t\t\t\t<div class=\"elementor-widget-container\">\n\t\t\t\t\t\t\t\t\t\t\t\t\t\t\t<img fetchpriority=\"high\" decoding=\"async\" width=\"800\" height=\"676\" src=\"https:\/\/www.perimeter-solutions.com\/wp-content\/uploads\/2020\/12\/Solbeg-PrePipedBladderTankHz.jpg\" class=\"attachment-large size-large wp-image-17767\" alt=\"\" \/>\t\t\t\t\t\t\t\t\t\t\t\t\t\t\t<\/div>\n\t\t\t\t<\/div>\n\t\t\t\t\t<\/div>\n\t\t<\/div>\n\t\t\t\t\t<\/div>\n\t\t<\/section>\n\t\t\t\t\t<\/div>\n\t\t<\/div>\n\t\t\t\t\t<\/div>\n\t\t<\/section>\n\t\t\t\t<\/div>\n\t\t","protected":false},"excerpt":{"rendered":"<p>Systemtanks Perimeter Solutions bietet eine gro\u00dfe Auswahl an Systemtanks, die von vertikalen bis horizontalen, Standard- und vorverrohrten, atmosph\u00e4rischen und Edelstahl reichen, sowie das dazugeh\u00f6rige Zubeh\u00f6r. Sie k\u00f6nnen sich auch auf [&hellip;]<\/p>\n","protected":false},"author":3,"featured_media":0,"parent":42894,"menu_order":0,"comment_status":"closed","ping_status":"closed","template":"","meta":{"_acf_changed":false,"footnotes":""},"class_list":["post-42901","page","type-page","status-publish","hentry"],"acf":[],"yoast_head":"<!-- This site is optimized with the Yoast SEO Premium plugin v21.9 (Yoast SEO v23.5) - https:\/\/yoast.com\/wordpress\/plugins\/seo\/ -->\n<title>Systemtanks - Perimeter Solutions<\/title>\n<meta name=\"description\" content=\"Perimeter Solutions bietet eine gro\u00dfe Auswahl an Schaumunterdr\u00fcckungs-Systemtanks sowie das dazugeh\u00f6rige Zubeh\u00f6r.\" \/>\n<meta name=\"robots\" content=\"index, follow, max-snippet:-1, max-image-preview:large, max-video-preview:-1\" \/>\n<link rel=\"canonical\" href=\"https:\/\/www.perimeter-solutions.com\/de\/feuerloeschschaumausruestung\/systemtanks\/\" \/>\n<meta property=\"og:locale\" content=\"de_DE\" \/>\n<meta property=\"og:type\" content=\"article\" \/>\n<meta property=\"og:title\" content=\"Systemtanks\" \/>\n<meta property=\"og:description\" content=\"Perimeter Solutions bietet eine gro\u00dfe Auswahl an Schaumunterdr\u00fcckungs-Systemtanks sowie das dazugeh\u00f6rige Zubeh\u00f6r.\" \/>\n<meta property=\"og:url\" content=\"https:\/\/www.perimeter-solutions.com\/de\/feuerloeschschaumausruestung\/systemtanks\/\" \/>\n<meta property=\"og:site_name\" content=\"Perimeter Solutions\" \/>\n<meta property=\"article:modified_time\" content=\"2024-08-15T02:08:37+00:00\" \/>\n<meta property=\"og:image\" content=\"https:\/\/www.perimeter-solutions.com\/wp-content\/uploads\/2020\/12\/Solbeg-PrePipedBladderTankHz.jpg\" \/>\n<meta name=\"twitter:card\" content=\"summary_large_image\" \/>\n<meta name=\"twitter:label1\" content=\"Gesch\u00e4tzte Lesezeit\" \/>\n\t<meta name=\"twitter:data1\" content=\"3\u00a0Minuten\" \/>\n<script type=\"application\/ld+json\" class=\"yoast-schema-graph\">{\"@context\":\"https:\/\/schema.org\",\"@graph\":[{\"@type\":\"WebPage\",\"@id\":\"https:\/\/www.perimeter-solutions.com\/de\/feuerloeschschaumausruestung\/systemtanks\/\",\"url\":\"https:\/\/www.perimeter-solutions.com\/de\/feuerloeschschaumausruestung\/systemtanks\/\",\"name\":\"Systemtanks - Perimeter Solutions\",\"isPartOf\":{\"@id\":\"https:\/\/www.perimeter-solutions.com\/de\/#website\"},\"primaryImageOfPage\":{\"@id\":\"https:\/\/www.perimeter-solutions.com\/de\/feuerloeschschaumausruestung\/systemtanks\/#primaryimage\"},\"image\":{\"@id\":\"https:\/\/www.perimeter-solutions.com\/de\/feuerloeschschaumausruestung\/systemtanks\/#primaryimage\"},\"thumbnailUrl\":\"https:\/\/www.perimeter-solutions.com\/wp-content\/uploads\/2020\/12\/Solbeg-PrePipedBladderTankHz.jpg\",\"datePublished\":\"2020-12-02T19:36:46+00:00\",\"dateModified\":\"2024-08-15T02:08:37+00:00\",\"description\":\"Perimeter Solutions bietet eine gro\u00dfe Auswahl an Schaumunterdr\u00fcckungs-Systemtanks sowie das dazugeh\u00f6rige Zubeh\u00f6r.\",\"breadcrumb\":{\"@id\":\"https:\/\/www.perimeter-solutions.com\/de\/feuerloeschschaumausruestung\/systemtanks\/#breadcrumb\"},\"inLanguage\":\"de\",\"potentialAction\":[{\"@type\":\"ReadAction\",\"target\":[\"https:\/\/www.perimeter-solutions.com\/de\/feuerloeschschaumausruestung\/systemtanks\/\"]}]},{\"@type\":\"ImageObject\",\"inLanguage\":\"de\",\"@id\":\"https:\/\/www.perimeter-solutions.com\/de\/feuerloeschschaumausruestung\/systemtanks\/#primaryimage\",\"url\":\"https:\/\/www.perimeter-solutions.com\/wp-content\/uploads\/2020\/12\/Solbeg-PrePipedBladderTankHz.jpg\",\"contentUrl\":\"https:\/\/www.perimeter-solutions.com\/wp-content\/uploads\/2020\/12\/Solbeg-PrePipedBladderTankHz.jpg\"},{\"@type\":\"BreadcrumbList\",\"@id\":\"https:\/\/www.perimeter-solutions.com\/de\/feuerloeschschaumausruestung\/systemtanks\/#breadcrumb\",\"itemListElement\":[{\"@type\":\"ListItem\",\"position\":1,\"name\":\"Feuerl\u00f6schschaumausr\u00fcstung\",\"item\":\"https:\/\/www.perimeter-solutions.com\/de\/feuerloeschschaumausruestung\/\"},{\"@type\":\"ListItem\",\"position\":2,\"name\":\"Systemtanks\"}]},{\"@type\":\"WebSite\",\"@id\":\"https:\/\/www.perimeter-solutions.com\/de\/#website\",\"url\":\"https:\/\/www.perimeter-solutions.com\/de\/\",\"name\":\"Perimeter Solutions\",\"description\":\"\",\"publisher\":{\"@id\":\"https:\/\/www.perimeter-solutions.com\/de\/#organization\"},\"potentialAction\":[{\"@type\":\"SearchAction\",\"target\":{\"@type\":\"EntryPoint\",\"urlTemplate\":\"https:\/\/www.perimeter-solutions.com\/de\/?s={search_term_string}\"},\"query-input\":{\"@type\":\"PropertyValueSpecification\",\"valueRequired\":true,\"valueName\":\"search_term_string\"}}],\"inLanguage\":\"de\"},{\"@type\":\"Organization\",\"@id\":\"https:\/\/www.perimeter-solutions.com\/de\/#organization\",\"name\":\"Perimeter Solutions\",\"url\":\"https:\/\/www.perimeter-solutions.com\/de\/\",\"logo\":{\"@type\":\"ImageObject\",\"inLanguage\":\"de\",\"@id\":\"https:\/\/www.perimeter-solutions.com\/de\/#\/schema\/logo\/image\/\",\"url\":\"https:\/\/www.perimeter-solutions.com\/wp-content\/uploads\/2021\/02\/perimeter-logo-RGB.png\",\"contentUrl\":\"https:\/\/www.perimeter-solutions.com\/wp-content\/uploads\/2021\/02\/perimeter-logo-RGB.png\",\"width\":794,\"height\":138,\"caption\":\"Perimeter Solutions\"},\"image\":{\"@id\":\"https:\/\/www.perimeter-solutions.com\/de\/#\/schema\/logo\/image\/\"}}]}<\/script>\n<!-- \/ Yoast SEO Premium plugin. -->","yoast_head_json":{"title":"Systemtanks - Perimeter Solutions","description":"Perimeter Solutions bietet eine gro\u00dfe Auswahl an Schaumunterdr\u00fcckungs-Systemtanks sowie das dazugeh\u00f6rige Zubeh\u00f6r.","robots":{"index":"index","follow":"follow","max-snippet":"max-snippet:-1","max-image-preview":"max-image-preview:large","max-video-preview":"max-video-preview:-1"},"canonical":"https:\/\/www.perimeter-solutions.com\/de\/feuerloeschschaumausruestung\/systemtanks\/","og_locale":"de_DE","og_type":"article","og_title":"Systemtanks","og_description":"Perimeter Solutions bietet eine gro\u00dfe Auswahl an Schaumunterdr\u00fcckungs-Systemtanks sowie das dazugeh\u00f6rige Zubeh\u00f6r.","og_url":"https:\/\/www.perimeter-solutions.com\/de\/feuerloeschschaumausruestung\/systemtanks\/","og_site_name":"Perimeter Solutions","article_modified_time":"2024-08-15T02:08:37+00:00","og_image":[{"url":"https:\/\/www.perimeter-solutions.com\/wp-content\/uploads\/2020\/12\/Solbeg-PrePipedBladderTankHz.jpg"}],"twitter_card":"summary_large_image","twitter_misc":{"Gesch\u00e4tzte Lesezeit":"3\u00a0Minuten"},"schema":{"@context":"https:\/\/schema.org","@graph":[{"@type":"WebPage","@id":"https:\/\/www.perimeter-solutions.com\/de\/feuerloeschschaumausruestung\/systemtanks\/","url":"https:\/\/www.perimeter-solutions.com\/de\/feuerloeschschaumausruestung\/systemtanks\/","name":"Systemtanks - Perimeter Solutions","isPartOf":{"@id":"https:\/\/www.perimeter-solutions.com\/de\/#website"},"primaryImageOfPage":{"@id":"https:\/\/www.perimeter-solutions.com\/de\/feuerloeschschaumausruestung\/systemtanks\/#primaryimage"},"image":{"@id":"https:\/\/www.perimeter-solutions.com\/de\/feuerloeschschaumausruestung\/systemtanks\/#primaryimage"},"thumbnailUrl":"https:\/\/www.perimeter-solutions.com\/wp-content\/uploads\/2020\/12\/Solbeg-PrePipedBladderTankHz.jpg","datePublished":"2020-12-02T19:36:46+00:00","dateModified":"2024-08-15T02:08:37+00:00","description":"Perimeter Solutions bietet eine gro\u00dfe Auswahl an Schaumunterdr\u00fcckungs-Systemtanks sowie das dazugeh\u00f6rige Zubeh\u00f6r.","breadcrumb":{"@id":"https:\/\/www.perimeter-solutions.com\/de\/feuerloeschschaumausruestung\/systemtanks\/#breadcrumb"},"inLanguage":"de","potentialAction":[{"@type":"ReadAction","target":["https:\/\/www.perimeter-solutions.com\/de\/feuerloeschschaumausruestung\/systemtanks\/"]}]},{"@type":"ImageObject","inLanguage":"de","@id":"https:\/\/www.perimeter-solutions.com\/de\/feuerloeschschaumausruestung\/systemtanks\/#primaryimage","url":"https:\/\/www.perimeter-solutions.com\/wp-content\/uploads\/2020\/12\/Solbeg-PrePipedBladderTankHz.jpg","contentUrl":"https:\/\/www.perimeter-solutions.com\/wp-content\/uploads\/2020\/12\/Solbeg-PrePipedBladderTankHz.jpg"},{"@type":"BreadcrumbList","@id":"https:\/\/www.perimeter-solutions.com\/de\/feuerloeschschaumausruestung\/systemtanks\/#breadcrumb","itemListElement":[{"@type":"ListItem","position":1,"name":"Feuerl\u00f6schschaumausr\u00fcstung","item":"https:\/\/www.perimeter-solutions.com\/de\/feuerloeschschaumausruestung\/"},{"@type":"ListItem","position":2,"name":"Systemtanks"}]},{"@type":"WebSite","@id":"https:\/\/www.perimeter-solutions.com\/de\/#website","url":"https:\/\/www.perimeter-solutions.com\/de\/","name":"Perimeter Solutions","description":"","publisher":{"@id":"https:\/\/www.perimeter-solutions.com\/de\/#organization"},"potentialAction":[{"@type":"SearchAction","target":{"@type":"EntryPoint","urlTemplate":"https:\/\/www.perimeter-solutions.com\/de\/?s={search_term_string}"},"query-input":{"@type":"PropertyValueSpecification","valueRequired":true,"valueName":"search_term_string"}}],"inLanguage":"de"},{"@type":"Organization","@id":"https:\/\/www.perimeter-solutions.com\/de\/#organization","name":"Perimeter Solutions","url":"https:\/\/www.perimeter-solutions.com\/de\/","logo":{"@type":"ImageObject","inLanguage":"de","@id":"https:\/\/www.perimeter-solutions.com\/de\/#\/schema\/logo\/image\/","url":"https:\/\/www.perimeter-solutions.com\/wp-content\/uploads\/2021\/02\/perimeter-logo-RGB.png","contentUrl":"https:\/\/www.perimeter-solutions.com\/wp-content\/uploads\/2021\/02\/perimeter-logo-RGB.png","width":794,"height":138,"caption":"Perimeter Solutions"},"image":{"@id":"https:\/\/www.perimeter-solutions.com\/de\/#\/schema\/logo\/image\/"}}]}},"_links":{"self":[{"href":"https:\/\/www.perimeter-solutions.com\/de\/wp-json\/wp\/v2\/pages\/42901","targetHints":{"allow":["GET"]}}],"collection":[{"href":"https:\/\/www.perimeter-solutions.com\/de\/wp-json\/wp\/v2\/pages"}],"about":[{"href":"https:\/\/www.perimeter-solutions.com\/de\/wp-json\/wp\/v2\/types\/page"}],"author":[{"embeddable":true,"href":"https:\/\/www.perimeter-solutions.com\/de\/wp-json\/wp\/v2\/users\/3"}],"replies":[{"embeddable":true,"href":"https:\/\/www.perimeter-solutions.com\/de\/wp-json\/wp\/v2\/comments?post=42901"}],"version-history":[{"count":3,"href":"https:\/\/www.perimeter-solutions.com\/de\/wp-json\/wp\/v2\/pages\/42901\/revisions"}],"predecessor-version":[{"id":43416,"href":"https:\/\/www.perimeter-solutions.com\/de\/wp-json\/wp\/v2\/pages\/42901\/revisions\/43416"}],"up":[{"embeddable":true,"href":"https:\/\/www.perimeter-solutions.com\/de\/wp-json\/wp\/v2\/pages\/42894"}],"wp:attachment":[{"href":"https:\/\/www.perimeter-solutions.com\/de\/wp-json\/wp\/v2\/media?parent=42901"}],"curies":[{"name":"wp","href":"https:\/\/api.w.org\/{rel}","templated":true}]}}