{"id":42884,"date":"2020-12-01T21:15:58","date_gmt":"2020-12-02T02:15:58","guid":{"rendered":"https:\/\/www.perimeter-solutions.com\/karriere-bei-perimeter-solutions\/"},"modified":"2024-08-14T21:42:19","modified_gmt":"2024-08-15T01:42:19","slug":"karriere-bei-perimeter-solutions","status":"publish","type":"page","link":"https:\/\/www.perimeter-solutions.com\/de\/karriere-bei-perimeter-solutions\/","title":{"rendered":"Karriere bei Perimeter Solutions"},"content":{"rendered":"\t\t<div data-elementor-type=\"wp-page\" data-elementor-id=\"42884\" class=\"elementor elementor-42884 elementor-17447\" data-elementor-post-type=\"page\">\n\t\t\t\t\t\t<section class=\"elementor-section elementor-top-section elementor-element elementor-element-a53ddb9 elementor-section-stretched elementor-section-boxed elementor-section-height-default elementor-section-height-default\" data-id=\"a53ddb9\" data-element_type=\"section\" data-e-type=\"section\" data-settings=\"{&quot;stretch_section&quot;:&quot;section-stretched&quot;,&quot;background_background&quot;:&quot;classic&quot;}\">\n\t\t\t\t\t\t<div class=\"elementor-container elementor-column-gap-default\">\n\t\t\t\t\t<div class=\"elementor-column elementor-col-100 elementor-top-column elementor-element elementor-element-8e1337c\" data-id=\"8e1337c\" data-element_type=\"column\" data-e-type=\"column\">\n\t\t\t<div class=\"elementor-widget-wrap elementor-element-populated\">\n\t\t\t\t\t\t<div class=\"elementor-element elementor-element-3fcef61 elementor-widget elementor-widget-heading\" data-id=\"3fcef61\" data-element_type=\"widget\" data-e-type=\"widget\" data-widget_type=\"heading.default\">\n\t\t\t\t<div class=\"elementor-widget-container\">\n\t\t\t\t\t<h1 class=\"elementor-heading-title elementor-size-default\">Karriere bei Perimeter Solutions<\/h1>\t\t\t\t<\/div>\n\t\t\t\t<\/div>\n\t\t\t\t\t<\/div>\n\t\t<\/div>\n\t\t\t\t\t<\/div>\n\t\t<\/section>\n\t\t\t\t<section class=\"elementor-section elementor-top-section elementor-element elementor-element-e36f22b elementor-section-boxed elementor-section-height-default elementor-section-height-default\" data-id=\"e36f22b\" data-element_type=\"section\" data-e-type=\"section\" data-settings=\"{&quot;background_background&quot;:&quot;classic&quot;}\">\n\t\t\t\t\t\t\t<div class=\"elementor-background-overlay\"><\/div>\n\t\t\t\t\t\t\t<div class=\"elementor-container elementor-column-gap-default\">\n\t\t\t\t\t<div class=\"elementor-column elementor-col-100 elementor-top-column elementor-element elementor-element-9ead739\" data-id=\"9ead739\" data-element_type=\"column\" data-e-type=\"column\">\n\t\t\t<div class=\"elementor-widget-wrap elementor-element-populated\">\n\t\t\t\t\t\t<div class=\"elementor-element elementor-element-0c290f4 elementor-widget elementor-widget-heading\" data-id=\"0c290f4\" data-element_type=\"widget\" data-e-type=\"widget\" data-widget_type=\"heading.default\">\n\t\t\t\t<div class=\"elementor-widget-container\">\n\t\t\t\t\t<h4 class=\"elementor-heading-title elementor-size-default\">Werden Sie Teil unseres wachsenden Unternehmens<\/h4>\t\t\t\t<\/div>\n\t\t\t\t<\/div>\n\t\t\t\t<div class=\"elementor-element elementor-element-d5454f1 elementor-widget elementor-widget-text-editor\" data-id=\"d5454f1\" data-element_type=\"widget\" data-e-type=\"widget\" data-widget_type=\"text-editor.default\">\n\t\t\t\t<div class=\"elementor-widget-container\">\n\t\t\t\t\t\t\t\t\t<p>Unser gr\u00f6\u00dftes Kapital bei Perimeter Solutions sind unsere Mitarbeiter &#8211; unser vielf\u00e4ltiges, globales Netzwerk von Wissenschaftlern und Ingenieuren, Fertigungsexperten, Logistik- und Serviceteams, die unser Unternehmen zu dem dynamischen und wachsenden Unternehmen machen, das es heute ist. Mit Standorten in ganz Nordamerika und Europa sind wir gro\u00df genug, um Ihnen lohnende M\u00f6glichkeiten zu bieten, aber klein genug, damit Ihre harte Arbeit Anerkennung findet.<\/p>\n<p>Wir glauben, dass die pers\u00f6nliche und berufliche Unterst\u00fctzung unserer Mitarbeiter der beste Weg ist, unsere Mitarbeiter zu motivieren und zu motivieren, Gro\u00dfartiges zu leisten. Wenn Sie bereits Erfahrung mit Brandschutzchemikalien oder Schmierstoffadditiven haben oder gerade Ihre berufliche Laufbahn beginnen und unser Team f\u00fcr leistungsstarke L\u00f6sungen verst\u00e4rken m\u00f6chten, suchen Sie nach unseren Stellenangeboten.<\/p>\n<p>Wir bei Perimeter Solutions sind bestrebt, ein Umfeld der Chancengleichheit und der positiven Ma\u00dfnahmen aufrechtzuerhalten. Als Arbeitgeber, der auf Chancengleichheit achtet, werden alle qualifizierten Bewerber ohne R\u00fccksicht auf Rasse, Hautfarbe, Religion, Geschlecht, sexuelle Orientierung, Geschlechtsidentit\u00e4t, nationale Herkunft, Alter, Status als gesch\u00fctzter Veteran oder Behinderung bei der Einstellung ber\u00fccksichtigt.<br \/>\nWenn Sie eine angemessene Unterst\u00fctzung ben\u00f6tigen, um auf die Informationen auf dieser Website zuzugreifen, wenden Sie sich bitte an das Perimeter Solutions Corporate Office unter 314-396-7343 oder <a href=\"mailto:jobs@perimeter-solutions.com\">jobs@perimeter-solutions.com<\/a>. <\/p>\n\t\t\t\t\t\t\t\t<\/div>\n\t\t\t\t<\/div>\n\t\t\t\t<div class=\"elementor-element elementor-element-91101f3 elementor-widget elementor-widget-heading\" data-id=\"91101f3\" data-element_type=\"widget\" data-e-type=\"widget\" data-widget_type=\"heading.default\">\n\t\t\t\t<div class=\"elementor-widget-container\">\n\t\t\t\t\t<h4 class=\"elementor-heading-title elementor-size-default\">Offene Stellenangebote<\/h4>\t\t\t\t<\/div>\n\t\t\t\t<\/div>\n\t\t\t\t<div class=\"elementor-element elementor-element-c6a8506 elementor-widget elementor-widget-heading\" data-id=\"c6a8506\" data-element_type=\"widget\" data-e-type=\"widget\" data-widget_type=\"heading.default\">\n\t\t\t\t<div class=\"elementor-widget-container\">\n\t\t\t\t\t<h4 class=\"elementor-heading-title elementor-size-default\"><a href=\"https:\/\/perimeter-solutions-lp.prismhr-hire.com\/job\/748428\/environmental-health-and-safety-coordinator\">Koordinator f\u00fcr Umwelt, Gesundheit und Sicherheit<\/a><\/h4>\t\t\t\t<\/div>\n\t\t\t\t<\/div>\n\t\t\t\t<div class=\"elementor-element elementor-element-9a7f4cc elementor-widget elementor-widget-heading\" data-id=\"9a7f4cc\" data-element_type=\"widget\" data-e-type=\"widget\" data-widget_type=\"heading.default\">\n\t\t\t\t<div class=\"elementor-widget-container\">\n\t\t\t\t\t<h4 class=\"elementor-heading-title elementor-size-default\"><a href=\"https:\/\/perimeter-solutions-lp.prismhr-hire.com\/job\/788347\/research-scientist-green-bay-wi\">FORSCHUNGSWISSENSCHAFTLER - Green Bay, WI<\/a><\/h4>\t\t\t\t<\/div>\n\t\t\t\t<\/div>\n\t\t\t\t<div class=\"elementor-element elementor-element-a7c9db9 elementor-widget elementor-widget-heading\" data-id=\"a7c9db9\" data-element_type=\"widget\" data-e-type=\"widget\" data-widget_type=\"heading.default\">\n\t\t\t\t<div class=\"elementor-widget-container\">\n\t\t\t\t\t<h4 class=\"elementor-heading-title elementor-size-default\"><a href=\"https:\/\/perimeter-solutions-lp.prismhr-hire.com\/job\/792092\/senior-netsuite-engineer\">Senior NetSuite Ingenieur<\/a><\/h4>\t\t\t\t<\/div>\n\t\t\t\t<\/div>\n\t\t\t\t<div class=\"elementor-element elementor-element-66540d1 elementor-widget elementor-widget-heading\" data-id=\"66540d1\" data-element_type=\"widget\" data-e-type=\"widget\" data-widget_type=\"heading.default\">\n\t\t\t\t<div class=\"elementor-widget-container\">\n\t\t\t\t\t<h4 class=\"elementor-heading-title elementor-size-default\"><a href=\"https:\/\/perimeter-solutions-lp.prismhr-hire.com\/job\/801548\/technical-representative-alberta\">Technischer Repr\u00e4sentant-Alberta<\/a><\/h4>\t\t\t\t<\/div>\n\t\t\t\t<\/div>\n\t\t\t\t<div class=\"elementor-element elementor-element-af1e05f elementor-widget elementor-widget-heading\" data-id=\"af1e05f\" data-element_type=\"widget\" data-e-type=\"widget\" data-widget_type=\"heading.default\">\n\t\t\t\t<div class=\"elementor-widget-container\">\n\t\t\t\t\t<h4 class=\"elementor-heading-title elementor-size-default\"><a href=\"https:\/\/perimeter-solutions-lp.prismhr-hire.com\/job\/812649\/accounts-payable-specialist\">Spezialist f\u00fcr die Kreditorenbuchhaltung<\/a><\/h4>\t\t\t\t<\/div>\n\t\t\t\t<\/div>\n\t\t\t\t<div class=\"elementor-element elementor-element-1469267 elementor-widget elementor-widget-heading\" data-id=\"1469267\" data-element_type=\"widget\" data-e-type=\"widget\" data-widget_type=\"heading.default\">\n\t\t\t\t<div class=\"elementor-widget-container\">\n\t\t\t\t\t<h4 class=\"elementor-heading-title elementor-size-default\"><a href=\"https:\/\/perimeter-solutions-lp.prismhr-hire.com\/job\/819604\/business-development-industrial-aviation-segment-home-based\">Gesch\u00e4ftsentwicklung Segment Industrielle Luftfahrt<\/a><\/h4>\t\t\t\t<\/div>\n\t\t\t\t<\/div>\n\t\t\t\t<div class=\"elementor-element elementor-element-761649b elementor-widget elementor-widget-heading\" data-id=\"761649b\" data-element_type=\"widget\" data-e-type=\"widget\" data-widget_type=\"heading.default\">\n\t\t\t\t<div class=\"elementor-widget-container\">\n\t\t\t\t\t<h4 class=\"elementor-heading-title elementor-size-default\"><a href=\"https:\/\/perimeter-solutions-lp.prismhr-hire.com\/job\/819605\/southern-region-systems-sales-specialist-home-based\">Vertriebsspezialist f\u00fcr Systeme in der Region S\u00fcd<\/a><\/h4>\t\t\t\t<\/div>\n\t\t\t\t<\/div>\n\t\t\t\t<div class=\"elementor-element elementor-element-26be1a1 elementor-widget elementor-widget-heading\" data-id=\"26be1a1\" data-element_type=\"widget\" data-e-type=\"widget\" data-widget_type=\"heading.default\">\n\t\t\t\t<div class=\"elementor-widget-container\">\n\t\t\t\t\t<h4 class=\"elementor-heading-title elementor-size-default\"><a href=\"https:\/\/perimeter-solutions-lp.prismhr-hire.com\/job\/824311\/regional-service-technician-i\">Regionaler Servicetechniker I<\/a><\/h4>\t\t\t\t<\/div>\n\t\t\t\t<\/div>\n\t\t\t\t<div class=\"elementor-element elementor-element-615bb36 elementor-widget elementor-widget-heading\" data-id=\"615bb36\" data-element_type=\"widget\" data-e-type=\"widget\" data-widget_type=\"heading.default\">\n\t\t\t\t<div class=\"elementor-widget-container\">\n\t\t\t\t\t<h4 class=\"elementor-heading-title elementor-size-default\"><a href=\"https:\/\/perimeter-solutions-lp.prismhr-hire.com\/job\/825639\/maintenance-shop-foreman%20\">Vorarbeiter in der Werkstatt<\/a><\/h4>\t\t\t\t<\/div>\n\t\t\t\t<\/div>\n\t\t\t\t\t<\/div>\n\t\t<\/div>\n\t\t\t\t\t<\/div>\n\t\t<\/section>\n\t\t\t\t<\/div>\n\t\t","protected":false},"excerpt":{"rendered":"<p>Karriere bei Perimeter Solutions Werden Sie Teil unseres wachsenden Unternehmens Unser gr\u00f6\u00dftes Kapital bei Perimeter Solutions sind unsere Mitarbeiter &#8211; unser vielf\u00e4ltiges, globales Netzwerk von Wissenschaftlern und Ingenieuren, Fertigungsexperten, Logistik- [&hellip;]<\/p>\n","protected":false},"author":3,"featured_media":0,"parent":0,"menu_order":0,"comment_status":"closed","ping_status":"closed","template":"","meta":{"_acf_changed":false,"footnotes":""},"class_list":["post-42884","page","type-page","status-publish","hentry"],"acf":[],"yoast_head":"<!-- This site is optimized with the Yoast SEO Premium plugin v21.9 (Yoast SEO v23.5) - https:\/\/yoast.com\/wordpress\/plugins\/seo\/ -->\n<title>Karriere bei Perimeter Solutions - Perimeter Solutions<\/title>\n<meta name=\"description\" content=\"Unser gr\u00f6\u00dftes Kapital bei Perimeter Solutions sind unsere Mitarbeiter, deren Karrieren unser Unternehmen zu dem dynamischen und wachsenden Unternehmen machen, das es heute ist.\" \/>\n<meta name=\"robots\" content=\"index, follow, max-snippet:-1, max-image-preview:large, max-video-preview:-1\" \/>\n<link rel=\"canonical\" href=\"https:\/\/www.perimeter-solutions.com\/de\/karriere-bei-perimeter-solutions\/\" \/>\n<meta property=\"og:locale\" content=\"de_DE\" \/>\n<meta property=\"og:type\" content=\"article\" \/>\n<meta property=\"og:title\" content=\"Karriere bei Perimeter Solutions\" \/>\n<meta property=\"og:description\" content=\"Unser gr\u00f6\u00dftes Kapital bei Perimeter Solutions sind unsere Mitarbeiter, deren Karrieren unser Unternehmen zu dem dynamischen und wachsenden Unternehmen machen, das es heute ist.\" \/>\n<meta property=\"og:url\" content=\"https:\/\/www.perimeter-solutions.com\/de\/karriere-bei-perimeter-solutions\/\" \/>\n<meta property=\"og:site_name\" content=\"Perimeter Solutions\" \/>\n<meta property=\"article:modified_time\" content=\"2024-08-15T01:42:19+00:00\" \/>\n<meta name=\"twitter:card\" content=\"summary_large_image\" \/>\n<meta name=\"twitter:label1\" content=\"Gesch\u00e4tzte Lesezeit\" \/>\n\t<meta name=\"twitter:data1\" content=\"2\u00a0Minuten\" \/>\n<script type=\"application\/ld+json\" class=\"yoast-schema-graph\">{\"@context\":\"https:\/\/schema.org\",\"@graph\":[{\"@type\":\"WebPage\",\"@id\":\"https:\/\/www.perimeter-solutions.com\/de\/karriere-bei-perimeter-solutions\/\",\"url\":\"https:\/\/www.perimeter-solutions.com\/de\/karriere-bei-perimeter-solutions\/\",\"name\":\"Karriere bei Perimeter Solutions - Perimeter Solutions\",\"isPartOf\":{\"@id\":\"https:\/\/www.perimeter-solutions.com\/de\/#website\"},\"datePublished\":\"2020-12-02T02:15:58+00:00\",\"dateModified\":\"2024-08-15T01:42:19+00:00\",\"description\":\"Unser gr\u00f6\u00dftes Kapital bei Perimeter Solutions sind unsere Mitarbeiter, deren Karrieren unser Unternehmen zu dem dynamischen und wachsenden Unternehmen machen, das es heute ist.\",\"inLanguage\":\"de\",\"potentialAction\":[{\"@type\":\"ReadAction\",\"target\":[\"https:\/\/www.perimeter-solutions.com\/de\/karriere-bei-perimeter-solutions\/\"]}]},{\"@type\":\"WebSite\",\"@id\":\"https:\/\/www.perimeter-solutions.com\/de\/#website\",\"url\":\"https:\/\/www.perimeter-solutions.com\/de\/\",\"name\":\"Perimeter Solutions\",\"description\":\"\",\"publisher\":{\"@id\":\"https:\/\/www.perimeter-solutions.com\/de\/#organization\"},\"potentialAction\":[{\"@type\":\"SearchAction\",\"target\":{\"@type\":\"EntryPoint\",\"urlTemplate\":\"https:\/\/www.perimeter-solutions.com\/de\/?s={search_term_string}\"},\"query-input\":{\"@type\":\"PropertyValueSpecification\",\"valueRequired\":true,\"valueName\":\"search_term_string\"}}],\"inLanguage\":\"de\"},{\"@type\":\"Organization\",\"@id\":\"https:\/\/www.perimeter-solutions.com\/de\/#organization\",\"name\":\"Perimeter Solutions\",\"url\":\"https:\/\/www.perimeter-solutions.com\/de\/\",\"logo\":{\"@type\":\"ImageObject\",\"inLanguage\":\"de\",\"@id\":\"https:\/\/www.perimeter-solutions.com\/de\/#\/schema\/logo\/image\/\",\"url\":\"https:\/\/www.perimeter-solutions.com\/wp-content\/uploads\/2021\/02\/perimeter-logo-RGB.png\",\"contentUrl\":\"https:\/\/www.perimeter-solutions.com\/wp-content\/uploads\/2021\/02\/perimeter-logo-RGB.png\",\"width\":794,\"height\":138,\"caption\":\"Perimeter Solutions\"},\"image\":{\"@id\":\"https:\/\/www.perimeter-solutions.com\/de\/#\/schema\/logo\/image\/\"}}]}<\/script>\n<!-- \/ Yoast SEO Premium plugin. -->","yoast_head_json":{"title":"Karriere bei Perimeter Solutions - Perimeter Solutions","description":"Unser gr\u00f6\u00dftes Kapital bei Perimeter Solutions sind unsere Mitarbeiter, deren Karrieren unser Unternehmen zu dem dynamischen und wachsenden Unternehmen machen, das es heute ist.","robots":{"index":"index","follow":"follow","max-snippet":"max-snippet:-1","max-image-preview":"max-image-preview:large","max-video-preview":"max-video-preview:-1"},"canonical":"https:\/\/www.perimeter-solutions.com\/de\/karriere-bei-perimeter-solutions\/","og_locale":"de_DE","og_type":"article","og_title":"Karriere bei Perimeter Solutions","og_description":"Unser gr\u00f6\u00dftes Kapital bei Perimeter Solutions sind unsere Mitarbeiter, deren Karrieren unser Unternehmen zu dem dynamischen und wachsenden Unternehmen machen, das es heute ist.","og_url":"https:\/\/www.perimeter-solutions.com\/de\/karriere-bei-perimeter-solutions\/","og_site_name":"Perimeter Solutions","article_modified_time":"2024-08-15T01:42:19+00:00","twitter_card":"summary_large_image","twitter_misc":{"Gesch\u00e4tzte Lesezeit":"2\u00a0Minuten"},"schema":{"@context":"https:\/\/schema.org","@graph":[{"@type":"WebPage","@id":"https:\/\/www.perimeter-solutions.com\/de\/karriere-bei-perimeter-solutions\/","url":"https:\/\/www.perimeter-solutions.com\/de\/karriere-bei-perimeter-solutions\/","name":"Karriere bei Perimeter Solutions - Perimeter Solutions","isPartOf":{"@id":"https:\/\/www.perimeter-solutions.com\/de\/#website"},"datePublished":"2020-12-02T02:15:58+00:00","dateModified":"2024-08-15T01:42:19+00:00","description":"Unser gr\u00f6\u00dftes Kapital bei Perimeter Solutions sind unsere Mitarbeiter, deren Karrieren unser Unternehmen zu dem dynamischen und wachsenden Unternehmen machen, das es heute ist.","inLanguage":"de","potentialAction":[{"@type":"ReadAction","target":["https:\/\/www.perimeter-solutions.com\/de\/karriere-bei-perimeter-solutions\/"]}]},{"@type":"WebSite","@id":"https:\/\/www.perimeter-solutions.com\/de\/#website","url":"https:\/\/www.perimeter-solutions.com\/de\/","name":"Perimeter Solutions","description":"","publisher":{"@id":"https:\/\/www.perimeter-solutions.com\/de\/#organization"},"potentialAction":[{"@type":"SearchAction","target":{"@type":"EntryPoint","urlTemplate":"https:\/\/www.perimeter-solutions.com\/de\/?s={search_term_string}"},"query-input":{"@type":"PropertyValueSpecification","valueRequired":true,"valueName":"search_term_string"}}],"inLanguage":"de"},{"@type":"Organization","@id":"https:\/\/www.perimeter-solutions.com\/de\/#organization","name":"Perimeter Solutions","url":"https:\/\/www.perimeter-solutions.com\/de\/","logo":{"@type":"ImageObject","inLanguage":"de","@id":"https:\/\/www.perimeter-solutions.com\/de\/#\/schema\/logo\/image\/","url":"https:\/\/www.perimeter-solutions.com\/wp-content\/uploads\/2021\/02\/perimeter-logo-RGB.png","contentUrl":"https:\/\/www.perimeter-solutions.com\/wp-content\/uploads\/2021\/02\/perimeter-logo-RGB.png","width":794,"height":138,"caption":"Perimeter Solutions"},"image":{"@id":"https:\/\/www.perimeter-solutions.com\/de\/#\/schema\/logo\/image\/"}}]}},"_links":{"self":[{"href":"https:\/\/www.perimeter-solutions.com\/de\/wp-json\/wp\/v2\/pages\/42884","targetHints":{"allow":["GET"]}}],"collection":[{"href":"https:\/\/www.perimeter-solutions.com\/de\/wp-json\/wp\/v2\/pages"}],"about":[{"href":"https:\/\/www.perimeter-solutions.com\/de\/wp-json\/wp\/v2\/types\/page"}],"author":[{"embeddable":true,"href":"https:\/\/www.perimeter-solutions.com\/de\/wp-json\/wp\/v2\/users\/3"}],"replies":[{"embeddable":true,"href":"https:\/\/www.perimeter-solutions.com\/de\/wp-json\/wp\/v2\/comments?post=42884"}],"version-history":[{"count":3,"href":"https:\/\/www.perimeter-solutions.com\/de\/wp-json\/wp\/v2\/pages\/42884\/revisions"}],"predecessor-version":[{"id":43342,"href":"https:\/\/www.perimeter-solutions.com\/de\/wp-json\/wp\/v2\/pages\/42884\/revisions\/43342"}],"wp:attachment":[{"href":"https:\/\/www.perimeter-solutions.com\/de\/wp-json\/wp\/v2\/media?parent=42884"}],"curies":[{"name":"wp","href":"https:\/\/api.w.org\/{rel}","templated":true}]}}