{"id":42874,"date":"2020-12-01T19:32:19","date_gmt":"2020-12-02T00:32:19","guid":{"rendered":"https:\/\/www.perimeter-solutions.com\/umwelt-sicherheit-gesundheit-sicherheit\/"},"modified":"2024-08-14T21:45:21","modified_gmt":"2024-08-15T01:45:21","slug":"umwelt-sicherheit-gesundheit-sicherheit","status":"publish","type":"page","link":"https:\/\/www.perimeter-solutions.com\/de\/umwelt-sicherheit-gesundheit-sicherheit\/","title":{"rendered":"Umwelt, Sicherheit, Gesundheit &amp; Sicherheit"},"content":{"rendered":"\t\t<div data-elementor-type=\"wp-page\" data-elementor-id=\"42874\" class=\"elementor elementor-42874 elementor-17433\" data-elementor-post-type=\"page\">\n\t\t\t\t\t\t<section class=\"elementor-section elementor-top-section elementor-element elementor-element-a53ddb9 elementor-section-stretched elementor-section-boxed elementor-section-height-default elementor-section-height-default\" data-id=\"a53ddb9\" data-element_type=\"section\" data-e-type=\"section\" data-settings=\"{&quot;stretch_section&quot;:&quot;section-stretched&quot;,&quot;background_background&quot;:&quot;classic&quot;}\">\n\t\t\t\t\t\t<div class=\"elementor-container elementor-column-gap-default\">\n\t\t\t\t\t<div class=\"elementor-column elementor-col-100 elementor-top-column elementor-element elementor-element-8e1337c\" data-id=\"8e1337c\" data-element_type=\"column\" data-e-type=\"column\">\n\t\t\t<div class=\"elementor-widget-wrap elementor-element-populated\">\n\t\t\t\t\t\t<div class=\"elementor-element elementor-element-3fcef61 elementor-widget elementor-widget-heading\" data-id=\"3fcef61\" data-element_type=\"widget\" data-e-type=\"widget\" data-widget_type=\"heading.default\">\n\t\t\t\t<div class=\"elementor-widget-container\">\n\t\t\t\t\t<h1 class=\"elementor-heading-title elementor-size-default\">Umwelt, Gesundheit, Sicherheit &amp; Sicherheit<\/h1>\t\t\t\t<\/div>\n\t\t\t\t<\/div>\n\t\t\t\t\t<\/div>\n\t\t<\/div>\n\t\t\t\t\t<\/div>\n\t\t<\/section>\n\t\t\t\t<section class=\"elementor-section elementor-top-section elementor-element elementor-element-e36f22b elementor-section-boxed elementor-section-height-default elementor-section-height-default\" data-id=\"e36f22b\" data-element_type=\"section\" data-e-type=\"section\" data-settings=\"{&quot;background_background&quot;:&quot;classic&quot;}\">\n\t\t\t\t\t\t\t<div class=\"elementor-background-overlay\"><\/div>\n\t\t\t\t\t\t\t<div class=\"elementor-container elementor-column-gap-default\">\n\t\t\t\t\t<div class=\"elementor-column elementor-col-100 elementor-top-column elementor-element elementor-element-9ead739\" data-id=\"9ead739\" data-element_type=\"column\" data-e-type=\"column\">\n\t\t\t<div class=\"elementor-widget-wrap elementor-element-populated\">\n\t\t\t\t\t\t<div class=\"elementor-element elementor-element-d5454f1 elementor-widget elementor-widget-text-editor\" data-id=\"d5454f1\" data-element_type=\"widget\" data-e-type=\"widget\" data-widget_type=\"text-editor.default\">\n\t\t\t\t<div class=\"elementor-widget-container\">\n\t\t\t\t\t\t\t\t\t<p>Perimeter Solutions engagiert sich weltweit f\u00fcr die Unterst\u00fctzung und Umsetzung branchenstandardisierter und von Unternehmen etablierter Umwelt-, Gesundheits-, Sicherheits- und Sicherheitsinitiativen von Weltklasse. Wir verpflichten uns, Betriebsabl\u00e4ufe und Aktivit\u00e4ten so durchzuf\u00fchren, dass sichere und gesunde Arbeitsbedingungen geschaffen und erhalten, die Umwelt gesch\u00fctzt und nat\u00fcrliche Ressourcen geschont werden. Um diese Verpflichtung zu erf\u00fcllen, ist es unsere Richtlinie, dass sich niemand an Verhaltensweisen beteiligen darf, die gegen Umwelt-, Gesundheits- und Sicherheitsgesetze versto\u00dfen.<\/p>\n<p><strong>Unser Engagement f\u00fcr SICHERHEIT ist von gr\u00f6\u00dfter Bedeutung, mit einer Null-Vorfall-Kultur. <\/strong><\/p>\n<p>Unsere Sicherheitskultur orientiert sich an folgenden Grunds\u00e4tzen:<\/p>\n<p>Nichts, was wir tun, ist eine Verletzung der Mitarbeiter oder der Umwelt wert.<\/p>\n<ul>\n<li>Unsere Betriebs- und Vertriebssysteme sind f\u00fcr Bauunternehmer, G\u00e4ste, Gemeinden, uns selbst und die Umwelt jederzeit sicher.<\/li>\n<li>Jeder beteiligt sich aktiv an der Leistung von Sicherheit, Gesundheit, Sicherheit und Umwelt und leistet einen positiven Beitrag dazu.<\/li>\n<li>Wir entwickeln, implementieren und unterhalten wirksame Umwelt-, Gesundheits- und Sicherheitsmanagementsysteme, die die Richtlinien und Prinzipien von Perimeter Solutions widerspiegeln.<\/li>\n<li>Wir liefern Produkte, die bei verantwortungsvollem Umgang sicher und umweltfreundlich sind.<\/li>\n<li>Wir arbeiten mit Notfalldienstanbietern zusammen, um Menschen, Eigentum und Informationen zu sch\u00fctzen, indem wir unsere Standorte, Cybersysteme und Produktwertsch\u00f6pfungsketten sichern.<\/li>\n<li>Wir halten und \u00fcberpr\u00fcfen die Einhaltung aller geltenden Gesetze, Vorschriften und beh\u00f6rdlichen Vereinbarungen.<\/li>\n<\/ul>\n<p><strong>Ein Engagement des Unternehmens f\u00fcr die Umwelt<\/strong><\/p>\n<p>Perimeter Solutions ist bestrebt, erstklassige Produkte herzustellen und gleichzeitig die nat\u00fcrlichen Ressourcen der Erde zu sch\u00fctzen und zu erhalten.<\/p>\n<p>Der Betrieb von Perimeter Solutions in Green Bay, Wisconsin, wurde mit einer \u201egr\u00fcnen\u201c Verantwortung f\u00fcr die Umwelt entwickelt. Die Geb\u00e4ude sind LEED-zertifiziert (Leadership in Energy and Environmental Design). LEED ist ein international anerkanntes Green Building Zertifizierungssystem. LEED wurde vom US Green Building Council (USGBC) entwickelt und bietet Geb\u00e4udebetreibern und -eigent\u00fcmern einen Rahmen f\u00fcr die Identifizierung und Implementierung praktischer und messbarer L\u00f6sungen f\u00fcr umweltfreundliches Geb\u00e4udedesign, Bau, Betrieb und Wartung.<\/p>\n<p>Die unten aufgef\u00fchrten Aktivit\u00e4ten von Perimeter Solutions in Mieres, Spanien, sind nach den Normen<a href=\"https:\/\/www.perimeter-solutions.com\/wp-content\/uploads\/2022\/05\/CERT-ISO-9001-2015-BV-2024-ENG.pdf\" target=\"_blank\" rel=\"noopener\"> ISO 9001:2015<\/a> und <a href=\"https:\/\/www.perimeter-solutions.com\/wp-content\/uploads\/2022\/05\/CERT-ISO-14001-2015-BV-2024-ENG.pdf\" target=\"_blank\" rel=\"noopener\">ISO 14001:2015<\/a> zertifiziert<\/p>\n\t\t\t\t\t\t\t\t<\/div>\n\t\t\t\t<\/div>\n\t\t\t\t<div class=\"elementor-element elementor-element-986dfc3 elementor-widget elementor-widget-image\" data-id=\"986dfc3\" data-element_type=\"widget\" data-e-type=\"widget\" data-widget_type=\"image.default\">\n\t\t\t\t<div class=\"elementor-widget-container\">\n\t\t\t\t\t\t\t\t\t\t\t\t\t\t\t<img decoding=\"async\" width=\"300\" height=\"160\" src=\"https:\/\/www.perimeter-solutions.com\/wp-content\/uploads\/2022\/05\/ISO9001-ISO14001.jpg\" class=\"attachment-medium size-medium wp-image-42880\" alt=\"\" \/>\t\t\t\t\t\t\t\t\t\t\t\t\t\t\t<\/div>\n\t\t\t\t<\/div>\n\t\t\t\t<section class=\"elementor-section elementor-inner-section elementor-element elementor-element-e5f9bcc elementor-section-boxed elementor-section-height-default elementor-section-height-default\" data-id=\"e5f9bcc\" data-element_type=\"section\" data-e-type=\"section\">\n\t\t\t\t\t\t<div class=\"elementor-container elementor-column-gap-default\">\n\t\t\t\t\t<div class=\"elementor-column elementor-col-100 elementor-inner-column elementor-element elementor-element-9efa689\" data-id=\"9efa689\" data-element_type=\"column\" data-e-type=\"column\">\n\t\t\t<div class=\"elementor-widget-wrap elementor-element-populated\">\n\t\t\t\t\t\t<div class=\"elementor-element elementor-element-c29f18c elementor-icon-list--layout-traditional elementor-list-item-link-full_width elementor-widget elementor-widget-icon-list\" data-id=\"c29f18c\" data-element_type=\"widget\" data-e-type=\"widget\" data-widget_type=\"icon-list.default\">\n\t\t\t\t<div class=\"elementor-widget-container\">\n\t\t\t\t\t\t\t<ul class=\"elementor-icon-list-items\">\n\t\t\t\t\t\t\t<li class=\"elementor-icon-list-item\">\n\t\t\t\t\t\t\t\t\t\t\t<span class=\"elementor-icon-list-icon\">\n\t\t\t\t\t\t\t<i aria-hidden=\"true\" class=\"fas fa-check-circle\"><\/i>\t\t\t\t\t\t<\/span>\n\t\t\t\t\t\t\t\t\t\t<span class=\"elementor-icon-list-text\">Entwicklung, Herstellung und Vermarktung von Feuerl\u00f6schschaumkonzentraten und chemischen Produkten<\/span>\n\t\t\t\t\t\t\t\t\t<\/li>\n\t\t\t\t\t\t\t\t<li class=\"elementor-icon-list-item\">\n\t\t\t\t\t\t\t\t\t\t\t<span class=\"elementor-icon-list-icon\">\n\t\t\t\t\t\t\t<i aria-hidden=\"true\" class=\"fas fa-check-circle\"><\/i>\t\t\t\t\t\t<\/span>\n\t\t\t\t\t\t\t\t\t\t<span class=\"elementor-icon-list-text\">Analyse von Schaumstoffverbindungen<\/span>\n\t\t\t\t\t\t\t\t\t<\/li>\n\t\t\t\t\t\t\t\t<li class=\"elementor-icon-list-item\">\n\t\t\t\t\t\t\t\t\t\t\t<span class=\"elementor-icon-list-icon\">\n\t\t\t\t\t\t\t<i aria-hidden=\"true\" class=\"fas fa-check-circle\"><\/i>\t\t\t\t\t\t<\/span>\n\t\t\t\t\t\t\t\t\t\t<span class=\"elementor-icon-list-text\">Kommerzialisierung von Ausr\u00fcstung und anderen Produkten zur Brandbek\u00e4mpfung<\/span>\n\t\t\t\t\t\t\t\t\t<\/li>\n\t\t\t\t\t\t<\/ul>\n\t\t\t\t\t\t<\/div>\n\t\t\t\t<\/div>\n\t\t\t\t\t<\/div>\n\t\t<\/div>\n\t\t\t\t\t<\/div>\n\t\t<\/section>\n\t\t\t\t<div class=\"elementor-element elementor-element-174a92a elementor-widget elementor-widget-text-editor\" data-id=\"174a92a\" data-element_type=\"widget\" data-e-type=\"widget\" data-widget_type=\"text-editor.default\">\n\t\t\t\t<div class=\"elementor-widget-container\">\n\t\t\t\t\t\t\t\t\t<p>Perimeter Solutions bekennt sich zu den Zielen Qualit\u00e4t, Service und Sicherheit \u2013 und zur Umweltverantwortung. Es ist eine Philosophie, die es uns erm\u00f6glicht, erfolgreich zu sein und gleichzeitig immer mehr Innovation und Wert zu liefern.<\/p>\n\t\t\t\t\t\t\t\t<\/div>\n\t\t\t\t<\/div>\n\t\t\t\t<div class=\"elementor-element elementor-element-01b0dea elementor-hidden-desktop elementor-hidden-tablet elementor-hidden-phone elementor-widget elementor-widget-heading\" data-id=\"01b0dea\" data-element_type=\"widget\" data-e-type=\"widget\" data-widget_type=\"heading.default\">\n\t\t\t\t<div class=\"elementor-widget-container\">\n\t\t\t\t\t<h4 class=\"elementor-heading-title elementor-size-default\">Umweltverantwortung<\/h4>\t\t\t\t<\/div>\n\t\t\t\t<\/div>\n\t\t\t\t<div class=\"elementor-element elementor-element-65efe6a elementor-hidden-desktop elementor-hidden-tablet elementor-hidden-phone elementor-widget elementor-widget-text-editor\" data-id=\"65efe6a\" data-element_type=\"widget\" data-e-type=\"widget\" data-widget_type=\"text-editor.default\">\n\t\t\t\t<div class=\"elementor-widget-container\">\n\t\t\t\t\t\t\t\t\t<p><strong>Perimeter Solutions&#8217; Unternehmensposition zu fluorhaltigen Feuerl\u00f6schsch\u00e4umen<br><\/strong>Es ist die Position von Perimeter Solutions, dass unsere <sup>SOLBERG\u00ae<\/sup> Feuerl\u00f6schsch\u00e4ume die weltweit effektivsten L\u00f6schschaumkonzentrate f\u00fcr Flammendurchschlag, Brandbek\u00e4mpfung, L\u00f6schung und R\u00fcckbrandfestigkeit sind. Kontrolle, L\u00f6schzeit und R\u00fcckbrandbest\u00e4ndigkeit sind f\u00fcr die Sicherheit der Feuerwehrleute \u00fcberall von gr\u00f6\u00dfter Bedeutung.<\/p>\n<p>Das Voluntary Stewardship Program der US EPA erkl\u00e4rte, dass die Industrie bis Ende 2010 daran arbeiten werde, ein Zwischenziel von 95 % Reduzierung der Produktion und Verwendung von langkettigen perfluorierten Chemikalien (LCPFCs) zu erreichen. Ziel war es, bis Ende 2015 die Produktion und den Einsatz von langkettigen perfluorierten Chemikalien auslaufen zu lassen. Die Firma SOLBERG hat 2015 mit ihrem Vollsortiment an fluorfreien Schaummitteln die volle Konformit\u00e4t erreicht.<\/p>\n<p><span style=\"letter-spacing: 0px;\">Dieses Voluntary Stewardship Program befasst sich zwar mit der Persistenz, Bioakkumulation und Toxizit\u00e4t (PBT) von langkettigen perfluorierten Chemikalien, nicht jedoch mit der Brandbek\u00e4mpfungsleistung von Schaummitteln, die auf der neueren Generation von kurzkettigen perfluorierten Chemikalien basieren.<\/span><\/p>\t\t\t\t\t\t\t\t<\/div>\n\t\t\t\t<\/div>\n\t\t\t\t<div class=\"elementor-element elementor-element-04c0294 elementor-widget elementor-widget-text-editor\" data-id=\"04c0294\" data-element_type=\"widget\" data-e-type=\"widget\" data-widget_type=\"text-editor.default\">\n\t\t\t\t<div class=\"elementor-widget-container\">\n\t\t\t\t\t\t\t\t\t<p><strong style=\"letter-spacing: 0px;\">Perimeter Solutions hat es sich zum Ziel gesetzt, mit innovativen und leistungsstarken Produkten in der Schaumbrandbek\u00e4mpfungsbranche f\u00fchrend zu sein<\/strong><\/p>\n\t\t\t\t\t\t\t\t<\/div>\n\t\t\t\t<\/div>\n\t\t\t\t<div class=\"elementor-element elementor-element-c5491ed elementor-widget elementor-widget-image\" data-id=\"c5491ed\" data-element_type=\"widget\" data-e-type=\"widget\" data-widget_type=\"image.default\">\n\t\t\t\t<div class=\"elementor-widget-container\">\n\t\t\t\t\t\t\t\t\t\t\t\t\t\t\t<img decoding=\"async\" width=\"300\" height=\"143\" src=\"https:\/\/www.perimeter-solutions.com\/wp-content\/uploads\/2022\/05\/eco-logos4.jpg\" class=\"attachment-medium size-medium wp-image-42881\" alt=\"\" \/>\t\t\t\t\t\t\t\t\t\t\t\t\t\t\t<\/div>\n\t\t\t\t<\/div>\n\t\t\t\t\t<\/div>\n\t\t<\/div>\n\t\t\t\t\t<\/div>\n\t\t<\/section>\n\t\t\t\t<\/div>\n\t\t","protected":false},"excerpt":{"rendered":"<p>Umwelt, Gesundheit, Sicherheit &amp; Sicherheit Perimeter Solutions engagiert sich weltweit f\u00fcr die Unterst\u00fctzung und Umsetzung branchenstandardisierter und von Unternehmen etablierter Umwelt-, Gesundheits-, Sicherheits- und Sicherheitsinitiativen von Weltklasse. Wir verpflichten uns, [&hellip;]<\/p>\n","protected":false},"author":3,"featured_media":0,"parent":0,"menu_order":0,"comment_status":"closed","ping_status":"closed","template":"","meta":{"_acf_changed":false,"footnotes":""},"class_list":["post-42874","page","type-page","status-publish","hentry"],"acf":[],"yoast_head":"<!-- This site is optimized with the Yoast SEO Premium plugin v21.9 (Yoast SEO v23.5) - https:\/\/yoast.com\/wordpress\/plugins\/seo\/ -->\n<title>Umwelt, Sicherheit, Gesundheit &amp; Sicherheit - Perimeter Solutions<\/title>\n<meta name=\"description\" content=\"Perimeter Solutions unterst\u00fctzt und praktiziert weltweit erstklassige Umwelt-, Gesundheits-, Sicherheits- und Schutzinitiativen.\" \/>\n<meta name=\"robots\" content=\"index, follow, max-snippet:-1, max-image-preview:large, max-video-preview:-1\" \/>\n<link rel=\"canonical\" href=\"https:\/\/www.perimeter-solutions.com\/de\/umwelt-sicherheit-gesundheit-sicherheit\/\" \/>\n<meta property=\"og:locale\" content=\"de_DE\" \/>\n<meta property=\"og:type\" content=\"article\" \/>\n<meta property=\"og:title\" content=\"Umwelt, Sicherheit, Gesundheit &amp; Sicherheit\" \/>\n<meta property=\"og:description\" content=\"Perimeter Solutions unterst\u00fctzt und praktiziert weltweit erstklassige Umwelt-, Gesundheits-, Sicherheits- und Schutzinitiativen.\" \/>\n<meta property=\"og:url\" content=\"https:\/\/www.perimeter-solutions.com\/de\/umwelt-sicherheit-gesundheit-sicherheit\/\" \/>\n<meta property=\"og:site_name\" content=\"Perimeter Solutions\" \/>\n<meta property=\"article:modified_time\" content=\"2024-08-15T01:45:21+00:00\" \/>\n<meta property=\"og:image\" content=\"https:\/\/www.perimeter-solutions.com\/wp-content\/uploads\/2022\/05\/ISO9001-ISO14001.jpg\" \/>\n<meta name=\"twitter:card\" content=\"summary_large_image\" \/>\n<meta name=\"twitter:label1\" content=\"Gesch\u00e4tzte Lesezeit\" \/>\n\t<meta name=\"twitter:data1\" content=\"3\u00a0Minuten\" \/>\n<script type=\"application\/ld+json\" class=\"yoast-schema-graph\">{\"@context\":\"https:\/\/schema.org\",\"@graph\":[{\"@type\":\"WebPage\",\"@id\":\"https:\/\/www.perimeter-solutions.com\/de\/umwelt-sicherheit-gesundheit-sicherheit\/\",\"url\":\"https:\/\/www.perimeter-solutions.com\/de\/umwelt-sicherheit-gesundheit-sicherheit\/\",\"name\":\"Umwelt, Sicherheit, Gesundheit &amp; Sicherheit - Perimeter Solutions\",\"isPartOf\":{\"@id\":\"https:\/\/www.perimeter-solutions.com\/de\/#website\"},\"primaryImageOfPage\":{\"@id\":\"https:\/\/www.perimeter-solutions.com\/de\/umwelt-sicherheit-gesundheit-sicherheit\/#primaryimage\"},\"image\":{\"@id\":\"https:\/\/www.perimeter-solutions.com\/de\/umwelt-sicherheit-gesundheit-sicherheit\/#primaryimage\"},\"thumbnailUrl\":\"https:\/\/www.perimeter-solutions.com\/wp-content\/uploads\/2022\/05\/ISO9001-ISO14001.jpg\",\"datePublished\":\"2020-12-02T00:32:19+00:00\",\"dateModified\":\"2024-08-15T01:45:21+00:00\",\"description\":\"Perimeter Solutions unterst\u00fctzt und praktiziert weltweit erstklassige Umwelt-, Gesundheits-, Sicherheits- und Schutzinitiativen.\",\"inLanguage\":\"de\",\"potentialAction\":[{\"@type\":\"ReadAction\",\"target\":[\"https:\/\/www.perimeter-solutions.com\/de\/umwelt-sicherheit-gesundheit-sicherheit\/\"]}]},{\"@type\":\"ImageObject\",\"inLanguage\":\"de\",\"@id\":\"https:\/\/www.perimeter-solutions.com\/de\/umwelt-sicherheit-gesundheit-sicherheit\/#primaryimage\",\"url\":\"https:\/\/www.perimeter-solutions.com\/wp-content\/uploads\/2022\/05\/ISO9001-ISO14001.jpg\",\"contentUrl\":\"https:\/\/www.perimeter-solutions.com\/wp-content\/uploads\/2022\/05\/ISO9001-ISO14001.jpg\"},{\"@type\":\"WebSite\",\"@id\":\"https:\/\/www.perimeter-solutions.com\/de\/#website\",\"url\":\"https:\/\/www.perimeter-solutions.com\/de\/\",\"name\":\"Perimeter Solutions\",\"description\":\"\",\"publisher\":{\"@id\":\"https:\/\/www.perimeter-solutions.com\/de\/#organization\"},\"potentialAction\":[{\"@type\":\"SearchAction\",\"target\":{\"@type\":\"EntryPoint\",\"urlTemplate\":\"https:\/\/www.perimeter-solutions.com\/de\/?s={search_term_string}\"},\"query-input\":{\"@type\":\"PropertyValueSpecification\",\"valueRequired\":true,\"valueName\":\"search_term_string\"}}],\"inLanguage\":\"de\"},{\"@type\":\"Organization\",\"@id\":\"https:\/\/www.perimeter-solutions.com\/de\/#organization\",\"name\":\"Perimeter Solutions\",\"url\":\"https:\/\/www.perimeter-solutions.com\/de\/\",\"logo\":{\"@type\":\"ImageObject\",\"inLanguage\":\"de\",\"@id\":\"https:\/\/www.perimeter-solutions.com\/de\/#\/schema\/logo\/image\/\",\"url\":\"https:\/\/www.perimeter-solutions.com\/wp-content\/uploads\/2021\/02\/perimeter-logo-RGB.png\",\"contentUrl\":\"https:\/\/www.perimeter-solutions.com\/wp-content\/uploads\/2021\/02\/perimeter-logo-RGB.png\",\"width\":794,\"height\":138,\"caption\":\"Perimeter Solutions\"},\"image\":{\"@id\":\"https:\/\/www.perimeter-solutions.com\/de\/#\/schema\/logo\/image\/\"}}]}<\/script>\n<!-- \/ Yoast SEO Premium plugin. -->","yoast_head_json":{"title":"Umwelt, Sicherheit, Gesundheit &amp; Sicherheit - Perimeter Solutions","description":"Perimeter Solutions unterst\u00fctzt und praktiziert weltweit erstklassige Umwelt-, Gesundheits-, Sicherheits- und Schutzinitiativen.","robots":{"index":"index","follow":"follow","max-snippet":"max-snippet:-1","max-image-preview":"max-image-preview:large","max-video-preview":"max-video-preview:-1"},"canonical":"https:\/\/www.perimeter-solutions.com\/de\/umwelt-sicherheit-gesundheit-sicherheit\/","og_locale":"de_DE","og_type":"article","og_title":"Umwelt, Sicherheit, Gesundheit &amp; Sicherheit","og_description":"Perimeter Solutions unterst\u00fctzt und praktiziert weltweit erstklassige Umwelt-, Gesundheits-, Sicherheits- und Schutzinitiativen.","og_url":"https:\/\/www.perimeter-solutions.com\/de\/umwelt-sicherheit-gesundheit-sicherheit\/","og_site_name":"Perimeter Solutions","article_modified_time":"2024-08-15T01:45:21+00:00","og_image":[{"url":"https:\/\/www.perimeter-solutions.com\/wp-content\/uploads\/2022\/05\/ISO9001-ISO14001.jpg"}],"twitter_card":"summary_large_image","twitter_misc":{"Gesch\u00e4tzte Lesezeit":"3\u00a0Minuten"},"schema":{"@context":"https:\/\/schema.org","@graph":[{"@type":"WebPage","@id":"https:\/\/www.perimeter-solutions.com\/de\/umwelt-sicherheit-gesundheit-sicherheit\/","url":"https:\/\/www.perimeter-solutions.com\/de\/umwelt-sicherheit-gesundheit-sicherheit\/","name":"Umwelt, Sicherheit, Gesundheit &amp; Sicherheit - Perimeter Solutions","isPartOf":{"@id":"https:\/\/www.perimeter-solutions.com\/de\/#website"},"primaryImageOfPage":{"@id":"https:\/\/www.perimeter-solutions.com\/de\/umwelt-sicherheit-gesundheit-sicherheit\/#primaryimage"},"image":{"@id":"https:\/\/www.perimeter-solutions.com\/de\/umwelt-sicherheit-gesundheit-sicherheit\/#primaryimage"},"thumbnailUrl":"https:\/\/www.perimeter-solutions.com\/wp-content\/uploads\/2022\/05\/ISO9001-ISO14001.jpg","datePublished":"2020-12-02T00:32:19+00:00","dateModified":"2024-08-15T01:45:21+00:00","description":"Perimeter Solutions unterst\u00fctzt und praktiziert weltweit erstklassige Umwelt-, Gesundheits-, Sicherheits- und Schutzinitiativen.","inLanguage":"de","potentialAction":[{"@type":"ReadAction","target":["https:\/\/www.perimeter-solutions.com\/de\/umwelt-sicherheit-gesundheit-sicherheit\/"]}]},{"@type":"ImageObject","inLanguage":"de","@id":"https:\/\/www.perimeter-solutions.com\/de\/umwelt-sicherheit-gesundheit-sicherheit\/#primaryimage","url":"https:\/\/www.perimeter-solutions.com\/wp-content\/uploads\/2022\/05\/ISO9001-ISO14001.jpg","contentUrl":"https:\/\/www.perimeter-solutions.com\/wp-content\/uploads\/2022\/05\/ISO9001-ISO14001.jpg"},{"@type":"WebSite","@id":"https:\/\/www.perimeter-solutions.com\/de\/#website","url":"https:\/\/www.perimeter-solutions.com\/de\/","name":"Perimeter Solutions","description":"","publisher":{"@id":"https:\/\/www.perimeter-solutions.com\/de\/#organization"},"potentialAction":[{"@type":"SearchAction","target":{"@type":"EntryPoint","urlTemplate":"https:\/\/www.perimeter-solutions.com\/de\/?s={search_term_string}"},"query-input":{"@type":"PropertyValueSpecification","valueRequired":true,"valueName":"search_term_string"}}],"inLanguage":"de"},{"@type":"Organization","@id":"https:\/\/www.perimeter-solutions.com\/de\/#organization","name":"Perimeter Solutions","url":"https:\/\/www.perimeter-solutions.com\/de\/","logo":{"@type":"ImageObject","inLanguage":"de","@id":"https:\/\/www.perimeter-solutions.com\/de\/#\/schema\/logo\/image\/","url":"https:\/\/www.perimeter-solutions.com\/wp-content\/uploads\/2021\/02\/perimeter-logo-RGB.png","contentUrl":"https:\/\/www.perimeter-solutions.com\/wp-content\/uploads\/2021\/02\/perimeter-logo-RGB.png","width":794,"height":138,"caption":"Perimeter Solutions"},"image":{"@id":"https:\/\/www.perimeter-solutions.com\/de\/#\/schema\/logo\/image\/"}}]}},"_links":{"self":[{"href":"https:\/\/www.perimeter-solutions.com\/de\/wp-json\/wp\/v2\/pages\/42874","targetHints":{"allow":["GET"]}}],"collection":[{"href":"https:\/\/www.perimeter-solutions.com\/de\/wp-json\/wp\/v2\/pages"}],"about":[{"href":"https:\/\/www.perimeter-solutions.com\/de\/wp-json\/wp\/v2\/types\/page"}],"author":[{"embeddable":true,"href":"https:\/\/www.perimeter-solutions.com\/de\/wp-json\/wp\/v2\/users\/3"}],"replies":[{"embeddable":true,"href":"https:\/\/www.perimeter-solutions.com\/de\/wp-json\/wp\/v2\/comments?post=42874"}],"version-history":[{"count":4,"href":"https:\/\/www.perimeter-solutions.com\/de\/wp-json\/wp\/v2\/pages\/42874\/revisions"}],"predecessor-version":[{"id":43348,"href":"https:\/\/www.perimeter-solutions.com\/de\/wp-json\/wp\/v2\/pages\/42874\/revisions\/43348"}],"wp:attachment":[{"href":"https:\/\/www.perimeter-solutions.com\/de\/wp-json\/wp\/v2\/media?parent=42874"}],"curies":[{"name":"wp","href":"https:\/\/api.w.org\/{rel}","templated":true}]}}