{"id":42854,"date":"2020-12-02T14:54:46","date_gmt":"2020-12-02T19:54:46","guid":{"rendered":"https:\/\/www.perimeter-solutions.com\/laboruntersuchungen\/"},"modified":"2024-08-14T22:07:20","modified_gmt":"2024-08-15T02:07:20","slug":"laboruntersuchungen","status":"publish","type":"page","link":"https:\/\/www.perimeter-solutions.com\/de\/laboruntersuchungen\/","title":{"rendered":"Laboruntersuchungen"},"content":{"rendered":"\t\t<div data-elementor-type=\"wp-page\" data-elementor-id=\"42854\" class=\"elementor elementor-42854 elementor-17687\" data-elementor-post-type=\"page\">\n\t\t\t\t\t\t<section class=\"elementor-section elementor-top-section elementor-element elementor-element-a53ddb9 elementor-section-stretched elementor-section-boxed elementor-section-height-default elementor-section-height-default\" data-id=\"a53ddb9\" data-element_type=\"section\" data-e-type=\"section\" data-settings=\"{&quot;stretch_section&quot;:&quot;section-stretched&quot;,&quot;background_background&quot;:&quot;classic&quot;}\">\n\t\t\t\t\t\t<div class=\"elementor-container elementor-column-gap-default\">\n\t\t\t\t\t<div class=\"elementor-column elementor-col-100 elementor-top-column elementor-element elementor-element-8e1337c\" data-id=\"8e1337c\" data-element_type=\"column\" data-e-type=\"column\">\n\t\t\t<div class=\"elementor-widget-wrap elementor-element-populated\">\n\t\t\t\t\t\t<div class=\"elementor-element elementor-element-3fcef61 elementor-widget elementor-widget-heading\" data-id=\"3fcef61\" data-element_type=\"widget\" data-e-type=\"widget\" data-widget_type=\"heading.default\">\n\t\t\t\t<div class=\"elementor-widget-container\">\n\t\t\t\t\t<h1 class=\"elementor-heading-title elementor-size-default\">Laboruntersuchungen<\/h1>\t\t\t\t<\/div>\n\t\t\t\t<\/div>\n\t\t\t\t\t<\/div>\n\t\t<\/div>\n\t\t\t\t\t<\/div>\n\t\t<\/section>\n\t\t\t\t<section class=\"elementor-section elementor-top-section elementor-element elementor-element-e36f22b elementor-section-boxed elementor-section-height-default elementor-section-height-default\" data-id=\"e36f22b\" data-element_type=\"section\" data-e-type=\"section\" data-settings=\"{&quot;background_background&quot;:&quot;classic&quot;}\">\n\t\t\t\t\t\t\t<div class=\"elementor-background-overlay\"><\/div>\n\t\t\t\t\t\t\t<div class=\"elementor-container elementor-column-gap-default\">\n\t\t\t\t\t<div class=\"elementor-column elementor-col-100 elementor-top-column elementor-element elementor-element-9ead739\" data-id=\"9ead739\" data-element_type=\"column\" data-e-type=\"column\">\n\t\t\t<div class=\"elementor-widget-wrap elementor-element-populated\">\n\t\t\t\t\t\t<div class=\"elementor-element elementor-element-d5454f1 elementor-widget elementor-widget-text-editor\" data-id=\"d5454f1\" data-element_type=\"widget\" data-e-type=\"widget\" data-widget_type=\"text-editor.default\">\n\t\t\t\t<div class=\"elementor-widget-container\">\n\t\t\t\t\t\t\t\t\t<p><strong>Perimeter-L\u00f6sungen<\/strong> bietet Labordienstleistungen zur Analyse des m\u00f6glichen Abbaus von Schaummitteln an. Wir k\u00f6nnen unsere Empfehlungen sowohl auf unseren eigenen Sch\u00e4umen als auch auf externen Mustern abgeben. Die Analyse von Sch\u00e4umen umfasst neben den klassischen Labornachweisen auch die notwendigen Brandpr\u00fcfungen, um die genaue Leistungsf\u00e4higkeit jedes Produktes zu ermitteln.<\/p>\n<p>Wir stellen unseren Kunden unsere umfassende Erfahrung in diesem Sektor zur Verf\u00fcgung und beraten sie \u00fcber die Einsatzbedingungen, die Produktauswahl f\u00fcr jede einzelne Anwendung, je nach Art der Anlage, des Brennstoffs, des L\u00f6schsystems, der Vorschriften und Bestimmungen.<\/p>\n<p>Perimeter Solutions verf\u00fcgt \u00fcber die notwendigen personellen und technischen Ressourcen, um den ordnungsgem\u00e4\u00dfen Betrieb der mit Schauml\u00f6schanlagen gesch\u00fctzten Anlagen seiner Kunden zu testen. In unseren Einrichtungen unterhalten wir umfassende Brandpr\u00fcfungsanlagen, in denen wir Brandtests nach jedem internationalen Standard simulieren k\u00f6nnen. Unsere R\u00e4umlichkeiten stehen Endbenutzern und Ingenieurb\u00fcros zur Verf\u00fcgung, wenn sie in ihren eigenen Einrichtungen\/L\u00e4ndern Einschr\u00e4nkungen haben, um bestimmte Layouts oder Anwendungen zu testen.<\/p>\n\t\t\t\t\t\t\t\t<\/div>\n\t\t\t\t<\/div>\n\t\t\t\t<section class=\"elementor-section elementor-inner-section elementor-element elementor-element-7d936b2 elementor-section-boxed elementor-section-height-default elementor-section-height-default\" data-id=\"7d936b2\" data-element_type=\"section\" data-e-type=\"section\">\n\t\t\t\t\t\t<div class=\"elementor-container elementor-column-gap-default\">\n\t\t\t\t\t<div class=\"elementor-column elementor-col-50 elementor-inner-column elementor-element elementor-element-8ca9d1d\" data-id=\"8ca9d1d\" data-element_type=\"column\" data-e-type=\"column\">\n\t\t\t<div class=\"elementor-widget-wrap elementor-element-populated\">\n\t\t\t\t\t\t<div class=\"elementor-element elementor-element-205bc2a elementor-widget elementor-widget-image\" data-id=\"205bc2a\" data-element_type=\"widget\" data-e-type=\"widget\" data-widget_type=\"image.default\">\n\t\t\t\t<div class=\"elementor-widget-container\">\n\t\t\t\t\t\t\t\t\t\t\t\t\t\t\t<img fetchpriority=\"high\" decoding=\"async\" width=\"1900\" height=\"920\" src=\"https:\/\/www.perimeter-solutions.com\/wp-content\/uploads\/2021\/01\/aux-lab-01.jpg\" class=\"attachment-full size-full wp-image-19050\" alt=\"\" \/>\t\t\t\t\t\t\t\t\t\t\t\t\t\t\t<\/div>\n\t\t\t\t<\/div>\n\t\t\t\t\t<\/div>\n\t\t<\/div>\n\t\t\t\t<div class=\"elementor-column elementor-col-50 elementor-inner-column elementor-element elementor-element-7dbc5d1\" data-id=\"7dbc5d1\" data-element_type=\"column\" data-e-type=\"column\">\n\t\t\t<div class=\"elementor-widget-wrap elementor-element-populated\">\n\t\t\t\t\t\t<div class=\"elementor-element elementor-element-a0672aa elementor-widget elementor-widget-image\" data-id=\"a0672aa\" data-element_type=\"widget\" data-e-type=\"widget\" data-widget_type=\"image.default\">\n\t\t\t\t<div class=\"elementor-widget-container\">\n\t\t\t\t\t\t\t\t\t\t\t\t\t\t\t<img decoding=\"async\" width=\"1900\" height=\"920\" src=\"https:\/\/www.perimeter-solutions.com\/wp-content\/uploads\/2021\/01\/foam-testing.jpg\" class=\"attachment-full size-full wp-image-19054\" alt=\"\" \/>\t\t\t\t\t\t\t\t\t\t\t\t\t\t\t<\/div>\n\t\t\t\t<\/div>\n\t\t\t\t\t<\/div>\n\t\t<\/div>\n\t\t\t\t\t<\/div>\n\t\t<\/section>\n\t\t\t\t\t<\/div>\n\t\t<\/div>\n\t\t\t\t\t<\/div>\n\t\t<\/section>\n\t\t\t\t<\/div>\n\t\t","protected":false},"excerpt":{"rendered":"<p>Laboruntersuchungen Perimeter-L\u00f6sungen bietet Labordienstleistungen zur Analyse des m\u00f6glichen Abbaus von Schaummitteln an. Wir k\u00f6nnen unsere Empfehlungen sowohl auf unseren eigenen Sch\u00e4umen als auch auf externen Mustern abgeben. Die Analyse von [&hellip;]<\/p>\n","protected":false},"author":3,"featured_media":0,"parent":0,"menu_order":0,"comment_status":"closed","ping_status":"closed","template":"","meta":{"_acf_changed":false,"footnotes":""},"class_list":["post-42854","page","type-page","status-publish","hentry"],"acf":[],"yoast_head":"<!-- This site is optimized with the Yoast SEO Premium plugin v21.9 (Yoast SEO v23.5) - https:\/\/yoast.com\/wordpress\/plugins\/seo\/ -->\n<title>Laboruntersuchungen - Perimeter Solutions<\/title>\n<meta name=\"description\" content=\"Perimeter Solutions bietet Labordienstleistungen zur Analyse von Schaumstoffkonzentraten an. Die Analyse umfasst Verifizierungen im Labor und Feuertests.\" \/>\n<meta name=\"robots\" content=\"index, follow, max-snippet:-1, max-image-preview:large, max-video-preview:-1\" \/>\n<link rel=\"canonical\" href=\"https:\/\/www.perimeter-solutions.com\/de\/laboruntersuchungen\/\" \/>\n<meta property=\"og:locale\" content=\"de_DE\" \/>\n<meta property=\"og:type\" content=\"article\" \/>\n<meta property=\"og:title\" content=\"Laboruntersuchungen\" \/>\n<meta property=\"og:description\" content=\"Perimeter Solutions bietet Labordienstleistungen zur Analyse von Schaumstoffkonzentraten an. Die Analyse umfasst Verifizierungen im Labor und Feuertests.\" \/>\n<meta property=\"og:url\" content=\"https:\/\/www.perimeter-solutions.com\/de\/laboruntersuchungen\/\" \/>\n<meta property=\"og:site_name\" content=\"Perimeter Solutions\" \/>\n<meta property=\"article:modified_time\" content=\"2024-08-15T02:07:20+00:00\" \/>\n<meta property=\"og:image\" content=\"https:\/\/www.perimeter-solutions.com\/wp-content\/uploads\/2021\/01\/aux-lab-01.jpg\" \/>\n<meta name=\"twitter:card\" content=\"summary_large_image\" \/>\n<script type=\"application\/ld+json\" class=\"yoast-schema-graph\">{\"@context\":\"https:\/\/schema.org\",\"@graph\":[{\"@type\":\"WebPage\",\"@id\":\"https:\/\/www.perimeter-solutions.com\/de\/laboruntersuchungen\/\",\"url\":\"https:\/\/www.perimeter-solutions.com\/de\/laboruntersuchungen\/\",\"name\":\"Laboruntersuchungen - Perimeter Solutions\",\"isPartOf\":{\"@id\":\"https:\/\/www.perimeter-solutions.com\/de\/#website\"},\"primaryImageOfPage\":{\"@id\":\"https:\/\/www.perimeter-solutions.com\/de\/laboruntersuchungen\/#primaryimage\"},\"image\":{\"@id\":\"https:\/\/www.perimeter-solutions.com\/de\/laboruntersuchungen\/#primaryimage\"},\"thumbnailUrl\":\"https:\/\/www.perimeter-solutions.com\/wp-content\/uploads\/2021\/01\/aux-lab-01.jpg\",\"datePublished\":\"2020-12-02T19:54:46+00:00\",\"dateModified\":\"2024-08-15T02:07:20+00:00\",\"description\":\"Perimeter Solutions bietet Labordienstleistungen zur Analyse von Schaumstoffkonzentraten an. Die Analyse umfasst Verifizierungen im Labor und Feuertests.\",\"inLanguage\":\"de\",\"potentialAction\":[{\"@type\":\"ReadAction\",\"target\":[\"https:\/\/www.perimeter-solutions.com\/de\/laboruntersuchungen\/\"]}]},{\"@type\":\"ImageObject\",\"inLanguage\":\"de\",\"@id\":\"https:\/\/www.perimeter-solutions.com\/de\/laboruntersuchungen\/#primaryimage\",\"url\":\"https:\/\/www.perimeter-solutions.com\/wp-content\/uploads\/2021\/01\/aux-lab-01.jpg\",\"contentUrl\":\"https:\/\/www.perimeter-solutions.com\/wp-content\/uploads\/2021\/01\/aux-lab-01.jpg\"},{\"@type\":\"WebSite\",\"@id\":\"https:\/\/www.perimeter-solutions.com\/de\/#website\",\"url\":\"https:\/\/www.perimeter-solutions.com\/de\/\",\"name\":\"Perimeter Solutions\",\"description\":\"\",\"publisher\":{\"@id\":\"https:\/\/www.perimeter-solutions.com\/de\/#organization\"},\"potentialAction\":[{\"@type\":\"SearchAction\",\"target\":{\"@type\":\"EntryPoint\",\"urlTemplate\":\"https:\/\/www.perimeter-solutions.com\/de\/?s={search_term_string}\"},\"query-input\":{\"@type\":\"PropertyValueSpecification\",\"valueRequired\":true,\"valueName\":\"search_term_string\"}}],\"inLanguage\":\"de\"},{\"@type\":\"Organization\",\"@id\":\"https:\/\/www.perimeter-solutions.com\/de\/#organization\",\"name\":\"Perimeter Solutions\",\"url\":\"https:\/\/www.perimeter-solutions.com\/de\/\",\"logo\":{\"@type\":\"ImageObject\",\"inLanguage\":\"de\",\"@id\":\"https:\/\/www.perimeter-solutions.com\/de\/#\/schema\/logo\/image\/\",\"url\":\"https:\/\/www.perimeter-solutions.com\/wp-content\/uploads\/2021\/02\/perimeter-logo-RGB.png\",\"contentUrl\":\"https:\/\/www.perimeter-solutions.com\/wp-content\/uploads\/2021\/02\/perimeter-logo-RGB.png\",\"width\":794,\"height\":138,\"caption\":\"Perimeter Solutions\"},\"image\":{\"@id\":\"https:\/\/www.perimeter-solutions.com\/de\/#\/schema\/logo\/image\/\"}}]}<\/script>\n<!-- \/ Yoast SEO Premium plugin. -->","yoast_head_json":{"title":"Laboruntersuchungen - Perimeter Solutions","description":"Perimeter Solutions bietet Labordienstleistungen zur Analyse von Schaumstoffkonzentraten an. Die Analyse umfasst Verifizierungen im Labor und Feuertests.","robots":{"index":"index","follow":"follow","max-snippet":"max-snippet:-1","max-image-preview":"max-image-preview:large","max-video-preview":"max-video-preview:-1"},"canonical":"https:\/\/www.perimeter-solutions.com\/de\/laboruntersuchungen\/","og_locale":"de_DE","og_type":"article","og_title":"Laboruntersuchungen","og_description":"Perimeter Solutions bietet Labordienstleistungen zur Analyse von Schaumstoffkonzentraten an. Die Analyse umfasst Verifizierungen im Labor und Feuertests.","og_url":"https:\/\/www.perimeter-solutions.com\/de\/laboruntersuchungen\/","og_site_name":"Perimeter Solutions","article_modified_time":"2024-08-15T02:07:20+00:00","og_image":[{"url":"https:\/\/www.perimeter-solutions.com\/wp-content\/uploads\/2021\/01\/aux-lab-01.jpg"}],"twitter_card":"summary_large_image","schema":{"@context":"https:\/\/schema.org","@graph":[{"@type":"WebPage","@id":"https:\/\/www.perimeter-solutions.com\/de\/laboruntersuchungen\/","url":"https:\/\/www.perimeter-solutions.com\/de\/laboruntersuchungen\/","name":"Laboruntersuchungen - Perimeter Solutions","isPartOf":{"@id":"https:\/\/www.perimeter-solutions.com\/de\/#website"},"primaryImageOfPage":{"@id":"https:\/\/www.perimeter-solutions.com\/de\/laboruntersuchungen\/#primaryimage"},"image":{"@id":"https:\/\/www.perimeter-solutions.com\/de\/laboruntersuchungen\/#primaryimage"},"thumbnailUrl":"https:\/\/www.perimeter-solutions.com\/wp-content\/uploads\/2021\/01\/aux-lab-01.jpg","datePublished":"2020-12-02T19:54:46+00:00","dateModified":"2024-08-15T02:07:20+00:00","description":"Perimeter Solutions bietet Labordienstleistungen zur Analyse von Schaumstoffkonzentraten an. Die Analyse umfasst Verifizierungen im Labor und Feuertests.","inLanguage":"de","potentialAction":[{"@type":"ReadAction","target":["https:\/\/www.perimeter-solutions.com\/de\/laboruntersuchungen\/"]}]},{"@type":"ImageObject","inLanguage":"de","@id":"https:\/\/www.perimeter-solutions.com\/de\/laboruntersuchungen\/#primaryimage","url":"https:\/\/www.perimeter-solutions.com\/wp-content\/uploads\/2021\/01\/aux-lab-01.jpg","contentUrl":"https:\/\/www.perimeter-solutions.com\/wp-content\/uploads\/2021\/01\/aux-lab-01.jpg"},{"@type":"WebSite","@id":"https:\/\/www.perimeter-solutions.com\/de\/#website","url":"https:\/\/www.perimeter-solutions.com\/de\/","name":"Perimeter Solutions","description":"","publisher":{"@id":"https:\/\/www.perimeter-solutions.com\/de\/#organization"},"potentialAction":[{"@type":"SearchAction","target":{"@type":"EntryPoint","urlTemplate":"https:\/\/www.perimeter-solutions.com\/de\/?s={search_term_string}"},"query-input":{"@type":"PropertyValueSpecification","valueRequired":true,"valueName":"search_term_string"}}],"inLanguage":"de"},{"@type":"Organization","@id":"https:\/\/www.perimeter-solutions.com\/de\/#organization","name":"Perimeter Solutions","url":"https:\/\/www.perimeter-solutions.com\/de\/","logo":{"@type":"ImageObject","inLanguage":"de","@id":"https:\/\/www.perimeter-solutions.com\/de\/#\/schema\/logo\/image\/","url":"https:\/\/www.perimeter-solutions.com\/wp-content\/uploads\/2021\/02\/perimeter-logo-RGB.png","contentUrl":"https:\/\/www.perimeter-solutions.com\/wp-content\/uploads\/2021\/02\/perimeter-logo-RGB.png","width":794,"height":138,"caption":"Perimeter Solutions"},"image":{"@id":"https:\/\/www.perimeter-solutions.com\/de\/#\/schema\/logo\/image\/"}}]}},"_links":{"self":[{"href":"https:\/\/www.perimeter-solutions.com\/de\/wp-json\/wp\/v2\/pages\/42854","targetHints":{"allow":["GET"]}}],"collection":[{"href":"https:\/\/www.perimeter-solutions.com\/de\/wp-json\/wp\/v2\/pages"}],"about":[{"href":"https:\/\/www.perimeter-solutions.com\/de\/wp-json\/wp\/v2\/types\/page"}],"author":[{"embeddable":true,"href":"https:\/\/www.perimeter-solutions.com\/de\/wp-json\/wp\/v2\/users\/3"}],"replies":[{"embeddable":true,"href":"https:\/\/www.perimeter-solutions.com\/de\/wp-json\/wp\/v2\/comments?post=42854"}],"version-history":[{"count":3,"href":"https:\/\/www.perimeter-solutions.com\/de\/wp-json\/wp\/v2\/pages\/42854\/revisions"}],"predecessor-version":[{"id":43399,"href":"https:\/\/www.perimeter-solutions.com\/de\/wp-json\/wp\/v2\/pages\/42854\/revisions\/43399"}],"wp:attachment":[{"href":"https:\/\/www.perimeter-solutions.com\/de\/wp-json\/wp\/v2\/media?parent=42854"}],"curies":[{"name":"wp","href":"https:\/\/api.w.org\/{rel}","templated":true}]}}