{"id":42848,"date":"2020-12-02T14:52:26","date_gmt":"2020-12-02T19:52:26","guid":{"rendered":"https:\/\/www.perimeter-solutions.com\/fertigung-ueberholung\/"},"modified":"2024-08-14T22:11:28","modified_gmt":"2024-08-15T02:11:28","slug":"fertigung-ueberholung","status":"publish","type":"page","link":"https:\/\/www.perimeter-solutions.com\/de\/feuerloeschschaumausruestung\/fertigung-ueberholung\/","title":{"rendered":"Fertigung &amp; \u00dcberholung"},"content":{"rendered":"\t\t<div data-elementor-type=\"wp-page\" data-elementor-id=\"42848\" class=\"elementor elementor-42848 elementor-17683\" data-elementor-post-type=\"page\">\n\t\t\t\t\t\t<section class=\"elementor-section elementor-top-section elementor-element elementor-element-a53ddb9 elementor-section-stretched elementor-section-boxed elementor-section-height-default elementor-section-height-default\" data-id=\"a53ddb9\" data-element_type=\"section\" data-e-type=\"section\" data-settings=\"{&quot;stretch_section&quot;:&quot;section-stretched&quot;,&quot;background_background&quot;:&quot;classic&quot;}\">\n\t\t\t\t\t\t<div class=\"elementor-container elementor-column-gap-default\">\n\t\t\t\t\t<div class=\"elementor-column elementor-col-100 elementor-top-column elementor-element elementor-element-8e1337c\" data-id=\"8e1337c\" data-element_type=\"column\" data-e-type=\"column\">\n\t\t\t<div class=\"elementor-widget-wrap elementor-element-populated\">\n\t\t\t\t\t\t<div class=\"elementor-element elementor-element-3fcef61 elementor-widget elementor-widget-heading\" data-id=\"3fcef61\" data-element_type=\"widget\" data-e-type=\"widget\" data-widget_type=\"heading.default\">\n\t\t\t\t<div class=\"elementor-widget-container\">\n\t\t\t\t\t<h1 class=\"elementor-heading-title elementor-size-default\">Fertigung &amp; \u00dcberholung<\/h1>\t\t\t\t<\/div>\n\t\t\t\t<\/div>\n\t\t\t\t\t<\/div>\n\t\t<\/div>\n\t\t\t\t\t<\/div>\n\t\t<\/section>\n\t\t\t\t<section class=\"elementor-section elementor-top-section elementor-element elementor-element-e36f22b elementor-section-boxed elementor-section-height-default elementor-section-height-default\" data-id=\"e36f22b\" data-element_type=\"section\" data-e-type=\"section\" data-settings=\"{&quot;background_background&quot;:&quot;classic&quot;}\">\n\t\t\t\t\t\t\t<div class=\"elementor-background-overlay\"><\/div>\n\t\t\t\t\t\t\t<div class=\"elementor-container elementor-column-gap-default\">\n\t\t\t\t\t<div class=\"elementor-column elementor-col-100 elementor-top-column elementor-element elementor-element-9ead739\" data-id=\"9ead739\" data-element_type=\"column\" data-e-type=\"column\">\n\t\t\t<div class=\"elementor-widget-wrap elementor-element-populated\">\n\t\t\t\t\t\t<section class=\"elementor-section elementor-inner-section elementor-element elementor-element-e8d1fa2 elementor-section-boxed elementor-section-height-default elementor-section-height-default\" data-id=\"e8d1fa2\" data-element_type=\"section\" data-e-type=\"section\">\n\t\t\t\t\t\t<div class=\"elementor-container elementor-column-gap-default\">\n\t\t\t\t\t<div class=\"elementor-column elementor-col-50 elementor-inner-column elementor-element elementor-element-280d082\" data-id=\"280d082\" data-element_type=\"column\" data-e-type=\"column\">\n\t\t\t<div class=\"elementor-widget-wrap elementor-element-populated\">\n\t\t\t\t\t\t<div class=\"elementor-element elementor-element-f34f36a elementor-widget elementor-widget-heading\" data-id=\"f34f36a\" data-element_type=\"widget\" data-e-type=\"widget\" data-widget_type=\"heading.default\">\n\t\t\t\t<div class=\"elementor-widget-container\">\n\t\t\t\t\t<h4 class=\"elementor-heading-title elementor-size-default\">Fabrikation<\/h4>\t\t\t\t<\/div>\n\t\t\t\t<\/div>\n\t\t\t\t<div class=\"elementor-element elementor-element-7081ee5 elementor-widget elementor-widget-text-editor\" data-id=\"7081ee5\" data-element_type=\"widget\" data-e-type=\"widget\" data-widget_type=\"text-editor.default\">\n\t\t\t\t<div class=\"elementor-widget-container\">\n\t\t\t\t\t\t\t\t\t<p>Perimeter Solutions hat Erfahrung in der kompletten Entwicklung, Konstruktion und Fertigung von Nichteisenmetallen wie Aluminium und Edelstahl sowie von Kohlenstoffstahl und verzinktem Stahl.<br \/>\nWir sind in der Lage, Produkte wie Leitern, Plattformen, Gel\u00e4nder, Kufen und vieles mehr nach Ihren W\u00fcnschen zu entwerfen.<br \/>\nWir k\u00f6nnen auch nach Ihren Vorgaben fertigen.<br \/>\nUnsere Fertigung erfolgt in \u00dcbereinstimmung mit den Vorschriften und Normen der Vereinigten Staaten.<br \/>\nSandstrahlen und Lackieren nach Ihren Standards und Spezifikationen sind m\u00f6glich, einschlie\u00dflich der Mehrschichtlackierung.    <\/p>\n\t\t\t\t\t\t\t\t<\/div>\n\t\t\t\t<\/div>\n\t\t\t\t<div class=\"elementor-element elementor-element-6858f99 elementor-widget elementor-widget-heading\" data-id=\"6858f99\" data-element_type=\"widget\" data-e-type=\"widget\" data-widget_type=\"heading.default\">\n\t\t\t\t<div class=\"elementor-widget-container\">\n\t\t\t\t\t<h4 class=\"elementor-heading-title elementor-size-default\">\u00dcberarbeitung<\/h4>\t\t\t\t<\/div>\n\t\t\t\t<\/div>\n\t\t\t\t<div class=\"elementor-element elementor-element-6b84b79 elementor-widget elementor-widget-text-editor\" data-id=\"6b84b79\" data-element_type=\"widget\" data-e-type=\"widget\" data-widget_type=\"text-editor.default\">\n\t\t\t\t<div class=\"elementor-widget-container\">\n\t\t\t\t\t\t\t\t\t<p>Perimeter Solutions verf\u00fcgt \u00fcber jahrelange Erfahrung in der Herstellung und \u00dcberholung von baulicher Ausr\u00fcstung und Feuerwehrausr\u00fcstung.<br \/>\nWir k\u00f6nnen vorhandene Schaumkammern, Schlauchtrommeln, Blasentanks, Anh\u00e4nger und vieles mehr \u00fcberholen.<br \/>\nWir reparieren oder ersetzen kaputte Teile, sandstrahlen und lackieren Ihre Ausr\u00fcstung neu, so dass sie wie neu aussieht.<br \/>\nDies ist eine \u00e4u\u00dferst kosteng\u00fcnstige Alternative zum Kauf neuer Ausr\u00fcstung.   <\/p>\n\t\t\t\t\t\t\t\t<\/div>\n\t\t\t\t<\/div>\n\t\t\t\t\t<\/div>\n\t\t<\/div>\n\t\t\t\t<div class=\"elementor-column elementor-col-50 elementor-inner-column elementor-element elementor-element-d05ef15\" data-id=\"d05ef15\" data-element_type=\"column\" data-e-type=\"column\">\n\t\t\t<div class=\"elementor-widget-wrap elementor-element-populated\">\n\t\t\t\t\t\t<div class=\"elementor-element elementor-element-92767ee elementor-widget elementor-widget-image\" data-id=\"92767ee\" data-element_type=\"widget\" data-e-type=\"widget\" data-widget_type=\"image.default\">\n\t\t\t\t<div class=\"elementor-widget-container\">\n\t\t\t\t\t\t\t\t\t\t\t\t\t\t\t<img fetchpriority=\"high\" decoding=\"async\" width=\"800\" height=\"577\" src=\"https:\/\/www.perimeter-solutions.com\/wp-content\/uploads\/2020\/12\/IMG_0311-1024x739.jpg\" class=\"attachment-large size-large wp-image-42851\" alt=\"\" srcset=\"https:\/\/www.perimeter-solutions.com\/wp-content\/uploads\/2020\/12\/IMG_0311-1024x739.jpg 1024w, https:\/\/www.perimeter-solutions.com\/wp-content\/uploads\/2020\/12\/IMG_0311-600x433.jpg 600w, https:\/\/www.perimeter-solutions.com\/wp-content\/uploads\/2020\/12\/IMG_0311-300x217.jpg 300w, https:\/\/www.perimeter-solutions.com\/wp-content\/uploads\/2020\/12\/IMG_0311-768x555.jpg 768w, https:\/\/www.perimeter-solutions.com\/wp-content\/uploads\/2020\/12\/IMG_0311-1536x1109.jpg 1536w, https:\/\/www.perimeter-solutions.com\/wp-content\/uploads\/2020\/12\/IMG_0311-202x146.jpg 202w, https:\/\/www.perimeter-solutions.com\/wp-content\/uploads\/2020\/12\/IMG_0311-50x36.jpg 50w, https:\/\/www.perimeter-solutions.com\/wp-content\/uploads\/2020\/12\/IMG_0311-104x75.jpg 104w, https:\/\/www.perimeter-solutions.com\/wp-content\/uploads\/2020\/12\/IMG_0311.jpg 1900w\" sizes=\"(max-width: 800px) 100vw, 800px\" \/>\t\t\t\t\t\t\t\t\t\t\t\t\t\t\t<\/div>\n\t\t\t\t<\/div>\n\t\t\t\t\t<\/div>\n\t\t<\/div>\n\t\t\t\t\t<\/div>\n\t\t<\/section>\n\t\t\t\t\t<\/div>\n\t\t<\/div>\n\t\t\t\t\t<\/div>\n\t\t<\/section>\n\t\t\t\t<\/div>\n\t\t","protected":false},"excerpt":{"rendered":"<p>Fertigung &amp; \u00dcberholung Fabrikation Perimeter Solutions hat Erfahrung in der kompletten Entwicklung, Konstruktion und Fertigung von Nichteisenmetallen wie Aluminium und Edelstahl sowie von Kohlenstoffstahl und verzinktem Stahl. Wir sind in [&hellip;]<\/p>\n","protected":false},"author":3,"featured_media":0,"parent":42894,"menu_order":0,"comment_status":"closed","ping_status":"closed","template":"","meta":{"_acf_changed":false,"footnotes":""},"class_list":["post-42848","page","type-page","status-publish","hentry"],"acf":[],"yoast_head":"<!-- This site is optimized with the Yoast SEO Premium plugin v21.9 (Yoast SEO v23.5) - https:\/\/yoast.com\/wordpress\/plugins\/seo\/ -->\n<title>Fertigung &amp; \u00dcberholung - Perimeter Solutions<\/title>\n<meta name=\"robots\" content=\"index, follow, max-snippet:-1, max-image-preview:large, max-video-preview:-1\" \/>\n<link rel=\"canonical\" href=\"https:\/\/www.perimeter-solutions.com\/de\/feuerloeschschaumausruestung\/fertigung-ueberholung\/\" \/>\n<meta property=\"og:locale\" content=\"de_DE\" \/>\n<meta property=\"og:type\" content=\"article\" \/>\n<meta property=\"og:title\" content=\"Fertigung &amp; \u00dcberholung\" \/>\n<meta property=\"og:description\" content=\"Fertigung &amp; \u00dcberholung Fabrikation Perimeter Solutions hat Erfahrung in der kompletten Entwicklung, Konstruktion und Fertigung von Nichteisenmetallen wie Aluminium und Edelstahl sowie von Kohlenstoffstahl und verzinktem Stahl. Wir sind in [&hellip;]\" \/>\n<meta property=\"og:url\" content=\"https:\/\/www.perimeter-solutions.com\/de\/feuerloeschschaumausruestung\/fertigung-ueberholung\/\" \/>\n<meta property=\"og:site_name\" content=\"Perimeter Solutions\" \/>\n<meta property=\"article:modified_time\" content=\"2024-08-15T02:11:28+00:00\" \/>\n<meta property=\"og:image\" content=\"https:\/\/www.perimeter-solutions.com\/wp-content\/uploads\/2020\/12\/IMG_0311-1024x739.jpg\" \/>\n<meta name=\"twitter:card\" content=\"summary_large_image\" \/>\n<meta name=\"twitter:label1\" content=\"Gesch\u00e4tzte Lesezeit\" \/>\n\t<meta name=\"twitter:data1\" content=\"1\u00a0Minute\" \/>\n<script type=\"application\/ld+json\" class=\"yoast-schema-graph\">{\"@context\":\"https:\/\/schema.org\",\"@graph\":[{\"@type\":\"WebPage\",\"@id\":\"https:\/\/www.perimeter-solutions.com\/de\/feuerloeschschaumausruestung\/fertigung-ueberholung\/\",\"url\":\"https:\/\/www.perimeter-solutions.com\/de\/feuerloeschschaumausruestung\/fertigung-ueberholung\/\",\"name\":\"Fertigung &amp; \u00dcberholung - Perimeter Solutions\",\"isPartOf\":{\"@id\":\"https:\/\/www.perimeter-solutions.com\/de\/#website\"},\"primaryImageOfPage\":{\"@id\":\"https:\/\/www.perimeter-solutions.com\/de\/feuerloeschschaumausruestung\/fertigung-ueberholung\/#primaryimage\"},\"image\":{\"@id\":\"https:\/\/www.perimeter-solutions.com\/de\/feuerloeschschaumausruestung\/fertigung-ueberholung\/#primaryimage\"},\"thumbnailUrl\":\"https:\/\/www.perimeter-solutions.com\/wp-content\/uploads\/2020\/12\/IMG_0311-1024x739.jpg\",\"datePublished\":\"2020-12-02T19:52:26+00:00\",\"dateModified\":\"2024-08-15T02:11:28+00:00\",\"breadcrumb\":{\"@id\":\"https:\/\/www.perimeter-solutions.com\/de\/feuerloeschschaumausruestung\/fertigung-ueberholung\/#breadcrumb\"},\"inLanguage\":\"de\",\"potentialAction\":[{\"@type\":\"ReadAction\",\"target\":[\"https:\/\/www.perimeter-solutions.com\/de\/feuerloeschschaumausruestung\/fertigung-ueberholung\/\"]}]},{\"@type\":\"ImageObject\",\"inLanguage\":\"de\",\"@id\":\"https:\/\/www.perimeter-solutions.com\/de\/feuerloeschschaumausruestung\/fertigung-ueberholung\/#primaryimage\",\"url\":\"https:\/\/www.perimeter-solutions.com\/wp-content\/uploads\/2020\/12\/IMG_0311-1024x739.jpg\",\"contentUrl\":\"https:\/\/www.perimeter-solutions.com\/wp-content\/uploads\/2020\/12\/IMG_0311-1024x739.jpg\"},{\"@type\":\"BreadcrumbList\",\"@id\":\"https:\/\/www.perimeter-solutions.com\/de\/feuerloeschschaumausruestung\/fertigung-ueberholung\/#breadcrumb\",\"itemListElement\":[{\"@type\":\"ListItem\",\"position\":1,\"name\":\"Feuerl\u00f6schschaumausr\u00fcstung\",\"item\":\"https:\/\/www.perimeter-solutions.com\/de\/feuerloeschschaumausruestung\/\"},{\"@type\":\"ListItem\",\"position\":2,\"name\":\"Fertigung &amp; \u00dcberholung\"}]},{\"@type\":\"WebSite\",\"@id\":\"https:\/\/www.perimeter-solutions.com\/de\/#website\",\"url\":\"https:\/\/www.perimeter-solutions.com\/de\/\",\"name\":\"Perimeter Solutions\",\"description\":\"\",\"publisher\":{\"@id\":\"https:\/\/www.perimeter-solutions.com\/de\/#organization\"},\"potentialAction\":[{\"@type\":\"SearchAction\",\"target\":{\"@type\":\"EntryPoint\",\"urlTemplate\":\"https:\/\/www.perimeter-solutions.com\/de\/?s={search_term_string}\"},\"query-input\":{\"@type\":\"PropertyValueSpecification\",\"valueRequired\":true,\"valueName\":\"search_term_string\"}}],\"inLanguage\":\"de\"},{\"@type\":\"Organization\",\"@id\":\"https:\/\/www.perimeter-solutions.com\/de\/#organization\",\"name\":\"Perimeter Solutions\",\"url\":\"https:\/\/www.perimeter-solutions.com\/de\/\",\"logo\":{\"@type\":\"ImageObject\",\"inLanguage\":\"de\",\"@id\":\"https:\/\/www.perimeter-solutions.com\/de\/#\/schema\/logo\/image\/\",\"url\":\"https:\/\/www.perimeter-solutions.com\/wp-content\/uploads\/2021\/02\/perimeter-logo-RGB.png\",\"contentUrl\":\"https:\/\/www.perimeter-solutions.com\/wp-content\/uploads\/2021\/02\/perimeter-logo-RGB.png\",\"width\":794,\"height\":138,\"caption\":\"Perimeter Solutions\"},\"image\":{\"@id\":\"https:\/\/www.perimeter-solutions.com\/de\/#\/schema\/logo\/image\/\"}}]}<\/script>\n<!-- \/ Yoast SEO Premium plugin. -->","yoast_head_json":{"title":"Fertigung &amp; \u00dcberholung - Perimeter Solutions","robots":{"index":"index","follow":"follow","max-snippet":"max-snippet:-1","max-image-preview":"max-image-preview:large","max-video-preview":"max-video-preview:-1"},"canonical":"https:\/\/www.perimeter-solutions.com\/de\/feuerloeschschaumausruestung\/fertigung-ueberholung\/","og_locale":"de_DE","og_type":"article","og_title":"Fertigung &amp; \u00dcberholung","og_description":"Fertigung &amp; \u00dcberholung Fabrikation Perimeter Solutions hat Erfahrung in der kompletten Entwicklung, Konstruktion und Fertigung von Nichteisenmetallen wie Aluminium und Edelstahl sowie von Kohlenstoffstahl und verzinktem Stahl. Wir sind in [&hellip;]","og_url":"https:\/\/www.perimeter-solutions.com\/de\/feuerloeschschaumausruestung\/fertigung-ueberholung\/","og_site_name":"Perimeter Solutions","article_modified_time":"2024-08-15T02:11:28+00:00","og_image":[{"url":"https:\/\/www.perimeter-solutions.com\/wp-content\/uploads\/2020\/12\/IMG_0311-1024x739.jpg"}],"twitter_card":"summary_large_image","twitter_misc":{"Gesch\u00e4tzte Lesezeit":"1\u00a0Minute"},"schema":{"@context":"https:\/\/schema.org","@graph":[{"@type":"WebPage","@id":"https:\/\/www.perimeter-solutions.com\/de\/feuerloeschschaumausruestung\/fertigung-ueberholung\/","url":"https:\/\/www.perimeter-solutions.com\/de\/feuerloeschschaumausruestung\/fertigung-ueberholung\/","name":"Fertigung &amp; \u00dcberholung - Perimeter Solutions","isPartOf":{"@id":"https:\/\/www.perimeter-solutions.com\/de\/#website"},"primaryImageOfPage":{"@id":"https:\/\/www.perimeter-solutions.com\/de\/feuerloeschschaumausruestung\/fertigung-ueberholung\/#primaryimage"},"image":{"@id":"https:\/\/www.perimeter-solutions.com\/de\/feuerloeschschaumausruestung\/fertigung-ueberholung\/#primaryimage"},"thumbnailUrl":"https:\/\/www.perimeter-solutions.com\/wp-content\/uploads\/2020\/12\/IMG_0311-1024x739.jpg","datePublished":"2020-12-02T19:52:26+00:00","dateModified":"2024-08-15T02:11:28+00:00","breadcrumb":{"@id":"https:\/\/www.perimeter-solutions.com\/de\/feuerloeschschaumausruestung\/fertigung-ueberholung\/#breadcrumb"},"inLanguage":"de","potentialAction":[{"@type":"ReadAction","target":["https:\/\/www.perimeter-solutions.com\/de\/feuerloeschschaumausruestung\/fertigung-ueberholung\/"]}]},{"@type":"ImageObject","inLanguage":"de","@id":"https:\/\/www.perimeter-solutions.com\/de\/feuerloeschschaumausruestung\/fertigung-ueberholung\/#primaryimage","url":"https:\/\/www.perimeter-solutions.com\/wp-content\/uploads\/2020\/12\/IMG_0311-1024x739.jpg","contentUrl":"https:\/\/www.perimeter-solutions.com\/wp-content\/uploads\/2020\/12\/IMG_0311-1024x739.jpg"},{"@type":"BreadcrumbList","@id":"https:\/\/www.perimeter-solutions.com\/de\/feuerloeschschaumausruestung\/fertigung-ueberholung\/#breadcrumb","itemListElement":[{"@type":"ListItem","position":1,"name":"Feuerl\u00f6schschaumausr\u00fcstung","item":"https:\/\/www.perimeter-solutions.com\/de\/feuerloeschschaumausruestung\/"},{"@type":"ListItem","position":2,"name":"Fertigung &amp; \u00dcberholung"}]},{"@type":"WebSite","@id":"https:\/\/www.perimeter-solutions.com\/de\/#website","url":"https:\/\/www.perimeter-solutions.com\/de\/","name":"Perimeter Solutions","description":"","publisher":{"@id":"https:\/\/www.perimeter-solutions.com\/de\/#organization"},"potentialAction":[{"@type":"SearchAction","target":{"@type":"EntryPoint","urlTemplate":"https:\/\/www.perimeter-solutions.com\/de\/?s={search_term_string}"},"query-input":{"@type":"PropertyValueSpecification","valueRequired":true,"valueName":"search_term_string"}}],"inLanguage":"de"},{"@type":"Organization","@id":"https:\/\/www.perimeter-solutions.com\/de\/#organization","name":"Perimeter Solutions","url":"https:\/\/www.perimeter-solutions.com\/de\/","logo":{"@type":"ImageObject","inLanguage":"de","@id":"https:\/\/www.perimeter-solutions.com\/de\/#\/schema\/logo\/image\/","url":"https:\/\/www.perimeter-solutions.com\/wp-content\/uploads\/2021\/02\/perimeter-logo-RGB.png","contentUrl":"https:\/\/www.perimeter-solutions.com\/wp-content\/uploads\/2021\/02\/perimeter-logo-RGB.png","width":794,"height":138,"caption":"Perimeter Solutions"},"image":{"@id":"https:\/\/www.perimeter-solutions.com\/de\/#\/schema\/logo\/image\/"}}]}},"_links":{"self":[{"href":"https:\/\/www.perimeter-solutions.com\/de\/wp-json\/wp\/v2\/pages\/42848","targetHints":{"allow":["GET"]}}],"collection":[{"href":"https:\/\/www.perimeter-solutions.com\/de\/wp-json\/wp\/v2\/pages"}],"about":[{"href":"https:\/\/www.perimeter-solutions.com\/de\/wp-json\/wp\/v2\/types\/page"}],"author":[{"embeddable":true,"href":"https:\/\/www.perimeter-solutions.com\/de\/wp-json\/wp\/v2\/users\/3"}],"replies":[{"embeddable":true,"href":"https:\/\/www.perimeter-solutions.com\/de\/wp-json\/wp\/v2\/comments?post=42848"}],"version-history":[{"count":3,"href":"https:\/\/www.perimeter-solutions.com\/de\/wp-json\/wp\/v2\/pages\/42848\/revisions"}],"predecessor-version":[{"id":43424,"href":"https:\/\/www.perimeter-solutions.com\/de\/wp-json\/wp\/v2\/pages\/42848\/revisions\/43424"}],"up":[{"embeddable":true,"href":"https:\/\/www.perimeter-solutions.com\/de\/wp-json\/wp\/v2\/pages\/42894"}],"wp:attachment":[{"href":"https:\/\/www.perimeter-solutions.com\/de\/wp-json\/wp\/v2\/media?parent=42848"}],"curies":[{"name":"wp","href":"https:\/\/api.w.org\/{rel}","templated":true}]}}