{"id":42838,"date":"2020-12-02T14:50:25","date_gmt":"2020-12-02T19:50:25","guid":{"rendered":"https:\/\/www.perimeter-solutions.com\/mobile-produkte\/"},"modified":"2024-08-14T22:10:44","modified_gmt":"2024-08-15T02:10:44","slug":"mobile-produkte","status":"publish","type":"page","link":"https:\/\/www.perimeter-solutions.com\/de\/feuerloeschschaumausruestung\/mobile-produkte\/","title":{"rendered":"Mobile Produkte"},"content":{"rendered":"\t\t<div data-elementor-type=\"wp-page\" data-elementor-id=\"42838\" class=\"elementor elementor-42838 elementor-17679\" data-elementor-post-type=\"page\">\n\t\t\t\t\t\t<section class=\"elementor-section elementor-top-section elementor-element elementor-element-a53ddb9 elementor-section-stretched elementor-section-boxed elementor-section-height-default elementor-section-height-default\" data-id=\"a53ddb9\" data-element_type=\"section\" data-e-type=\"section\" data-settings=\"{&quot;stretch_section&quot;:&quot;section-stretched&quot;,&quot;background_background&quot;:&quot;classic&quot;}\">\n\t\t\t\t\t\t<div class=\"elementor-container elementor-column-gap-default\">\n\t\t\t\t\t<div class=\"elementor-column elementor-col-100 elementor-top-column elementor-element elementor-element-8e1337c\" data-id=\"8e1337c\" data-element_type=\"column\" data-e-type=\"column\">\n\t\t\t<div class=\"elementor-widget-wrap elementor-element-populated\">\n\t\t\t\t\t\t<div class=\"elementor-element elementor-element-3fcef61 elementor-widget elementor-widget-heading\" data-id=\"3fcef61\" data-element_type=\"widget\" data-e-type=\"widget\" data-widget_type=\"heading.default\">\n\t\t\t\t<div class=\"elementor-widget-container\">\n\t\t\t\t\t<h1 class=\"elementor-heading-title elementor-size-default\">Mobile Produkte<\/h1>\t\t\t\t<\/div>\n\t\t\t\t<\/div>\n\t\t\t\t\t<\/div>\n\t\t<\/div>\n\t\t\t\t\t<\/div>\n\t\t<\/section>\n\t\t\t\t<section class=\"elementor-section elementor-top-section elementor-element elementor-element-e36f22b elementor-section-boxed elementor-section-height-default elementor-section-height-default\" data-id=\"e36f22b\" data-element_type=\"section\" data-e-type=\"section\" data-settings=\"{&quot;background_background&quot;:&quot;classic&quot;}\">\n\t\t\t\t\t\t\t<div class=\"elementor-background-overlay\"><\/div>\n\t\t\t\t\t\t\t<div class=\"elementor-container elementor-column-gap-default\">\n\t\t\t\t\t<div class=\"elementor-column elementor-col-100 elementor-top-column elementor-element elementor-element-9ead739\" data-id=\"9ead739\" data-element_type=\"column\" data-e-type=\"column\">\n\t\t\t<div class=\"elementor-widget-wrap elementor-element-populated\">\n\t\t\t\t\t\t<section class=\"elementor-section elementor-inner-section elementor-element elementor-element-e8d1fa2 elementor-section-boxed elementor-section-height-default elementor-section-height-default\" data-id=\"e8d1fa2\" data-element_type=\"section\" data-e-type=\"section\">\n\t\t\t\t\t\t<div class=\"elementor-container elementor-column-gap-default\">\n\t\t\t\t\t<div class=\"elementor-column elementor-col-50 elementor-inner-column elementor-element elementor-element-280d082\" data-id=\"280d082\" data-element_type=\"column\" data-e-type=\"column\">\n\t\t\t<div class=\"elementor-widget-wrap elementor-element-populated\">\n\t\t\t\t\t\t<div class=\"elementor-element elementor-element-7081ee5 elementor-widget elementor-widget-text-editor\" data-id=\"7081ee5\" data-element_type=\"widget\" data-e-type=\"widget\" data-widget_type=\"text-editor.default\">\n\t\t\t\t<div class=\"elementor-widget-container\">\n\t\t\t\t\t\t\t\t\t<p>Als kundenspezifischer Hersteller passen wir unsere mobilen Produkte an Ihre speziellen Anforderungen an. Perimeter Solutions Mobile Produkte wurden entwickelt, um einen schnellen, mobilen Schaum-Brandschutz f\u00fcr Gefahren durch brennbare Fl\u00fcssigkeiten zu bieten. Zu diesen Gefahren geh\u00f6ren Tanklager, Laderampen (sowohl f\u00fcr LKWs als auch f\u00fcr den Schienenverkehr), chemische Verarbeitungsanlagen und Schiffsumschlagpl\u00e4tze. Perimeter Solutions Mobile Produkte erh\u00f6hen die Feuerl\u00f6schf\u00e4higkeit von industriellen, kommunalen und milit\u00e4rischen Feuerwehrleuten erheblich.<\/p>\n<p><b>Unsere Mobile Produkte k\u00f6nnen mit allen Perimeter Solutions Schaummitteln verwendet werden.<\/b><\/p>\n\t\t\t\t\t\t\t\t<\/div>\n\t\t\t\t<\/div>\n\t\t\t\t<div class=\"elementor-element elementor-element-879de7b elementor-widget elementor-widget-heading\" data-id=\"879de7b\" data-element_type=\"widget\" data-e-type=\"widget\" data-widget_type=\"heading.default\">\n\t\t\t\t<div class=\"elementor-widget-container\">\n\t\t\t\t\t<h4 class=\"elementor-heading-title elementor-size-default\">Schaumstoffwagen<\/h4>\t\t\t\t<\/div>\n\t\t\t\t<\/div>\n\t\t\t\t<div class=\"elementor-element elementor-element-f8616a2 elementor-widget elementor-widget-text-editor\" data-id=\"f8616a2\" data-element_type=\"widget\" data-e-type=\"widget\" data-widget_type=\"text-editor.default\">\n\t\t\t\t<div class=\"elementor-widget-container\">\n\t\t\t\t\t\t\t\t\t<p>Der mobile Schaumstoffwagen von Perimeter Solutions ist f\u00fcr die Bedienung durch eine Person konzipiert und konstruiert. Diese Schaumstation kann in einer Notfallsituation schnell ihr volles Potenzial entfalten. Das Schaumkonzentrat wird in einem 35-Gallonen (133 Liter) Edelstahltank gelagert, der mit einem 95-gpm (360 lpm) Ejektor und einem Aufnahmerohr ausgestattet ist. Das Aufnahmerohr ist mit dem Tank verbunden und verwendet eine Dosiervorrichtung, um zu bestimmen, wie viel Prozent Schaummittel in den Wasserstrom eingebracht werden. Am Einlass des Eduktors ist ein Versorgungsfeuerl\u00f6schschlauch angeschlossen, der Wasser aus einer unabh\u00e4ngigen Quelle liefert. An den Auslauf sind ein Feuerwehrschlauch und ein Auslaufstutzen angeschlossen. Im Betrieb str\u00f6mt Wasser durch den Eduktor und erzeugt einen Unterdruck, der Schaummittel aus dem Tank zum Dosierventil des Eduktors und in den Wasserstrom saugt, wodurch Schauml\u00f6sung an die D\u00fcse abgegeben wird.<\/p>\n\t\t\t\t\t\t\t\t<\/div>\n\t\t\t\t<\/div>\n\t\t\t\t<div class=\"elementor-element elementor-element-6cd60fc elementor-widget elementor-widget-heading\" data-id=\"6cd60fc\" data-element_type=\"widget\" data-e-type=\"widget\" data-widget_type=\"heading.default\">\n\t\t\t\t<div class=\"elementor-widget-container\">\n\t\t\t\t\t<h4 class=\"elementor-heading-title elementor-size-default\">Schaumstoffanh\u00e4nger<\/h4>\t\t\t\t<\/div>\n\t\t\t\t<\/div>\n\t\t\t\t<div class=\"elementor-element elementor-element-b4da178 elementor-widget elementor-widget-text-editor\" data-id=\"b4da178\" data-element_type=\"widget\" data-e-type=\"widget\" data-widget_type=\"text-editor.default\">\n\t\t\t\t<div class=\"elementor-widget-container\">\n\t\t\t\t\t\t\t\t\t<p>Der Schaumanh\u00e4nger von Perimeter Solutions ist ein komplettes mobiles Paket, das alle anwendbaren NFPA-Standards erf\u00fcllt, bestehend aus einem Anh\u00e4nger mit Rahmen, R\u00e4dern und Achsen, der das gesamte Ladegewicht der Anh\u00e4ngerbaugruppe und des Schaummittels tragen kann. Der Anh\u00e4ngerrahmen umfasst einen Zungenheber, elektrische Anschl\u00fcsse, NFPA 1901-Beleuchtungspaket (optional), reflektierende Streifen, hintere Schmutzf\u00e4nger und hintere Stabilisatoren. Das Schaumsystem kann eines von zwei Schaumlagerbeh\u00e4lterdesigns verwenden: Polyethylenbeh\u00e4lter, einzeln, doppelt oder mehrfach, oder ein starr konstruierter Metallschaumbeh\u00e4lter. Der Schaummonitor kann bis zu 1000 gpm (3785 lpm) Schauml\u00f6sung bei einem Druck von 100 psi (7,0 bar) abgeben. Die Monitoranschl\u00fcsse sind bis zu 3,0 Zoll gro\u00df. (76mm). Die selbstaussto\u00dfende Monitord\u00fcse kann bis zu 1000 gpm (3785 lpm) bei 100 psi (7,0 bar) abgeben.<\/p>\n\t\t\t\t\t\t\t\t<\/div>\n\t\t\t\t<\/div>\n\t\t\t\t<div class=\"elementor-element elementor-element-9408011 elementor-widget elementor-widget-heading\" data-id=\"9408011\" data-element_type=\"widget\" data-e-type=\"widget\" data-widget_type=\"heading.default\">\n\t\t\t\t<div class=\"elementor-widget-container\">\n\t\t\t\t\t<h4 class=\"elementor-heading-title elementor-size-default\">Schaumdosieranh\u00e4nger<\/h4>\t\t\t\t<\/div>\n\t\t\t\t<\/div>\n\t\t\t\t<div class=\"elementor-element elementor-element-a17c5b3 elementor-widget elementor-widget-text-editor\" data-id=\"a17c5b3\" data-element_type=\"widget\" data-e-type=\"widget\" data-widget_type=\"text-editor.default\">\n\t\t\t\t<div class=\"elementor-widget-container\">\n\t\t\t\t\t\t\t\t\t<p>Der Perimeter Solutions Foam Proportioning Trailer ist ein komplettes mobiles Paket, das alle anwendbaren NFPA-Standards erf\u00fcllt, bestehend aus einem Anh\u00e4nger mit Rahmen, R\u00e4dern und Achsen, der das gesamte Ladegewicht der Anh\u00e4ngerbaugruppe und des Schaummittels tragen kann. Der Anh\u00e4ngerrahmen umfasst einen Zungenheber, elektrische Anschl\u00fcsse, NFPA 1901-Beleuchtungspaket (optional), reflektierende Streifen, hintere Schmutzf\u00e4nger und hintere Stabilisatoren. Konzentrattanks sind mit Fassungsverm\u00f6gen von 500, 750, 1000 Gallonen (1893, 2839, 3785 Liter) erh\u00e4ltlich. Die Tanks sind aus Kohlenstoffstahl gem\u00e4\u00df NFPA 11C \u201eMobile Foam Apparatus\u201c gefertigt. Die Tanks verf\u00fcgen \u00fcber die erforderlichen Taumelscheiben und einen abnehmbaren, abgedichteten Deckel, der das Bef\u00fcllen, Reinigen und Inspizieren erleichtert.<br \/>\nDer Schaumzumischwagen enth\u00e4lt eine Verdr\u00e4ngerpumpe f\u00fcr Schaummittel, die von einem luftgek\u00fchlten Dieselmotor mit Elektrostart angetrieben wird.  Die Pumpe besteht aus Materialien, die mit allen Arten von L\u00f6schschaummitteln (AFFF, AR-AFFF) kompatibel sind und kann f\u00fcr den Einsatz mit 1 %, 3 % oder 6 % Schaummittelkonzentraten ausgelegt werden. Die Inline-Druckausgleichs-Dosiersysteme halten den Druck in den Schaummittel- und Wassereinl\u00e4ssen zum Dosierer gleich. Dadurch kann das System \u00fcber einen weiten Bereich von Durchflussraten und verf\u00fcgbaren Dr\u00fccken verwendet werden. Ein Duplex-Manometer zeigt den Schaummittel- und Wasserdruck an.<\/p>\n\t\t\t\t\t\t\t\t<\/div>\n\t\t\t\t<\/div>\n\t\t\t\t<div class=\"elementor-element elementor-element-a24bc75 elementor-widget elementor-widget-heading\" data-id=\"a24bc75\" data-element_type=\"widget\" data-e-type=\"widget\" data-widget_type=\"heading.default\">\n\t\t\t\t<div class=\"elementor-widget-container\">\n\t\t\t\t\t<h4 class=\"elementor-heading-title elementor-size-default\">Twin-Agent-Einheit<\/h4>\t\t\t\t<\/div>\n\t\t\t\t<\/div>\n\t\t\t\t<div class=\"elementor-element elementor-element-4f5123b elementor-widget elementor-widget-text-editor\" data-id=\"4f5123b\" data-element_type=\"widget\" data-e-type=\"widget\" data-widget_type=\"text-editor.default\">\n\t\t\t\t<div class=\"elementor-widget-container\">\n\t\t\t\t\t\t\t\t\t<p>Die Perimeter Solutions Twin-Agent-Einheit ist f\u00fcr den Ein-Mann-Betrieb ausgelegt und konstruiert. Diese mobile oder station\u00e4re Feuerwehreinheit kann in einer Notsituation schnell ihr volles Potenzial entfalten. Die 100\/30 Twin-Agent Unit (TAU) besteht aus zwei Wirkstofftanks, einem 15 m langen Doppelschlauch und einer einzelnen Stickstoffflasche mit Reglerbaugruppe zur Steuerung des Gasdruckflusses in die Wirkstofftankbaugruppen. Der 100\/30 TAU ist auf einer Kufenrahmenbasis montiert, um das Heben oder Bewegen zu erleichtern.<\/p>\n\t\t\t\t\t\t\t\t<\/div>\n\t\t\t\t<\/div>\n\t\t\t\t\t<\/div>\n\t\t<\/div>\n\t\t\t\t<div class=\"elementor-column elementor-col-50 elementor-inner-column elementor-element elementor-element-d05ef15\" data-id=\"d05ef15\" data-element_type=\"column\" data-e-type=\"column\">\n\t\t\t<div class=\"elementor-widget-wrap elementor-element-populated\">\n\t\t\t\t\t\t<div class=\"elementor-element elementor-element-d5454f1 elementor-widget elementor-widget-text-editor\" data-id=\"d5454f1\" data-element_type=\"widget\" data-e-type=\"widget\" data-widget_type=\"text-editor.default\">\n\t\t\t\t<div class=\"elementor-widget-container\">\n\t\t\t\t\t\t\t\t\t<p><strong>SCHAUMWAGEN<\/strong><br \/><a href=\"https:\/\/www.perimeter-solutions.com\/wp-content\/uploads\/2021\/05\/SOLB_Mobile-Foam-Cart-F-2011014-1.pdf\" target=\"_blank\" rel=\"noopener\">Mobiler Schaumstoffwagen<\/a><br \/><a href=\"https:\/\/www.perimeter-solutions.com\/wp-content\/uploads\/2021\/05\/SOLB_Mobile-Foam-Cart-Polyethylene_F-2013012-2.pdf\" target=\"_blank\" rel=\"noopener\">Mobiler Schaumstoffwagen Polyethylen<\/a><\/p>\n<p><strong>SCHAUMANH\u00c4NGER<\/strong><br \/><a href=\"https:\/\/www.perimeter-solutions.com\/wp-content\/uploads\/2021\/05\/SOLB-Foam-Trailer-F-2012003-4.pdf\" target=\"_blank\" rel=\"noopener\">Schaumstoff-Anh\u00e4nger<\/a><br \/><a href=\"https:\/\/www.perimeter-solutions.com\/wp-content\/uploads\/2021\/01\/PC-Dual-Agent-Trailer-PCE-2019055-0_PRINT.pdf\" target=\"_blank\" rel=\"noopener\">Dual Agent Trailer<\/a><\/p>\n<p><strong>SCHAUM-DOSIER-ANH\u00c4NGER<\/strong><br \/><a href=\"https:\/\/www.perimeter-solutions.com\/wp-content\/uploads\/2021\/05\/SOLB-Foam-Proportioning-Trailer-F-2012004-1.pdf\" target=\"_blank\" rel=\"noopener\">Schaumdosieranh\u00e4nger<\/a><\/p>\n<p><strong>DOPPELAGENTENGER\u00c4T 100\/30<\/strong><br \/><a href=\"https:\/\/www.perimeter-solutions.com\/wp-content\/uploads\/2021\/05\/SOLB_TwinAgentUnit-100-30-F-2015004-1.pdf\" target=\"_blank\" rel=\"noopener\">Doppelaggregat 100\/30<\/a><\/p>\n\t\t\t\t\t\t\t\t<\/div>\n\t\t\t\t<\/div>\n\t\t\t\t<div class=\"elementor-element elementor-element-6387fa5 elementor-widget elementor-widget-image\" data-id=\"6387fa5\" data-element_type=\"widget\" data-e-type=\"widget\" data-widget_type=\"image.default\">\n\t\t\t\t<div class=\"elementor-widget-container\">\n\t\t\t\t\t\t\t\t\t\t\t\t\t\t\t<img fetchpriority=\"high\" decoding=\"async\" width=\"800\" height=\"911\" src=\"https:\/\/www.perimeter-solutions.com\/wp-content\/uploads\/2020\/12\/Foam-Cart-DSC_7238_2-899x1024.jpg\" class=\"attachment-large size-large wp-image-42840\" alt=\"\" srcset=\"https:\/\/www.perimeter-solutions.com\/wp-content\/uploads\/2020\/12\/Foam-Cart-DSC_7238_2-899x1024.jpg 899w, https:\/\/www.perimeter-solutions.com\/wp-content\/uploads\/2020\/12\/Foam-Cart-DSC_7238_2-600x683.jpg 600w, https:\/\/www.perimeter-solutions.com\/wp-content\/uploads\/2020\/12\/Foam-Cart-DSC_7238_2-263x300.jpg 263w, https:\/\/www.perimeter-solutions.com\/wp-content\/uploads\/2020\/12\/Foam-Cart-DSC_7238_2-768x875.jpg 768w, https:\/\/www.perimeter-solutions.com\/wp-content\/uploads\/2020\/12\/Foam-Cart-DSC_7238_2-1349x1536.jpg 1349w, https:\/\/www.perimeter-solutions.com\/wp-content\/uploads\/2020\/12\/Foam-Cart-DSC_7238_2-1798x2048.jpg 1798w, https:\/\/www.perimeter-solutions.com\/wp-content\/uploads\/2020\/12\/Foam-Cart-DSC_7238_2-128x146.jpg 128w, https:\/\/www.perimeter-solutions.com\/wp-content\/uploads\/2020\/12\/Foam-Cart-DSC_7238_2-44x50.jpg 44w, https:\/\/www.perimeter-solutions.com\/wp-content\/uploads\/2020\/12\/Foam-Cart-DSC_7238_2-66x75.jpg 66w, https:\/\/www.perimeter-solutions.com\/wp-content\/uploads\/2020\/12\/Foam-Cart-DSC_7238_2.jpg 2000w\" sizes=\"(max-width: 800px) 100vw, 800px\" \/>\t\t\t\t\t\t\t\t\t\t\t\t\t\t\t<\/div>\n\t\t\t\t<\/div>\n\t\t\t\t\t<\/div>\n\t\t<\/div>\n\t\t\t\t\t<\/div>\n\t\t<\/section>\n\t\t\t\t\t<\/div>\n\t\t<\/div>\n\t\t\t\t\t<\/div>\n\t\t<\/section>\n\t\t\t\t<\/div>\n\t\t","protected":false},"excerpt":{"rendered":"<p>Mobile Produkte Als kundenspezifischer Hersteller passen wir unsere mobilen Produkte an Ihre speziellen Anforderungen an. Perimeter Solutions Mobile Produkte wurden entwickelt, um einen schnellen, mobilen Schaum-Brandschutz f\u00fcr Gefahren durch brennbare [&hellip;]<\/p>\n","protected":false},"author":3,"featured_media":0,"parent":42894,"menu_order":0,"comment_status":"closed","ping_status":"closed","template":"","meta":{"_acf_changed":false,"footnotes":""},"class_list":["post-42838","page","type-page","status-publish","hentry"],"acf":[],"yoast_head":"<!-- This site is optimized with the Yoast SEO Premium plugin v21.9 (Yoast SEO v23.5) - https:\/\/yoast.com\/wordpress\/plugins\/seo\/ -->\n<title>Mobile Produkte - Perimeter Solutions<\/title>\n<meta name=\"description\" content=\"Perimeter Solutions schneidet unsere mobilen Produkte so zu, dass sie Ihre Anforderungen an den mobilen Schaumbrandschutz f\u00fcr brennbare Fl\u00fcssigkeiten erf\u00fcllen.\" \/>\n<meta name=\"robots\" content=\"index, follow, max-snippet:-1, max-image-preview:large, max-video-preview:-1\" \/>\n<link rel=\"canonical\" href=\"https:\/\/www.perimeter-solutions.com\/de\/feuerloeschschaumausruestung\/mobile-produkte\/\" \/>\n<meta property=\"og:locale\" content=\"de_DE\" \/>\n<meta property=\"og:type\" content=\"article\" \/>\n<meta property=\"og:title\" content=\"Mobile Produkte\" \/>\n<meta property=\"og:description\" content=\"Perimeter Solutions schneidet unsere mobilen Produkte so zu, dass sie Ihre Anforderungen an den mobilen Schaumbrandschutz f\u00fcr brennbare Fl\u00fcssigkeiten erf\u00fcllen.\" \/>\n<meta property=\"og:url\" content=\"https:\/\/www.perimeter-solutions.com\/de\/feuerloeschschaumausruestung\/mobile-produkte\/\" \/>\n<meta property=\"og:site_name\" content=\"Perimeter Solutions\" \/>\n<meta property=\"article:modified_time\" content=\"2024-08-15T02:10:44+00:00\" \/>\n<meta property=\"og:image\" content=\"https:\/\/www.perimeter-solutions.com\/wp-content\/uploads\/2020\/12\/Foam-Cart-DSC_7238_2-899x1024.jpg\" \/>\n<meta name=\"twitter:card\" content=\"summary_large_image\" \/>\n<meta name=\"twitter:label1\" content=\"Gesch\u00e4tzte Lesezeit\" \/>\n\t<meta name=\"twitter:data1\" content=\"3\u00a0Minuten\" \/>\n<script type=\"application\/ld+json\" class=\"yoast-schema-graph\">{\"@context\":\"https:\/\/schema.org\",\"@graph\":[{\"@type\":\"WebPage\",\"@id\":\"https:\/\/www.perimeter-solutions.com\/de\/feuerloeschschaumausruestung\/mobile-produkte\/\",\"url\":\"https:\/\/www.perimeter-solutions.com\/de\/feuerloeschschaumausruestung\/mobile-produkte\/\",\"name\":\"Mobile Produkte - Perimeter Solutions\",\"isPartOf\":{\"@id\":\"https:\/\/www.perimeter-solutions.com\/de\/#website\"},\"primaryImageOfPage\":{\"@id\":\"https:\/\/www.perimeter-solutions.com\/de\/feuerloeschschaumausruestung\/mobile-produkte\/#primaryimage\"},\"image\":{\"@id\":\"https:\/\/www.perimeter-solutions.com\/de\/feuerloeschschaumausruestung\/mobile-produkte\/#primaryimage\"},\"thumbnailUrl\":\"https:\/\/www.perimeter-solutions.com\/wp-content\/uploads\/2020\/12\/Foam-Cart-DSC_7238_2-899x1024.jpg\",\"datePublished\":\"2020-12-02T19:50:25+00:00\",\"dateModified\":\"2024-08-15T02:10:44+00:00\",\"description\":\"Perimeter Solutions schneidet unsere mobilen Produkte so zu, dass sie Ihre Anforderungen an den mobilen Schaumbrandschutz f\u00fcr brennbare Fl\u00fcssigkeiten erf\u00fcllen.\",\"breadcrumb\":{\"@id\":\"https:\/\/www.perimeter-solutions.com\/de\/feuerloeschschaumausruestung\/mobile-produkte\/#breadcrumb\"},\"inLanguage\":\"de\",\"potentialAction\":[{\"@type\":\"ReadAction\",\"target\":[\"https:\/\/www.perimeter-solutions.com\/de\/feuerloeschschaumausruestung\/mobile-produkte\/\"]}]},{\"@type\":\"ImageObject\",\"inLanguage\":\"de\",\"@id\":\"https:\/\/www.perimeter-solutions.com\/de\/feuerloeschschaumausruestung\/mobile-produkte\/#primaryimage\",\"url\":\"https:\/\/www.perimeter-solutions.com\/wp-content\/uploads\/2020\/12\/Foam-Cart-DSC_7238_2-899x1024.jpg\",\"contentUrl\":\"https:\/\/www.perimeter-solutions.com\/wp-content\/uploads\/2020\/12\/Foam-Cart-DSC_7238_2-899x1024.jpg\"},{\"@type\":\"BreadcrumbList\",\"@id\":\"https:\/\/www.perimeter-solutions.com\/de\/feuerloeschschaumausruestung\/mobile-produkte\/#breadcrumb\",\"itemListElement\":[{\"@type\":\"ListItem\",\"position\":1,\"name\":\"Feuerl\u00f6schschaumausr\u00fcstung\",\"item\":\"https:\/\/www.perimeter-solutions.com\/de\/feuerloeschschaumausruestung\/\"},{\"@type\":\"ListItem\",\"position\":2,\"name\":\"Mobile Produkte\"}]},{\"@type\":\"WebSite\",\"@id\":\"https:\/\/www.perimeter-solutions.com\/de\/#website\",\"url\":\"https:\/\/www.perimeter-solutions.com\/de\/\",\"name\":\"Perimeter Solutions\",\"description\":\"\",\"publisher\":{\"@id\":\"https:\/\/www.perimeter-solutions.com\/de\/#organization\"},\"potentialAction\":[{\"@type\":\"SearchAction\",\"target\":{\"@type\":\"EntryPoint\",\"urlTemplate\":\"https:\/\/www.perimeter-solutions.com\/de\/?s={search_term_string}\"},\"query-input\":{\"@type\":\"PropertyValueSpecification\",\"valueRequired\":true,\"valueName\":\"search_term_string\"}}],\"inLanguage\":\"de\"},{\"@type\":\"Organization\",\"@id\":\"https:\/\/www.perimeter-solutions.com\/de\/#organization\",\"name\":\"Perimeter Solutions\",\"url\":\"https:\/\/www.perimeter-solutions.com\/de\/\",\"logo\":{\"@type\":\"ImageObject\",\"inLanguage\":\"de\",\"@id\":\"https:\/\/www.perimeter-solutions.com\/de\/#\/schema\/logo\/image\/\",\"url\":\"https:\/\/www.perimeter-solutions.com\/wp-content\/uploads\/2021\/02\/perimeter-logo-RGB.png\",\"contentUrl\":\"https:\/\/www.perimeter-solutions.com\/wp-content\/uploads\/2021\/02\/perimeter-logo-RGB.png\",\"width\":794,\"height\":138,\"caption\":\"Perimeter Solutions\"},\"image\":{\"@id\":\"https:\/\/www.perimeter-solutions.com\/de\/#\/schema\/logo\/image\/\"}}]}<\/script>\n<!-- \/ Yoast SEO Premium plugin. -->","yoast_head_json":{"title":"Mobile Produkte - Perimeter Solutions","description":"Perimeter Solutions schneidet unsere mobilen Produkte so zu, dass sie Ihre Anforderungen an den mobilen Schaumbrandschutz f\u00fcr brennbare Fl\u00fcssigkeiten erf\u00fcllen.","robots":{"index":"index","follow":"follow","max-snippet":"max-snippet:-1","max-image-preview":"max-image-preview:large","max-video-preview":"max-video-preview:-1"},"canonical":"https:\/\/www.perimeter-solutions.com\/de\/feuerloeschschaumausruestung\/mobile-produkte\/","og_locale":"de_DE","og_type":"article","og_title":"Mobile Produkte","og_description":"Perimeter Solutions schneidet unsere mobilen Produkte so zu, dass sie Ihre Anforderungen an den mobilen Schaumbrandschutz f\u00fcr brennbare Fl\u00fcssigkeiten erf\u00fcllen.","og_url":"https:\/\/www.perimeter-solutions.com\/de\/feuerloeschschaumausruestung\/mobile-produkte\/","og_site_name":"Perimeter Solutions","article_modified_time":"2024-08-15T02:10:44+00:00","og_image":[{"url":"https:\/\/www.perimeter-solutions.com\/wp-content\/uploads\/2020\/12\/Foam-Cart-DSC_7238_2-899x1024.jpg"}],"twitter_card":"summary_large_image","twitter_misc":{"Gesch\u00e4tzte Lesezeit":"3\u00a0Minuten"},"schema":{"@context":"https:\/\/schema.org","@graph":[{"@type":"WebPage","@id":"https:\/\/www.perimeter-solutions.com\/de\/feuerloeschschaumausruestung\/mobile-produkte\/","url":"https:\/\/www.perimeter-solutions.com\/de\/feuerloeschschaumausruestung\/mobile-produkte\/","name":"Mobile Produkte - Perimeter Solutions","isPartOf":{"@id":"https:\/\/www.perimeter-solutions.com\/de\/#website"},"primaryImageOfPage":{"@id":"https:\/\/www.perimeter-solutions.com\/de\/feuerloeschschaumausruestung\/mobile-produkte\/#primaryimage"},"image":{"@id":"https:\/\/www.perimeter-solutions.com\/de\/feuerloeschschaumausruestung\/mobile-produkte\/#primaryimage"},"thumbnailUrl":"https:\/\/www.perimeter-solutions.com\/wp-content\/uploads\/2020\/12\/Foam-Cart-DSC_7238_2-899x1024.jpg","datePublished":"2020-12-02T19:50:25+00:00","dateModified":"2024-08-15T02:10:44+00:00","description":"Perimeter Solutions schneidet unsere mobilen Produkte so zu, dass sie Ihre Anforderungen an den mobilen Schaumbrandschutz f\u00fcr brennbare Fl\u00fcssigkeiten erf\u00fcllen.","breadcrumb":{"@id":"https:\/\/www.perimeter-solutions.com\/de\/feuerloeschschaumausruestung\/mobile-produkte\/#breadcrumb"},"inLanguage":"de","potentialAction":[{"@type":"ReadAction","target":["https:\/\/www.perimeter-solutions.com\/de\/feuerloeschschaumausruestung\/mobile-produkte\/"]}]},{"@type":"ImageObject","inLanguage":"de","@id":"https:\/\/www.perimeter-solutions.com\/de\/feuerloeschschaumausruestung\/mobile-produkte\/#primaryimage","url":"https:\/\/www.perimeter-solutions.com\/wp-content\/uploads\/2020\/12\/Foam-Cart-DSC_7238_2-899x1024.jpg","contentUrl":"https:\/\/www.perimeter-solutions.com\/wp-content\/uploads\/2020\/12\/Foam-Cart-DSC_7238_2-899x1024.jpg"},{"@type":"BreadcrumbList","@id":"https:\/\/www.perimeter-solutions.com\/de\/feuerloeschschaumausruestung\/mobile-produkte\/#breadcrumb","itemListElement":[{"@type":"ListItem","position":1,"name":"Feuerl\u00f6schschaumausr\u00fcstung","item":"https:\/\/www.perimeter-solutions.com\/de\/feuerloeschschaumausruestung\/"},{"@type":"ListItem","position":2,"name":"Mobile Produkte"}]},{"@type":"WebSite","@id":"https:\/\/www.perimeter-solutions.com\/de\/#website","url":"https:\/\/www.perimeter-solutions.com\/de\/","name":"Perimeter Solutions","description":"","publisher":{"@id":"https:\/\/www.perimeter-solutions.com\/de\/#organization"},"potentialAction":[{"@type":"SearchAction","target":{"@type":"EntryPoint","urlTemplate":"https:\/\/www.perimeter-solutions.com\/de\/?s={search_term_string}"},"query-input":{"@type":"PropertyValueSpecification","valueRequired":true,"valueName":"search_term_string"}}],"inLanguage":"de"},{"@type":"Organization","@id":"https:\/\/www.perimeter-solutions.com\/de\/#organization","name":"Perimeter Solutions","url":"https:\/\/www.perimeter-solutions.com\/de\/","logo":{"@type":"ImageObject","inLanguage":"de","@id":"https:\/\/www.perimeter-solutions.com\/de\/#\/schema\/logo\/image\/","url":"https:\/\/www.perimeter-solutions.com\/wp-content\/uploads\/2021\/02\/perimeter-logo-RGB.png","contentUrl":"https:\/\/www.perimeter-solutions.com\/wp-content\/uploads\/2021\/02\/perimeter-logo-RGB.png","width":794,"height":138,"caption":"Perimeter Solutions"},"image":{"@id":"https:\/\/www.perimeter-solutions.com\/de\/#\/schema\/logo\/image\/"}}]}},"_links":{"self":[{"href":"https:\/\/www.perimeter-solutions.com\/de\/wp-json\/wp\/v2\/pages\/42838","targetHints":{"allow":["GET"]}}],"collection":[{"href":"https:\/\/www.perimeter-solutions.com\/de\/wp-json\/wp\/v2\/pages"}],"about":[{"href":"https:\/\/www.perimeter-solutions.com\/de\/wp-json\/wp\/v2\/types\/page"}],"author":[{"embeddable":true,"href":"https:\/\/www.perimeter-solutions.com\/de\/wp-json\/wp\/v2\/users\/3"}],"replies":[{"embeddable":true,"href":"https:\/\/www.perimeter-solutions.com\/de\/wp-json\/wp\/v2\/comments?post=42838"}],"version-history":[{"count":3,"href":"https:\/\/www.perimeter-solutions.com\/de\/wp-json\/wp\/v2\/pages\/42838\/revisions"}],"predecessor-version":[{"id":43420,"href":"https:\/\/www.perimeter-solutions.com\/de\/wp-json\/wp\/v2\/pages\/42838\/revisions\/43420"}],"up":[{"embeddable":true,"href":"https:\/\/www.perimeter-solutions.com\/de\/wp-json\/wp\/v2\/pages\/42894"}],"wp:attachment":[{"href":"https:\/\/www.perimeter-solutions.com\/de\/wp-json\/wp\/v2\/media?parent=42838"}],"curies":[{"name":"wp","href":"https:\/\/api.w.org\/{rel}","templated":true}]}}