{"id":42827,"date":"2021-01-28T14:29:40","date_gmt":"2021-01-28T19:29:40","guid":{"rendered":"https:\/\/www.perimeter-solutions.com\/spezialprodukte\/"},"modified":"2024-08-15T11:32:36","modified_gmt":"2024-08-15T15:32:36","slug":"spezialprodukte","status":"publish","type":"page","link":"https:\/\/www.perimeter-solutions.com\/de\/spezialprodukte\/","title":{"rendered":"Spezialprodukte"},"content":{"rendered":"\t\t<div data-elementor-type=\"wp-page\" data-elementor-id=\"42827\" class=\"elementor elementor-42827 elementor-19034\" data-elementor-post-type=\"page\">\n\t\t\t\t\t\t<section class=\"elementor-section elementor-top-section elementor-element elementor-element-a53ddb9 elementor-section-stretched elementor-section-boxed elementor-section-height-default elementor-section-height-default\" data-id=\"a53ddb9\" data-element_type=\"section\" data-e-type=\"section\" data-settings=\"{&quot;stretch_section&quot;:&quot;section-stretched&quot;,&quot;background_background&quot;:&quot;classic&quot;}\">\n\t\t\t\t\t\t<div class=\"elementor-container elementor-column-gap-default\">\n\t\t\t\t\t<div class=\"elementor-column elementor-col-100 elementor-top-column elementor-element elementor-element-8e1337c\" data-id=\"8e1337c\" data-element_type=\"column\" data-e-type=\"column\">\n\t\t\t<div class=\"elementor-widget-wrap elementor-element-populated\">\n\t\t\t\t\t\t<div class=\"elementor-element elementor-element-3fcef61 elementor-widget elementor-widget-heading\" data-id=\"3fcef61\" data-element_type=\"widget\" data-e-type=\"widget\" data-widget_type=\"heading.default\">\n\t\t\t\t<div class=\"elementor-widget-container\">\n\t\t\t\t\t<h1 class=\"elementor-heading-title elementor-size-default\">Spezialprodukte  <\/h1>\t\t\t\t<\/div>\n\t\t\t\t<\/div>\n\t\t\t\t\t<\/div>\n\t\t<\/div>\n\t\t\t\t\t<\/div>\n\t\t<\/section>\n\t\t\t\t<section class=\"elementor-section elementor-top-section elementor-element elementor-element-e36f22b elementor-section-boxed elementor-section-height-default elementor-section-height-default\" data-id=\"e36f22b\" data-element_type=\"section\" data-e-type=\"section\" data-settings=\"{&quot;background_background&quot;:&quot;classic&quot;}\">\n\t\t\t\t\t\t\t<div class=\"elementor-background-overlay\"><\/div>\n\t\t\t\t\t\t\t<div class=\"elementor-container elementor-column-gap-default\">\n\t\t\t\t\t<div class=\"elementor-column elementor-col-100 elementor-top-column elementor-element elementor-element-9ead739\" data-id=\"9ead739\" data-element_type=\"column\" data-e-type=\"column\">\n\t\t\t<div class=\"elementor-widget-wrap elementor-element-populated\">\n\t\t\t\t\t\t<div class=\"elementor-element elementor-element-7ff7a8e elementor-widget elementor-widget-heading\" data-id=\"7ff7a8e\" data-element_type=\"widget\" data-e-type=\"widget\" data-widget_type=\"heading.default\">\n\t\t\t\t<div class=\"elementor-widget-container\">\n\t\t\t\t\t<h4 class=\"elementor-heading-title elementor-size-default\">Weltweit f\u00fchrend bei Phosphorpentasulfid<\/h4>\t\t\t\t<\/div>\n\t\t\t\t<\/div>\n\t\t\t\t<div class=\"elementor-element elementor-element-d5454f1 elementor-widget elementor-widget-text-editor\" data-id=\"d5454f1\" data-element_type=\"widget\" data-e-type=\"widget\" data-widget_type=\"text-editor.default\">\n\t\t\t\t<div class=\"elementor-widget-container\">\n\t\t\t\t\t\t\t\t\t<span style=\"line-height: 16px;\">Der Gesch\u00e4ftsbereich Specialty Products von Perimeter Solutions ist seit mehr als 70 Jahren Marktf\u00fchrer in der Produktion von Phosphorpentasulfid (P<sub>2<\/sub>S<sub>5<\/sub>).\nDurch die Kombination von erstklassigem Kundenservice, technologischem Fachwissen und Analysen sowie hochmodernen Produktionsanlagen in unseren Werken in H\u00fcrth, Deutschland, und Sauget, IL, USA, sind wir ein f\u00fchrender Anbieter von (P<sub>2<\/sub>S<sub>5<\/sub>) mit einer globalen Pr\u00e4senz. <\/span>\n\n<span style=\"line-height: 16px;\">Perimeter Solutions hat sich der totalen Kundenzufriedenheit und einer kompromisslosen Sicherheitskultur verschrieben.\nMit fortschrittlichen, im eigenen Haus hergestellten Verpackungen und einem patentierten Ventilverschlusssystem sowie branchenf\u00fchrenden Forschungs- und Entwicklungskapazit\u00e4ten bieten wir das breiteste und hochwertigste Portfolio an Produktqualit\u00e4ten und Verpackungslieferoptionen, die es gibt. So stellen wir sicher, dass jede Sendung ohne Zwischenf\u00e4lle geliefert und verwendet wird. <\/span>\n\n<span style=\"line-height: 16px;\">Phosphorpentasulfid (P<sub>2<\/sub>S<sub>5<\/sub>) von Perimeter Solutions wird in einer Vielzahl von Anwendungen eingesetzt, darunter der Markt f\u00fcr Schmiermittelzus\u00e4tze, Festk\u00f6rperbatterien, Organophosphat-Insektizide, Flotationschemikalien und pharmazeutische Reinigungsanwendungen.<\/span>\t\t\t\t\t\t\t\t<\/div>\n\t\t\t\t<\/div>\n\t\t\t\t\t<\/div>\n\t\t<\/div>\n\t\t\t\t\t<\/div>\n\t\t<\/section>\n\t\t\t\t<\/div>\n\t\t","protected":false},"excerpt":{"rendered":"<p>Spezialprodukte Weltweit f\u00fchrend bei Phosphorpentasulfid Der Gesch\u00e4ftsbereich Specialty Products von Perimeter Solutions ist seit mehr als 70 Jahren Marktf\u00fchrer in der Produktion von Phosphorpentasulfid (P2S5). Durch die Kombination von erstklassigem [&hellip;]<\/p>\n","protected":false},"author":3,"featured_media":0,"parent":0,"menu_order":0,"comment_status":"closed","ping_status":"closed","template":"","meta":{"_acf_changed":false,"footnotes":""},"class_list":["post-42827","page","type-page","status-publish","hentry"],"acf":[],"yoast_head":"<!-- This site is optimized with the Yoast SEO Premium plugin v21.9 (Yoast SEO v23.5) - https:\/\/yoast.com\/wordpress\/plugins\/seo\/ -->\n<title>Spezialprodukte - Perimeter Solutions<\/title>\n<meta name=\"description\" content=\"Perimeter Solutions \u00d6l-Additive sparen Zeit und Geld bei der Produktentwicklung und erh\u00f6hen den Verschlei\u00df und die Leistung der Motoren.\" \/>\n<meta name=\"robots\" content=\"index, follow, max-snippet:-1, max-image-preview:large, max-video-preview:-1\" \/>\n<link rel=\"canonical\" href=\"https:\/\/www.perimeter-solutions.com\/de\/spezialprodukte\/\" \/>\n<meta property=\"og:locale\" content=\"de_DE\" \/>\n<meta property=\"og:type\" content=\"article\" \/>\n<meta property=\"og:title\" content=\"Spezialprodukte\" \/>\n<meta property=\"og:description\" content=\"Perimeter Solutions \u00d6l-Additive sparen Zeit und Geld bei der Produktentwicklung und erh\u00f6hen den Verschlei\u00df und die Leistung der Motoren.\" \/>\n<meta property=\"og:url\" content=\"https:\/\/www.perimeter-solutions.com\/de\/spezialprodukte\/\" \/>\n<meta property=\"og:site_name\" content=\"Perimeter Solutions\" \/>\n<meta property=\"article:modified_time\" content=\"2024-08-15T15:32:36+00:00\" \/>\n<meta name=\"twitter:card\" content=\"summary_large_image\" \/>\n<meta name=\"twitter:label1\" content=\"Gesch\u00e4tzte Lesezeit\" \/>\n\t<meta name=\"twitter:data1\" content=\"1\u00a0Minute\" \/>\n<script type=\"application\/ld+json\" class=\"yoast-schema-graph\">{\"@context\":\"https:\/\/schema.org\",\"@graph\":[{\"@type\":\"WebPage\",\"@id\":\"https:\/\/www.perimeter-solutions.com\/de\/spezialprodukte\/\",\"url\":\"https:\/\/www.perimeter-solutions.com\/de\/spezialprodukte\/\",\"name\":\"Spezialprodukte - Perimeter Solutions\",\"isPartOf\":{\"@id\":\"https:\/\/www.perimeter-solutions.com\/de\/#website\"},\"datePublished\":\"2021-01-28T19:29:40+00:00\",\"dateModified\":\"2024-08-15T15:32:36+00:00\",\"description\":\"Perimeter Solutions \u00d6l-Additive sparen Zeit und Geld bei der Produktentwicklung und erh\u00f6hen den Verschlei\u00df und die Leistung der Motoren.\",\"inLanguage\":\"de\",\"potentialAction\":[{\"@type\":\"ReadAction\",\"target\":[\"https:\/\/www.perimeter-solutions.com\/de\/spezialprodukte\/\"]}]},{\"@type\":\"WebSite\",\"@id\":\"https:\/\/www.perimeter-solutions.com\/de\/#website\",\"url\":\"https:\/\/www.perimeter-solutions.com\/de\/\",\"name\":\"Perimeter Solutions\",\"description\":\"\",\"publisher\":{\"@id\":\"https:\/\/www.perimeter-solutions.com\/de\/#organization\"},\"potentialAction\":[{\"@type\":\"SearchAction\",\"target\":{\"@type\":\"EntryPoint\",\"urlTemplate\":\"https:\/\/www.perimeter-solutions.com\/de\/?s={search_term_string}\"},\"query-input\":{\"@type\":\"PropertyValueSpecification\",\"valueRequired\":true,\"valueName\":\"search_term_string\"}}],\"inLanguage\":\"de\"},{\"@type\":\"Organization\",\"@id\":\"https:\/\/www.perimeter-solutions.com\/de\/#organization\",\"name\":\"Perimeter Solutions\",\"url\":\"https:\/\/www.perimeter-solutions.com\/de\/\",\"logo\":{\"@type\":\"ImageObject\",\"inLanguage\":\"de\",\"@id\":\"https:\/\/www.perimeter-solutions.com\/de\/#\/schema\/logo\/image\/\",\"url\":\"https:\/\/www.perimeter-solutions.com\/wp-content\/uploads\/2021\/02\/perimeter-logo-RGB.png\",\"contentUrl\":\"https:\/\/www.perimeter-solutions.com\/wp-content\/uploads\/2021\/02\/perimeter-logo-RGB.png\",\"width\":794,\"height\":138,\"caption\":\"Perimeter Solutions\"},\"image\":{\"@id\":\"https:\/\/www.perimeter-solutions.com\/de\/#\/schema\/logo\/image\/\"}}]}<\/script>\n<!-- \/ Yoast SEO Premium plugin. -->","yoast_head_json":{"title":"Spezialprodukte - Perimeter Solutions","description":"Perimeter Solutions \u00d6l-Additive sparen Zeit und Geld bei der Produktentwicklung und erh\u00f6hen den Verschlei\u00df und die Leistung der Motoren.","robots":{"index":"index","follow":"follow","max-snippet":"max-snippet:-1","max-image-preview":"max-image-preview:large","max-video-preview":"max-video-preview:-1"},"canonical":"https:\/\/www.perimeter-solutions.com\/de\/spezialprodukte\/","og_locale":"de_DE","og_type":"article","og_title":"Spezialprodukte","og_description":"Perimeter Solutions \u00d6l-Additive sparen Zeit und Geld bei der Produktentwicklung und erh\u00f6hen den Verschlei\u00df und die Leistung der Motoren.","og_url":"https:\/\/www.perimeter-solutions.com\/de\/spezialprodukte\/","og_site_name":"Perimeter Solutions","article_modified_time":"2024-08-15T15:32:36+00:00","twitter_card":"summary_large_image","twitter_misc":{"Gesch\u00e4tzte Lesezeit":"1\u00a0Minute"},"schema":{"@context":"https:\/\/schema.org","@graph":[{"@type":"WebPage","@id":"https:\/\/www.perimeter-solutions.com\/de\/spezialprodukte\/","url":"https:\/\/www.perimeter-solutions.com\/de\/spezialprodukte\/","name":"Spezialprodukte - Perimeter Solutions","isPartOf":{"@id":"https:\/\/www.perimeter-solutions.com\/de\/#website"},"datePublished":"2021-01-28T19:29:40+00:00","dateModified":"2024-08-15T15:32:36+00:00","description":"Perimeter Solutions \u00d6l-Additive sparen Zeit und Geld bei der Produktentwicklung und erh\u00f6hen den Verschlei\u00df und die Leistung der Motoren.","inLanguage":"de","potentialAction":[{"@type":"ReadAction","target":["https:\/\/www.perimeter-solutions.com\/de\/spezialprodukte\/"]}]},{"@type":"WebSite","@id":"https:\/\/www.perimeter-solutions.com\/de\/#website","url":"https:\/\/www.perimeter-solutions.com\/de\/","name":"Perimeter Solutions","description":"","publisher":{"@id":"https:\/\/www.perimeter-solutions.com\/de\/#organization"},"potentialAction":[{"@type":"SearchAction","target":{"@type":"EntryPoint","urlTemplate":"https:\/\/www.perimeter-solutions.com\/de\/?s={search_term_string}"},"query-input":{"@type":"PropertyValueSpecification","valueRequired":true,"valueName":"search_term_string"}}],"inLanguage":"de"},{"@type":"Organization","@id":"https:\/\/www.perimeter-solutions.com\/de\/#organization","name":"Perimeter Solutions","url":"https:\/\/www.perimeter-solutions.com\/de\/","logo":{"@type":"ImageObject","inLanguage":"de","@id":"https:\/\/www.perimeter-solutions.com\/de\/#\/schema\/logo\/image\/","url":"https:\/\/www.perimeter-solutions.com\/wp-content\/uploads\/2021\/02\/perimeter-logo-RGB.png","contentUrl":"https:\/\/www.perimeter-solutions.com\/wp-content\/uploads\/2021\/02\/perimeter-logo-RGB.png","width":794,"height":138,"caption":"Perimeter Solutions"},"image":{"@id":"https:\/\/www.perimeter-solutions.com\/de\/#\/schema\/logo\/image\/"}}]}},"_links":{"self":[{"href":"https:\/\/www.perimeter-solutions.com\/de\/wp-json\/wp\/v2\/pages\/42827","targetHints":{"allow":["GET"]}}],"collection":[{"href":"https:\/\/www.perimeter-solutions.com\/de\/wp-json\/wp\/v2\/pages"}],"about":[{"href":"https:\/\/www.perimeter-solutions.com\/de\/wp-json\/wp\/v2\/types\/page"}],"author":[{"embeddable":true,"href":"https:\/\/www.perimeter-solutions.com\/de\/wp-json\/wp\/v2\/users\/3"}],"replies":[{"embeddable":true,"href":"https:\/\/www.perimeter-solutions.com\/de\/wp-json\/wp\/v2\/comments?post=42827"}],"version-history":[{"count":7,"href":"https:\/\/www.perimeter-solutions.com\/de\/wp-json\/wp\/v2\/pages\/42827\/revisions"}],"predecessor-version":[{"id":43672,"href":"https:\/\/www.perimeter-solutions.com\/de\/wp-json\/wp\/v2\/pages\/42827\/revisions\/43672"}],"wp:attachment":[{"href":"https:\/\/www.perimeter-solutions.com\/de\/wp-json\/wp\/v2\/media?parent=42827"}],"curies":[{"name":"wp","href":"https:\/\/api.w.org\/{rel}","templated":true}]}}