{"id":42770,"date":"2022-02-17T15:17:46","date_gmt":"2022-02-17T20:17:46","guid":{"rendered":"https:\/\/www.perimeter-solutions.com\/geschaeftsentwicklung-behoerden-kommunen\/"},"modified":"2024-07-23T00:43:51","modified_gmt":"2024-07-23T04:43:51","slug":"geschaeftsentwicklung-behoerden-kommunen","status":"publish","type":"page","link":"https:\/\/www.perimeter-solutions.com\/de\/karriere-bei-perimeter-solutions\/geschaeftsentwicklung-behoerden-kommunen\/","title":{"rendered":"Gesch\u00e4ftsentwicklung &#8211; Beh\u00f6rden &amp; Kommunen"},"content":{"rendered":"\t\t<div data-elementor-type=\"wp-page\" data-elementor-id=\"42770\" class=\"elementor elementor-42770 elementor-30823\" data-elementor-post-type=\"page\">\n\t\t\t\t\t\t<section class=\"elementor-section elementor-top-section elementor-element elementor-element-a53ddb9 elementor-section-stretched elementor-section-boxed elementor-section-height-default elementor-section-height-default\" data-id=\"a53ddb9\" data-element_type=\"section\" data-e-type=\"section\" data-settings=\"{&quot;stretch_section&quot;:&quot;section-stretched&quot;,&quot;background_background&quot;:&quot;classic&quot;}\">\n\t\t\t\t\t\t<div class=\"elementor-container elementor-column-gap-default\">\n\t\t\t\t\t<div class=\"elementor-column elementor-col-100 elementor-top-column elementor-element elementor-element-8e1337c\" data-id=\"8e1337c\" data-element_type=\"column\" data-e-type=\"column\">\n\t\t\t<div class=\"elementor-widget-wrap elementor-element-populated\">\n\t\t\t\t\t\t<div class=\"elementor-element elementor-element-3fcef61 elementor-widget elementor-widget-heading\" data-id=\"3fcef61\" data-element_type=\"widget\" data-e-type=\"widget\" data-widget_type=\"heading.default\">\n\t\t\t\t<div class=\"elementor-widget-container\">\n\t\t\t\t\t<h1 class=\"elementor-heading-title elementor-size-default\">Karriere bei Perimeter Solutions<\/h1>\t\t\t\t<\/div>\n\t\t\t\t<\/div>\n\t\t\t\t\t<\/div>\n\t\t<\/div>\n\t\t\t\t\t<\/div>\n\t\t<\/section>\n\t\t\t\t<section class=\"elementor-section elementor-top-section elementor-element elementor-element-e36f22b elementor-section-boxed elementor-section-height-default elementor-section-height-default\" data-id=\"e36f22b\" data-element_type=\"section\" data-e-type=\"section\" data-settings=\"{&quot;background_background&quot;:&quot;classic&quot;}\">\n\t\t\t\t\t\t\t<div class=\"elementor-background-overlay\"><\/div>\n\t\t\t\t\t\t\t<div class=\"elementor-container elementor-column-gap-default\">\n\t\t\t\t\t<div class=\"elementor-column elementor-col-100 elementor-top-column elementor-element elementor-element-9ead739\" data-id=\"9ead739\" data-element_type=\"column\" data-e-type=\"column\">\n\t\t\t<div class=\"elementor-widget-wrap elementor-element-populated\">\n\t\t\t\t\t\t<div class=\"elementor-element elementor-element-0c290f4 elementor-widget elementor-widget-heading\" data-id=\"0c290f4\" data-element_type=\"widget\" data-e-type=\"widget\" data-widget_type=\"heading.default\">\n\t\t\t\t<div class=\"elementor-widget-container\">\n\t\t\t\t\t<h4 class=\"elementor-heading-title elementor-size-default\">Finanzplanung &amp; Analyse \u2013 Analyst<\/h4>\t\t\t\t<\/div>\n\t\t\t\t<\/div>\n\t\t\t\t<div class=\"elementor-element elementor-element-d5454f1 elementor-widget elementor-widget-text-editor\" data-id=\"d5454f1\" data-element_type=\"widget\" data-e-type=\"widget\" data-widget_type=\"text-editor.default\">\n\t\t\t\t<div class=\"elementor-widget-container\">\n\t\t\t\t\t\t\t\t\t<p style=\"font-weight: 400;\"><strong>Geografische Region: <\/strong>Amerika &#8211; USA, Kanada, Lateinamerika, S\u00fcdamerika, Karibik<\/p>\n<p style=\"font-weight: 400;\"><strong>\u00dcberblick \u00fcber das Unternehmen:<\/strong><\/p>\n<p style=\"font-weight: 400;\">Perimeter Solutions ist ein f\u00fchrender globaler L\u00f6sungsanbieter, der hochwertige Schmiermitteladditive und Feuerl\u00f6schchemikalien herstellt. Wir entwickeln Produkte, die sich auf wichtige Fragen des Lebens auswirken &#8211; Fragen, bei denen es oft keinen Spielraum f\u00fcr Fehler gibt und der Job keine zweite Chance bietet.<\/p>\n<p style=\"font-weight: 400;\">Bei Perimeter bezeichnen wir die L\u00f6sungen, die wir entwickeln, als &#8216;Solutions that Save&#8217; &#8211; denn das unterstreicht, was wir f\u00fcr unsere Kunden und die Welt im Allgemeinen in allen unseren Gesch\u00e4ftsbereichen erreichen wollen.<\/p>\n<p style=\"font-weight: 400;\"><strong>Positions\u00fcbersicht:<\/strong><\/p>\n<p style=\"font-weight: 400;\">Wir sind ein weltweit f\u00fchrender Anbieter von L\u00f6sungen f\u00fcr die Herstellung von Feuerl\u00f6schschaum, Schaumhardware und Schmiermittelzus\u00e4tzen.<br \/>\nUnsere Produkte zur Brandbek\u00e4mpfung sind f\u00fcr den Einsatz in Bereichen mit hohem Risiko und hoher Gef\u00e4hrdung konzipiert, in denen kein Raum f\u00fcr Fehler vorhanden ist.<br \/>\nDiese Position im Bereich Business Development wird eine Schl\u00fcsselkomponente f\u00fcr das Wachstum von Perimeter Solutions sein, indem Sie neue Gesch\u00e4ftsm\u00f6glichkeiten in staatlichen und kommunalen M\u00e4rkten identifizieren.  <\/p>\n<p style=\"font-weight: 400;\"><strong>Zielsetzung dieser Rolle<\/strong><\/p>\n<ul style=\"font-weight: 400;\">\n<li>Entwickeln Sie neue Gesch\u00e4ftsm\u00f6glichkeiten, die auf die wichtigsten vertikalen M\u00e4rkte abzielen, einschlie\u00dflich kommunaler H\u00e4ndler, staatlicher Stellen, einschlie\u00dflich lokaler, staatlicher und bundesstaatlicher Feuerwehren\/Organisationen, sowie milit\u00e4rischer und kommerzieller Flugzeugrettungs-Feuerwehren.<\/li>\n<li>Entwickeln Sie Kenntnisse \u00fcber das gesamte Produktportfolio mit besonderem Schwerpunkt auf Schaumstoffen der Klasse A, die bei Stadt- und Waldbr\u00e4nden eingesetzt werden, Schaumstoffen der Klasse B f\u00fcr st\u00e4dtische Feuerwehren und H\u00e4ndler sowie MilSpec-Schaumstoffen, die auf kommerziellen und staatlichen Flugh\u00e4fen zur Brandbek\u00e4mpfung bei Flugzeugrettungen eingesetzt werden.  <\/li>\n<li>Entwickeln Sie Pr\u00e4sentationen f\u00fcr neue Gesch\u00e4ftsm\u00f6glichkeiten und pflegen Sie Beziehungen und Partnerschaften mit neuen Kunden.<\/li>\n<li>Beobachten Sie Markttrends und Kundenbed\u00fcrfnisse, um die Entwicklung von Produkt-, Marketing- und Vertriebskanalstrategien zu unterst\u00fctzen.<\/li>\n<li>Unterst\u00fctzen Sie die \u00dcbergabe von Neukunden an das Verkaufspersonal<\/li>\n<li>Unterst\u00fctzung strategischer Initiativen zur Erreichung der Gesch\u00e4ftsziele<\/li>\n<\/ul>\n<p style=\"font-weight: 400;\"><strong>T\u00e4gliche und monatliche Verantwortlichkeiten<\/strong><\/p>\n<ul style=\"font-weight: 400;\">\n<li>Identifizieren Sie neue Kundenziele in wichtigen vertikalen M\u00e4rkten<\/li>\n<li>Vorbereiten und Pr\u00e4sentieren der Unternehmens- und Produktorientierung f\u00fcr neue Kunden<\/li>\n<li>Beobachten und bewerten Sie Branchentrends und Kundentreiber und treffen Sie sich regelm\u00e4\u00dfig mit dem Management und den Stakeholdern, um die Strategie zu besprechen<\/li>\n<li>Verwalten Sie den Prozess der Angebotsbeantwortung, einschlie\u00dflich detaillierter RFP-Anforderungen, Erstellung von Inhalten und Inputs aus verschiedenen Quellen<\/li>\n<li>Generieren Sie neue Leads, identifizieren und kontaktieren Sie Entscheidungstr\u00e4ger, pr\u00fcfen Sie potenzielle Gesch\u00e4ftsm\u00f6glichkeiten, w\u00e4hlen Sie die Gesch\u00e4fte im Einklang mit den Strategien aus und leiten und vermitteln Sie<\/li>\n<li>Unterst\u00fctzen Sie das Unternehmen auf Messen und Industriekonferenzen<\/li>\n<\/ul>\n<p style=\"font-weight: 400;\"><strong>F\u00e4higkeiten und Qualifikationen<\/strong><\/p>\n<ul style=\"font-weight: 400;\">\n<li>Bachelor-Abschluss in Wirtschaft, Management und\/oder Ingenieurwesen<\/li>\n<li>Erfolgreiche Erfolgsbilanz im B2B-Vertrieb und bei Verhandlungen<\/li>\n<li>Hervorragende verbale und schriftliche Kommunikationsf\u00e4higkeiten<\/li>\n<li>Beherrschung von Excel, PowerPoint und Word<\/li>\n<li>Erfahrung mit Unternehmenssystemen (d.h. NetSuite, SAP)<\/li>\n<\/ul>\n<p style=\"font-weight: 400;\"><strong>Bevorzugte Qualifikationen<\/strong><\/p>\n<ul style=\"font-weight: 400;\">\n<li>Erfahrung mit CRM-Software (z. B. NetSuite)<\/li>\n<li>Die F\u00e4higkeit, Pr\u00e4sentationen zu erstellen und zu halten<\/li>\n<li>F\u00e4higkeit, bis zu 75% der Zeit zu reisen, \u00fcberwiegend in den USA, teilweise auch in Kanada, Lateinamerika, S\u00fcdamerika und der Karibik<\/li>\n<li>Arbeitsumgebung zu Hause<\/li>\n<li>F\u00e4higkeit, mit dem Flugzeug, dem Auto und \u00f6ffentlichen Verkehrsmitteln zu reisen<\/li>\n<li>Heben Sie bis zu 50 lbs<\/li>\n<\/ul>\n<p style=\"font-weight: 400;\"><strong>Vorteile:<\/strong> <\/p>\n<p style=\"font-weight: 400;\">Perimeter Solutions bietet eine Reihe von Leistungsprogrammen f\u00fcr Gesundheit und Wohlbefinden.<br \/>\nZu den Leistungsoptionen geh\u00f6ren u.a. medizinische, zahn\u00e4rztliche und visuelle Leistungen, Health Savings Account, Flexible Spending Accounts, Altersvorsorge, Leistungen bei Krankheit und Unfall, Lebensversicherung, bezahlter Urlaub und Feiertage. <\/p>\n<p style=\"font-weight: 400;\"><strong>K\u00f6rperliche Anforderungen und Arbeitsumgebung:<\/strong><\/p>\n<p style=\"font-weight: 400;\">Die hier beschriebenen k\u00f6rperlichen Anforderungen sind repr\u00e4sentativ f\u00fcr diejenigen, die ein Mitarbeiter erf\u00fcllen muss, um die wesentlichen Funktionen dieser Position erfolgreich auszuf\u00fchren.<br \/>\nAngemessene Vorkehrungen k\u00f6nnen getroffen werden, um Menschen mit Behinderungen die Ausf\u00fchrung der Aufgaben zu erm\u00f6glichen. <\/p>\n\t\t\t\t\t\t\t\t<\/div>\n\t\t\t\t<\/div>\n\t\t\t\t<div class=\"elementor-element elementor-element-1146615 elementor-widget elementor-widget-button\" data-id=\"1146615\" data-element_type=\"widget\" data-e-type=\"widget\" data-widget_type=\"button.default\">\n\t\t\t\t<div class=\"elementor-widget-container\">\n\t\t\t\t\t\t\t\t\t<div class=\"elementor-button-wrapper\">\n\t\t\t\t\t<a class=\"elementor-button elementor-button-link elementor-size-sm\" href=\"https:\/\/perimeter-solutions-lp.prismhr-hire.com\/job\/384009\/business-development-government-municipal\" target=\"_blank\">\n\t\t\t\t\t\t<span class=\"elementor-button-content-wrapper\">\n\t\t\t\t\t\t\t\t\t<span class=\"elementor-button-text\">F\u00dcR DIESEN JOB BEWERBEN<\/span>\n\t\t\t\t\t<\/span>\n\t\t\t\t\t<\/a>\n\t\t\t\t<\/div>\n\t\t\t\t\t\t\t\t<\/div>\n\t\t\t\t<\/div>\n\t\t\t\t\t<\/div>\n\t\t<\/div>\n\t\t\t\t\t<\/div>\n\t\t<\/section>\n\t\t\t\t<\/div>\n\t\t","protected":false},"excerpt":{"rendered":"<p>Karriere bei Perimeter Solutions Finanzplanung &amp; Analyse \u2013 Analyst Geografische Region: Amerika &#8211; USA, Kanada, Lateinamerika, S\u00fcdamerika, Karibik \u00dcberblick \u00fcber das Unternehmen: Perimeter Solutions ist ein f\u00fchrender globaler L\u00f6sungsanbieter, der [&hellip;]<\/p>\n","protected":false},"author":3,"featured_media":0,"parent":42884,"menu_order":0,"comment_status":"closed","ping_status":"closed","template":"","meta":{"_acf_changed":false,"footnotes":""},"class_list":["post-42770","page","type-page","status-publish","hentry"],"acf":[],"yoast_head":"<!-- This site is optimized with the Yoast SEO Premium plugin v21.9 (Yoast SEO v23.5) - https:\/\/yoast.com\/wordpress\/plugins\/seo\/ -->\n<title>Gesch\u00e4ftsentwicklung - Beh\u00f6rden &amp; Kommunen - Perimeter Solutions<\/title>\n<meta name=\"robots\" content=\"index, follow, max-snippet:-1, max-image-preview:large, max-video-preview:-1\" \/>\n<link rel=\"canonical\" href=\"https:\/\/www.perimeter-solutions.com\/de\/karriere-bei-perimeter-solutions\/geschaeftsentwicklung-behoerden-kommunen\/\" \/>\n<meta property=\"og:locale\" content=\"de_DE\" \/>\n<meta property=\"og:type\" content=\"article\" \/>\n<meta property=\"og:title\" content=\"Gesch\u00e4ftsentwicklung - Beh\u00f6rden &amp; Kommunen\" \/>\n<meta property=\"og:description\" content=\"Karriere bei Perimeter Solutions Finanzplanung &amp; Analyse \u2013 Analyst Geografische Region: Amerika &#8211; USA, Kanada, Lateinamerika, S\u00fcdamerika, Karibik \u00dcberblick \u00fcber das Unternehmen: Perimeter Solutions ist ein f\u00fchrender globaler L\u00f6sungsanbieter, der [&hellip;]\" \/>\n<meta property=\"og:url\" content=\"https:\/\/www.perimeter-solutions.com\/de\/karriere-bei-perimeter-solutions\/geschaeftsentwicklung-behoerden-kommunen\/\" \/>\n<meta property=\"og:site_name\" content=\"Perimeter Solutions\" \/>\n<meta property=\"article:modified_time\" content=\"2024-07-23T04:43:51+00:00\" \/>\n<meta name=\"twitter:card\" content=\"summary_large_image\" \/>\n<meta name=\"twitter:label1\" content=\"Gesch\u00e4tzte Lesezeit\" \/>\n\t<meta name=\"twitter:data1\" content=\"3\u00a0Minuten\" \/>\n<script type=\"application\/ld+json\" class=\"yoast-schema-graph\">{\"@context\":\"https:\/\/schema.org\",\"@graph\":[{\"@type\":\"WebPage\",\"@id\":\"https:\/\/www.perimeter-solutions.com\/de\/karriere-bei-perimeter-solutions\/geschaeftsentwicklung-behoerden-kommunen\/\",\"url\":\"https:\/\/www.perimeter-solutions.com\/de\/karriere-bei-perimeter-solutions\/geschaeftsentwicklung-behoerden-kommunen\/\",\"name\":\"Gesch\u00e4ftsentwicklung - Beh\u00f6rden &amp; Kommunen - Perimeter Solutions\",\"isPartOf\":{\"@id\":\"https:\/\/www.perimeter-solutions.com\/de\/#website\"},\"datePublished\":\"2022-02-17T20:17:46+00:00\",\"dateModified\":\"2024-07-23T04:43:51+00:00\",\"breadcrumb\":{\"@id\":\"https:\/\/www.perimeter-solutions.com\/de\/karriere-bei-perimeter-solutions\/geschaeftsentwicklung-behoerden-kommunen\/#breadcrumb\"},\"inLanguage\":\"de\",\"potentialAction\":[{\"@type\":\"ReadAction\",\"target\":[\"https:\/\/www.perimeter-solutions.com\/de\/karriere-bei-perimeter-solutions\/geschaeftsentwicklung-behoerden-kommunen\/\"]}]},{\"@type\":\"BreadcrumbList\",\"@id\":\"https:\/\/www.perimeter-solutions.com\/de\/karriere-bei-perimeter-solutions\/geschaeftsentwicklung-behoerden-kommunen\/#breadcrumb\",\"itemListElement\":[{\"@type\":\"ListItem\",\"position\":1,\"name\":\"Karriere bei Perimeter Solutions\",\"item\":\"https:\/\/www.perimeter-solutions.com\/de\/karriere-bei-perimeter-solutions\/\"},{\"@type\":\"ListItem\",\"position\":2,\"name\":\"Gesch\u00e4ftsentwicklung &#8211; Beh\u00f6rden &amp; Kommunen\"}]},{\"@type\":\"WebSite\",\"@id\":\"https:\/\/www.perimeter-solutions.com\/de\/#website\",\"url\":\"https:\/\/www.perimeter-solutions.com\/de\/\",\"name\":\"Perimeter Solutions\",\"description\":\"\",\"publisher\":{\"@id\":\"https:\/\/www.perimeter-solutions.com\/de\/#organization\"},\"potentialAction\":[{\"@type\":\"SearchAction\",\"target\":{\"@type\":\"EntryPoint\",\"urlTemplate\":\"https:\/\/www.perimeter-solutions.com\/de\/?s={search_term_string}\"},\"query-input\":{\"@type\":\"PropertyValueSpecification\",\"valueRequired\":true,\"valueName\":\"search_term_string\"}}],\"inLanguage\":\"de\"},{\"@type\":\"Organization\",\"@id\":\"https:\/\/www.perimeter-solutions.com\/de\/#organization\",\"name\":\"Perimeter Solutions\",\"url\":\"https:\/\/www.perimeter-solutions.com\/de\/\",\"logo\":{\"@type\":\"ImageObject\",\"inLanguage\":\"de\",\"@id\":\"https:\/\/www.perimeter-solutions.com\/de\/#\/schema\/logo\/image\/\",\"url\":\"https:\/\/www.perimeter-solutions.com\/wp-content\/uploads\/2021\/02\/perimeter-logo-RGB.png\",\"contentUrl\":\"https:\/\/www.perimeter-solutions.com\/wp-content\/uploads\/2021\/02\/perimeter-logo-RGB.png\",\"width\":794,\"height\":138,\"caption\":\"Perimeter Solutions\"},\"image\":{\"@id\":\"https:\/\/www.perimeter-solutions.com\/de\/#\/schema\/logo\/image\/\"}}]}<\/script>\n<!-- \/ Yoast SEO Premium plugin. -->","yoast_head_json":{"title":"Gesch\u00e4ftsentwicklung - Beh\u00f6rden &amp; Kommunen - Perimeter Solutions","robots":{"index":"index","follow":"follow","max-snippet":"max-snippet:-1","max-image-preview":"max-image-preview:large","max-video-preview":"max-video-preview:-1"},"canonical":"https:\/\/www.perimeter-solutions.com\/de\/karriere-bei-perimeter-solutions\/geschaeftsentwicklung-behoerden-kommunen\/","og_locale":"de_DE","og_type":"article","og_title":"Gesch\u00e4ftsentwicklung - Beh\u00f6rden &amp; Kommunen","og_description":"Karriere bei Perimeter Solutions Finanzplanung &amp; Analyse \u2013 Analyst Geografische Region: Amerika &#8211; USA, Kanada, Lateinamerika, S\u00fcdamerika, Karibik \u00dcberblick \u00fcber das Unternehmen: Perimeter Solutions ist ein f\u00fchrender globaler L\u00f6sungsanbieter, der [&hellip;]","og_url":"https:\/\/www.perimeter-solutions.com\/de\/karriere-bei-perimeter-solutions\/geschaeftsentwicklung-behoerden-kommunen\/","og_site_name":"Perimeter Solutions","article_modified_time":"2024-07-23T04:43:51+00:00","twitter_card":"summary_large_image","twitter_misc":{"Gesch\u00e4tzte Lesezeit":"3\u00a0Minuten"},"schema":{"@context":"https:\/\/schema.org","@graph":[{"@type":"WebPage","@id":"https:\/\/www.perimeter-solutions.com\/de\/karriere-bei-perimeter-solutions\/geschaeftsentwicklung-behoerden-kommunen\/","url":"https:\/\/www.perimeter-solutions.com\/de\/karriere-bei-perimeter-solutions\/geschaeftsentwicklung-behoerden-kommunen\/","name":"Gesch\u00e4ftsentwicklung - Beh\u00f6rden &amp; Kommunen - Perimeter Solutions","isPartOf":{"@id":"https:\/\/www.perimeter-solutions.com\/de\/#website"},"datePublished":"2022-02-17T20:17:46+00:00","dateModified":"2024-07-23T04:43:51+00:00","breadcrumb":{"@id":"https:\/\/www.perimeter-solutions.com\/de\/karriere-bei-perimeter-solutions\/geschaeftsentwicklung-behoerden-kommunen\/#breadcrumb"},"inLanguage":"de","potentialAction":[{"@type":"ReadAction","target":["https:\/\/www.perimeter-solutions.com\/de\/karriere-bei-perimeter-solutions\/geschaeftsentwicklung-behoerden-kommunen\/"]}]},{"@type":"BreadcrumbList","@id":"https:\/\/www.perimeter-solutions.com\/de\/karriere-bei-perimeter-solutions\/geschaeftsentwicklung-behoerden-kommunen\/#breadcrumb","itemListElement":[{"@type":"ListItem","position":1,"name":"Karriere bei Perimeter Solutions","item":"https:\/\/www.perimeter-solutions.com\/de\/karriere-bei-perimeter-solutions\/"},{"@type":"ListItem","position":2,"name":"Gesch\u00e4ftsentwicklung &#8211; Beh\u00f6rden &amp; Kommunen"}]},{"@type":"WebSite","@id":"https:\/\/www.perimeter-solutions.com\/de\/#website","url":"https:\/\/www.perimeter-solutions.com\/de\/","name":"Perimeter Solutions","description":"","publisher":{"@id":"https:\/\/www.perimeter-solutions.com\/de\/#organization"},"potentialAction":[{"@type":"SearchAction","target":{"@type":"EntryPoint","urlTemplate":"https:\/\/www.perimeter-solutions.com\/de\/?s={search_term_string}"},"query-input":{"@type":"PropertyValueSpecification","valueRequired":true,"valueName":"search_term_string"}}],"inLanguage":"de"},{"@type":"Organization","@id":"https:\/\/www.perimeter-solutions.com\/de\/#organization","name":"Perimeter Solutions","url":"https:\/\/www.perimeter-solutions.com\/de\/","logo":{"@type":"ImageObject","inLanguage":"de","@id":"https:\/\/www.perimeter-solutions.com\/de\/#\/schema\/logo\/image\/","url":"https:\/\/www.perimeter-solutions.com\/wp-content\/uploads\/2021\/02\/perimeter-logo-RGB.png","contentUrl":"https:\/\/www.perimeter-solutions.com\/wp-content\/uploads\/2021\/02\/perimeter-logo-RGB.png","width":794,"height":138,"caption":"Perimeter Solutions"},"image":{"@id":"https:\/\/www.perimeter-solutions.com\/de\/#\/schema\/logo\/image\/"}}]}},"_links":{"self":[{"href":"https:\/\/www.perimeter-solutions.com\/de\/wp-json\/wp\/v2\/pages\/42770","targetHints":{"allow":["GET"]}}],"collection":[{"href":"https:\/\/www.perimeter-solutions.com\/de\/wp-json\/wp\/v2\/pages"}],"about":[{"href":"https:\/\/www.perimeter-solutions.com\/de\/wp-json\/wp\/v2\/types\/page"}],"author":[{"embeddable":true,"href":"https:\/\/www.perimeter-solutions.com\/de\/wp-json\/wp\/v2\/users\/3"}],"replies":[{"embeddable":true,"href":"https:\/\/www.perimeter-solutions.com\/de\/wp-json\/wp\/v2\/comments?post=42770"}],"version-history":[{"count":1,"href":"https:\/\/www.perimeter-solutions.com\/de\/wp-json\/wp\/v2\/pages\/42770\/revisions"}],"predecessor-version":[{"id":42772,"href":"https:\/\/www.perimeter-solutions.com\/de\/wp-json\/wp\/v2\/pages\/42770\/revisions\/42772"}],"up":[{"embeddable":true,"href":"https:\/\/www.perimeter-solutions.com\/de\/wp-json\/wp\/v2\/pages\/42884"}],"wp:attachment":[{"href":"https:\/\/www.perimeter-solutions.com\/de\/wp-json\/wp\/v2\/media?parent=42770"}],"curies":[{"name":"wp","href":"https:\/\/api.w.org\/{rel}","templated":true}]}}