{"id":42184,"date":"2024-07-01T17:11:53","date_gmt":"2024-07-01T21:11:53","guid":{"rendered":"https:\/\/www.perimeter-solutions.com\/langzeit-feuerschutzmittel-luft-boden\/"},"modified":"2024-08-14T22:28:00","modified_gmt":"2024-08-15T02:28:00","slug":"langzeit-feuerschutzmittel-luft-boden","status":"publish","type":"page","link":"https:\/\/www.perimeter-solutions.com\/de\/langzeit-feuerschutzmittel-luft-boden\/","title":{"rendered":"Langzeit-Feuerschutzmittel &#8211; Luft &amp; Boden"},"content":{"rendered":"\t\t<div data-elementor-type=\"wp-page\" data-elementor-id=\"42184\" class=\"elementor elementor-42184 elementor-41775\" data-elementor-post-type=\"page\">\n\t\t\t\t\t\t<section class=\"elementor-section elementor-top-section elementor-element elementor-element-a53ddb9 elementor-section-stretched elementor-section-boxed elementor-section-height-default elementor-section-height-default\" data-id=\"a53ddb9\" data-element_type=\"section\" data-e-type=\"section\" data-settings=\"{&quot;stretch_section&quot;:&quot;section-stretched&quot;,&quot;background_background&quot;:&quot;classic&quot;}\">\n\t\t\t\t\t\t\t<div class=\"elementor-background-overlay\"><\/div>\n\t\t\t\t\t\t\t<div class=\"elementor-container elementor-column-gap-default\">\n\t\t\t\t\t<div class=\"elementor-column elementor-col-100 elementor-top-column elementor-element elementor-element-8e1337c\" data-id=\"8e1337c\" data-element_type=\"column\" data-e-type=\"column\">\n\t\t\t<div class=\"elementor-widget-wrap elementor-element-populated\">\n\t\t\t\t\t\t<div class=\"elementor-element elementor-element-3fcef61 elementor-widget elementor-widget-heading\" data-id=\"3fcef61\" data-element_type=\"widget\" data-e-type=\"widget\" data-widget_type=\"heading.default\">\n\t\t\t\t<div class=\"elementor-widget-container\">\n\t\t\t\t\t<h1 class=\"elementor-heading-title elementor-size-default\">Langzeit-Feuerschutzmittel - Luft &amp; Boden<\/h1>\t\t\t\t<\/div>\n\t\t\t\t<\/div>\n\t\t\t\t\t<\/div>\n\t\t<\/div>\n\t\t\t\t\t<\/div>\n\t\t<\/section>\n\t\t\t\t<section class=\"elementor-section elementor-top-section elementor-element elementor-element-e36f22b elementor-section-boxed elementor-section-height-default elementor-section-height-default\" data-id=\"e36f22b\" data-element_type=\"section\" data-e-type=\"section\" data-settings=\"{&quot;background_background&quot;:&quot;classic&quot;}\">\n\t\t\t\t\t\t\t<div class=\"elementor-background-overlay\"><\/div>\n\t\t\t\t\t\t\t<div class=\"elementor-container elementor-column-gap-default\">\n\t\t\t\t\t<div class=\"elementor-column elementor-col-100 elementor-top-column elementor-element elementor-element-9ead739\" data-id=\"9ead739\" data-element_type=\"column\" data-e-type=\"column\">\n\t\t\t<div class=\"elementor-widget-wrap elementor-element-populated\">\n\t\t\t\t\t\t<div class=\"elementor-element elementor-element-d5454f1 elementor-widget elementor-widget-text-editor\" data-id=\"d5454f1\" data-element_type=\"widget\" data-e-type=\"widget\" data-widget_type=\"text-editor.default\">\n\t\t\t\t<div class=\"elementor-widget-container\">\n\t\t\t\t\t\t\t\t\t<p>Das Langzeit-Feuerschutzmittel PHOS-CHEK\u00ae wurde erstmals 1963 vom US Forest Service f\u00fcr den Einsatz bei der Brandbek\u00e4mpfung aus der Luft zugelassen. Seitdem arbeitet Perimeter Solutions an der Seite von Feuerwehrleuten, um Eigentum zu sch\u00fctzen und Leben vor Waldbr\u00e4nden zu retten.<\/p>\n<p>Seit der Einf\u00fchrung von PHOS-CHEK haben wir kontinuierlich Innovationen entwickelt, um seine Wirksamkeit und Sicherheit zu verbessern. Eine Sache, die sich nicht ge\u00e4ndert hat, ist, dass Phosphat der aktive Wirkstoff in allen PHOS-CHEK Feuerschutzl\u00f6sungen bleibt. Und warum? Mehr als 80 Jahre Forschung haben bewiesen, dass es die wirksamste, sicherste und umweltvertr\u00e4glichste Chemikalie ist, die zur Verhinderung der Ausbreitung von Waldbr\u00e4nden eingesetzt wird.<\/p>\n<p>Der einzigartige Vorteil von Produkten auf Phosphatbasis f\u00fcr die Brandbek\u00e4mpfung aus der Luft besteht darin, dass Phosphat chemisch mit dem Treibstoff zusammenwirkt, um die Zersetzung von Zellulose zu ver\u00e4ndern und sie so nicht mehr entflammbar zu machen. Phosphat wurde getestet und hat sich bei der Verhinderung der Ausbreitung von Feuer als wirksamer erwiesen als Dutzende anderer chemischer L\u00f6sungen, darunter Ammoniumchlorid, Polyvinylacetat, Kaliumcarbonat, Natriumsilikat, Bors\u00e4ure und Magnesiumchlorid.<\/p>\n<p>Im Laufe der Jahre wurden bessere Verdickungsmittel entwickelt, um die Tropfeneigenschaften zu verbessern, ausgefeiltere Korrosionsschutzmittel wurden hinzugef\u00fcgt, verbesserte Flie\u00dfhilfsmittel machten das Mischen einfacher und effizienter, und es wurden \u00c4nderungen vorgenommen, um das Umweltprofil zu verbessern.<\/p>\n<p>FIRE-TROL\u00ae Flammschutzmittel wurden 2007 in unser Produktportfolio aufgenommen, und ein Jahr sp\u00e4ter wurde es durch die \u00dcbernahme der in Frankreich ans\u00e4ssigen BIOGEMA\u00ae weiter ausgebaut.<\/p>\n<p>Heute stehen PHOS-CHEK und FIRE-TROL Langzeit-Brandschutzmittel weiterhin an der Spitze des weltweiten Waldbrandmanagements. Unsere j\u00fcngste Entwicklung ist PHOS-CHEK LCE20-FX, ein Fl\u00fcssigkonzentrat der n\u00e4chsten Generation, das eine hervorragende Leistung und ein hervorragendes Umweltprofil bietet.<\/p>\n<p>Wir unterst\u00fctzen unsere Langzeit-Feuerschutzmittel mit einer breiten Palette von Service- und Ausr\u00fcstungsl\u00f6sungen. Dazu geh\u00f6rt ein komplettes Sortiment an Mischsystemen f\u00fcr alle PHOS-CHEK Produkte.<\/p>\n<p>Unser <a href=\"https:\/\/www.perimeter-solutions.com\/de\/flammschutzmittel\/\"><strong>langfristig feuerhemmend<\/strong><\/a> und <a href=\"https:\/\/www.perimeter-solutions.com\/de\/verzoegernde-ausruestungssysteme\/\"><strong>Dienstleistungen und Ausr\u00fcstung<\/strong><\/a> Seiten finden Sie weitere Informationen zu unseren spezifischen Produkten und L\u00f6sungen.<\/p>\n\t\t\t\t\t\t\t\t<\/div>\n\t\t\t\t<\/div>\n\t\t\t\t<section class=\"elementor-section elementor-inner-section elementor-element elementor-element-7d936b2 elementor-section-boxed elementor-section-height-default elementor-section-height-default\" data-id=\"7d936b2\" data-element_type=\"section\" data-e-type=\"section\">\n\t\t\t\t\t\t<div class=\"elementor-container elementor-column-gap-default\">\n\t\t\t\t\t<div class=\"elementor-column elementor-col-100 elementor-inner-column elementor-element elementor-element-8ca9d1d\" data-id=\"8ca9d1d\" data-element_type=\"column\" data-e-type=\"column\">\n\t\t\t<div class=\"elementor-widget-wrap elementor-element-populated\">\n\t\t\t\t\t\t<div class=\"elementor-element elementor-element-205bc2a elementor-widget elementor-widget-image\" data-id=\"205bc2a\" data-element_type=\"widget\" data-e-type=\"widget\" data-widget_type=\"image.default\">\n\t\t\t\t<div class=\"elementor-widget-container\">\n\t\t\t\t\t\t\t\t\t\t\t\t\t\t\t<img fetchpriority=\"high\" decoding=\"async\" width=\"2048\" height=\"922\" src=\"https:\/\/www.perimeter-solutions.com\/wp-content\/uploads\/2022\/03\/Q1-22-Retardant1-2048x922-1.jpeg\" class=\"attachment-full size-full wp-image-31515\" alt=\"\" \/>\t\t\t\t\t\t\t\t\t\t\t\t\t\t\t<\/div>\n\t\t\t\t<\/div>\n\t\t\t\t\t<\/div>\n\t\t<\/div>\n\t\t\t\t\t<\/div>\n\t\t<\/section>\n\t\t\t\t\t<\/div>\n\t\t<\/div>\n\t\t\t\t\t<\/div>\n\t\t<\/section>\n\t\t\t\t<\/div>\n\t\t","protected":false},"excerpt":{"rendered":"<p>Langzeit-Feuerschutzmittel &#8211; Luft &amp; Boden Das Langzeit-Feuerschutzmittel PHOS-CHEK\u00ae wurde erstmals 1963 vom US Forest Service f\u00fcr den Einsatz bei der Brandbek\u00e4mpfung aus der Luft zugelassen. Seitdem arbeitet Perimeter Solutions an [&hellip;]<\/p>\n","protected":false},"author":3,"featured_media":0,"parent":0,"menu_order":0,"comment_status":"closed","ping_status":"closed","template":"","meta":{"_acf_changed":false,"footnotes":""},"class_list":["post-42184","page","type-page","status-publish","hentry"],"acf":[],"yoast_head":"<!-- This site is optimized with the Yoast SEO Premium plugin v21.9 (Yoast SEO v23.5) - https:\/\/yoast.com\/wordpress\/plugins\/seo\/ -->\n<title>Langzeit-Feuerschutzmittel - Luft &amp; Boden - Perimeter Solutions<\/title>\n<meta name=\"description\" content=\"Perimeter Solutions bietet Labordienstleistungen zur Analyse von Schaumstoffkonzentraten an. Die Analyse umfasst Verifizierungen im Labor und Feuertests.\" \/>\n<meta name=\"robots\" content=\"index, follow, max-snippet:-1, max-image-preview:large, max-video-preview:-1\" \/>\n<link rel=\"canonical\" href=\"https:\/\/www.perimeter-solutions.com\/de\/langzeit-feuerschutzmittel-luft-boden\/\" \/>\n<meta property=\"og:locale\" content=\"de_DE\" \/>\n<meta property=\"og:type\" content=\"article\" \/>\n<meta property=\"og:title\" content=\"Langzeit-Feuerschutzmittel - Luft &amp; Boden\" \/>\n<meta property=\"og:description\" content=\"Perimeter Solutions bietet Labordienstleistungen zur Analyse von Schaumstoffkonzentraten an. Die Analyse umfasst Verifizierungen im Labor und Feuertests.\" \/>\n<meta property=\"og:url\" content=\"https:\/\/www.perimeter-solutions.com\/de\/langzeit-feuerschutzmittel-luft-boden\/\" \/>\n<meta property=\"og:site_name\" content=\"Perimeter Solutions\" \/>\n<meta property=\"article:modified_time\" content=\"2024-08-15T02:28:00+00:00\" \/>\n<meta property=\"og:image\" content=\"https:\/\/www.perimeter-solutions.com\/wp-content\/uploads\/2022\/03\/Q1-22-Retardant1-2048x922-1.jpeg\" \/>\n<meta name=\"twitter:card\" content=\"summary_large_image\" \/>\n<meta name=\"twitter:label1\" content=\"Gesch\u00e4tzte Lesezeit\" \/>\n\t<meta name=\"twitter:data1\" content=\"2\u00a0Minuten\" \/>\n<script type=\"application\/ld+json\" class=\"yoast-schema-graph\">{\"@context\":\"https:\/\/schema.org\",\"@graph\":[{\"@type\":\"WebPage\",\"@id\":\"https:\/\/www.perimeter-solutions.com\/de\/langzeit-feuerschutzmittel-luft-boden\/\",\"url\":\"https:\/\/www.perimeter-solutions.com\/de\/langzeit-feuerschutzmittel-luft-boden\/\",\"name\":\"Langzeit-Feuerschutzmittel - Luft &amp; Boden - Perimeter Solutions\",\"isPartOf\":{\"@id\":\"https:\/\/www.perimeter-solutions.com\/de\/#website\"},\"primaryImageOfPage\":{\"@id\":\"https:\/\/www.perimeter-solutions.com\/de\/langzeit-feuerschutzmittel-luft-boden\/#primaryimage\"},\"image\":{\"@id\":\"https:\/\/www.perimeter-solutions.com\/de\/langzeit-feuerschutzmittel-luft-boden\/#primaryimage\"},\"thumbnailUrl\":\"https:\/\/www.perimeter-solutions.com\/wp-content\/uploads\/2022\/03\/Q1-22-Retardant1-2048x922-1.jpeg\",\"datePublished\":\"2024-07-01T21:11:53+00:00\",\"dateModified\":\"2024-08-15T02:28:00+00:00\",\"description\":\"Perimeter Solutions bietet Labordienstleistungen zur Analyse von Schaumstoffkonzentraten an. Die Analyse umfasst Verifizierungen im Labor und Feuertests.\",\"inLanguage\":\"de\",\"potentialAction\":[{\"@type\":\"ReadAction\",\"target\":[\"https:\/\/www.perimeter-solutions.com\/de\/langzeit-feuerschutzmittel-luft-boden\/\"]}]},{\"@type\":\"ImageObject\",\"inLanguage\":\"de\",\"@id\":\"https:\/\/www.perimeter-solutions.com\/de\/langzeit-feuerschutzmittel-luft-boden\/#primaryimage\",\"url\":\"https:\/\/www.perimeter-solutions.com\/wp-content\/uploads\/2022\/03\/Q1-22-Retardant1-2048x922-1.jpeg\",\"contentUrl\":\"https:\/\/www.perimeter-solutions.com\/wp-content\/uploads\/2022\/03\/Q1-22-Retardant1-2048x922-1.jpeg\"},{\"@type\":\"WebSite\",\"@id\":\"https:\/\/www.perimeter-solutions.com\/de\/#website\",\"url\":\"https:\/\/www.perimeter-solutions.com\/de\/\",\"name\":\"Perimeter Solutions\",\"description\":\"\",\"publisher\":{\"@id\":\"https:\/\/www.perimeter-solutions.com\/de\/#organization\"},\"potentialAction\":[{\"@type\":\"SearchAction\",\"target\":{\"@type\":\"EntryPoint\",\"urlTemplate\":\"https:\/\/www.perimeter-solutions.com\/de\/?s={search_term_string}\"},\"query-input\":{\"@type\":\"PropertyValueSpecification\",\"valueRequired\":true,\"valueName\":\"search_term_string\"}}],\"inLanguage\":\"de\"},{\"@type\":\"Organization\",\"@id\":\"https:\/\/www.perimeter-solutions.com\/de\/#organization\",\"name\":\"Perimeter Solutions\",\"url\":\"https:\/\/www.perimeter-solutions.com\/de\/\",\"logo\":{\"@type\":\"ImageObject\",\"inLanguage\":\"de\",\"@id\":\"https:\/\/www.perimeter-solutions.com\/de\/#\/schema\/logo\/image\/\",\"url\":\"https:\/\/www.perimeter-solutions.com\/wp-content\/uploads\/2021\/02\/perimeter-logo-RGB.png\",\"contentUrl\":\"https:\/\/www.perimeter-solutions.com\/wp-content\/uploads\/2021\/02\/perimeter-logo-RGB.png\",\"width\":794,\"height\":138,\"caption\":\"Perimeter Solutions\"},\"image\":{\"@id\":\"https:\/\/www.perimeter-solutions.com\/de\/#\/schema\/logo\/image\/\"}}]}<\/script>\n<!-- \/ Yoast SEO Premium plugin. -->","yoast_head_json":{"title":"Langzeit-Feuerschutzmittel - Luft &amp; Boden - Perimeter Solutions","description":"Perimeter Solutions bietet Labordienstleistungen zur Analyse von Schaumstoffkonzentraten an. Die Analyse umfasst Verifizierungen im Labor und Feuertests.","robots":{"index":"index","follow":"follow","max-snippet":"max-snippet:-1","max-image-preview":"max-image-preview:large","max-video-preview":"max-video-preview:-1"},"canonical":"https:\/\/www.perimeter-solutions.com\/de\/langzeit-feuerschutzmittel-luft-boden\/","og_locale":"de_DE","og_type":"article","og_title":"Langzeit-Feuerschutzmittel - Luft &amp; Boden","og_description":"Perimeter Solutions bietet Labordienstleistungen zur Analyse von Schaumstoffkonzentraten an. Die Analyse umfasst Verifizierungen im Labor und Feuertests.","og_url":"https:\/\/www.perimeter-solutions.com\/de\/langzeit-feuerschutzmittel-luft-boden\/","og_site_name":"Perimeter Solutions","article_modified_time":"2024-08-15T02:28:00+00:00","og_image":[{"url":"https:\/\/www.perimeter-solutions.com\/wp-content\/uploads\/2022\/03\/Q1-22-Retardant1-2048x922-1.jpeg"}],"twitter_card":"summary_large_image","twitter_misc":{"Gesch\u00e4tzte Lesezeit":"2\u00a0Minuten"},"schema":{"@context":"https:\/\/schema.org","@graph":[{"@type":"WebPage","@id":"https:\/\/www.perimeter-solutions.com\/de\/langzeit-feuerschutzmittel-luft-boden\/","url":"https:\/\/www.perimeter-solutions.com\/de\/langzeit-feuerschutzmittel-luft-boden\/","name":"Langzeit-Feuerschutzmittel - Luft &amp; Boden - Perimeter Solutions","isPartOf":{"@id":"https:\/\/www.perimeter-solutions.com\/de\/#website"},"primaryImageOfPage":{"@id":"https:\/\/www.perimeter-solutions.com\/de\/langzeit-feuerschutzmittel-luft-boden\/#primaryimage"},"image":{"@id":"https:\/\/www.perimeter-solutions.com\/de\/langzeit-feuerschutzmittel-luft-boden\/#primaryimage"},"thumbnailUrl":"https:\/\/www.perimeter-solutions.com\/wp-content\/uploads\/2022\/03\/Q1-22-Retardant1-2048x922-1.jpeg","datePublished":"2024-07-01T21:11:53+00:00","dateModified":"2024-08-15T02:28:00+00:00","description":"Perimeter Solutions bietet Labordienstleistungen zur Analyse von Schaumstoffkonzentraten an. Die Analyse umfasst Verifizierungen im Labor und Feuertests.","inLanguage":"de","potentialAction":[{"@type":"ReadAction","target":["https:\/\/www.perimeter-solutions.com\/de\/langzeit-feuerschutzmittel-luft-boden\/"]}]},{"@type":"ImageObject","inLanguage":"de","@id":"https:\/\/www.perimeter-solutions.com\/de\/langzeit-feuerschutzmittel-luft-boden\/#primaryimage","url":"https:\/\/www.perimeter-solutions.com\/wp-content\/uploads\/2022\/03\/Q1-22-Retardant1-2048x922-1.jpeg","contentUrl":"https:\/\/www.perimeter-solutions.com\/wp-content\/uploads\/2022\/03\/Q1-22-Retardant1-2048x922-1.jpeg"},{"@type":"WebSite","@id":"https:\/\/www.perimeter-solutions.com\/de\/#website","url":"https:\/\/www.perimeter-solutions.com\/de\/","name":"Perimeter Solutions","description":"","publisher":{"@id":"https:\/\/www.perimeter-solutions.com\/de\/#organization"},"potentialAction":[{"@type":"SearchAction","target":{"@type":"EntryPoint","urlTemplate":"https:\/\/www.perimeter-solutions.com\/de\/?s={search_term_string}"},"query-input":{"@type":"PropertyValueSpecification","valueRequired":true,"valueName":"search_term_string"}}],"inLanguage":"de"},{"@type":"Organization","@id":"https:\/\/www.perimeter-solutions.com\/de\/#organization","name":"Perimeter Solutions","url":"https:\/\/www.perimeter-solutions.com\/de\/","logo":{"@type":"ImageObject","inLanguage":"de","@id":"https:\/\/www.perimeter-solutions.com\/de\/#\/schema\/logo\/image\/","url":"https:\/\/www.perimeter-solutions.com\/wp-content\/uploads\/2021\/02\/perimeter-logo-RGB.png","contentUrl":"https:\/\/www.perimeter-solutions.com\/wp-content\/uploads\/2021\/02\/perimeter-logo-RGB.png","width":794,"height":138,"caption":"Perimeter Solutions"},"image":{"@id":"https:\/\/www.perimeter-solutions.com\/de\/#\/schema\/logo\/image\/"}}]}},"_links":{"self":[{"href":"https:\/\/www.perimeter-solutions.com\/de\/wp-json\/wp\/v2\/pages\/42184","targetHints":{"allow":["GET"]}}],"collection":[{"href":"https:\/\/www.perimeter-solutions.com\/de\/wp-json\/wp\/v2\/pages"}],"about":[{"href":"https:\/\/www.perimeter-solutions.com\/de\/wp-json\/wp\/v2\/types\/page"}],"author":[{"embeddable":true,"href":"https:\/\/www.perimeter-solutions.com\/de\/wp-json\/wp\/v2\/users\/3"}],"replies":[{"embeddable":true,"href":"https:\/\/www.perimeter-solutions.com\/de\/wp-json\/wp\/v2\/comments?post=42184"}],"version-history":[{"count":3,"href":"https:\/\/www.perimeter-solutions.com\/de\/wp-json\/wp\/v2\/pages\/42184\/revisions"}],"predecessor-version":[{"id":43455,"href":"https:\/\/www.perimeter-solutions.com\/de\/wp-json\/wp\/v2\/pages\/42184\/revisions\/43455"}],"wp:attachment":[{"href":"https:\/\/www.perimeter-solutions.com\/de\/wp-json\/wp\/v2\/media?parent=42184"}],"curies":[{"name":"wp","href":"https:\/\/api.w.org\/{rel}","templated":true}]}}